{"id":778,"date":"2024-11-06T16:34:09","date_gmt":"2024-11-06T15:34:09","guid":{"rendered":"https:\/\/wp.mbm.at\/maquinas-especiais-para-trabalhar-madeira\/"},"modified":"2024-11-07T15:08:15","modified_gmt":"2024-11-07T14:08:15","slug":"maquinas-especiais-para-trabalhar-madeira","status":"publish","type":"page","link":"https:\/\/mbm.at\/pt-pt\/maquinas-especiais-para-trabalhar-madeira\/","title":{"rendered":"M\u00e1quinas especiais para trabalhar madeira"},"content":{"rendered":"<div class=\"wpb-content-wrapper\"><p>[vc_row][vc_column][vc_column_text css=&#8221;&#8221;]O nome da<b> mbm<\/b> \u00e9 sin\u00f4nimo de produtos eficientes e qualidade.<br \/>Fazemos todos os poss\u00edveis para buscarmos a solu\u00e7\u00e3o mais adequada atrav\u00e9s do nosso saber fazer, a nossa flexibilidade e a nossa inova\u00e7\u00e3o.<\/p>\n<p>Nossos pontos fortes est\u00e3o no planeamento, na constru\u00e7\u00e3o e na montagem da m\u00e1quina e na montagem. A coloca\u00e7\u00e3o em funcionamento e a forma\u00e7\u00e3o no local faz parte do nosso servi\u00e7o para garantir o sucesso do seu projeto. A equipe mbm vai ajudar-lhe para maximizar o desempenho do seu produto. O servi\u00e7o ao cliente e manuten\u00e7\u00e3o preventiva s\u00e3o para n\u00f3s um fator importante para garantir a estabilidade da produ\u00e7\u00e3o.   <br \/> Tamb\u00e9m oferecemos solu\u00e7\u00f5es compactas e mais pequenas, como, por exemplo, dispositivos, equipamentos de manipula\u00e7\u00e3o, cadeias de m\u00e1quinas, etc.<\/p>\n<h3>\u00bb M\u00e1quinas especiais<\/h3>\n<ul>\n<li>Serra circular para pain\u00e9is<\/li>\n<li>Fresadora finger joint<\/li>\n<li>Serra, fresadora e perfuradora<\/li>\n<li>M\u00e1quina autom\u00e1tica de madeira esquadriada<\/li>\n<li>Esta\u00e7\u00e3o de perfura\u00e7\u00e3o<\/li>\n<li>Serra de alta velocidad<\/li>\n<\/ul>\n<p><b> <\/b><\/p>\n<p>Em caso de d\u00favidas, pode entrar a cada momento em contacto connosco ao ligar o n\u00famero <b>+43 5572 555800<\/b><br \/>ou ao utilizar o Formul\u00e1rio de inqu\u00e9rito.[\/vc_column_text][\/vc_column][\/vc_row]<\/p>\n<\/div>","protected":false},"excerpt":{"rendered":"<p>[vc_row][vc_column][vc_column_text css=&#8221;&#8221;]O nome da mbm \u00e9 sin\u00f4nimo de produtos eficientes e qualidade.Fazemos todos os poss\u00edveis para buscarmos a solu\u00e7\u00e3o mais adequada atrav\u00e9s do nosso saber fazer, a nossa flexibilidade e a nossa inova\u00e7\u00e3o. Nossos pontos fortes est\u00e3o no planeamento, na constru\u00e7\u00e3o e na montagem da m\u00e1quina e na montagem. A coloca\u00e7\u00e3o em funcionamento e a [&hellip;]<\/p>\n","protected":false},"author":2,"featured_media":0,"parent":0,"menu_order":0,"comment_status":"closed","ping_status":"closed","template":"","meta":{"footnotes":""},"class_list":["post-778","page","type-page","status-publish","hentry"],"_links":{"self":[{"href":"https:\/\/mbm.at\/pt-pt\/wp-json\/wp\/v2\/pages\/778","targetHints":{"allow":["GET"]}}],"collection":[{"href":"https:\/\/mbm.at\/pt-pt\/wp-json\/wp\/v2\/pages"}],"about":[{"href":"https:\/\/mbm.at\/pt-pt\/wp-json\/wp\/v2\/types\/page"}],"author":[{"embeddable":true,"href":"https:\/\/mbm.at\/pt-pt\/wp-json\/wp\/v2\/users\/2"}],"replies":[{"embeddable":true,"href":"https:\/\/mbm.at\/pt-pt\/wp-json\/wp\/v2\/comments?post=778"}],"version-history":[{"count":2,"href":"https:\/\/mbm.at\/pt-pt\/wp-json\/wp\/v2\/pages\/778\/revisions"}],"predecessor-version":[{"id":780,"href":"https:\/\/mbm.at\/pt-pt\/wp-json\/wp\/v2\/pages\/778\/revisions\/780"}],"wp:attachment":[{"href":"https:\/\/mbm.at\/pt-pt\/wp-json\/wp\/v2\/media?parent=778"}],"curies":[{"name":"wp","href":"https:\/\/api.w.org\/{rel}","templated":true}]}}