{"id":763,"date":"2024-11-06T16:33:14","date_gmt":"2024-11-06T15:33:14","guid":{"rendered":"https:\/\/wp.mbm.at\/maquinas-para-fabricar-caixoes\/"},"modified":"2024-11-26T15:30:07","modified_gmt":"2024-11-26T14:30:07","slug":"maquinas-para-fabricar-caixoes","status":"publish","type":"page","link":"https:\/\/mbm.at\/pt-pt\/maquinas-para-fabricar-caixoes\/","title":{"rendered":"M\u00e1quinas para fabricar caix\u00f5es"},"content":{"rendered":"<div class=\"wpb-content-wrapper\"><p>[vc_row][vc_column][vc_column_text css=&#8221;&#8221;]A precis\u00e3o com que as m\u00e1quinas <span style=\"color: #40b5ad;\"><strong>mbm<\/strong><\/span> trabalham permanece a mesma do primeiro ao \u00faltimo dia. Obt\u00e9m-se superf\u00edcies absolutamente isentas de riscos e, gra\u00e7as \u00e0 utiliza\u00e7\u00e3o \u00f3ptima da m\u00e1quina, \u00e9 poss\u00edvel aumentar as capacidades em qualquer altura. Com as m\u00e1quinas program\u00e1veis, o n\u00famero de programas poss\u00edveis d\u00e1-lhe uma enorme flexibilidade para mudar em qualquer altura. A mudan\u00e7a de modelos requer apenas tempos de prepara\u00e7\u00e3o muito curtos. Os ajustes de \u00e2ngulo e comprimento s\u00e3o efectuados automaticamente e as falhas s\u00e3o diagnosticadas imediatamente.    <\/p>\n<h4>\u00bb M\u00e1quinas para fabricar caix\u00f5es<\/h4>\n<ul>\n<li><a href=\"https:\/\/mbm.at\/pt-pt\/serras-de-esquadria-dupla\/\">Serra de esquadria dupla DAS-E<\/a><\/li>\n<li><a href=\"https:\/\/mbm.at\/pt-pt\/serra-de-esquadria-dupla-universal-das-u\/\">Serra de esquadria dupla \u2013 Universal DAS-U<\/a><\/li>\n<li><a href=\"https:\/\/mbm.at\/pt-pt\/linhas-de-producao\/\">Serra de esquadria dupla &#8211; Linha de produ\u00e7\u00e3o<\/a><\/li>\n<li><a href=\"https:\/\/mbm.at\/pt-pt\/prensas-para-a-montagem-de-caixoes\/\">Prensa de montagem de caix\u00e3o &#8211; forma c\u00f3nica<\/a><\/li>\n<li><a href=\"https:\/\/mbm.at\/pt-pt\/prensas-para-a-montagem-de-caixoes\/\">Prensa de montagem de caix\u00e3o combinada &#8211; forma c\u00f3nica<\/a><\/li>\n<li><a href=\"https:\/\/mbm.at\/pt-pt\/prensas-para-a-montagem-de-caixoes\/\">Prensa de montagem de caix\u00e3o &#8211; forma trapezoide<\/a><\/li>\n<li><a href=\"https:\/\/mbm.at\/pt-pt\/maquinas-automaticas-para-montar-molduras\/\">M\u00e1quina autom\u00e1tica para montar molduras &#8211; Universal<\/a><\/li>\n<li><a href=\"https:\/\/mbm.at\/pt-pt\/maquinas-automaticas-para-montar-molduras\/\">M\u00e1quina autom\u00e1tica para montar molduras para pe\u00e7as curtas e pe\u00e7as longas<\/a><\/li>\n<li><a href=\"https:\/\/mbm.at\/pt-pt\/maquinas-automaticas-para-montar-molduras\/\">M\u00e1quina autom\u00e1tica para montar molduras T<\/a><\/li>\n<li><a href=\"https:\/\/mbm.at\/pt-pt\/maquinas-automaticas-para-montar-molduras\/\">M\u00e1quina autom\u00e1tica para montar molduras decorativas<\/a><\/li>\n<li><a href=\"https:\/\/mbm.at\/pt-pt\/maquina-para-fabricar-pes-do-caixao\/\">M\u00e1quina para fabricar p\u00e9s do caix\u00e3o<\/a><\/li>\n<\/ul>\n<p>&nbsp;<\/p>\n<p>Em caso de d\u00favidas, pode entrar a cada momento em contacto connosco ao ligar o n\u00famero <b>+43 5572 555800<\/b><br \/>ou ao utilizar <a href=\"https:\/\/mbm.at\/pt-pt\/formulario-de-inquerito\/\">o Formul\u00e1rio de inqu\u00e9rito.<\/a>[\/vc_column_text][\/vc_column][\/vc_row]<\/p>\n<\/div>","protected":false},"excerpt":{"rendered":"<p>[vc_row][vc_column][vc_column_text css=&#8221;&#8221;]A precis\u00e3o com que as m\u00e1quinas mbm trabalham permanece a mesma do primeiro ao \u00faltimo dia. Obt\u00e9m-se superf\u00edcies absolutamente isentas de riscos e, gra\u00e7as \u00e0 utiliza\u00e7\u00e3o \u00f3ptima da m\u00e1quina, \u00e9 poss\u00edvel aumentar as capacidades em qualquer altura. Com as m\u00e1quinas program\u00e1veis, o n\u00famero de programas poss\u00edveis d\u00e1-lhe uma enorme flexibilidade para mudar em qualquer [&hellip;]<\/p>\n","protected":false},"author":2,"featured_media":0,"parent":0,"menu_order":0,"comment_status":"closed","ping_status":"closed","template":"","meta":{"footnotes":""},"class_list":["post-763","page","type-page","status-publish","hentry"],"_links":{"self":[{"href":"https:\/\/mbm.at\/pt-pt\/wp-json\/wp\/v2\/pages\/763","targetHints":{"allow":["GET"]}}],"collection":[{"href":"https:\/\/mbm.at\/pt-pt\/wp-json\/wp\/v2\/pages"}],"about":[{"href":"https:\/\/mbm.at\/pt-pt\/wp-json\/wp\/v2\/types\/page"}],"author":[{"embeddable":true,"href":"https:\/\/mbm.at\/pt-pt\/wp-json\/wp\/v2\/users\/2"}],"replies":[{"embeddable":true,"href":"https:\/\/mbm.at\/pt-pt\/wp-json\/wp\/v2\/comments?post=763"}],"version-history":[{"count":10,"href":"https:\/\/mbm.at\/pt-pt\/wp-json\/wp\/v2\/pages\/763\/revisions"}],"predecessor-version":[{"id":3020,"href":"https:\/\/mbm.at\/pt-pt\/wp-json\/wp\/v2\/pages\/763\/revisions\/3020"}],"wp:attachment":[{"href":"https:\/\/mbm.at\/pt-pt\/wp-json\/wp\/v2\/media?parent=763"}],"curies":[{"name":"wp","href":"https:\/\/api.w.org\/{rel}","templated":true}]}}