{"id":760,"date":"2024-11-06T16:34:01","date_gmt":"2024-11-06T15:34:01","guid":{"rendered":"https:\/\/wp.mbm.at\/prensas-para-a-montagem-de-caixoes\/"},"modified":"2024-12-18T11:25:54","modified_gmt":"2024-12-18T10:25:54","slug":"prensas-para-a-montagem-de-caixoes","status":"publish","type":"page","link":"https:\/\/mbm.at\/pt-pt\/prensas-para-a-montagem-de-caixoes\/","title":{"rendered":"Prensas para a montagem de caix\u00f5es"},"content":{"rendered":"<div class=\"wpb-content-wrapper\"><p>[vc_row][vc_column][vc_column_text css=&#8221;&#8221;]<\/p>\n<h4>\u00bb Prensa de montagem de caix\u00e3o &#8211; forma c\u00f3nica KPO\/KPU<\/h4>\n<h5><b>(para a caixa superior KPO, para a caixa inferior KPU)<\/b><\/h5>\n<p>Com um n\u00famero de pe\u00e7as mais elevado \u00e9 necess\u00e1rio uma prensa para a caixa superior e uma prensa para a caixa inferior.<br \/> 2 pessoas montam (num turno) at\u00e9 140 caix\u00f5es. Na produ\u00e7\u00e3o em s\u00e9rie ainda \u00e9 poss\u00edvel montar mais![\/vc_column_text][\/vc_column][\/vc_row][vc_row][vc_column width=&#8221;1\/5&#8243;][vc_single_image image=&#8221;1233&#8243; img_size=&#8221;500*500&#8243; alignment=&#8221;center&#8221; onclick=&#8221;custom_link&#8221; css=&#8221;&#8221; link=&#8221;https:\/\/mbm.at\/wp-content\/uploads\/2024\/11\/Korpuspresse-1.jpg&#8221;][\/vc_column][vc_column width=&#8221;1\/5&#8243;][vc_single_image image=&#8221;1234&#8243; img_size=&#8221;500*500&#8243; alignment=&#8221;center&#8221; onclick=&#8221;custom_link&#8221; css=&#8221;&#8221; link=&#8221;https:\/\/mbm.at\/wp-content\/uploads\/2024\/11\/Korpuspresse-2.jpg&#8221;][\/vc_column][vc_column width=&#8221;1\/5&#8243;][vc_single_image image=&#8221;1235&#8243; img_size=&#8221;500*500&#8243; alignment=&#8221;center&#8221; onclick=&#8221;custom_link&#8221; css=&#8221;&#8221; link=&#8221;https:\/\/mbm.at\/wp-content\/uploads\/2024\/11\/Korpuspresse-3.jpg&#8221;][\/vc_column][vc_column width=&#8221;1\/5&#8243;][vc_single_image image=&#8221;1236&#8243; img_size=&#8221;500*500&#8243; alignment=&#8221;center&#8221; onclick=&#8221;custom_link&#8221; css=&#8221;&#8221; link=&#8221;https:\/\/mbm.at\/wp-content\/uploads\/2024\/11\/Korpuspresse-4.jpg&#8221;][\/vc_column][vc_column width=&#8221;1\/5&#8243;][vc_single_image image=&#8221;1237&#8243; img_size=&#8221;500*500&#8243; alignment=&#8221;center&#8221; onclick=&#8221;custom_link&#8221; css=&#8221;&#8221; link=&#8221;https:\/\/mbm.at\/wp-content\/uploads\/2024\/11\/Korpuspresse-5.jpg&#8221;][\/vc_column][\/vc_row][vc_row][vc_column][vc_tta_accordion][vc_tta_section title=&#8221;Suas vantagens&#8221; tab_id=&#8221;1730885815894-4b685d04-dcad&#8221;][vc_column_text css=&#8221;&#8221;]- Utiliz\u00e1vel para todos os modelos<br \/>&#8211; Mudan\u00e7a de modelo rapid\u00edssima sem ferramentas<br \/>&#8211; De aplica\u00e7\u00e3o universal para doas as uni\u00f5es angulares<br \/>&#8211; Centragem da cabeceira e do fundo<br \/>&#8211; Elevadas press\u00f5es de aperto em todos os cantos<br \/>&#8211; \u00c9 poss\u00edvel a montagem do solo ou da tampa<br \/>&#8211; Pode girar 200\u00b0[\/vc_column_text][\/vc_tta_section][vc_tta_section title=&#8221;Op\u00e7\u00e3o: com extra\u00e7\u00e3o autom\u00e1tica&#8221; tab_id=&#8221;1730885815894-7dd5c9f9-a1bc&#8221;][vc_column_text css=&#8221;&#8221;]Economia do tempo de trabalho:<br \/>\u2013 Durante a extra\u00e7\u00e3o autom\u00e1tica \u00e9 poss\u00edvel preparar ou colar as pe\u00e7as seguintes<br \/>\u2013 N\u00e3o \u00e9 necess\u00e1rio levantar pe\u00e7a pesadas[\/vc_column_text][\/vc_tta_section][vc_tta_section title=&#8221;Menos trabalhos suplementar&#8221; tab_id=&#8221;1730885818482-ed1894c7-353d&#8221;][vc_column_text css=&#8221;&#8221;]- Dimens\u00f5es diagonais s\u00e3o id\u00eanticas<br \/>&#8211; Execu\u00e7\u00e3o exata dos cantos<br \/>&#8211; Aplainar menos vezes ou nunca mais[\/vc_column_text][\/vc_tta_section][vc_tta_section title=&#8221;Dados t\u00e9cnicos&#8221; tab_id=&#8221;1730885820224-e5c9f796-4dc6&#8243;][vc_column_text css=&#8221;&#8221;]<b>KPO<\/b><br \/>Comprimento da pe\u00e7a lateral: 1.730 mm &#8211; 2.150 mm<br \/>Comprimento do elemento da cabe\u00e7a: 480 mm &#8211; 730 mm<br \/>Comprimento do elemento dos p\u00e9s: 480 mm &#8211; 730 mm<br \/>Altura do caix\u00e3o: 185 mm &#8211; 375 mm<br \/>Rota\u00e7\u00e3o: 0\u00b0 &#8211; 200 \u00b0<\/p>\n<p><b>KPU<\/b><br \/>Comprimento da pe\u00e7a lateral: 1.730 mm &#8211; 2.150 mm<br \/>Comprimento do elemento da cabe\u00e7a: 550 mm &#8211; 800 mm<br \/>Comprimento do elemento dos p\u00e9s: 550 mm &#8211; 800 mm<br \/>Altura do caix\u00e3o: 185 mm &#8211; 375 mm<br \/>Rota\u00e7\u00e3o: 0\u00b0 &#8211; 200 \u00b0[\/vc_column_text][\/vc_tta_section][\/vc_tta_accordion][\/vc_column][\/vc_row][vc_row][vc_column][vc_column_text css=&#8221;&#8221;]<\/p>\n<h4>\u00bb Prensa de montagem de caix\u00e3o combinada &#8211; forma c\u00f3nica KPO-KPU<\/h4>\n<h5><b>(para a caixa superior KPO e para a caixa inferior KPU)<\/b><\/h5>\n<p>Na prensa de montagem de caix\u00e3o combinada \u00e9 poss\u00edvel montar a caixa superior e inferior.<br \/> 1 pessoa monta (num turno) at\u00e9 60 caix\u00f5es.[\/vc_column_text][\/vc_column][\/vc_row][vc_row][vc_column][vc_tta_accordion][vc_tta_section title=&#8221;Suas vantagens&#8221; tab_id=&#8221;1730886022753-110f85b9-50c4&#8243;][vc_column_text css=&#8221;&#8221;]- Utiliz\u00e1vel para todos os modelos<br \/>&#8211; Mudan\u00e7a de modelo rapid\u00edssima sem ferramentas<br \/>&#8211; De aplica\u00e7\u00e3o universal para doas as uni\u00f5es angulares<br \/>&#8211; Centragem da cabeceira e do fundo<br \/>&#8211; Elevadas press\u00f5es de aperto em todos os cantos<br \/>&#8211; \u00c9 poss\u00edvel a montagem do solo ou da tampa<br \/>&#8211; Pode girar 200\u00b0[\/vc_column_text][\/vc_tta_section][vc_tta_section title=&#8221;Op\u00e7\u00e3o: com extra\u00e7\u00e3o autom\u00e1tica&#8221; tab_id=&#8221;1730886022753-240aad86-ff60&#8243;][vc_column_text css=&#8221;&#8221;]Economia do tempo de trabalho:<br \/>\u2013 Durante a extra\u00e7\u00e3o autom\u00e1tica \u00e9 poss\u00edvel preparar ou colar as pe\u00e7as seguintes<br \/>\u2013 N\u00e3o \u00e9 necess\u00e1rio levantar pe\u00e7a pesadas[\/vc_column_text][\/vc_tta_section][vc_tta_section title=&#8221;Menos trabalhos suplementar&#8221; tab_id=&#8221;1730886024798-97baede7-fdd1&#8243;][vc_column_text css=&#8221;&#8221;]- Dimens\u00f5es diagonais s\u00e3o id\u00eanticas<br \/>&#8211; Execu\u00e7\u00e3o exata dos cantos<br \/>&#8211; Aplainar menos vezes ou nunca mais[\/vc_column_text][\/vc_tta_section][vc_tta_section title=&#8221;Dados t\u00e9cnicos&#8221; tab_id=&#8221;1730886026630-4b492646-38b4&#8243;][vc_column_text css=&#8221;&#8221;]<b>KPO<\/b><br \/>Comprimento da pe\u00e7a lateral: 1.730 mm &#8211; 2.150 mm<br \/>Comprimento do elemento da cabe\u00e7a: 480 mm &#8211; 730 mm<br \/>Comprimento do elemento dos p\u00e9s: 480 mm &#8211; 730 mm<br \/>Altura do caix\u00e3o: 185 mm &#8211; 375 mm<br \/>Rota\u00e7\u00e3o: 0\u00b0 &#8211; 200 \u00b0<\/p>\n<p><b>KPU<\/b><br \/>Comprimento da pe\u00e7a lateral: 1.730 mm &#8211; 2.150 mm<br \/>Comprimento do elemento da cabe\u00e7a: 550 mm &#8211; 800 mm<br \/>Comprimento do elemento dos p\u00e9s: 550 mm &#8211; 800 mm<br \/>Altura do caix\u00e3o: 185 mm &#8211; 375 mm<br \/>Rota\u00e7\u00e3o: 0\u00b0 &#8211; 200 \u00b0[\/vc_column_text][\/vc_tta_section][\/vc_tta_accordion][\/vc_column][\/vc_row][vc_row][vc_column][vc_column_text css=&#8221;&#8221;]<\/p>\n<h4>\u00bb Prensa de montagem de caix\u00e3o &#8211; forma trapezoide KPO-F\/KPU-F<\/h4>\n<h5><b>(para a caixa superior KPO-F, para a caixa inferior KPU-F)<\/b><\/h5>\n<p>2 pessoas montam com as nossas prensas de montagem de caix\u00e3o com extra\u00e7\u00e3o autom\u00e1tica num turno mais do que 80 caix\u00f5es.[\/vc_column_text][\/vc_column][\/vc_row][vc_row][vc_column width=&#8221;1\/6&#8243;][vc_single_image image=&#8221;1238&#8243; img_size=&#8221;500*500&#8243; alignment=&#8221;center&#8221; onclick=&#8221;custom_link&#8221; css=&#8221;&#8221; link=&#8221;https:\/\/mbm.at\/wp-content\/uploads\/2024\/11\/Korpuspresse-tailliert-1.jpg&#8221;][\/vc_column][vc_column width=&#8221;1\/6&#8243;][vc_single_image image=&#8221;1239&#8243; img_size=&#8221;500*500&#8243; alignment=&#8221;center&#8221; onclick=&#8221;custom_link&#8221; css=&#8221;&#8221; link=&#8221;https:\/\/mbm.at\/wp-content\/uploads\/2024\/11\/Korpuspresse-tailliert-2.jpg&#8221;][\/vc_column][vc_column width=&#8221;1\/6&#8243;][vc_single_image image=&#8221;1240&#8243; img_size=&#8221;500*500&#8243; alignment=&#8221;center&#8221; onclick=&#8221;custom_link&#8221; css=&#8221;&#8221; link=&#8221;https:\/\/mbm.at\/wp-content\/uploads\/2024\/11\/Korpuspresse-tailliert-3.jpg&#8221;][\/vc_column][vc_column width=&#8221;1\/6&#8243;][vc_single_image image=&#8221;1241&#8243; img_size=&#8221;500*500&#8243; alignment=&#8221;center&#8221; onclick=&#8221;custom_link&#8221; css=&#8221;&#8221; link=&#8221;https:\/\/mbm.at\/wp-content\/uploads\/2024\/11\/Korpuspresse-tailliert-4.jpg&#8221;][\/vc_column][vc_column width=&#8221;1\/6&#8243;][vc_single_image image=&#8221;1242&#8243; img_size=&#8221;500*500&#8243; alignment=&#8221;center&#8221; onclick=&#8221;custom_link&#8221; css=&#8221;&#8221; link=&#8221;https:\/\/mbm.at\/wp-content\/uploads\/2024\/11\/Korpuspresse-tailliert-5.jpg&#8221;][\/vc_column][vc_column width=&#8221;1\/6&#8243;][vc_single_image image=&#8221;1243&#8243; img_size=&#8221;500*500&#8243; alignment=&#8221;center&#8221; onclick=&#8221;custom_link&#8221; css=&#8221;&#8221; link=&#8221;https:\/\/mbm.at\/wp-content\/uploads\/2024\/11\/Korpuspresse-tailliert-6.jpg&#8221;][\/vc_column][\/vc_row][vc_row][vc_column][vc_tta_accordion][vc_tta_section title=&#8221;Suas vantagens&#8221; tab_id=&#8221;1730886269230-d706ff35-c2f2&#8243;][vc_column_text css=&#8221;&#8221;]- Utiliz\u00e1vel para todos os modelos<br \/>&#8211; Mudan\u00e7a de modelo rapid\u00edssima sem ferramentas<br \/>&#8211; De aplica\u00e7\u00e3o universal para doas as uni\u00f5es angulares<br \/>&#8211; Montagem exata e centrada das partes<br \/>&#8211; Elevadas press\u00f5es de aperto em todos os cantos<br \/>&#8211; \u00c9 poss\u00edvel a montagem do solo ou da tampa<br \/>&#8211; Pode girar 200\u00b0[\/vc_column_text][\/vc_tta_section][vc_tta_section title=&#8221;Op\u00e7\u00e3o: com extra\u00e7\u00e3o autom\u00e1tica&#8221; tab_id=&#8221;1730886269231-6e0c683e-5347&#8243;][vc_column_text css=&#8221;&#8221;]Economia do tempo de trabalho<br \/>\u2013 Durante a extra\u00e7\u00e3o autom\u00e1tica \u00e9 poss\u00edvel preparar ou colar as pe\u00e7as seguintes<br \/>\u2013 N\u00e3o \u00e9 necess\u00e1rio levantar pe\u00e7a pesadas[\/vc_column_text][\/vc_tta_section][vc_tta_section title=&#8221;Menos trabalhos suplementar&#8221; tab_id=&#8221;1730886272691-ff651fa7-85ce&#8221;][vc_column_text css=&#8221;&#8221;]- Dimens\u00f5es diagonais s\u00e3o id\u00eanticas<br \/>&#8211; Execu\u00e7\u00e3o exata dos cantos<br \/>&#8211; Aplainar menos vezes ou nunca mais[\/vc_column_text][\/vc_tta_section][vc_tta_section title=&#8221;Dados t\u00e9cnicos&#8221; tab_id=&#8221;1730886275067-2877a1c7-d340&#8243;][vc_column_text css=&#8221;&#8221;]<b>KPO-F<\/b><br \/>Comprimento total: 1.650 mm &#8211; 2.160 mm<br \/>Comprimento da pe\u00e7a lateral longa: 1.250 mm &#8211; 1.600 mm<br \/>Comprimento da pe\u00e7a lateral curta: 400 mm &#8211; 560 mm<br \/>Largura do elemento da cabe\u00e7a: 300 mm &#8211; 600 mm<br \/>Largura do elemento dos p\u00e9s: 300 mm &#8211; 600 mm<br \/>Largura central: 550 mm &#8211; 730 mm<br \/>Altura do caix\u00e3o: 90 mm &#8211; 300 mm<br \/>Rota\u00e7\u00e3o: 0\u00b0 &#8211; 200 \u00b0<\/p>\n<p><b>KPU-F<\/b><br \/>Comprimento total: 1.600 mm &#8211; 2.110 mm<br \/>Comprimento da pe\u00e7a lateral longa: 1.200 mm &#8211; 1.550 mm<br \/>Comprimento da pe\u00e7a lateral curta: 400 mm &#8211; 560 mm<br \/>Largura do elemento da cabe\u00e7a: 300 mm &#8211; 600 mm<br \/>Largura do elemento dos p\u00e9s: 300 mm &#8211; 600 mm<br \/>Largura central: 550 mm &#8211; 730 mm<br \/>Altura do caix\u00e3o: 200 mm &#8211; 400 mm<br \/>Rota\u00e7\u00e3o: 0\u00b0 &#8211; 200 \u00b0[\/vc_column_text][\/vc_tta_section][\/vc_tta_accordion][\/vc_column][\/vc_row]<\/p>\n<\/div>","protected":false},"excerpt":{"rendered":"<p>[vc_row][vc_column][vc_column_text css=&#8221;&#8221;] \u00bb Prensa de montagem de caix\u00e3o &#8211; forma c\u00f3nica KPO\/KPU (para a caixa superior KPO, para a caixa inferior KPU) Com um n\u00famero de pe\u00e7as mais elevado \u00e9 necess\u00e1rio uma prensa para a caixa superior e uma prensa para a caixa inferior. 2 pessoas montam (num turno) at\u00e9 140 caix\u00f5es. Na produ\u00e7\u00e3o em [&hellip;]<\/p>\n","protected":false},"author":2,"featured_media":0,"parent":0,"menu_order":0,"comment_status":"closed","ping_status":"closed","template":"","meta":{"footnotes":""},"class_list":["post-760","page","type-page","status-publish","hentry"],"_links":{"self":[{"href":"https:\/\/mbm.at\/pt-pt\/wp-json\/wp\/v2\/pages\/760","targetHints":{"allow":["GET"]}}],"collection":[{"href":"https:\/\/mbm.at\/pt-pt\/wp-json\/wp\/v2\/pages"}],"about":[{"href":"https:\/\/mbm.at\/pt-pt\/wp-json\/wp\/v2\/types\/page"}],"author":[{"embeddable":true,"href":"https:\/\/mbm.at\/pt-pt\/wp-json\/wp\/v2\/users\/2"}],"replies":[{"embeddable":true,"href":"https:\/\/mbm.at\/pt-pt\/wp-json\/wp\/v2\/comments?post=760"}],"version-history":[{"count":15,"href":"https:\/\/mbm.at\/pt-pt\/wp-json\/wp\/v2\/pages\/760\/revisions"}],"predecessor-version":[{"id":4324,"href":"https:\/\/mbm.at\/pt-pt\/wp-json\/wp\/v2\/pages\/760\/revisions\/4324"}],"wp:attachment":[{"href":"https:\/\/mbm.at\/pt-pt\/wp-json\/wp\/v2\/media?parent=760"}],"curies":[{"name":"wp","href":"https:\/\/api.w.org\/{rel}","templated":true}]}}