{"id":735,"date":"2024-11-06T16:33:52","date_gmt":"2024-11-06T15:33:52","guid":{"rendered":"https:\/\/wp.mbm.at\/maquina-para-fabricar-pes-do-caixao\/"},"modified":"2024-12-18T10:53:45","modified_gmt":"2024-12-18T09:53:45","slug":"maquina-para-fabricar-pes-do-caixao","status":"publish","type":"page","link":"https:\/\/mbm.at\/pt-pt\/maquina-para-fabricar-pes-do-caixao\/","title":{"rendered":"M\u00e1quina para fabricar p\u00e9s do caix\u00e3o"},"content":{"rendered":"<div class=\"wpb-content-wrapper\"><p>[vc_row][vc_column][vc_column_text css=&#8221;&#8221;]<\/p>\n<h4>\u00bb M\u00e1quina para fabricar p\u00e9s do caix\u00e3o<\/h4>\n<p>Para os p\u00e9s do caix\u00e3o na caixa inferior[\/vc_column_text][\/vc_column][\/vc_row][vc_row][vc_column width=&#8221;1\/3&#8243;][vc_single_image image=&#8221;736&#8243; img_size=&#8221;500*500&#8243; alignment=&#8221;center&#8221; onclick=&#8221;custom_link&#8221; css=&#8221;&#8221; link=&#8221;https:\/\/mbm.at\/wp-content\/uploads\/2024\/11\/Sargfuss-Fertigungsanlage-1.jpg&#8221;][\/vc_column][vc_column width=&#8221;1\/3&#8243;][vc_single_image image=&#8221;737&#8243; img_size=&#8221;500*500&#8243; alignment=&#8221;center&#8221; onclick=&#8221;custom_link&#8221; css=&#8221;&#8221; link=&#8221;https:\/\/mbm.at\/wp-content\/uploads\/2024\/11\/Sargfuss-Fertigungsanlage-2.jpg&#8221;][\/vc_column][vc_column width=&#8221;1\/3&#8243;][vc_single_image image=&#8221;738&#8243; img_size=&#8221;500*500&#8243; alignment=&#8221;center&#8221; onclick=&#8221;custom_link&#8221; css=&#8221;&#8221; link=&#8221;https:\/\/mbm.at\/wp-content\/uploads\/2024\/11\/Sargfuss-Fertigungsanlage-3.jpg&#8221;][\/vc_column][\/vc_row][vc_row][vc_column][vc_tta_accordion][vc_tta_section title=&#8221;Suas vantagens&#8221; tab_id=&#8221;1730887698764-fdb91619-f8c5&#8243;][vc_column_text css=&#8221;&#8221;]- Economia direta de custos atrav\u00e9s de otimiza\u00e7\u00e3o do tempo<br \/>&#8211; De aplica\u00e7\u00e3o universal para diferentes tipos de p\u00e9s de caix\u00e3o<br \/>&#8211; Serra\u00e7\u00e3o autom\u00e1tica de las partes de p\u00e9s de caix\u00e3o<br \/>&#8211; Tempo de prepara\u00e7\u00e3o m\u00ednimo<br \/>&#8211; Otimiza\u00e7\u00e3o do processo de produ\u00e7\u00e3o<br \/>&#8211; Modo de funcionamento racional[\/vc_column_text][\/vc_tta_section][vc_tta_section title=&#8221;Op\u00e7\u00f5es&#8221; tab_id=&#8221;1730887698765-22de8620-d933&#8243;][vc_column_text css=&#8221;&#8221;]Realiza\u00e7\u00f5es segundo as especifica\u00e7\u00f5es do cliente[\/vc_column_text][\/vc_tta_section][vc_tta_section title=&#8221;Dados t\u00e9cnicos&#8221; tab_id=&#8221;1730887701607-f771e4c5-4b11&#8243;][vc_column_text css=&#8221;&#8221;]Comprimento &#8211; armazenamento: 460 &#8211; 900 mm<br \/>Comprimento &#8211; p\u00e9s de caix\u00e3o: 80 &#8211; 200 mm<br \/>Largura da pe\u00e7a a 90\u00b0: 20 &#8211; 80 mm<br \/>Altura da pe\u00e7a: \u2264 40 mm[\/vc_column_text][\/vc_tta_section][\/vc_tta_accordion][\/vc_column][\/vc_row]<\/p>\n<\/div>","protected":false},"excerpt":{"rendered":"<p>[vc_row][vc_column][vc_column_text css=&#8221;&#8221;] \u00bb M\u00e1quina para fabricar p\u00e9s do caix\u00e3o Para os p\u00e9s do caix\u00e3o na caixa inferior[\/vc_column_text][\/vc_column][\/vc_row][vc_row][vc_column width=&#8221;1\/3&#8243;][vc_single_image image=&#8221;736&#8243; img_size=&#8221;500*500&#8243; alignment=&#8221;center&#8221; onclick=&#8221;custom_link&#8221; css=&#8221;&#8221; link=&#8221;https:\/\/mbm.at\/wp-content\/uploads\/2024\/11\/Sargfuss-Fertigungsanlage-1.jpg&#8221;][\/vc_column][vc_column width=&#8221;1\/3&#8243;][vc_single_image image=&#8221;737&#8243; img_size=&#8221;500*500&#8243; alignment=&#8221;center&#8221; onclick=&#8221;custom_link&#8221; css=&#8221;&#8221; link=&#8221;https:\/\/mbm.at\/wp-content\/uploads\/2024\/11\/Sargfuss-Fertigungsanlage-2.jpg&#8221;][\/vc_column][vc_column width=&#8221;1\/3&#8243;][vc_single_image image=&#8221;738&#8243; img_size=&#8221;500*500&#8243; alignment=&#8221;center&#8221; onclick=&#8221;custom_link&#8221; css=&#8221;&#8221; link=&#8221;https:\/\/mbm.at\/wp-content\/uploads\/2024\/11\/Sargfuss-Fertigungsanlage-3.jpg&#8221;][\/vc_column][\/vc_row][vc_row][vc_column][vc_tta_accordion][vc_tta_section title=&#8221;Suas vantagens&#8221; tab_id=&#8221;1730887698764-fdb91619-f8c5&#8243;][vc_column_text css=&#8221;&#8221;]- Economia direta de custos atrav\u00e9s de otimiza\u00e7\u00e3o do tempo&#8211; De aplica\u00e7\u00e3o universal para [&hellip;]<\/p>\n","protected":false},"author":2,"featured_media":0,"parent":0,"menu_order":0,"comment_status":"closed","ping_status":"closed","template":"","meta":{"footnotes":""},"class_list":["post-735","page","type-page","status-publish","hentry"],"_links":{"self":[{"href":"https:\/\/mbm.at\/pt-pt\/wp-json\/wp\/v2\/pages\/735","targetHints":{"allow":["GET"]}}],"collection":[{"href":"https:\/\/mbm.at\/pt-pt\/wp-json\/wp\/v2\/pages"}],"about":[{"href":"https:\/\/mbm.at\/pt-pt\/wp-json\/wp\/v2\/types\/page"}],"author":[{"embeddable":true,"href":"https:\/\/mbm.at\/pt-pt\/wp-json\/wp\/v2\/users\/2"}],"replies":[{"embeddable":true,"href":"https:\/\/mbm.at\/pt-pt\/wp-json\/wp\/v2\/comments?post=735"}],"version-history":[{"count":13,"href":"https:\/\/mbm.at\/pt-pt\/wp-json\/wp\/v2\/pages\/735\/revisions"}],"predecessor-version":[{"id":4165,"href":"https:\/\/mbm.at\/pt-pt\/wp-json\/wp\/v2\/pages\/735\/revisions\/4165"}],"wp:attachment":[{"href":"https:\/\/mbm.at\/pt-pt\/wp-json\/wp\/v2\/media?parent=735"}],"curies":[{"name":"wp","href":"https:\/\/api.w.org\/{rel}","templated":true}]}}