{"id":648,"date":"2024-11-06T16:33:01","date_gmt":"2024-11-06T15:33:01","guid":{"rendered":"https:\/\/wp.mbm.at\/maquinas-automaticas-para-montar-molduras\/"},"modified":"2024-12-18T11:23:31","modified_gmt":"2024-12-18T10:23:31","slug":"maquinas-automaticas-para-montar-molduras","status":"publish","type":"page","link":"https:\/\/mbm.at\/pt-pt\/maquinas-automaticas-para-montar-molduras\/","title":{"rendered":"M\u00e1quinas autom\u00e1ticas para montar molduras"},"content":{"rendered":"<div class=\"wpb-content-wrapper\"><p>[vc_row][vc_column][vc_column_text css=&#8221;&#8221;]<\/p>\n<h4>\u00bb M\u00e1quina autom\u00e1tica para montar molduras &#8211; Universal<\/h4>\n<p>Para molduras de rodap\u00e9 na caixa inferior, fechamento abaixo<br \/> Para molduras em forma de coroa e de cord\u00e3o na caixa superior, fechamento abaixo[\/vc_column_text][\/vc_column][\/vc_row][vc_row][vc_column width=&#8221;1\/3&#8243;][vc_single_image image=&#8221;649&#8243; img_size=&#8221;500*500&#8243; alignment=&#8221;center&#8221; onclick=&#8221;custom_link&#8221; css=&#8221;&#8221; link=&#8221;https:\/\/mbm.at\/wp-content\/uploads\/2024\/11\/Leistenmontageautomat-1.jpg&#8221;][\/vc_column][vc_column width=&#8221;1\/3&#8243;][vc_single_image image=&#8221;650&#8243; img_size=&#8221;500*500&#8243; alignment=&#8221;center&#8221; onclick=&#8221;custom_link&#8221; css=&#8221;&#8221; link=&#8221;https:\/\/mbm.at\/wp-content\/uploads\/2024\/11\/Leistenmontageautomat-2.jpg&#8221;][\/vc_column][vc_column width=&#8221;1\/3&#8243;][vc_single_image image=&#8221;651&#8243; img_size=&#8221;500*500&#8243; alignment=&#8221;center&#8221; onclick=&#8221;custom_link&#8221; css=&#8221;&#8221; link=&#8221;https:\/\/mbm.at\/wp-content\/uploads\/2024\/11\/Leistenmontageautomat-3.jpg&#8221;][\/vc_column][\/vc_row][vc_row][vc_column][vc_tta_accordion][vc_tta_section title=&#8221;Suas vantagens&#8221; tab_id=&#8221;1730886771547-3dd1db03-4973&#8243;][vc_column_text css=&#8221;&#8221;]- Economia direta de custos atrav\u00e9s de otimiza\u00e7\u00e3o do tempo<br \/>&#8211; De aplica\u00e7\u00e3o universal para diferentes tipos de moldura<br \/>&#8211; Adapta\u00e7\u00e3o e tens\u00e3o autom\u00e1tica da parte do caix\u00e3o e da moldura<br \/>&#8211; Tempo de prepara\u00e7\u00e3o m\u00ednimo<br \/>&#8211; Otimiza\u00e7\u00e3o do processo de produ\u00e7\u00e3o<br \/>&#8211; Modo de funcionamento racional[\/vc_column_text][\/vc_tta_section][vc_tta_section title=&#8221;Realiza\u00e7\u00e3o&#8221; tab_id=&#8221;1730886771547-98b496dc-3673&#8243;][vc_column_text css=&#8221;&#8221;]- Como posto de trabalho individual com alimenta\u00e7\u00e3o manual<br \/>&#8211; Como posto de trabalho numa linha de produ\u00e7\u00e3o com passagem autom\u00e1tica[\/vc_column_text][\/vc_tta_section][vc_tta_section title=&#8221;Op\u00e7\u00f5es&#8221; tab_id=&#8221;1730886775199-e2ad915b-25ec&#8221;][vc_column_text css=&#8221;&#8221;]Realiza\u00e7\u00f5es segundo as especifica\u00e7\u00f5es do cliente[\/vc_column_text][\/vc_tta_section][vc_tta_section title=&#8221;Dados t\u00e9cnicos&#8221; tab_id=&#8221;1730886776792-36c6393e-9a20&#8243;][vc_column_text css=&#8221;&#8221;]<b>Moldura<\/b><br \/>Comprimento: 480 mm \u2013 2.100 mm<br \/> Largura: 25 mm \u2013 150 mm<br \/> Altura: 10 mm \u2013 30 mm<\/p>\n<p><b>Partes do caix\u00e3o<\/b><br \/>Comprimento: 480 mm \u2013 2.100 mm<br \/>Largura: 250 mm \u2013 400 mm<\/p>\n<p><b>Tempo di ciclo <\/b> 16 \u2013 20 seg.[\/vc_column_text][\/vc_tta_section][\/vc_tta_accordion][\/vc_column][\/vc_row][vc_row][vc_column][vc_column_text css=&#8221;&#8221;]<\/p>\n<h3>\u00bb M\u00e1quina autom\u00e1tica para montar molduras<\/h3>\n<p>Para pe\u00e7as curtas e pe\u00e7as longas[\/vc_column_text][\/vc_column][\/vc_row][vc_row][vc_column width=&#8221;1\/3&#8243;][vc_single_image image=&#8221;652&#8243; img_size=&#8221;500*500&#8243; alignment=&#8221;center&#8221; onclick=&#8221;custom_link&#8221; css=&#8221;&#8221; link=&#8221;https:\/\/mbm.at\/wp-content\/uploads\/2024\/11\/Leistenmontageautomat-4.jpg&#8221;][\/vc_column][vc_column width=&#8221;1\/3&#8243;][vc_single_image image=&#8221;653&#8243; img_size=&#8221;500*500&#8243; alignment=&#8221;center&#8221; onclick=&#8221;custom_link&#8221; css=&#8221;&#8221; link=&#8221;https:\/\/mbm.at\/wp-content\/uploads\/2024\/11\/Leistenmontageautomat-5.jpg&#8221;][\/vc_column][vc_column width=&#8221;1\/3&#8243;][vc_single_image image=&#8221;654&#8243; img_size=&#8221;500*500&#8243; alignment=&#8221;center&#8221; onclick=&#8221;custom_link&#8221; css=&#8221;&#8221; link=&#8221;https:\/\/mbm.at\/wp-content\/uploads\/2024\/11\/Leistenmontageautomat-6.jpg&#8221;][\/vc_column][\/vc_row][vc_row][vc_column][vc_tta_accordion][vc_tta_section title=&#8221;Suas vantagens&#8221; tab_id=&#8221;1730886993752-feb83f8c-a840&#8243;][vc_column_text css=&#8221;&#8221;]- Economia direta de custos atrav\u00e9s de otimiza\u00e7\u00e3o do tempo<br \/>&#8211; De aplica\u00e7\u00e3o universal para diferentes tipos de moldura<br \/>&#8211; Adapta\u00e7\u00e3o e tens\u00e3o autom\u00e1tica da parte do caix\u00e3o e da moldura<br \/>&#8211; Tempo de prepara\u00e7\u00e3o m\u00ednimo<br \/>&#8211; Otimiza\u00e7\u00e3o do processo de produ\u00e7\u00e3o<br \/>&#8211; Modo de funcionamento racional[\/vc_column_text][\/vc_tta_section][vc_tta_section title=&#8221;Realiza\u00e7\u00e3o&#8221; tab_id=&#8221;1730886993752-d7bd1737-0389&#8243;][vc_column_text css=&#8221;&#8221;]- Como posto de trabalho individual com alimenta\u00e7\u00e3o manual<br \/>&#8211; Como posto de trabalho numa linha de produ\u00e7\u00e3o com passagem autom\u00e1tica[\/vc_column_text][\/vc_tta_section][vc_tta_section title=&#8221;Op\u00e7\u00f5es&#8221; tab_id=&#8221;1730886995853-354b10e8-f983&#8243;][vc_column_text css=&#8221;&#8221;]Realiza\u00e7\u00f5es segundo as especifica\u00e7\u00f5es do cliente[\/vc_column_text][\/vc_tta_section][vc_tta_section title=&#8221;Dados t\u00e9cnicos&#8221; tab_id=&#8221;1730886997588-a7cfc0ad-506f&#8221;][vc_column_text css=&#8221;&#8221;]Comprimento &#8211; pe\u00e7as curtas: 450 &#8211; 650 mm<br \/>Comprimento &#8211; pe\u00e7as longas: 1.600 &#8211; 2.020 mm<br \/>Largura: 250 &#8211; 380 mm[\/vc_column_text][\/vc_tta_section][\/vc_tta_accordion][\/vc_column][\/vc_row][vc_row][vc_column][vc_column_text css=&#8221;&#8221;]<\/p>\n<h3>\u00bb M\u00e1quina autom\u00e1tica para montar molduras T<\/h3>\n<p>Para molduras em forma de T[\/vc_column_text][\/vc_column][\/vc_row][vc_row][vc_column width=&#8221;1\/3&#8243;][vc_single_image image=&#8221;655&#8243; img_size=&#8221;500*500&#8243; alignment=&#8221;center&#8221; onclick=&#8221;custom_link&#8221; css=&#8221;&#8221; link=&#8221;https:\/\/mbm.at\/wp-content\/uploads\/2024\/11\/Leistenmontageautomat-7.jpg&#8221;][\/vc_column][vc_column width=&#8221;1\/3&#8243;][vc_single_image image=&#8221;656&#8243; img_size=&#8221;500*500&#8243; alignment=&#8221;center&#8221; onclick=&#8221;custom_link&#8221; css=&#8221;&#8221; link=&#8221;https:\/\/mbm.at\/wp-content\/uploads\/2024\/11\/Leistenmontageautomat-8.jpg&#8221;][\/vc_column][vc_column width=&#8221;1\/3&#8243;][vc_single_image image=&#8221;657&#8243; img_size=&#8221;500*500&#8243; alignment=&#8221;center&#8221; onclick=&#8221;custom_link&#8221; css=&#8221;&#8221; link=&#8221;https:\/\/mbm.at\/wp-content\/uploads\/2024\/11\/Leistenmontageautomat-9.jpg&#8221;][\/vc_column][\/vc_row][vc_row][vc_column][vc_tta_accordion][vc_tta_section title=&#8221;Suas vantagens&#8221; tab_id=&#8221;1730887180886-e1833072-e753&#8243;][vc_column_text css=&#8221;&#8221;]- Economia direta de custos atrav\u00e9s de otimiza\u00e7\u00e3o do tempo<br \/>&#8211; Adapta\u00e7\u00e3o e tens\u00e3o autom\u00e1tica da parte do caix\u00e3o e da moldura<br \/>&#8211; Tempo de prepara\u00e7\u00e3o m\u00ednimo<br \/>&#8211; Otimiza\u00e7\u00e3o do processo de produ\u00e7\u00e3o<br \/>&#8211; Modo de funcionamento racional[\/vc_column_text][\/vc_tta_section][vc_tta_section title=&#8221;Realiza\u00e7\u00e3o&#8221; tab_id=&#8221;1730887180886-18f677e9-59ec&#8221;][vc_column_text css=&#8221;&#8221;]- Como posto de trabalho individual com alimenta\u00e7\u00e3o manual<br \/>&#8211; Como posto de trabalho numa linha de produ\u00e7\u00e3o com passagem autom\u00e1tica[\/vc_column_text][\/vc_tta_section][vc_tta_section title=&#8221;Op\u00e7\u00f5es&#8221; tab_id=&#8221;1730887183276-956595bc-9755&#8243;][vc_column_text css=&#8221;&#8221;]Realiza\u00e7\u00f5es segundo as especifica\u00e7\u00f5es do cliente[\/vc_column_text][\/vc_tta_section][vc_tta_section title=&#8221;Dados t\u00e9cnicos&#8221; tab_id=&#8221;1730887184804-d3f335fa-bcc3&#8243;][vc_column_text css=&#8221;&#8221;]Comprimento &#8211; pe\u00e7as curtas: 400 &#8211; 800 mm<br \/>Comprimento &#8211; pe\u00e7as longas: 1.500 &#8211; 2.100 mm[\/vc_column_text][\/vc_tta_section][\/vc_tta_accordion][\/vc_column][\/vc_row][vc_row][vc_column][vc_column_text css=&#8221;&#8221;]<\/p>\n<h3>\u00bb M\u00e1quina autom\u00e1tica para montar molduras decorativas<\/h3>\n<p>Para molduras decorativas na caixa inferior, fechamento acima[\/vc_column_text][\/vc_column][\/vc_row][vc_row][vc_column width=&#8221;1\/3&#8243;][vc_single_image image=&#8221;658&#8243; img_size=&#8221;500*500&#8243; alignment=&#8221;center&#8221; onclick=&#8221;custom_link&#8221; css=&#8221;&#8221; link=&#8221;https:\/\/mbm.at\/wp-content\/uploads\/2024\/11\/Leistenmontageautomat-10.jpg&#8221;][\/vc_column][vc_column width=&#8221;1\/3&#8243;][vc_single_image image=&#8221;659&#8243; img_size=&#8221;500*500&#8243; alignment=&#8221;center&#8221; onclick=&#8221;custom_link&#8221; css=&#8221;&#8221; link=&#8221;https:\/\/mbm.at\/wp-content\/uploads\/2024\/11\/Leistenmontageautomat-11.jpg&#8221;][\/vc_column][vc_column width=&#8221;1\/3&#8243;][vc_single_image image=&#8221;660&#8243; img_size=&#8221;500*500&#8243; alignment=&#8221;center&#8221; onclick=&#8221;custom_link&#8221; css=&#8221;&#8221; link=&#8221;https:\/\/mbm.at\/wp-content\/uploads\/2024\/11\/Leistenmontageautomat-12.jpg&#8221;][\/vc_column][\/vc_row][vc_row][vc_column][vc_tta_accordion][vc_tta_section title=&#8221;Suas vantagens&#8221; tab_id=&#8221;1730887393716-e34e53fe-d401&#8243;][vc_column_text css=&#8221;&#8221;]- Economia direta de custos atrav\u00e9s de otimiza\u00e7\u00e3o do tempo<br \/>&#8211; Adapta\u00e7\u00e3o e tens\u00e3o autom\u00e1tica da parte do caix\u00e3o e da moldura<br \/>&#8211; Tempo de prepara\u00e7\u00e3o m\u00ednimo<br \/>&#8211; Otimiza\u00e7\u00e3o do processo de produ\u00e7\u00e3o<br \/>&#8211; Modo de funcionamento racional[\/vc_column_text][\/vc_tta_section][vc_tta_section title=&#8221;Realiza\u00e7\u00e3o&#8221; tab_id=&#8221;1730887393716-6598a33e-32f2&#8243;][vc_column_text css=&#8221;&#8221;]- Como posto de trabalho individual com alimenta\u00e7\u00e3o manual<br \/>&#8211; Como posto de trabalho numa linha de produ\u00e7\u00e3o com passagem autom\u00e1tica[\/vc_column_text][\/vc_tta_section][vc_tta_section title=&#8221;Op\u00e7\u00f5es&#8221; tab_id=&#8221;1730887397146-32aa6271-780a&#8221;][vc_column_text css=&#8221;&#8221;]Realiza\u00e7\u00f5es segundo as especifica\u00e7\u00f5es do cliente[\/vc_column_text][\/vc_tta_section][vc_tta_section title=&#8221;Dados t\u00e9cnicos&#8221; tab_id=&#8221;1730887399321-696c55f5-51f8&#8243;][vc_column_text css=&#8221;&#8221;]Comprimento &#8211; pe\u00e7as lateral: 1.550 &#8211; 2.200 mm<br \/>Comprimento &#8211; partes da cabe\u00e7a ou dos p\u00e9s: 250 &#8211; 700 mm<br \/>Largura da pe\u00e7a a 90\u00b0: 50 &#8211; 650 mm<br \/>Altura da pe\u00e7a : \u2264 40 mm[\/vc_column_text][\/vc_tta_section][\/vc_tta_accordion][\/vc_column][\/vc_row]<\/p>\n<\/div>","protected":false},"excerpt":{"rendered":"<p>[vc_row][vc_column][vc_column_text css=&#8221;&#8221;] \u00bb M\u00e1quina autom\u00e1tica para montar molduras &#8211; Universal Para molduras de rodap\u00e9 na caixa inferior, fechamento abaixo Para molduras em forma de coroa e de cord\u00e3o na caixa superior, fechamento abaixo[\/vc_column_text][\/vc_column][\/vc_row][vc_row][vc_column width=&#8221;1\/3&#8243;][vc_single_image image=&#8221;649&#8243; img_size=&#8221;500*500&#8243; alignment=&#8221;center&#8221; onclick=&#8221;custom_link&#8221; css=&#8221;&#8221; link=&#8221;https:\/\/mbm.at\/wp-content\/uploads\/2024\/11\/Leistenmontageautomat-1.jpg&#8221;][\/vc_column][vc_column width=&#8221;1\/3&#8243;][vc_single_image image=&#8221;650&#8243; img_size=&#8221;500*500&#8243; alignment=&#8221;center&#8221; onclick=&#8221;custom_link&#8221; css=&#8221;&#8221; link=&#8221;https:\/\/mbm.at\/wp-content\/uploads\/2024\/11\/Leistenmontageautomat-2.jpg&#8221;][\/vc_column][vc_column width=&#8221;1\/3&#8243;][vc_single_image image=&#8221;651&#8243; img_size=&#8221;500*500&#8243; alignment=&#8221;center&#8221; onclick=&#8221;custom_link&#8221; css=&#8221;&#8221; link=&#8221;https:\/\/mbm.at\/wp-content\/uploads\/2024\/11\/Leistenmontageautomat-3.jpg&#8221;][\/vc_column][\/vc_row][vc_row][vc_column][vc_tta_accordion][vc_tta_section title=&#8221;Suas [&hellip;]<\/p>\n","protected":false},"author":2,"featured_media":0,"parent":0,"menu_order":0,"comment_status":"closed","ping_status":"closed","template":"","meta":{"footnotes":""},"class_list":["post-648","page","type-page","status-publish","hentry"],"_links":{"self":[{"href":"https:\/\/mbm.at\/pt-pt\/wp-json\/wp\/v2\/pages\/648","targetHints":{"allow":["GET"]}}],"collection":[{"href":"https:\/\/mbm.at\/pt-pt\/wp-json\/wp\/v2\/pages"}],"about":[{"href":"https:\/\/mbm.at\/pt-pt\/wp-json\/wp\/v2\/types\/page"}],"author":[{"embeddable":true,"href":"https:\/\/mbm.at\/pt-pt\/wp-json\/wp\/v2\/users\/2"}],"replies":[{"embeddable":true,"href":"https:\/\/mbm.at\/pt-pt\/wp-json\/wp\/v2\/comments?post=648"}],"version-history":[{"count":16,"href":"https:\/\/mbm.at\/pt-pt\/wp-json\/wp\/v2\/pages\/648\/revisions"}],"predecessor-version":[{"id":4306,"href":"https:\/\/mbm.at\/pt-pt\/wp-json\/wp\/v2\/pages\/648\/revisions\/4306"}],"wp:attachment":[{"href":"https:\/\/mbm.at\/pt-pt\/wp-json\/wp\/v2\/media?parent=648"}],"curies":[{"name":"wp","href":"https:\/\/api.w.org\/{rel}","templated":true}]}}