{"id":581,"date":"2024-11-06T16:32:31","date_gmt":"2024-11-06T15:32:31","guid":{"rendered":"https:\/\/wp.mbm.at\/tecnologia-para-trabalhar-madera\/"},"modified":"2024-11-19T13:47:45","modified_gmt":"2024-11-19T12:47:45","slug":"tecnologia-para-trabalhar-madera","status":"publish","type":"page","link":"https:\/\/mbm.at\/pt-pt\/tecnologia-para-trabalhar-madera\/","title":{"rendered":"Tecnologia para trabalhar madera"},"content":{"rendered":"<div class=\"wpb-content-wrapper\"><p>[vc_row][vc_column][vc_column_text css=&#8221;&#8221;]<b>mbm<\/b> hat sich seit 1978 mit einem qualifizierten Team auf die spezifischen Anforderungen der Wirtschaft spezialisiert.<br \/>\nRasch \u00e4ndernde M\u00e4rkte und Technologien verlangen nach innovativen Verfahrensmodellen f\u00fcr wirtschaftliches Arbeiten.<br \/>\nDie Automatisierung der Produktionsabl\u00e4ufe und einfaches Handling der eingesetzten Sondermaschinen schaffen die Verbindung der heutigen Produktionsanforderungen und der Wettbewerbsf\u00e4higkeit f\u00fcr morgen.<br \/>\nmbm Sondermaschinen entstehen aus kundenspezifischen W\u00fcnschen und Ideen, der Beratung und Konzeption unserer Konstrukteure und durch die professionelle Umsetzung unseres Montageteams.<\/p>\n<h3>\u00bb M\u00e1quinas para fabricar caix\u00f5es<\/h3>\n<ul>\n<li><a href=\"https:\/\/mbm.at\/pt-pt\/serras-de-esquadria-dupla\/\">Serra de esquadria dupla &#8211; Universal<\/a><\/li>\n<li><a href=\"https:\/\/mbm.at\/pt-pt\/serras-de-esquadria-dupla\/\">Serra de esquadria dupla &#8211; Linha de produ\u00e7\u00e3o<\/a><\/li>\n<li><a href=\"https:\/\/mbm.at\/pt-pt\/prensas-para-a-montagem-de-caixoes\/\">Prensa de montagem de caix\u00e3o &#8211; forma c\u00f3nica<\/a><\/li>\n<li><a href=\"https:\/\/mbm.at\/pt-pt\/prensas-para-a-montagem-de-caixoes\/\">Prensa de montagem de caix\u00e3o combinada &#8211; forma c\u00f3nica<\/a><\/li>\n<li><a href=\"https:\/\/mbm.at\/pt-pt\/prensas-para-a-montagem-de-caixoes\/\">Prensa de montagem de caix\u00e3o &#8211; forma trapezoide<\/a><\/li>\n<li><a href=\"https:\/\/mbm.at\/pt-pt\/maquinas-automaticas-para-montar-molduras\/\">M\u00e1quina autom\u00e1tica para montar molduras &#8211; Universal<\/a><\/li>\n<li><a href=\"https:\/\/mbm.at\/pt-pt\/maquinas-automaticas-para-montar-molduras\/\">M\u00e1quina autom\u00e1tica para montar molduras para pe\u00e7as curtas e pe\u00e7as longas<\/a><\/li>\n<li><a href=\"https:\/\/mbm.at\/pt-pt\/maquinas-automaticas-para-montar-molduras\/\">M\u00e1quina autom\u00e1tica para montar molduras T<\/a><\/li>\n<li><a href=\"https:\/\/mbm.at\/pt-pt\/maquinas-automaticas-para-montar-molduras\/\">M\u00e1quina autom\u00e1tica para montar molduras decorativas<\/a><\/li>\n<li><a href=\"https:\/\/mbm.at\/pt-pt\/maquina-para-fabricar-pes-do-caixao\/\">M\u00e1quina para fabricar p\u00e9s do caix\u00e3o<\/a><\/li>\n<\/ul>\n<h3>\u00bb M\u00e1quinas especiais<\/h3>\n<ul>\n<li><a href=\"https:\/\/mbm.at\/pt-pt\/serra-circular-para-paineis\/\">Serra circular para pain\u00e9is<\/a><\/li>\n<li><a href=\"https:\/\/mbm.at\/pt-pt\/cortador-de-juntas-de-dedos\/\">Cortador de juntas de dedos<\/a><\/li>\n<li><a href=\"https:\/\/mbm.at\/pt-pt\/maquinas-especiais-para-trabalhar-madeira-2\/\">Serra, fresadora e perfuradora<\/a><\/li>\n<li><a href=\"https:\/\/mbm.at\/pt-pt\/maquinas-especiais-para-trabalhar-madeira-2\/\">M\u00e1quina autom\u00e1tica de madeira esquadriada<\/a><\/li>\n<li><a href=\"https:\/\/mbm.at\/pt-pt\/maquinas-especiais-para-trabalhar-madeira-2\/\">Esta\u00e7\u00e3o de perfura\u00e7\u00e3o<\/a><\/li>\n<li><a href=\"https:\/\/mbm.at\/pt-pt\/maquinas-especiais-para-trabalhar-madeira-2\/\">Serra de alta velocidad<\/a><a href=\"https:\/\/mbm.at\/de-at\/holzbearbeitungstechnik\/sondermaschinen\/mehr\/index.htm#schnelll%C3%A4ufers%C3%A4ge\"><br \/>\n<\/a><\/li>\n<\/ul>\n<p>&nbsp;<\/p>\n<p>Em caso de d\u00favidas, pode entrar a cada momento em contacto connosco ao ligar o n\u00famero <b>+43 5572 555800<\/b><br \/>\nou ao utilizar <a href=\"https:\/\/mbm.at\/pt-pt\/formulario-de-inquerito\/\">o Formul\u00e1rio de inqu\u00e9rito<\/a>.[\/vc_column_text][\/vc_column][\/vc_row]<\/p>\n<\/div>","protected":false},"excerpt":{"rendered":"<p>[vc_row][vc_column][vc_column_text css=&#8221;&#8221;]mbm hat sich seit 1978 mit einem qualifizierten Team auf die spezifischen Anforderungen der Wirtschaft spezialisiert. Rasch \u00e4ndernde M\u00e4rkte und Technologien verlangen nach innovativen Verfahrensmodellen f\u00fcr wirtschaftliches Arbeiten. Die Automatisierung der Produktionsabl\u00e4ufe und einfaches Handling der eingesetzten Sondermaschinen schaffen die Verbindung der heutigen Produktionsanforderungen und der Wettbewerbsf\u00e4higkeit f\u00fcr morgen. mbm Sondermaschinen entstehen aus kundenspezifischen [&hellip;]<\/p>\n","protected":false},"author":2,"featured_media":0,"parent":0,"menu_order":0,"comment_status":"closed","ping_status":"closed","template":"","meta":{"footnotes":""},"class_list":["post-581","page","type-page","status-publish","hentry"],"_links":{"self":[{"href":"https:\/\/mbm.at\/pt-pt\/wp-json\/wp\/v2\/pages\/581","targetHints":{"allow":["GET"]}}],"collection":[{"href":"https:\/\/mbm.at\/pt-pt\/wp-json\/wp\/v2\/pages"}],"about":[{"href":"https:\/\/mbm.at\/pt-pt\/wp-json\/wp\/v2\/types\/page"}],"author":[{"embeddable":true,"href":"https:\/\/mbm.at\/pt-pt\/wp-json\/wp\/v2\/users\/2"}],"replies":[{"embeddable":true,"href":"https:\/\/mbm.at\/pt-pt\/wp-json\/wp\/v2\/comments?post=581"}],"version-history":[{"count":8,"href":"https:\/\/mbm.at\/pt-pt\/wp-json\/wp\/v2\/pages\/581\/revisions"}],"predecessor-version":[{"id":2152,"href":"https:\/\/mbm.at\/pt-pt\/wp-json\/wp\/v2\/pages\/581\/revisions\/2152"}],"wp:attachment":[{"href":"https:\/\/mbm.at\/pt-pt\/wp-json\/wp\/v2\/media?parent=581"}],"curies":[{"name":"wp","href":"https:\/\/api.w.org\/{rel}","templated":true}]}}