{"id":5553,"date":"2025-02-13T10:15:11","date_gmt":"2025-02-13T09:15:11","guid":{"rendered":"https:\/\/mbm.at\/maquina-para-madeira-esquadriada-kha\/"},"modified":"2025-02-21T09:56:42","modified_gmt":"2025-02-21T08:56:42","slug":"maquina-para-madeira-esquadriada-kha","status":"publish","type":"page","link":"https:\/\/mbm.at\/pt-pt\/maquina-para-madeira-esquadriada-kha\/","title":{"rendered":"M\u00e1quina para madeira esquadriada KHA"},"content":{"rendered":"<div class=\"wpb-content-wrapper\"><p>[vc_row equal_height=&#8221;yes&#8221; content_placement=&#8221;middle&#8221;][vc_column][vc_column_text css=&#8221;&#8221;]A m\u00e1quina para madeira esquadriada KHA foi especialmente desenvolvida para a produ\u00e7\u00e3o de madeira esquadriada e madeira esquadriada. Processa tiras, por exemplo, de pain\u00e9is residuais ou de pain\u00e9is com defeitos de superf\u00edcie, criados durante a produ\u00e7\u00e3o de pain\u00e9is OSB, OSL, LVL, aglomerado ou MDF. Estas tiras s\u00e3o unidas de forma totalmente autom\u00e1tica na KHA para formar madeira esquadriada.[\/vc_column_text][vc_images_carousel images=&#8221;5568,5576,5584&#8243; img_size=&#8221;full&#8221; css=&#8221;&#8221;][\/vc_column][\/vc_row][vc_row][vc_column][vc_tta_accordion][vc_tta_section title=&#8221;Suas vantagens&#8221; tab_id=&#8221;1740125723747-020591a2-50ec&#8221;][vc_single_image image=&#8221;5810&#8243; img_size=&#8221;200*200&#8243; alignment=&#8221;center&#8221; onclick=&#8221;custom_link&#8221; css=&#8221;&#8221; link=&#8221;https:\/\/mbm.at\/wp-content\/uploads\/2025\/02\/KHA4gross-scaled.jpg&#8221;][vc_column_text css=&#8221;&#8221;]<\/p>\n<ul>\n<li>Aproveite ao m\u00e1ximo os seus restos de madeira e produza madeira esquadriada de alta qualidade ou madeira de armazenamento est\u00e1vel para as suas necessidades de transporte e armazenamento<\/li>\n<li>Produzir madeira esquadriada e madeira esquadriada de forma flex\u00edvel, conforme necess\u00e1rio, em v\u00e1rios tamanhos e comprimentos, de acordo com os seus requisitos de produ\u00e7\u00e3o<\/li>\n<li>A KHA oferece uma solu\u00e7\u00e3o sustent\u00e1vel para o processamento de madeira, conserva recursos e aumenta a efici\u00eancia<\/li>\n<li>Processar diversos materiais como OSB, OSL, LVL, placas de aglomerado ou MDF com o KHA da <strong><span style=\"color: #40b5ad;\">mbm<\/span><\/strong> <\/li>\n<li>O processamento autom\u00e1tico garante madeira esquadriada com elevada precis\u00e3o e qualidade consistente<\/li>\n<li>O KHA automatiza todo o processo de fabrico, aumenta a velocidade de produ\u00e7\u00e3o e reduz a quantidade de trabalho manual necess\u00e1rio<\/li>\n<\/ul>\n<p>[\/vc_column_text][\/vc_tta_section][vc_tta_section title=&#8221;Dom\u00ednios de aplica\u00e7\u00e3o&#8221; tab_id=&#8221;1740125732654-211e2e44-e2dc&#8221;][vc_single_image image=&#8221;5802&#8243; img_size=&#8221;200*200&#8243; alignment=&#8221;center&#8221; onclick=&#8221;custom_link&#8221; css=&#8221;&#8221; link=&#8221;https:\/\/mbm.at\/wp-content\/uploads\/2025\/02\/KHA5gross-scaled.jpg&#8221;][vc_column_text css=&#8221;&#8221;]<\/p>\n<ul>\n<li><strong>Produ\u00e7\u00e3o de mobili\u00e1rio:<\/strong> ao transformar os restos de madeira em materiais de alta qualidade, os fabricantes de mobili\u00e1rio podem trabalhar de forma econ\u00f3mica e sustent\u00e1vel<\/li>\n<li><strong>Ind\u00fastria de embalagens:<\/strong> As vigas de madeira e as vigas distanciadoras s\u00e3o ideais para o acondicionamento seguro e o transporte de mercadorias<\/li>\n<li><strong>Empresas de armazenamento e log\u00edstica:<\/strong> As madeiras de armazenamento e as madeiras de separa\u00e7\u00e3o s\u00e3o essenciais para o armazenamento e o transporte de mercadorias<\/li>\n<li><strong>Reciclagem e gest\u00e3o de res\u00edduos:<\/strong> A KHA ajuda a reduzir os res\u00edduos de madeira atrav\u00e9s da utiliza\u00e7\u00e3o eficiente das aparas. Isto \u00e9 particularmente \u00fatil para empresas que produzem grandes quantidades de res\u00edduos de madeira e que pretendem utiliz\u00e1-los de forma sustent\u00e1vel <\/li>\n<\/ul>\n<p>[\/vc_column_text][\/vc_tta_section][vc_tta_section title=&#8221;Realiza\u00e7\u00e3o&#8221; tab_id=&#8221;1740125735526-d89b8afa-85ce&#8221;][vc_single_image image=&#8221;5794&#8243; img_size=&#8221;200*200&#8243; alignment=&#8221;center&#8221; onclick=&#8221;custom_link&#8221; css=&#8221;&#8221; link=&#8221;https:\/\/mbm.at\/wp-content\/uploads\/2025\/02\/KHA8gross_Option-2-Schwenkarm-fur-Kantholzzufuhrung-direkt-in-den-Zufuhrschacht-einer-Umrreifungsmaschine-14.101.png&#8221;][vc_column_text css=&#8221;&#8221;]<\/p>\n<ul>\n<li><strong>M\u00e1quina b\u00e1sica KHA:<\/strong> Equipada com serra de corte com esta\u00e7\u00e3o de colagem, esta\u00e7\u00e3o de prensagem e sa\u00edda.<\/li>\n<li><strong>KHA com unidade de ranhurar:<\/strong> Para ranhuras adequadas em madeira esquadriada ou madeira de moldura para posterior cintagem com cintas de a\u00e7o ou de pl\u00e1stico<\/li>\n<li><strong>KHA em design personalizado:<\/strong> Podem ser oferecidas esta\u00e7\u00f5es de carga e de dep\u00f3sito adequadas e adaptadas aos processos de produ\u00e7\u00e3o existentes<\/li>\n<li><strong>KHA com liga\u00e7\u00e3o para cintagem autom\u00e1tica:<\/strong> Para sistemas de embalagem autom\u00e1ticos, a KHA pode ser combinada com cintagem autom\u00e1tica utilizando pin\u00e7as e tecnologia de transporte<\/li>\n<\/ul>\n<p>[\/vc_column_text][\/vc_tta_section][vc_tta_section title=&#8221;Op\u00e7\u00f5es&#8221; tab_id=&#8221;1740125739581-67958df0-3c0f&#8221;][vc_single_image image=&#8221;5786&#8243; img_size=&#8221;200*200&#8243; alignment=&#8221;center&#8221; onclick=&#8221;custom_link&#8221; css=&#8221;&#8221; link=&#8221;https:\/\/mbm.at\/wp-content\/uploads\/2025\/02\/KHA9gross_18.105.10.00.0_Schwenkarm.jpg&#8221;][vc_column_text css=&#8221;&#8221;]<\/p>\n<ul>\n<li><strong>Alimenta\u00e7\u00e3o de silos de armazenagem:<\/strong> Com manuseamento da alimenta\u00e7\u00e3o e medi\u00e7\u00e3o da moldagem<\/li>\n<li><strong>Alimenta\u00e7\u00e3o com transportador de corrente:<\/strong> Inclui dispositivo de empurrar lateral<\/li>\n<li>Alimenta\u00e7\u00e3o em camadas: Com transportador de rolos diretamente da serra<\/li>\n<li><strong>Alimenta\u00e7\u00e3o com transportador de rolos:<\/strong> At\u00e9 6 m de comprimento, para tiras individuais<\/li>\n<li><strong>Rolo de engomar:<\/strong> Para a separa\u00e7\u00e3o de pacotes de tiras<\/li>\n<li><strong>Sa\u00edda com bra\u00e7o girat\u00f3rio<\/strong><\/li>\n<li><strong>Esta\u00e7\u00e3o de recolha de madeira ao quadrado:<\/strong> com p\u00f3rtico ou robot<\/li>\n<li><strong>Controlo da plataforma IoT:<\/strong> Para monitoriza\u00e7\u00e3o e aquisi\u00e7\u00e3o de dados de produ\u00e7\u00e3o e liga\u00e7\u00e3o em rede com sistemas a montante ou a jusante. Mais informa\u00e7\u00f5es em: <a href=\"https:\/\/www.digifai.com\/de\/control\/\" target=\"_blank\" rel=\"noopener\">control- digifai.<\/a> <\/li>\n<\/ul>\n<p>[\/vc_column_text][\/vc_tta_section][vc_tta_section title=&#8221;Dados t\u00e9cnicos&#8221; tab_id=&#8221;1740125742829-0c49203b-c726&#8243;][vc_single_image image=&#8221;5874&#8243; img_size=&#8221;200*200&#8243; alignment=&#8221;center&#8221; onclick=&#8221;custom_link&#8221; css=&#8221;&#8221; link=&#8221;https:\/\/mbm.at\/wp-content\/uploads\/2025\/02\/Kantholzautomat-KHA3.png&#8221;][vc_column_text css=&#8221;&#8221;]<\/p>\n<ul>\n<li>Comprimento da ripa de mat\u00e9ria-prima 2000mm-5900mm<\/li>\n<li>Alturas de moldagem 8mm &#8211; 50mm<\/li>\n<li>Largura das l\u00e2minas 70mm &#8211; 100mm<\/li>\n<li>Pe\u00e7as pr\u00e9-fabricadas de madeira esquadriada comprimento 200mm &#8211; 2200mm<\/li>\n<li>Pe\u00e7as pr\u00e9-fabricadas de madeira esquadriada altura 8mm &#8211; 120mm<\/li>\n<li>Precis\u00e3o de corte +\/- 1,0 mm<\/li>\n<li>Tempo de ciclo: 18s para 5 tiras com um comprimento de 1250mm<\/li>\n<li>Material de moldagem: placas de OSB, OSL, LVL, aglomerado ou MDF<\/li>\n<li>Pilha de molduras\n<ul>\n<li>Pilha m\u00e1xima CxLxA 5900mmx1000mmx800mm<\/li>\n<li>Pilha m\u00ednima = barra \u00fanica<\/li>\n<\/ul>\n<\/li>\n<li>Mesa de transfer\u00eancia para empilhamento de madeira esquadriada preparada para remo\u00e7\u00e3o manual<\/li>\n<li>Exemplo de sa\u00edda com portal\n<ul>\n<li>P\u00f3rtico com dois eixos<\/li>\n<li>Recolha da camada de madeira esquadriada com uma pin\u00e7a de v\u00e1cuo<\/li>\n<li>Eixo X por meio de um carro de transfer\u00eancia transversal<\/li>\n<li>Eixo Z por meio de mastro de eleva\u00e7\u00e3o<\/li>\n<li>Possibilidade de at\u00e9 quatro espa\u00e7os para paletes<\/li>\n<li>Altura de empilhamento 1200mm<\/li>\n<li>Largura de empilhamento 800 mm<\/li>\n<\/ul>\n<\/li>\n<\/ul>\n<p>[\/vc_column_text][\/vc_tta_section][vc_tta_section title=&#8221;Sistema de controlo&#8221; tab_id=&#8221;1740125758373-69fce1ea-e35a&#8221;][vc_single_image image=&#8221;5742&#8243; img_size=&#8221;200*200&#8243; alignment=&#8221;center&#8221; onclick=&#8221;custom_link&#8221; css=&#8221;&#8221; link=&#8221;https:\/\/mbm.at\/wp-content\/uploads\/2025\/02\/KHA6gross-scaled.jpg&#8221;][vc_column_text css=&#8221;&#8221;]<\/p>\n<ul>\n<li>Arm\u00e1rio de controlo principal montado diretamente no sistema<\/li>\n<li>A Siemens, como marca l\u00edder em componentes el\u00e9ctricos e electr\u00f3nicos, com um sistema de controlo central TIA-PLC (vers\u00e3o segura) para controlo de sistemas, sequ\u00eancia e seguran\u00e7a<\/li>\n<li>Arrefecimento do compartimento atrav\u00e9s de unidade de ar condicionado ou permutador de calor \u00e1gua\/ar<\/li>\n<li>Centro de controlo HMI com ecr\u00e3 t\u00e1til de 12 polegadas integrado diretamente no arm\u00e1rio de controlo<\/li>\n<li>Esta\u00e7\u00f5es de opera\u00e7\u00e3o para gest\u00e3o de artigos, gest\u00e3o de par\u00e2metros, opera\u00e7\u00e3o manual, gest\u00e3o de alarmes e opera\u00e7\u00e3o<\/li>\n<li>Opcional: Transfer\u00eancia autom\u00e1tica de dados de sistemas de n\u00edvel superior<\/li>\n<\/ul>\n<p>[\/vc_column_text][\/vc_tta_section][vc_tta_section title=&#8221;Dados de m\u00e1quina&#8221; tab_id=&#8221;1740125761933-b2b607a0-2992&#8243;][vc_single_image image=&#8221;5751&#8243; img_size=&#8221;200*200&#8243; alignment=&#8221;center&#8221; onclick=&#8221;custom_link&#8221; css=&#8221;&#8221; link=&#8221;https:\/\/mbm.at\/wp-content\/uploads\/2025\/02\/Kantholzautomat-KHA2.png&#8221;][vc_column_text css=&#8221;&#8221;]<\/p>\n<ul>\n<li><strong>Unidade de serragem<\/strong>\n<ul>\n<li>Eleva\u00e7\u00e3o pneum\u00e1tica<\/li>\n<li>Motor ass\u00edncrono trif\u00e1sico Pot\u00eancia 2,2 kW, 4500 rpm a 100 Hz<\/li>\n<li>Di\u00e2metro da l\u00e2mina de serra 300 mm<\/li>\n<li>Liga\u00e7\u00e3o para aspira\u00e7\u00e3o D80mm<\/li>\n<li>Cilindro de aperto \u00e0 frente do grupo de corte<\/li>\n<\/ul>\n<\/li>\n<li><strong>Unidade de ranhurar opcional<\/strong>\n<ul>\n<li>com balancim girat\u00f3rio, elev\u00e1vel pneumaticamente<\/li>\n<li>Largura da ranhura de 20 mm, profundidade da ranhura de 3 mm,<\/li>\n<li>Pot\u00eancia 2,2 kW, 2800 rpm.<\/li>\n<li>com rolos de press\u00e3o superiores, pode ser levantado e baixado pneumaticamente <\/li>\n<li>Liga\u00e7\u00e3o para aspira\u00e7\u00e3o D80mm<\/li>\n<\/ul>\n<\/li>\n<li><strong>Esta\u00e7\u00e3o de colagem<\/strong>\n<ul>\n<li>Adesivo de fus\u00e3o a quente<\/li>\n<li>Sistema de contrato, pot\u00eancia 4 kW<\/li>\n<li>com cabe\u00e7a de aplica\u00e7\u00e3o, controlada electropneumaticamente<\/li>\n<\/ul>\n<\/li>\n<\/ul>\n<p>[\/vc_column_text][\/vc_tta_section][\/vc_tta_accordion][\/vc_column][\/vc_row]<\/p>\n<\/div>","protected":false},"excerpt":{"rendered":"<p>[vc_row equal_height=&#8221;yes&#8221; content_placement=&#8221;middle&#8221;][vc_column][vc_column_text css=&#8221;&#8221;]A m\u00e1quina para madeira esquadriada KHA foi especialmente desenvolvida para a produ\u00e7\u00e3o de madeira esquadriada e madeira esquadriada. Processa tiras, por exemplo, de pain\u00e9is residuais ou de pain\u00e9is com defeitos de superf\u00edcie, criados durante a produ\u00e7\u00e3o de pain\u00e9is OSB, OSL, LVL, aglomerado ou MDF. Estas tiras s\u00e3o unidas de forma totalmente autom\u00e1tica [&hellip;]<\/p>\n","protected":false},"author":2,"featured_media":0,"parent":0,"menu_order":0,"comment_status":"closed","ping_status":"closed","template":"","meta":{"footnotes":""},"class_list":["post-5553","page","type-page","status-publish","hentry"],"_links":{"self":[{"href":"https:\/\/mbm.at\/pt-pt\/wp-json\/wp\/v2\/pages\/5553","targetHints":{"allow":["GET"]}}],"collection":[{"href":"https:\/\/mbm.at\/pt-pt\/wp-json\/wp\/v2\/pages"}],"about":[{"href":"https:\/\/mbm.at\/pt-pt\/wp-json\/wp\/v2\/types\/page"}],"author":[{"embeddable":true,"href":"https:\/\/mbm.at\/pt-pt\/wp-json\/wp\/v2\/users\/2"}],"replies":[{"embeddable":true,"href":"https:\/\/mbm.at\/pt-pt\/wp-json\/wp\/v2\/comments?post=5553"}],"version-history":[{"count":15,"href":"https:\/\/mbm.at\/pt-pt\/wp-json\/wp\/v2\/pages\/5553\/revisions"}],"predecessor-version":[{"id":5905,"href":"https:\/\/mbm.at\/pt-pt\/wp-json\/wp\/v2\/pages\/5553\/revisions\/5905"}],"wp:attachment":[{"href":"https:\/\/mbm.at\/pt-pt\/wp-json\/wp\/v2\/media?parent=5553"}],"curies":[{"name":"wp","href":"https:\/\/api.w.org\/{rel}","templated":true}]}}