{"id":5454,"date":"2025-02-13T10:13:20","date_gmt":"2025-02-13T09:13:20","guid":{"rendered":"https:\/\/mbm.at\/estacao-de-perfuracao-para-das-fl\/"},"modified":"2025-02-21T07:55:43","modified_gmt":"2025-02-21T06:55:43","slug":"estacao-de-perfuracao-para-das-fl","status":"publish","type":"page","link":"https:\/\/mbm.at\/pt-pt\/estacao-de-perfuracao-para-das-fl\/","title":{"rendered":"Esta\u00e7\u00e3o de perfura\u00e7\u00e3o para DAS-FL"},"content":{"rendered":"<div class=\"wpb-content-wrapper\"><p>[vc_row][vc_column][vc_images_carousel images=&#8221;5662,5654,5646,5638&#8243; img_size=&#8221;full&#8221; css=&#8221;&#8221;][\/vc_column][\/vc_row][vc_row][vc_column][vc_tta_accordion][vc_tta_section title=&#8221;Suas vantagens&#8221; tab_id=&#8221;1739431384756-268a3dc5-a8f9&#8243;][vc_single_image image=&#8221;5360&#8243; img_size=&#8221;200*200&#8243; alignment=&#8221;center&#8221; onclick=&#8221;custom_link&#8221; css=&#8221;&#8221; link=&#8221;https:\/\/mbm.at\/wp-content\/uploads\/2025\/02\/bohrstation-wendel.jpg&#8221;][vc_column_text css=&#8221;&#8221;]<\/p>\n<ul>\n<li><strong>Anex\u00e1vel ao DAS-FL:<\/strong> Adicionar uma esta\u00e7\u00e3o de perfura\u00e7\u00e3o autom\u00e1tica ao DAS-FL<\/li>\n<li><strong>Aumento da produtividade: <\/strong>As esta\u00e7\u00f5es de perfura\u00e7\u00e3o autom\u00e1ticas podem trabalhar continuamente, sem pausas, o que aumenta significativamente a taxa de produ\u00e7\u00e3o<\/li>\n<li><strong>Precis\u00e3o e repetibilidade:<\/strong> Estas m\u00e1quinas oferecem uma elevada precis\u00e3o e consist\u00eancia em cada opera\u00e7\u00e3o de perfura\u00e7\u00e3o, o que melhora a qualidade dos produtos finais<\/li>\n<li><strong>Efici\u00eancia de custos:<\/strong> A automatiza\u00e7\u00e3o reduz os custos de m\u00e3o de obra e aumenta a efici\u00eancia, uma vez que \u00e9 necess\u00e1ria menos interven\u00e7\u00e3o manual<\/li>\n<li><strong>Flexibilidade: <\/strong>As esta\u00e7\u00f5es de perfura\u00e7\u00e3o autom\u00e1ticas podem ser facilmente adaptadas a diferentes requisitos de perfura\u00e7\u00e3o, incluindo o processamento de diferentes materiais e geometrias<\/li>\n<li><strong>Seguran\u00e7a:<\/strong> As esta\u00e7\u00f5es de perfura\u00e7\u00e3o automatizadas reduzem o risco de acidentes industriais, uma vez que \u00e9 necess\u00e1ria uma menor interven\u00e7\u00e3o humana<\/li>\n<\/ul>\n<p>[\/vc_column_text][\/vc_tta_section][vc_tta_section title=&#8221;Dom\u00ednios de aplica\u00e7\u00e3o&#8221; tab_id=&#8221;1739431384757-33359260-8ac3&#8243;][vc_single_image image=&#8221;5733&#8243; img_size=&#8221;200*200&#8243; alignment=&#8221;center&#8221; onclick=&#8221;custom_link&#8221; css=&#8221;&#8221; link=&#8221;https:\/\/mbm.at\/wp-content\/uploads\/2025\/02\/20250121_103920-scaled.jpg&#8221;][vc_column_text css=&#8221;&#8221;]<\/p>\n<ul>\n<li><strong>Produ\u00e7\u00e3o de caix\u00f5es:<\/strong>\n<ul>\n<li>Cria\u00e7\u00e3o de orif\u00edcios para pegas<\/li>\n<li>Cria\u00e7\u00e3o de orif\u00edcios de veda\u00e7\u00e3o<\/li>\n<li>Cria\u00e7\u00e3o de perfura\u00e7\u00f5es de n\u00f3s<\/li>\n<\/ul>\n<\/li>\n<\/ul>\n<p>[\/vc_column_text][\/vc_tta_section][vc_tta_section title=&#8221;Realiza\u00e7\u00e3o&#8221; tab_id=&#8221;1740038908552-3559feea-dc0b&#8221;][vc_single_image image=&#8221;5376&#8243; img_size=&#8221;200*200&#8243; alignment=&#8221;center&#8221; onclick=&#8221;custom_link&#8221; css=&#8221;&#8221; link=&#8221;https:\/\/mbm.at\/wp-content\/uploads\/2025\/02\/IMG_2052.jpg&#8221;][vc_column_text css=&#8221;&#8221;]<\/p>\n<ul>\n<li>Esta\u00e7\u00e3o de perfura\u00e7\u00e3o na linha de produ\u00e7\u00e3o DAS-FL<\/li>\n<li>Esta\u00e7\u00e3o de perfura\u00e7\u00e3o como m\u00e1quina aut\u00f3noma<\/li>\n<li>Esta\u00e7\u00e3o de perfura\u00e7\u00e3o para perfura\u00e7\u00e3o de buracos<\/li>\n<\/ul>\n<p>[\/vc_column_text][\/vc_tta_section][vc_tta_section title=&#8221;Op\u00e7\u00f5es&#8221; tab_id=&#8221;1740038911672-afecc4b4-a542&#8243;][vc_single_image image=&#8221;5254&#8243; img_size=&#8221;200*200&#8243; alignment=&#8221;center&#8221; onclick=&#8221;custom_link&#8221; css=&#8221;&#8221; link=&#8221;https:\/\/mbm.at\/wp-content\/uploads\/2025\/02\/bohr1.png&#8221;][vc_column_text css=&#8221;&#8221;]<\/p>\n<ul>\n<li>Perfura\u00e7\u00e3o com v\u00e1rias unidades em simult\u00e2neo<\/li>\n<li>Perfura\u00e7\u00e3o com v\u00e1rios eixos<\/li>\n<li>Perfura\u00e7\u00e3o com dist\u00e2ncia de perfura\u00e7\u00e3o flex\u00edvel<\/li>\n<\/ul>\n<p>[\/vc_column_text][\/vc_tta_section][vc_tta_section title=&#8221;Dados t\u00e9cnicos&#8221; tab_id=&#8221;1740038913920-7650123a-a710&#8243;][vc_column_text css=&#8221;&#8221;]<\/p>\n<ul>\n<li>Unidades de perfura\u00e7\u00e3o simples eletricamente ajust\u00e1veis para os furos de fixa\u00e7\u00e3o<\/li>\n<li>Eixos de desloca\u00e7\u00e3o linear para as direc\u00e7\u00f5es X, Y e Z<\/li>\n<li>Fixa\u00e7\u00e3o das pe\u00e7as de trabalho com cilindros de aperto<\/li>\n<li>Tempo de ciclo concebido para o ciclo DAS-FL e perfura\u00e7\u00e3o simult\u00e2nea de at\u00e9 6 furos<\/li>\n<li>Curso da broca = 80 mm, com mandril redutor para di\u00e2metro da haste da broca de 10 mm.<\/li>\n<\/ul>\n<p>[\/vc_column_text][\/vc_tta_section][vc_tta_section title=&#8221;Sistema de controlo&#8221; tab_id=&#8221;1740038915216-6be24bbf-05a8&#8243;][vc_single_image image=&#8221;5742&#8243; img_size=&#8221;200*200&#8243; alignment=&#8221;center&#8221; onclick=&#8221;custom_link&#8221; css=&#8221;&#8221; link=&#8221;https:\/\/mbm.at\/wp-content\/uploads\/2025\/02\/KHA6gross-scaled.jpg&#8221;][vc_column_text css=&#8221;&#8221;]<\/p>\n<ul>\n<li>A Siemens, como marca l\u00edder em componentes el\u00e9ctricos e electr\u00f3nicos, com um sistema de controlo central TIA-PLC (vers\u00e3o segura) para controlo de sistemas, sequ\u00eancia e seguran\u00e7a<\/li>\n<li>Gest\u00e3o de par\u00e2metros, modo manual, gest\u00e3o de alarmes, registo de dados<\/li>\n<li>Painel de controlo HMI com ecr\u00e3 t\u00e1til<\/li>\n<li>Cria\u00e7\u00e3o simples de programas com o configurador de caix\u00f5es<\/li>\n<li>Diagn\u00f3stico de avarias<\/li>\n<li>Corre\u00e7\u00e3o do comprimento e da altura da ranhura para diferentes espessuras de madeira<\/li>\n<li>Cortar diferentes programas a partir de uma pe\u00e7a de madeira<\/li>\n<li>Op\u00e7\u00f5es de controlo\n<ul>\n<li>Interface para transfer\u00eancia autom\u00e1tica de dados de produ\u00e7\u00e3o<\/li>\n<li>Solu\u00e7\u00f5es de diagn\u00f3stico e manuten\u00e7\u00e3o \u00e0 dist\u00e2ncia<\/li>\n<li>Controlo da plataforma IoT: Para monitoriza\u00e7\u00e3o e aquisi\u00e7\u00e3o de dados de produ\u00e7\u00e3o e liga\u00e7\u00e3o em rede com sistemas a montante ou a jusante. Mais informa\u00e7\u00f5es em: <a href=\"https:\/\/www.digifai.com\/de\/control\/\" target=\"_blank\" rel=\"noopener\">control &#8211; digifai<\/a> <\/li>\n<\/ul>\n<\/li>\n<\/ul>\n<p>[\/vc_column_text][\/vc_tta_section][vc_tta_section title=&#8221;Dados de m\u00e1quina&#8221; tab_id=&#8221;1740038916567-704225a7-f58c&#8221;][vc_single_image image=&#8221;5751&#8243; img_size=&#8221;200*200&#8243; alignment=&#8221;center&#8221; onclick=&#8221;custom_link&#8221; css=&#8221;&#8221; link=&#8221;https:\/\/mbm.at\/wp-content\/uploads\/2025\/02\/Kantholzautomat-KHA2.png&#8221;][vc_column_text css=&#8221;&#8221;]<\/p>\n<ul>\n<li>Design robusto e soldado<\/li>\n<li>Equipamento de perfura\u00e7\u00e3o: 0,75 kW, 2.675 rpm<\/li>\n<li>At\u00e9 12 plataformas de perfura\u00e7\u00e3o<\/li>\n<li>Necessidade de espa\u00e7o\n<ul>\n<li>Comprimento de instala\u00e7\u00e3o aprox. 3.500 mm, largura 2.000 mm<\/li>\n<\/ul>\n<\/li>\n<\/ul>\n<p>[\/vc_column_text][\/vc_tta_section][\/vc_tta_accordion][\/vc_column][\/vc_row]<\/p>\n<\/div>","protected":false},"excerpt":{"rendered":"<p>[vc_row][vc_column][vc_images_carousel images=&#8221;5662,5654,5646,5638&#8243; img_size=&#8221;full&#8221; css=&#8221;&#8221;][\/vc_column][\/vc_row][vc_row][vc_column][vc_tta_accordion][vc_tta_section title=&#8221;Suas vantagens&#8221; tab_id=&#8221;1739431384756-268a3dc5-a8f9&#8243;][vc_single_image image=&#8221;5360&#8243; img_size=&#8221;200*200&#8243; alignment=&#8221;center&#8221; onclick=&#8221;custom_link&#8221; css=&#8221;&#8221; link=&#8221;https:\/\/mbm.at\/wp-content\/uploads\/2025\/02\/bohrstation-wendel.jpg&#8221;][vc_column_text css=&#8221;&#8221;] Anex\u00e1vel ao DAS-FL: Adicionar uma esta\u00e7\u00e3o de perfura\u00e7\u00e3o autom\u00e1tica ao DAS-FL Aumento da produtividade: As esta\u00e7\u00f5es de perfura\u00e7\u00e3o autom\u00e1ticas podem trabalhar continuamente, sem pausas, o que aumenta significativamente a taxa de produ\u00e7\u00e3o Precis\u00e3o e repetibilidade: Estas m\u00e1quinas oferecem uma elevada precis\u00e3o [&hellip;]<\/p>\n","protected":false},"author":2,"featured_media":0,"parent":0,"menu_order":0,"comment_status":"closed","ping_status":"closed","template":"","meta":{"footnotes":""},"class_list":["post-5454","page","type-page","status-publish","hentry"],"_links":{"self":[{"href":"https:\/\/mbm.at\/pt-pt\/wp-json\/wp\/v2\/pages\/5454","targetHints":{"allow":["GET"]}}],"collection":[{"href":"https:\/\/mbm.at\/pt-pt\/wp-json\/wp\/v2\/pages"}],"about":[{"href":"https:\/\/mbm.at\/pt-pt\/wp-json\/wp\/v2\/types\/page"}],"author":[{"embeddable":true,"href":"https:\/\/mbm.at\/pt-pt\/wp-json\/wp\/v2\/users\/2"}],"replies":[{"embeddable":true,"href":"https:\/\/mbm.at\/pt-pt\/wp-json\/wp\/v2\/comments?post=5454"}],"version-history":[{"count":8,"href":"https:\/\/mbm.at\/pt-pt\/wp-json\/wp\/v2\/pages\/5454\/revisions"}],"predecessor-version":[{"id":5840,"href":"https:\/\/mbm.at\/pt-pt\/wp-json\/wp\/v2\/pages\/5454\/revisions\/5840"}],"wp:attachment":[{"href":"https:\/\/mbm.at\/pt-pt\/wp-json\/wp\/v2\/media?parent=5454"}],"curies":[{"name":"wp","href":"https:\/\/api.w.org\/{rel}","templated":true}]}}