{"id":446,"date":"2024-11-05T15:12:15","date_gmt":"2024-11-05T14:12:15","guid":{"rendered":"https:\/\/wp.mbm.at\/bem-vindo-ao-nosso-site-na-web\/"},"modified":"2024-12-19T14:28:20","modified_gmt":"2024-12-19T13:28:20","slug":"bem-vindo-ao-nosso-site-na-web","status":"publish","type":"page","link":"https:\/\/mbm.at\/pt-pt\/","title":{"rendered":"Automa\u00e7\u00e3o e constru\u00e7\u00e3o de m\u00e1quinas especiais"},"content":{"rendered":"<div class=\"wpb-content-wrapper\"><p>[vc_row][vc_column][vc_column_text css=&#8221;&#8221;]<\/p>\n<h4 style=\"text-align: center;\"><span data-teams=\"true\">Juntas de esquadria com precis\u00e3o e fiabilidade!<\/span><\/h4>\n<p>[\/vc_column_text][\/vc_column][\/vc_row][vc_row][vc_column][vc_single_image image=&#8221;2500&#8243; img_size=&#8221;large&#8221; alignment=&#8221;center&#8221; onclick=&#8221;custom_link&#8221; css=&#8221;&#8221; link=&#8221;https:\/\/mbm.at\/wp-content\/uploads\/2024\/11\/Doppelgehrungssaege-B2.jpg&#8221;][\/vc_column][\/vc_row][vc_row][vc_column][vc_column_text css=&#8221;&#8221;]A <span style=\"\"><strong>mbm<\/strong><\/span> \u00e9 especialista em cortes de esquadria automatizados e constr\u00f3i serras de esquadria e de dupla esquadria para este fim. A fiabilidade e a precis\u00e3o, bem como a paix\u00e3o pelo corte perfeito, caracterizam especialmente as <strong><span style=\"\">m\u00e1quinas mbm<\/span><\/strong>. Ao longo do tempo, o portef\u00f3lio foi alargado para incluir outras solu\u00e7\u00f5es de m\u00e1quinas e de automa\u00e7\u00e3o. Assim, a <span style=\"\"><strong>mbm<\/strong><\/span> estabeleceu-se como um fornecedor de solu\u00e7\u00f5es completas para a produ\u00e7\u00e3o industrial de caix\u00f5es.   <\/p>\n<p>Com a aquisi\u00e7\u00e3o da Eberle Automatische Systeme GmbH &amp; Co KG de Dornbirn em 2023, a gama foi alargada para incluir solu\u00e7\u00f5es digitais da Ind\u00fastria 4.0. Isto combina agora engenharia mec\u00e2nica comprovada e fi\u00e1vel com solu\u00e7\u00f5es de software modernas para uma produ\u00e7\u00e3o segura, eficiente e optimizada em termos de recursos.[\/vc_column_text][\/vc_column][\/vc_row][vc_row][vc_column width=&#8221;1\/6&#8243;][vc_single_image image=&#8221;2534&#8243; img_size=&#8221;250*250&#8243; alignment=&#8221;center&#8221; onclick=&#8221;custom_link&#8221; css=&#8221;&#8221; link=&#8221;https:\/\/mbm.at\/wp-content\/uploads\/2024\/12\/3.jpg&#8221;][\/vc_column][vc_column width=&#8221;5\/6&#8243;][vc_column_text css=&#8221;&#8221;]<strong>M\u00e1quinas de produ\u00e7\u00e3o de caix\u00f5es <span style=\"color: #40b5ad;\">mbm<\/span> &#8211; para uma produ\u00e7\u00e3o de caix\u00f5es moderna, eficiente e individualizada<\/strong><\/p>\n<p>O fabrico moderno de caix\u00f5es combina o artesanato tradicional com tecnologia avan\u00e7ada para produzir caix\u00f5es sustent\u00e1veis e de alta qualidade em grandes quantidades.<\/p>\n<p>&gt;&gt; continuar para <a href=\"https:\/\/mbm.at\/pt-pt\/maquinas-para-fabricar-caixoes\/\">Produ\u00e7\u00e3o de caix\u00f5es<\/a>[\/vc_column_text][\/vc_column][\/vc_row][vc_row][vc_column width=&#8221;1\/6&#8243;][vc_single_image image=&#8221;2520&#8243; img_size=&#8221;250*250&#8243; alignment=&#8221;center&#8221; onclick=&#8221;custom_link&#8221; css=&#8221;&#8221; link=&#8221;https:\/\/mbm.at\/wp-content\/uploads\/2024\/12\/1.jpg&#8221;][\/vc_column][vc_column width=&#8221;5\/6&#8243;][vc_column_text css=&#8221;&#8221;]<strong>Serras de esquadria <span style=\"color: #40b5ad;\">mbm<\/span> &#8211; cortes que atingem o \u00e2ngulo na perfei\u00e7\u00e3o<\/strong><\/p>\n<p>Cortes exactos e ranhuras precisas em diferentes \u00e2ngulos poupam o retrabalho e a retifica\u00e7\u00e3o.<\/p>\n<p>&gt;&gt; Continuar para as serras de esquadria <a href=\"https:\/\/mbm.at\/pt-pt\/serras-de-esquadria-dupla\/\">DAS-E <\/a>e <a href=\"https:\/\/mbm.at\/pt-pt\/serra-de-esquadria-dupla-universal-das-u\/\">DAS-U<\/a>[\/vc_column_text][\/vc_column][\/vc_row][vc_row][vc_column width=&#8221;1\/6&#8243;][vc_single_image image=&#8221;2527&#8243; img_size=&#8221;250*250&#8243; alignment=&#8221;center&#8221; onclick=&#8221;custom_link&#8221; css=&#8221;&#8221; link=&#8221;https:\/\/mbm.at\/wp-content\/uploads\/2024\/12\/2.jpg&#8221;][\/vc_column][vc_column width=&#8221;5\/6&#8243;][vc_column_text css=&#8221;&#8221;]<strong>Linhas de produ\u00e7\u00e3o <span style=\"color: #40b5ad;\">mbm<\/span> &#8211; produ\u00e7\u00e3o automatizada precisa e r\u00e1pida para grandes quantidades<\/strong><\/p>\n<p>As linhas de produ\u00e7\u00e3o combinam diferentes esta\u00e7\u00f5es de trabalho numa \u00fanica m\u00e1quina, aliviam a press\u00e3o sobre os funcion\u00e1rios, aumentam a produtividade e melhoram a efici\u00eancia dos custos, mantendo o mesmo n\u00edvel de qualidade<\/p>\n<p>&gt;&gt; Continuar para as <a href=\"https:\/\/mbm.at\/pt-pt\/linhas-de-producao\/\">linhas de produ\u00e7\u00e3o<\/a>[\/vc_column_text][\/vc_column][\/vc_row][vc_row][vc_column width=&#8221;1\/6&#8243;][vc_single_image image=&#8221;3241&#8243; img_size=&#8221;250*250&#8243; alignment=&#8221;center&#8221; onclick=&#8221;custom_link&#8221; css=&#8221;&#8221; link=&#8221;https:\/\/mbm.at\/wp-content\/uploads\/2024\/12\/mbm-automation-neu.png&#8221;][\/vc_column][vc_column width=&#8221;5\/6&#8243;][vc_column_text css=&#8221;&#8221;]<strong><span style=\"color: #40b5ad;\">mbm<\/span> automatiza\u00e7\u00e3o e interliga\u00e7\u00e3o dos processos de fabrico para um desempenho m\u00e1ximo consistente<\/strong><\/p>\n<p>Os processos de produ\u00e7\u00e3o s\u00e3o optimizados e acelerados atrav\u00e9s da automatiza\u00e7\u00e3o, da rob\u00f3tica e da interliga\u00e7\u00e3o de processos. Isto leva a uma maior produtividade e a tempos de produ\u00e7\u00e3o mais curtos. <\/p>\n<p>&gt;&gt; continuar em <a href=\"https:\/\/mbm.at\/pt-pt\/automacao-para-producao-de-caixoes\/\">Automatiza\u00e7\u00e3o<\/a>[\/vc_column_text][\/vc_column][\/vc_row][vc_row][vc_column width=&#8221;1\/6&#8243;][vc_single_image image=&#8221;3221&#8243; img_size=&#8221;250*250&#8243; onclick=&#8221;custom_link&#8221; css=&#8221;&#8221; link=&#8221;https:\/\/mbm.at\/wp-content\/uploads\/2024\/12\/mbm-page.png&#8221;][\/vc_column][vc_column width=&#8221;5\/6&#8243;][vc_column_text css=&#8221;&#8221;]<strong><span style=\"color: #40b5ad;\">mbm <\/span>Solu\u00e7\u00f5es de digitaliza\u00e7\u00e3o &#8211; acelerar o planeamento, a conce\u00e7\u00e3o e a produ\u00e7\u00e3o<\/strong><\/p>\n<p>A utiliza\u00e7\u00e3o de m\u00e1quinas inteligentes e de sistemas ligados em rede automatiza e optimiza os processos de produ\u00e7\u00e3o, conduzindo a uma maior produtividade e simplificando consideravelmente a monitoriza\u00e7\u00e3o dos processos.<\/p>\n<p>&gt;&gt; continuar <a href=\"https:\/\/mbm.at\/pt-pt\/solucoes-de-digitalizacao-para-a-producao-de-caixoes\/\">a digitaliza\u00e7\u00e3o<\/a>[\/vc_column_text][\/vc_column][\/vc_row]<\/p>\n<\/div>","protected":false},"excerpt":{"rendered":"<p>[vc_row][vc_column][vc_column_text css=&#8221;&#8221;] Juntas de esquadria com precis\u00e3o e fiabilidade! [\/vc_column_text][\/vc_column][\/vc_row][vc_row][vc_column][vc_single_image image=&#8221;2500&#8243; img_size=&#8221;large&#8221; alignment=&#8221;center&#8221; onclick=&#8221;custom_link&#8221; css=&#8221;&#8221; link=&#8221;https:\/\/mbm.at\/wp-content\/uploads\/2024\/11\/Doppelgehrungssaege-B2.jpg&#8221;][\/vc_column][\/vc_row][vc_row][vc_column][vc_column_text css=&#8221;&#8221;]A mbm \u00e9 especialista em cortes de esquadria automatizados e constr\u00f3i serras de esquadria e de dupla esquadria para este fim. A fiabilidade e a precis\u00e3o, bem como a paix\u00e3o pelo corte perfeito, caracterizam especialmente as m\u00e1quinas mbm. Ao [&hellip;]<\/p>\n","protected":false},"author":2,"featured_media":0,"parent":0,"menu_order":0,"comment_status":"closed","ping_status":"closed","template":"","meta":{"footnotes":""},"class_list":["post-446","page","type-page","status-publish","hentry"],"_links":{"self":[{"href":"https:\/\/mbm.at\/pt-pt\/wp-json\/wp\/v2\/pages\/446","targetHints":{"allow":["GET"]}}],"collection":[{"href":"https:\/\/mbm.at\/pt-pt\/wp-json\/wp\/v2\/pages"}],"about":[{"href":"https:\/\/mbm.at\/pt-pt\/wp-json\/wp\/v2\/types\/page"}],"author":[{"embeddable":true,"href":"https:\/\/mbm.at\/pt-pt\/wp-json\/wp\/v2\/users\/2"}],"replies":[{"embeddable":true,"href":"https:\/\/mbm.at\/pt-pt\/wp-json\/wp\/v2\/comments?post=446"}],"version-history":[{"count":75,"href":"https:\/\/mbm.at\/pt-pt\/wp-json\/wp\/v2\/pages\/446\/revisions"}],"predecessor-version":[{"id":4403,"href":"https:\/\/mbm.at\/pt-pt\/wp-json\/wp\/v2\/pages\/446\/revisions\/4403"}],"wp:attachment":[{"href":"https:\/\/mbm.at\/pt-pt\/wp-json\/wp\/v2\/media?parent=446"}],"curies":[{"name":"wp","href":"https:\/\/api.w.org\/{rel}","templated":true}]}}