{"id":3389,"date":"2024-12-03T08:04:57","date_gmt":"2024-12-03T07:04:57","guid":{"rendered":"https:\/\/mbm.at\/descarregar-as-nossas-brochuras-mbm\/"},"modified":"2024-12-11T10:36:56","modified_gmt":"2024-12-11T09:36:56","slug":"descarregar-as-nossas-brochuras-mbm","status":"publish","type":"page","link":"https:\/\/mbm.at\/pt-pt\/descarregar-as-nossas-brochuras-mbm\/","title":{"rendered":"Descarregar as nossas brochuras mbm"},"content":{"rendered":"<div class=\"wpb-content-wrapper\"><p>[vc_row][vc_column][vc_column_text css=&#8221;&#8221;]Pode descarregar as nossas brochuras aqui para obter mais informa\u00e7\u00f5es sobre n\u00f3s e o nosso trabalho.<\/p>\n<p><a href=\"https:\/\/mbm.at\/wp-content\/uploads\/2024\/12\/20241209_Sargmaschinen_Doppelgehrungssage_DE_EN.pdf\" target=\"_blank\" rel=\"noopener\">M\u00e1quinas de caixot\u00f5es_dupla esquadria_PT<\/a><\/p>\n<p><a href=\"https:\/\/mbm.at\/wp-content\/uploads\/2024\/12\/20241209_Sargmaschinen_Doppelgehrungssage_DE_FR.pdf\" target=\"_blank\" rel=\"noopener\">M\u00e1quinas de caixot\u00f5es_dupla esquadria_PT_FR<\/a>[\/vc_column_text][\/vc_column][\/vc_row]<\/p>\n<\/div>","protected":false},"excerpt":{"rendered":"<p>[vc_row][vc_column][vc_column_text css=&#8221;&#8221;]Pode descarregar as nossas brochuras aqui para obter mais informa\u00e7\u00f5es sobre n\u00f3s e o nosso trabalho. M\u00e1quinas de caixot\u00f5es_dupla esquadria_PT M\u00e1quinas de caixot\u00f5es_dupla esquadria_PT_FR[\/vc_column_text][\/vc_column][\/vc_row]<\/p>\n","protected":false},"author":2,"featured_media":0,"parent":0,"menu_order":0,"comment_status":"closed","ping_status":"closed","template":"","meta":{"footnotes":""},"class_list":["post-3389","page","type-page","status-publish","hentry"],"_links":{"self":[{"href":"https:\/\/mbm.at\/pt-pt\/wp-json\/wp\/v2\/pages\/3389","targetHints":{"allow":["GET"]}}],"collection":[{"href":"https:\/\/mbm.at\/pt-pt\/wp-json\/wp\/v2\/pages"}],"about":[{"href":"https:\/\/mbm.at\/pt-pt\/wp-json\/wp\/v2\/types\/page"}],"author":[{"embeddable":true,"href":"https:\/\/mbm.at\/pt-pt\/wp-json\/wp\/v2\/users\/2"}],"replies":[{"embeddable":true,"href":"https:\/\/mbm.at\/pt-pt\/wp-json\/wp\/v2\/comments?post=3389"}],"version-history":[{"count":2,"href":"https:\/\/mbm.at\/pt-pt\/wp-json\/wp\/v2\/pages\/3389\/revisions"}],"predecessor-version":[{"id":3479,"href":"https:\/\/mbm.at\/pt-pt\/wp-json\/wp\/v2\/pages\/3389\/revisions\/3479"}],"wp:attachment":[{"href":"https:\/\/mbm.at\/pt-pt\/wp-json\/wp\/v2\/media?parent=3389"}],"curies":[{"name":"wp","href":"https:\/\/api.w.org\/{rel}","templated":true}]}}