{"id":2948,"date":"2024-11-19T15:13:11","date_gmt":"2024-11-19T14:13:11","guid":{"rendered":"https:\/\/wp.mbm.at\/solucoes-de-digitalizacao-para-a-producao-de-caixoes\/"},"modified":"2025-02-03T08:48:09","modified_gmt":"2025-02-03T07:48:09","slug":"solucoes-de-digitalizacao-para-a-producao-de-caixoes","status":"publish","type":"page","link":"https:\/\/mbm.at\/pt-pt\/solucoes-de-digitalizacao-para-a-producao-de-caixoes\/","title":{"rendered":"Solu\u00e7\u00f5es de digitaliza\u00e7\u00e3o para a produ\u00e7\u00e3o de caix\u00f5es"},"content":{"rendered":"<div class=\"wpb-content-wrapper\"><p>[vc_row][vc_column][vc_column_text css=&#8221;&#8221;]<strong>Configurador de caix\u00f5es<\/strong><\/p>\n<p>O configurador de caix\u00f5es oferece in\u00fameras vantagens, especialmente quando se trata de personaliza\u00e7\u00e3o e individualiza\u00e7\u00e3o de produtos.<\/p>\n<p>As vantagens da utiliza\u00e7\u00e3o de um configurador de caix\u00f5es na produ\u00e7\u00e3o de caix\u00f5es s\u00e3o:<\/p>\n<p><strong>Adapta\u00e7\u00e3o r\u00e1pida dos programas de edi\u00e7\u00e3o<\/strong><\/p>\n<p>As predefini\u00e7\u00f5es para os cortes podem ser criadas comodamente atrav\u00e9s de uma interface web diretamente na m\u00e1quina ou atrav\u00e9s de acesso remoto no escrit\u00f3rio. Os programas de corte podem ser guardados, modificados e reutilizados. <\/p>\n<p><strong> <\/strong><strong>Personaliza\u00e7\u00e3o eficiente do produto<\/strong><\/p>\n<p>O configurador de caix\u00f5es permite personalizar os produtos de acordo com as necessidades e prefer\u00eancias individuais dos seus clientes. Isto leva a uma maior satisfa\u00e7\u00e3o do cliente e pode refor\u00e7ar a sua fidelidade. <\/p>\n<p><strong> <\/strong><strong>Preven\u00e7\u00e3o de erros:<br \/><\/strong>O configurador de caix\u00f5es garante que apenas podem ser selecionadas op\u00e7\u00f5es compat\u00edveis, reduzindo a probabilidade de erros, produ\u00e7\u00e3o defeituosa e cortes de teste morosos.<\/p>\n<p><strong> <\/strong><\/p>\n<p><a href=\"mailto:office@mbm.at\">&gt;&gt; Mais informa\u00e7\u00f5es ou iniciar uma consulta<\/a><\/p>\n<p><a href=\"mailto:office@mbm.at\">&gt;&gt; Conhe\u00e7a o configurador de caix\u00f5es online<\/a>[\/vc_column_text][\/vc_column][\/vc_row][vc_row][vc_column width=&#8221;1\/4&#8243;][vc_single_image image=&#8221;3629&#8243; img_size=&#8221;250*250&#8243; alignment=&#8221;center&#8221; onclick=&#8221;custom_link&#8221; css=&#8221;&#8221; link=&#8221;https:\/\/mbm.at\/wp-content\/uploads\/2024\/12\/Sargkonfigurator-1.png&#8221;][\/vc_column][vc_column width=&#8221;1\/4&#8243;][vc_single_image image=&#8221;3622&#8243; img_size=&#8221;250*250&#8243; alignment=&#8221;center&#8221; onclick=&#8221;custom_link&#8221; css=&#8221;&#8221; link=&#8221;https:\/\/mbm.at\/wp-content\/uploads\/2024\/12\/Sargkonfigurator-2.png&#8221;][\/vc_column][vc_column width=&#8221;1\/4&#8243;][vc_single_image image=&#8221;3615&#8243; img_size=&#8221;250*250&#8243; alignment=&#8221;center&#8221; onclick=&#8221;custom_link&#8221; css=&#8221;&#8221; link=&#8221;https:\/\/mbm.at\/wp-content\/uploads\/2024\/12\/Sargkonfigurator_3.jpg&#8221;][\/vc_column][vc_column width=&#8221;1\/4&#8243;][vc_single_image image=&#8221;3608&#8243; img_size=&#8221;250*250&#8243; alignment=&#8221;center&#8221; onclick=&#8221;custom_link&#8221; css=&#8221;&#8221; link=&#8221;https:\/\/mbm.at\/wp-content\/uploads\/2024\/12\/Sargkonfigurator_2.jpg&#8221;][\/vc_column][\/vc_row][vc_row][vc_column][vc_column_text css=&#8221;&#8221;]<strong>Controlo da plataforma IoT industrial<\/strong><\/p>\n<p><strong> <\/strong>Com o<a href=\"https:\/\/www.digifai.com\/de\/control\/\" target=\"_blank\" rel=\"noopener\"> control <\/a>tem controlo absoluto sobre os dados do seu processo. As plataformas IoT, como o <a href=\"https:\/\/www.digifai.com\/de\/control\/\" target=\"_blank\" rel=\"noopener\">control<\/a> oferecem \u00e0s empresas in\u00fameras vantagens que podem aumentar a sua efici\u00eancia e competitividade. <\/p>\n<p>As vantagens da utiliza\u00e7\u00e3o do <a href=\"https:\/\/www.digifai.com\/de\/control\/\" target=\"_blank\" rel=\"noopener\">control<\/a> na produ\u00e7\u00e3o de caix\u00f5es incluem<\/p>\n<p><strong> <\/strong><strong>Monitoriza\u00e7\u00e3o eficaz de dados de m\u00e1quinas e operacionais<\/strong><\/p>\n<p>A administra\u00e7\u00e3o f\u00e1cil e clara atrav\u00e9s de pain\u00e9is e fun\u00e7\u00e3o de favoritos garante uma r\u00e1pida recolha de informa\u00e7\u00f5es para decis\u00f5es. A notifica\u00e7\u00e3o automatizada de valores limite, eventos ou alarmes garante uma resposta r\u00e1pida em caso de perturba\u00e7\u00f5es. <\/p>\n<p><strong> <\/strong><strong>Dados operacionais, an\u00e1lises e relat\u00f3rios<\/strong><\/p>\n<p>O controlo regista os dados da m\u00e1quina, como o funcionamento e o tempo de inatividade, e permite ao utilizador registar digitalmente informa\u00e7\u00f5es relacionadas com a produ\u00e7\u00e3o, como a qualidade ou os dados da encomenda, inserindo-as em terminais PDE.<\/p>\n<p><strong> <\/strong><strong>Melhor tomada de decis\u00e3o<\/strong><\/p>\n<p>Ao recolher e analisar dados em tempo real, as empresas podem tomar decis\u00f5es informadas e responder \u00e0s mudan\u00e7as mais rapidamente.<\/p>\n<p><strong> <\/strong><strong>Transpar\u00eancia e rastreabilidade<\/strong><\/p>\n<p><a href=\"https:\/\/www.digifai.com\/de\/control\/\" target=\"_blank\" rel=\"noopener\">control<\/a> proporciona uma melhor visibilidade e rastreabilidade dos processos de produ\u00e7\u00e3o, melhorando a garantia de qualidade e a conformidade.<\/p>\n<p><strong> <\/strong><strong>Maior seguran\u00e7a<\/strong><\/p>\n<p>As plataformas IoT podem ser utilizadas para monitorizar e proteger ativos e processos, reduzindo o risco de acidentes, incidentes de seguran\u00e7a e paragens de produ\u00e7\u00e3o.<\/p>\n<p>&nbsp;<\/p>\n<p><a href=\"mailto:office@mbm.at\">&gt;&gt; Mais informa\u00e7\u00f5es ou iniciar uma consulta<\/a><\/p>\n<p><a href=\"https:\/\/www.digifai.com\/de\/\">&gt;&gt;  Acesso \u00e0 demonstra\u00e7\u00e3o online<\/a>[\/vc_column_text][\/vc_column][\/vc_row][vc_row][vc_column width=&#8221;1\/4&#8243;][vc_single_image image=&#8221;3725&#8243; img_size=&#8221;250*250&#8243; alignment=&#8221;center&#8221; onclick=&#8221;custom_link&#8221; css=&#8221;&#8221; link=&#8221;https:\/\/mbm.at\/wp-content\/uploads\/2024\/12\/control_tablet_9.png&#8221;][\/vc_column][vc_column width=&#8221;1\/4&#8243;][vc_single_image image=&#8221;3711&#8243; img_size=&#8221;250*250&#8243; alignment=&#8221;center&#8221; onclick=&#8221;custom_link&#8221; css=&#8221;&#8221; link=&#8221;https:\/\/mbm.at\/wp-content\/uploads\/2024\/12\/Sarg_control_5.jpg&#8221;][\/vc_column][vc_column width=&#8221;1\/4&#8243;][vc_single_image image=&#8221;3704&#8243; img_size=&#8221;250*250&#8243; alignment=&#8221;center&#8221; onclick=&#8221;custom_link&#8221; css=&#8221;&#8221; link=&#8221;https:\/\/mbm.at\/wp-content\/uploads\/2024\/12\/Sarg_control_3.jpg&#8221;][\/vc_column][vc_column width=&#8221;1\/4&#8243;][vc_single_image image=&#8221;3697&#8243; img_size=&#8221;250*250&#8243; alignment=&#8221;center&#8221; onclick=&#8221;custom_link&#8221; css=&#8221;&#8221; link=&#8221;https:\/\/mbm.at\/wp-content\/uploads\/2025\/01\/Sarg_control_4.jpg&#8221;][\/vc_column][\/vc_row][vc_row][vc_column][vc_column_text css=&#8221;&#8221;]<strong>G\u00eameo digital twin<\/strong><\/p>\n<p><strong> <\/strong>O software <a href=\"https:\/\/www.digifai.com\/de\/twin\" target=\"_blank\" rel=\"noopener\">twin<\/a> cria um g\u00e9meo digital. Isto permite testar o controlo do seu sistema antes que a m\u00e1quina pare. E quando a sua m\u00e1quina est\u00e1 a funcionar, o g\u00e9meo continua a funcionar como uma interface de utilizador 3D.  <\/p>\n<p>As vantagens da utiliza\u00e7\u00e3o do processamento industrial de imagens no fabrico de caix\u00f5es s\u00e3o:<\/p>\n<p><strong> <\/strong><strong>Desenvolvendo e testando software de controlo no g\u00e9meo digital<\/strong><\/p>\n<p>Com o software de simula\u00e7\u00e3o <a href=\"https:\/\/www.digifai.com\/de\/twin\" target=\"_blank\" rel=\"noopener\">twin<\/a>, pode testar todos os componentes dos seus controlos sem a necessidade da m\u00e1quina real. Componentes mec\u00e2nicos, atuadores e sensores \u2013 todos digitais e em 3D. <\/p>\n<p><strong> <\/strong><strong>Otimize processos e minimize riscos gra\u00e7as \u00e0 simula\u00e7\u00e3o f\u00edsica realista<\/strong><\/p>\n<p>Com o<a href=\"https:\/\/www.digifai.com\/de\/twin\" target=\"_blank\" rel=\"noopener\"> twin<\/a>, o comportamento das m\u00e1quinas e dos sistemas \u00e9 totalmente simulado em 3D, incluindo o fluxo de materiais, os tempos de ciclo e as colis\u00f5es, gra\u00e7as \u00e0 mais recente simula\u00e7\u00e3o f\u00edsica. As otimiza\u00e7\u00f5es podem ser testadas sem riscos no g\u00e9meo digital, sem tempo de inatividade na m\u00e1quina real ou durante a coloca\u00e7\u00e3o em funcionamento de novas m\u00e1quinas. <\/p>\n<p><strong>Da ideia ao comissionamento virtual e muito mais<\/strong><\/p>\n<p>De acordo com a oferta E depois a m\u00e1quina virtual continua viva como uma HMI 3D inteligente na m\u00e1quina real. Uma imagem completa da m\u00e1quina real na interface do operador reduz o funcionamento incorreto e facilita muito a an\u00e1lise de erros em caso de avaria. <\/p>\n<p>&nbsp;<\/p>\n<p><a href=\"mailto:office@mbm.at\">&gt;&gt; Mais informa\u00e7\u00f5es ou iniciar uma consulta<\/a>[\/vc_column_text][\/vc_column][\/vc_row][vc_row][vc_column width=&#8221;1\/3&#8243;][vc_single_image image=&#8221;3747&#8243; img_size=&#8221;250*250&#8243; alignment=&#8221;center&#8221; onclick=&#8221;custom_link&#8221; css=&#8221;&#8221; link=&#8221;https:\/\/mbm.at\/wp-content\/uploads\/2024\/12\/twin_1.png&#8221;][\/vc_column][vc_column width=&#8221;1\/3&#8243;][vc_single_image image=&#8221;3754&#8243; img_size=&#8221;250*250&#8243; alignment=&#8221;center&#8221; onclick=&#8221;custom_link&#8221; css=&#8221;&#8221; link=&#8221;https:\/\/mbm.at\/wp-content\/uploads\/2024\/12\/1024_1024_3d_hmi_interface-1-900&#215;675-1.jpg&#8221;][\/vc_column][vc_column width=&#8221;1\/3&#8243;][vc_single_image image=&#8221;3761&#8243; img_size=&#8221;250*250&#8243; alignment=&#8221;center&#8221; onclick=&#8221;custom_link&#8221; css=&#8221;&#8221; link=&#8221;https:\/\/mbm.at\/wp-content\/uploads\/2024\/12\/Techniker-mit-V3S-768&#215;576-2.jpg&#8221;][\/vc_column][\/vc_row]<\/p>\n<\/div>","protected":false},"excerpt":{"rendered":"<p>[vc_row][vc_column][vc_column_text css=&#8221;&#8221;]Configurador de caix\u00f5es O configurador de caix\u00f5es oferece in\u00fameras vantagens, especialmente quando se trata de personaliza\u00e7\u00e3o e individualiza\u00e7\u00e3o de produtos. As vantagens da utiliza\u00e7\u00e3o de um configurador de caix\u00f5es na produ\u00e7\u00e3o de caix\u00f5es s\u00e3o: Adapta\u00e7\u00e3o r\u00e1pida dos programas de edi\u00e7\u00e3o As predefini\u00e7\u00f5es para os cortes podem ser criadas comodamente atrav\u00e9s de uma interface web [&hellip;]<\/p>\n","protected":false},"author":2,"featured_media":0,"parent":0,"menu_order":0,"comment_status":"closed","ping_status":"closed","template":"","meta":{"footnotes":""},"class_list":["post-2948","page","type-page","status-publish","hentry"],"_links":{"self":[{"href":"https:\/\/mbm.at\/pt-pt\/wp-json\/wp\/v2\/pages\/2948","targetHints":{"allow":["GET"]}}],"collection":[{"href":"https:\/\/mbm.at\/pt-pt\/wp-json\/wp\/v2\/pages"}],"about":[{"href":"https:\/\/mbm.at\/pt-pt\/wp-json\/wp\/v2\/types\/page"}],"author":[{"embeddable":true,"href":"https:\/\/mbm.at\/pt-pt\/wp-json\/wp\/v2\/users\/2"}],"replies":[{"embeddable":true,"href":"https:\/\/mbm.at\/pt-pt\/wp-json\/wp\/v2\/comments?post=2948"}],"version-history":[{"count":31,"href":"https:\/\/mbm.at\/pt-pt\/wp-json\/wp\/v2\/pages\/2948\/revisions"}],"predecessor-version":[{"id":4966,"href":"https:\/\/mbm.at\/pt-pt\/wp-json\/wp\/v2\/pages\/2948\/revisions\/4966"}],"wp:attachment":[{"href":"https:\/\/mbm.at\/pt-pt\/wp-json\/wp\/v2\/media?parent=2948"}],"curies":[{"name":"wp","href":"https:\/\/api.w.org\/{rel}","templated":true}]}}