{"id":2934,"date":"2024-11-19T15:12:35","date_gmt":"2024-11-19T14:12:35","guid":{"rendered":"https:\/\/wp.mbm.at\/automacao-para-producao-de-caixoes\/"},"modified":"2024-12-18T10:40:46","modified_gmt":"2024-12-18T09:40:46","slug":"automacao-para-producao-de-caixoes","status":"publish","type":"page","link":"https:\/\/mbm.at\/pt-pt\/automacao-para-producao-de-caixoes\/","title":{"rendered":"Automa\u00e7\u00e3o para produ\u00e7\u00e3o de caix\u00f5es"},"content":{"rendered":"<div class=\"wpb-content-wrapper\"><p>[vc_row][vc_column][vc_column_text css=&#8221;&#8221;]<strong>Automa\u00e7\u00e3o de rob\u00f4s<\/strong><\/p>\n<p>Os rob\u00f4s est\u00e3o a ser cada vez mais utilizados em v\u00e1rias \u00e1reas de fabrico, incluindo a produ\u00e7\u00e3o de caix\u00f5es. Estes rob\u00f4s podem ser utilizados para carregar m\u00e1quinas ou efetuar tarefas como a tritura\u00e7\u00e3o ou a fresagem de caix\u00f5es, o que aumenta a efici\u00eancia e a precis\u00e3o. <\/p>\n<p>As vantagens da utiliza\u00e7\u00e3o de rob\u00f4s no fabrico de caix\u00f5es s\u00e3o:<\/p>\n<p><strong>Precis\u00e3o:<\/strong><\/p>\n<p>Os rob\u00f4s podem trabalhar com elevada precis\u00e3o, o que melhora a qualidade dos produtos finais.<\/p>\n<p><strong> <\/strong><strong>Efici\u00eancia:<\/strong><\/p>\n<p>Os processos automatizados podem ser realizados mais rapidamente e com menos erros.<\/p>\n<p><strong> <\/strong><strong>Seguran\u00e7a:<\/strong><\/p>\n<p>Os rob\u00f4s podem realizar tarefas perigosas ou fisicamente exigentes, aumentando a seguran\u00e7a dos trabalhadores.<\/p>\n<ul>\n<li><strong>Rob\u00f4s para carregamento de m\u00e1quinas<\/strong><\/li>\n<li><strong>Rob\u00f4s para paletiza\u00e7\u00e3o e empilhamento<\/strong><\/li>\n<li><strong>Loops de rob\u00f4<\/strong><\/li>\n<li><strong>Rob\u00f4s entram na caixa e separam produtos a granel <\/strong><\/li>\n<li><strong>Rob\u00f4s e humanos trabalham em equipa<\/strong><\/li>\n<li><strong>Rob\u00f4s de transporte aut\u00f3nomos e sem condutor<\/strong><\/li>\n<li><strong>Rob\u00f4 CNC<\/strong><\/li>\n<li><strong>Rob\u00f4 Pick &amp; Place<\/strong><\/li>\n<\/ul>\n<p><strong> <\/strong><\/p>\n<p><a href=\"mailto:office@mbm.at\">&gt;&gt; Mais informa\u00e7\u00f5es ou iniciar uma consulta<\/a>[\/vc_column_text][\/vc_column][\/vc_row][vc_row][vc_column width=&#8221;1\/4&#8243;][vc_single_image image=&#8221;3689&#8243; img_size=&#8221;250*250&#8243; alignment=&#8221;center&#8221; onclick=&#8221;custom_link&#8221; css=&#8221;&#8221; link=&#8221;https:\/\/mbm.at\/wp-content\/uploads\/2024\/12\/20170614_160312_001-scaled.jpg&#8221;][\/vc_column][vc_column width=&#8221;1\/4&#8243;][vc_single_image image=&#8221;3668&#8243; img_size=&#8221;250*250&#8243; alignment=&#8221;center&#8221; onclick=&#8221;custom_link&#8221; css=&#8221;&#8221; link=&#8221;https:\/\/mbm.at\/wp-content\/uploads\/2024\/12\/Griff_in_die_Kiste_20240229.png&#8221;][\/vc_column][vc_column width=&#8221;1\/4&#8243;][vc_single_image image=&#8221;3682&#8243; img_size=&#8221;250*250&#8243; alignment=&#8221;center&#8221; onclick=&#8221;custom_link&#8221; css=&#8221;&#8221; link=&#8221;https:\/\/mbm.at\/wp-content\/uploads\/2024\/12\/20240626_kollaborative_Leichtbauroboter.png&#8221;][\/vc_column][vc_column width=&#8221;1\/4&#8243;][vc_single_image image=&#8221;3675&#8243; img_size=&#8221;250*250&#8243; alignment=&#8221;center&#8221; onclick=&#8221;custom_link&#8221; css=&#8221;&#8221; link=&#8221;https:\/\/mbm.at\/wp-content\/uploads\/2024\/12\/20190716_114538.jpg&#8221;][\/vc_column][\/vc_row][vc_row][vc_column][vc_column_text css=&#8221;&#8221;]<strong>Processamento de imagens industriais<\/strong><\/p>\n<p><strong> <\/strong>O processamento industrial de imagens \u00e9 uma tecnologia chave na produ\u00e7\u00e3o moderna. Utiliza c\u00e2maras e algoritmos avan\u00e7ados para captar e analisar dados visuais e tamb\u00e9m desempenha um papel importante na produ\u00e7\u00e3o de caix\u00f5es. <\/p>\n<p>As vantagens da utiliza\u00e7\u00e3o do processamento industrial de imagens no fabrico de caix\u00f5es s\u00e3o:<\/p>\n<p><strong> <\/strong><strong>Melhor qualidade do produto:<\/strong><\/p>\n<p>Os sistemas de processamento de imagem podem verificar as superf\u00edcies dos caix\u00f5es em busca de defeitos como riscos, fissuras ou varia\u00e7\u00f5es de cor. Isto garante que apenas produtos perfeitos s\u00e3o entregues aos clientes. A inspe\u00e7\u00e3o autom\u00e1tica e dete\u00e7\u00e3o de defeitos permite que os produtos sejam inspecionados com elevada precis\u00e3o, aumentando a qualidade e reduzindo o desperd\u00edcio.  <\/p>\n<p><strong>Precis\u00e3o dimensional:<\/strong><\/p>\n<p>Atrav\u00e9s da utiliza\u00e7\u00e3o de c\u00e2maras e sensores, as dimens\u00f5es dos caix\u00f5es podem ser medidas e verificadas com precis\u00e3o para garantir que cumprem as especifica\u00e7\u00f5es.<\/p>\n<p><strong>Automa\u00e7\u00e3o:<\/strong><\/p>\n<p>A vis\u00e3o mec\u00e2nica permite a automatiza\u00e7\u00e3o de muitos processos de inspe\u00e7\u00e3o manual, aumentando a efici\u00eancia e reduzindo os erros humanos<\/p>\n<p>Estas tecnologias ajudam a melhorar a qualidade da produ\u00e7\u00e3o e a aumentar a efici\u00eancia na produ\u00e7\u00e3o de caix\u00f5es.<\/p>\n<ul>\n<li><strong>Inspe\u00e7\u00e3o de superf\u00edcie<\/strong><\/li>\n<li><strong>Detec\u00e7\u00e3o de buracos<\/strong><\/li>\n<li><strong>Medi\u00e7\u00e3o de objetos<\/strong><\/li>\n<\/ul>\n<p><a href=\"mailto:office@mbm.at\"> &gt;&gt; Mais informa\u00e7\u00f5es ou iniciar uma consulta<\/a>[\/vc_column_text][\/vc_column][\/vc_row][vc_row][vc_column width=&#8221;1\/4&#8243;][vc_single_image image=&#8221;3658&#8243; img_size=&#8221;250*250&#8243; alignment=&#8221;center&#8221; onclick=&#8221;custom_link&#8221; css=&#8221;&#8221; link=&#8221;https:\/\/mbm.at\/wp-content\/uploads\/2024\/12\/BP_Griff_in_die_Kiste.png&#8221;][\/vc_column][vc_column width=&#8221;1\/4&#8243;][vc_single_image image=&#8221;3651&#8243; img_size=&#8221;250*250&#8243; alignment=&#8221;center&#8221; onclick=&#8221;custom_link&#8221; css=&#8221;&#8221; link=&#8221;https:\/\/mbm.at\/wp-content\/uploads\/2024\/12\/20190417_112348_mit_Strahlen-scaled.jpg&#8221;][\/vc_column][vc_column width=&#8221;1\/4&#8243;][vc_single_image image=&#8221;3644&#8243; img_size=&#8221;250*250&#8243; alignment=&#8221;center&#8221; onclick=&#8221;custom_link&#8221; css=&#8221;&#8221; link=&#8221;https:\/\/mbm.at\/wp-content\/uploads\/2024\/12\/IMG_0170-scaled.jpg&#8221;][\/vc_column][vc_column width=&#8221;1\/4&#8243;][vc_single_image image=&#8221;3637&#8243; img_size=&#8221;250*250&#8243; alignment=&#8221;center&#8221; onclick=&#8221;custom_link&#8221; css=&#8221;&#8221; link=&#8221;https:\/\/mbm.at\/wp-content\/uploads\/2024\/12\/2.png&#8221;][\/vc_column][\/vc_row]<\/p>\n<\/div>","protected":false},"excerpt":{"rendered":"<p>[vc_row][vc_column][vc_column_text css=&#8221;&#8221;]Automa\u00e7\u00e3o de rob\u00f4s Os rob\u00f4s est\u00e3o a ser cada vez mais utilizados em v\u00e1rias \u00e1reas de fabrico, incluindo a produ\u00e7\u00e3o de caix\u00f5es. Estes rob\u00f4s podem ser utilizados para carregar m\u00e1quinas ou efetuar tarefas como a tritura\u00e7\u00e3o ou a fresagem de caix\u00f5es, o que aumenta a efici\u00eancia e a precis\u00e3o. As vantagens da utiliza\u00e7\u00e3o de [&hellip;]<\/p>\n","protected":false},"author":2,"featured_media":0,"parent":0,"menu_order":0,"comment_status":"closed","ping_status":"closed","template":"","meta":{"footnotes":""},"class_list":["post-2934","page","type-page","status-publish","hentry"],"_links":{"self":[{"href":"https:\/\/mbm.at\/pt-pt\/wp-json\/wp\/v2\/pages\/2934","targetHints":{"allow":["GET"]}}],"collection":[{"href":"https:\/\/mbm.at\/pt-pt\/wp-json\/wp\/v2\/pages"}],"about":[{"href":"https:\/\/mbm.at\/pt-pt\/wp-json\/wp\/v2\/types\/page"}],"author":[{"embeddable":true,"href":"https:\/\/mbm.at\/pt-pt\/wp-json\/wp\/v2\/users\/2"}],"replies":[{"embeddable":true,"href":"https:\/\/mbm.at\/pt-pt\/wp-json\/wp\/v2\/comments?post=2934"}],"version-history":[{"count":16,"href":"https:\/\/mbm.at\/pt-pt\/wp-json\/wp\/v2\/pages\/2934\/revisions"}],"predecessor-version":[{"id":4023,"href":"https:\/\/mbm.at\/pt-pt\/wp-json\/wp\/v2\/pages\/2934\/revisions\/4023"}],"wp:attachment":[{"href":"https:\/\/mbm.at\/pt-pt\/wp-json\/wp\/v2\/media?parent=2934"}],"curies":[{"name":"wp","href":"https:\/\/api.w.org\/{rel}","templated":true}]}}