{"id":2692,"date":"2024-11-19T15:01:31","date_gmt":"2024-11-19T14:01:31","guid":{"rendered":"https:\/\/wp.mbm.at\/serra-de-esquadria-dupla-universal-das-u\/"},"modified":"2024-12-18T10:39:11","modified_gmt":"2024-12-18T09:39:11","slug":"serra-de-esquadria-dupla-universal-das-u","status":"publish","type":"page","link":"https:\/\/mbm.at\/pt-pt\/serra-de-esquadria-dupla-universal-das-u\/","title":{"rendered":"\u00bb Serra de esquadria dupla &#8211; Universal DAS-U"},"content":{"rendered":"<div class=\"wpb-content-wrapper\"><p>[vc_row][vc_column width=&#8221;1\/3&#8243;][vc_single_image image=&#8221;1227&#8243; img_size=&#8221;500*500&#8243; alignment=&#8221;center&#8221; onclick=&#8221;custom_link&#8221; css=&#8221;&#8221; link=&#8221;https:\/\/mbm.at\/wp-content\/uploads\/2024\/11\/Doppelgehrungssaege-B1.jpg&#8221;][\/vc_column][vc_column width=&#8221;1\/3&#8243;][vc_single_image image=&#8221;1228&#8243; img_size=&#8221;500*500&#8243; alignment=&#8221;center&#8221; onclick=&#8221;custom_link&#8221; css=&#8221;&#8221; link=&#8221;https:\/\/mbm.at\/wp-content\/uploads\/2024\/11\/Doppelgehrungssaege-B2.jpg&#8221;][\/vc_column][vc_column width=&#8221;1\/3&#8243;][vc_single_image image=&#8221;1229&#8243; img_size=&#8221;500*500&#8243; alignment=&#8221;center&#8221; onclick=&#8221;custom_link&#8221; css=&#8221;&#8221; link=&#8221;https:\/\/mbm.at\/wp-content\/uploads\/2024\/11\/Doppelgehrungssaege-B3.jpg&#8221;][\/vc_column][\/vc_row][vc_row][vc_column][vc_tta_accordion][vc_tta_section title=&#8221;Suas vantagens&#8221; tab_id=&#8221;1732024209088-261f6b40-0b24&#8243;][vc_column_text css=&#8221;&#8221;]- Cortes dimensionalmente e angularmente exactos<br \/>&#8211; Qualidade de corte perfeita<br \/>&#8211; Tempo m\u00ednimo de prepara\u00e7\u00e3o<br \/>&#8211; Superf\u00edcie livre de riscos e marcas<br \/>&#8211; M\u00e9todo de trabalho eficiente<br \/>&#8211; Precis\u00e3o para toda a vida<br \/>&#8211; Laser de linha<br \/>&#8211; Ecr\u00e3 de medi\u00e7\u00e3o de 5 eixos[\/vc_column_text][\/vc_tta_section][vc_tta_section title=&#8221;Op\u00e7\u00f5es&#8221; tab_id=&#8221;1732024209088-b6ac61a8-90ab&#8221;][vc_column_text css=&#8221;&#8221;]- Unidades de ranhurar<br \/>&#8211; Unidades de perfura\u00e7\u00e3o<br \/>&#8211; Mesa de desengate<br \/>&#8211; Controlo de 6 eixos[\/vc_column_text][\/vc_tta_section][vc_tta_section title=&#8221;Dados t\u00e9cnicos&#8221; tab_id=&#8221;1732024223378-e979721d-6ca5&#8243;][vc_column_text css=&#8221;&#8221;]- Exemplo de valores m\u00e1ximos. Os dados podem variar dependendo da configura\u00e7\u00e3o e das caracter\u00edsticas espec\u00edficas do produto. <\/p>\n<p><b>Dimens\u00f5es da pe\u00e7a<\/b><br \/>Comprimento da pe\u00e7a 250 mm \u2013 2.200 mm<br \/>Largura da pe\u00e7a 50 mm \u2013 660 mm<br \/>Altura da pe\u00e7a m\u00e1x. 85 mm <\/p>\n<p><b>\u00c2ngulo meia-esquadria<\/b><br \/>Esquadria grande 93\u00b0 &#8211; 45\u00b0<br \/>Esquadria pequena 90\u00b0 &#8211; 43\u00b0<\/p>\n<p><b>Exactid\u00e3o dimensional<\/b><br \/>Esquadria grande +\/- 0,02\u00b0<br \/>Esquadria pequena +\/- 0,05\u00b0<br \/>Comprimento da pe\u00e7a +\/- 0,2 mm<\/p>\n<p><b>Folha de serrar <\/b><br \/>Di\u00e2metro do furo 350 mm\/400 mm<br \/>Di\u00e2metro do furo interno 30 mm<\/p>\n<p><b>Agregado de ranhurar<\/b><br \/>Di\u00e2metro do furo 180 mm<br \/>Di\u00e2metro do furo interno 30 mm[\/vc_column_text][\/vc_tta_section][vc_tta_section title=&#8221;Comando (livremente program\u00e1vel)&#8221; tab_id=&#8221;1732024229250-73ac04b9-ca87&#8243;][vc_column_text css=&#8221;&#8221;]- Einfache Programmerstellung<br \/>&#8211; <span data-teams=\"true\">Grande capacidade de armazenamento para programas de edi\u00e7\u00e3o personalizados<\/span><br \/>&#8211; Automatische Winkel- und L\u00e4ngenverstellung<br \/>&#8211; Fehlerdiagnose bei St\u00f6rungen<\/p>\n<p><b>Optionen<\/b><br \/>&#8211; Schnittstelle zum \u00dcbertragen der Fertigungsdaten<br \/>&#8211; Ferndiagnose[\/vc_column_text][\/vc_tta_section][vc_tta_section title=&#8221;Dados de m\u00e1quina&#8221; tab_id=&#8221;1732024226089-2704f2ab-cb84&#8243;][vc_column_text css=&#8221;&#8221;]<b>Velocidade de avan\u00e7o<\/b><br \/>avan\u00e7ar\/recuar a 30 m\/min.<br \/>Rendimento do motor de serra cada 5,5 kW<br \/>N\u00famero de rota\u00e7\u00f5es 4.200 rpm.<br \/>Rendimento do motor de agregado de ranhurar cada 1 kW<br \/>N\u00famero de rota\u00e7\u00f5es 6.000 rpm.[\/vc_column_text][\/vc_tta_section][\/vc_tta_accordion][\/vc_column][\/vc_row]<\/p>\n<\/div>","protected":false},"excerpt":{"rendered":"<p>[vc_row][vc_column width=&#8221;1\/3&#8243;][vc_single_image image=&#8221;1227&#8243; img_size=&#8221;500*500&#8243; alignment=&#8221;center&#8221; onclick=&#8221;custom_link&#8221; css=&#8221;&#8221; link=&#8221;https:\/\/mbm.at\/wp-content\/uploads\/2024\/11\/Doppelgehrungssaege-B1.jpg&#8221;][\/vc_column][vc_column width=&#8221;1\/3&#8243;][vc_single_image image=&#8221;1228&#8243; img_size=&#8221;500*500&#8243; alignment=&#8221;center&#8221; onclick=&#8221;custom_link&#8221; css=&#8221;&#8221; link=&#8221;https:\/\/mbm.at\/wp-content\/uploads\/2024\/11\/Doppelgehrungssaege-B2.jpg&#8221;][\/vc_column][vc_column width=&#8221;1\/3&#8243;][vc_single_image image=&#8221;1229&#8243; img_size=&#8221;500*500&#8243; alignment=&#8221;center&#8221; onclick=&#8221;custom_link&#8221; css=&#8221;&#8221; link=&#8221;https:\/\/mbm.at\/wp-content\/uploads\/2024\/11\/Doppelgehrungssaege-B3.jpg&#8221;][\/vc_column][\/vc_row][vc_row][vc_column][vc_tta_accordion][vc_tta_section title=&#8221;Suas vantagens&#8221; tab_id=&#8221;1732024209088-261f6b40-0b24&#8243;][vc_column_text css=&#8221;&#8221;]- Cortes dimensionalmente e angularmente exactos&#8211; Qualidade de corte perfeita&#8211; Tempo m\u00ednimo de prepara\u00e7\u00e3o&#8211; Superf\u00edcie livre de riscos e marcas&#8211; M\u00e9todo de trabalho eficiente&#8211; Precis\u00e3o para toda a vida&#8211; Laser [&hellip;]<\/p>\n","protected":false},"author":2,"featured_media":0,"parent":0,"menu_order":0,"comment_status":"closed","ping_status":"closed","template":"","meta":{"footnotes":""},"class_list":["post-2692","page","type-page","status-publish","hentry"],"_links":{"self":[{"href":"https:\/\/mbm.at\/pt-pt\/wp-json\/wp\/v2\/pages\/2692","targetHints":{"allow":["GET"]}}],"collection":[{"href":"https:\/\/mbm.at\/pt-pt\/wp-json\/wp\/v2\/pages"}],"about":[{"href":"https:\/\/mbm.at\/pt-pt\/wp-json\/wp\/v2\/types\/page"}],"author":[{"embeddable":true,"href":"https:\/\/mbm.at\/pt-pt\/wp-json\/wp\/v2\/users\/2"}],"replies":[{"embeddable":true,"href":"https:\/\/mbm.at\/pt-pt\/wp-json\/wp\/v2\/comments?post=2692"}],"version-history":[{"count":13,"href":"https:\/\/mbm.at\/pt-pt\/wp-json\/wp\/v2\/pages\/2692\/revisions"}],"predecessor-version":[{"id":3991,"href":"https:\/\/mbm.at\/pt-pt\/wp-json\/wp\/v2\/pages\/2692\/revisions\/3991"}],"wp:attachment":[{"href":"https:\/\/mbm.at\/pt-pt\/wp-json\/wp\/v2\/media?parent=2692"}],"curies":[{"name":"wp","href":"https:\/\/api.w.org\/{rel}","templated":true}]}}