{"id":2366,"date":"2024-11-19T15:01:14","date_gmt":"2024-11-19T14:01:14","guid":{"rendered":"https:\/\/wp.mbm.at\/linhas-de-producao\/"},"modified":"2025-02-24T07:51:36","modified_gmt":"2025-02-24T06:51:36","slug":"linhas-de-producao","status":"publish","type":"page","link":"https:\/\/mbm.at\/pt-pt\/linhas-de-producao\/","title":{"rendered":"Linhas de produ\u00e7\u00e3o"},"content":{"rendered":"<div class=\"wpb-content-wrapper\"><p>[vc_row][vc_column][vc_column_text css=&#8221;&#8221;]<\/p>\n<h4>\u00bb Serra de esquadria dupla &#8211; Linha de produ\u00e7\u00e3o DAS-FL<\/h4>\n<p>&nbsp;<\/p>\n<p>A linha de produ\u00e7\u00e3o DAS-FL \u00e9 uma solu\u00e7\u00e3o automatizada especialmente concebida para a produ\u00e7\u00e3o industrial de pe\u00e7as de caix\u00e3o. Garante a produ\u00e7\u00e3o de pe\u00e7as de caix\u00e3o sem folgas, com \u00e2ngulos de esquadria precisos e sem necessidade de retrabalho.[\/vc_column_text][\/vc_column][\/vc_row][vc_row][vc_column][vc_images_carousel images=&#8221;5703,5695,5687,5679,5671&#8243; img_size=&#8221;full&#8221; css=&#8221;&#8221;][\/vc_column][\/vc_row][vc_row][vc_column][vc_tta_accordion][vc_tta_section title=&#8221;Suas vantagens&#8221; tab_id=&#8221;1740042920269-5dabd637-c474&#8243;][vc_single_image image=&#8221;5761&#8243; img_size=&#8221;200*200&#8243; alignment=&#8221;center&#8221; onclick=&#8221;custom_link&#8221; css=&#8221;&#8221; link=&#8221;https:\/\/mbm.at\/wp-content\/uploads\/2024\/11\/Doppelgehrungssaege-B2.jpg&#8221;][vc_column_text css=&#8221;&#8221;]<\/p>\n<ul>\n<li><strong>Opera\u00e7\u00e3o eficiente e autom\u00e1tica:<\/strong> A automa\u00e7\u00e3o completa leva a processos de trabalho mais eficientes na produ\u00e7\u00e3o de caix\u00f5es<\/li>\n<li>Cortes dimensionais <strong>e angulares exactos:<\/strong> Cortes precisos em termos de dimens\u00f5es e \u00e2ngulos<\/li>\n<li><strong>Qualidade de corte perfeita:<\/strong> cortes de alta qualidade sem defeitos<\/li>\n<li><strong>Superf\u00edcie sem riscos e sem vest\u00edgios:<\/strong> as superf\u00edcies n\u00e3o s\u00e3o danificadas<\/li>\n<li><strong>Precis\u00e3o para toda a vida:<\/strong> Precis\u00e3o e fiabilidade a longo prazo<\/li>\n<li><strong>Tempos de paragem da m\u00e1quina mais curtos:<\/strong> Menos tempo perdido devido a trabalhos auxiliares, como a retifica\u00e7\u00e3o<\/li>\n<li><strong>Flexibilidade:<\/strong> os produtos podem ser alterados imediatamente, o que aumenta a capacidade de adapta\u00e7\u00e3o<\/li>\n<\/ul>\n<p>[\/vc_column_text][\/vc_tta_section][vc_tta_section title=&#8221;Aplica\u00e7\u00f5es de produ\u00e7\u00e3o de caix\u00f5es&#8221; tab_id=&#8221;1740042948070-da177d6f-ddf9&#8243;][vc_single_image image=&#8221;5733&#8243; img_size=&#8221;200*200&#8243; alignment=&#8221;center&#8221; onclick=&#8221;custom_link&#8221; css=&#8221;&#8221; link=&#8221;https:\/\/mbm.at\/wp-content\/uploads\/2025\/02\/20250121_103920-scaled.jpg&#8221;][vc_column_text css=&#8221;&#8221;]<\/p>\n<ul>\n<li>O DAS-FL \u00e9 adequado, por exemplo, para formas de caix\u00e3o trapezoidais e normais:\n<ul>\n<li>Molde de teto de casa, molde de corpo de caix\u00e3o, moldes de caix\u00e3o alem\u00e3es, su\u00ed\u00e7os, italianos, franceses e escandinavos, bem como o caix\u00e3o americano e para arcas de ossos<\/li>\n<\/ul>\n<\/li>\n<li>Duas unidades de serragem produzem cortes em esquadria precisos para pe\u00e7as de caix\u00f5es, tais como sec\u00e7\u00f5es laterais, sec\u00e7\u00e3o da cabe\u00e7a, sec\u00e7\u00e3o dos p\u00e9s, tampa e base numa \u00fanica passagem<\/li>\n<li>A DAS-FL proporciona uma elevada qualidade de corte, fixando firmemente as pe\u00e7as, pressionando-as sobre a superf\u00edcie de apoio durante o corte<\/li>\n<li>Cortes de esquadria precisos com junta reta e com ranhura fresada<\/li>\n<li>Uma unidade de ranhurar integrada cria uma ranhura para pregos de jun\u00e7\u00e3o que corresponde \u00e0 espessura da t\u00e1bua<\/li>\n<li>Adequado para todos os tipos de madeira, seja em bruto, revestida ou folheada. Por exemplo: Abeto, abeto, pinho, carvalho, lar\u00edcio, MDF, multicamadas ou aglomerado <\/li>\n<\/ul>\n<p>[\/vc_column_text][\/vc_tta_section][vc_tta_section title=&#8221;Realiza\u00e7\u00e3o&#8221; tab_id=&#8221;1740042952725-2448c65b-19c4&#8243;][vc_single_image image=&#8221;5769&#8243; img_size=&#8221;200*200&#8243; alignment=&#8221;center&#8221; onclick=&#8221;custom_link&#8221; css=&#8221;&#8221; link=&#8221;https:\/\/mbm.at\/wp-content\/uploads\/2025\/02\/20241211_143329-scaled.jpg&#8221;][vc_column_text css=&#8221;&#8221;]<\/p>\n<ul>\n<li>M\u00e1quina b\u00e1sica DAS-FL\n<ul>\n<li>como uma linha de produ\u00e7\u00e3o com duas serras de corte duplo<\/li>\n<\/ul>\n<\/li>\n<li>DAS-FLT para serrar com as tiras em T j\u00e1 aplicadas\n<ul>\n<li>Tecnologia de preens\u00e3o personalizada com um encaixe correspondente para a barra em T<\/li>\n<li>Tecnologia de fixa\u00e7\u00e3o personalizada preparada para a barra em T<\/li>\n<li>Unidade de corte personalizada preparada para a barra em T<\/li>\n<li>Unidade de ranhurar personalizada para barra em T<\/li>\n<\/ul>\n<\/li>\n<li>DAS-FL com unidade de ranhurar para ranhura reta\n<ul>\n<li>A vers\u00e3o com unidade de ranhura para juntas em cauda de andorinha (anime) est\u00e1 dispon\u00edvel como op\u00e7\u00e3o<\/li>\n<\/ul>\n<\/li>\n<li>DAS-FL com acompanhamento dos dados do produto\n<ul>\n<li>Para o acompanhamento cont\u00ednuo dos dados do produto, os dados da encomenda ou os par\u00e2metros relacionados com a encomenda, como a qualidade, o material e os comprimentos, podem ser transferidos do produto para o sistema<\/li>\n<\/ul>\n<\/li>\n<li>O sistema pode ser operado tanto como uma solu\u00e7\u00e3o aut\u00f3noma como em linha, permitindo assim a integra\u00e7\u00e3o em linhas de produ\u00e7\u00e3o existentes<\/li>\n<\/ul>\n<p>[\/vc_column_text][\/vc_tta_section][vc_tta_section title=&#8221;Op\u00e7\u00f5es&#8221; tab_id=&#8221;1740042956421-602b839f-1f9c&#8221;][vc_single_image image=&#8221;5384&#8243; img_size=&#8221;200*200&#8243; alignment=&#8221;center&#8221; onclick=&#8221;custom_link&#8221; css=&#8221;&#8221; link=&#8221;https:\/\/mbm.at\/wp-content\/uploads\/2025\/02\/IMG_0546-scaled.jpg&#8221;][vc_column_text css=&#8221;&#8221;]<\/p>\n<ul>\n<li>A linha de produ\u00e7\u00e3o DAS-FL pode ser combinada com outras m\u00e1quinas.\n<ul>\n<li>M\u00e1quina autom\u00e1tica de montagem de moldes<\/li>\n<li>Esta\u00e7\u00f5es de perfura\u00e7\u00e3o para perfura\u00e7\u00f5es precisas de punhos ou de fechos<\/li>\n<li>Tecnologia de transportadores, tais como transportadores de rolos de retorno, transportadores transversais ou transportadores de remo\u00e7\u00e3o de res\u00edduos<\/li>\n<li>Armaz\u00e9m de cart\u00e3o, para a armazenagem de esbo\u00e7os<\/li>\n<\/ul>\n<\/li>\n<\/ul>\n<p>[\/vc_column_text][\/vc_tta_section][vc_tta_section title=&#8221;Dados t\u00e9cnicos&#8221; tab_id=&#8221;1740042959709-d9a1a16e-e586&#8243;][vc_single_image image=&#8221;5777&#8243; img_size=&#8221;200*200&#8243; alignment=&#8221;center&#8221; onclick=&#8221;custom_link&#8221; css=&#8221;&#8221; link=&#8221;https:\/\/mbm.at\/wp-content\/uploads\/2025\/02\/20250117_075751-scaled.jpg&#8221;][vc_column_text css=&#8221;&#8221;]<\/p>\n<ul>\n<li>Tipos de pain\u00e9is (em branco)\n<ul>\n<li>Todos os tipos de madeira, em bruto, revestida ou folheada. Por exemplo: Abeto, abeto, pinho, carvalho, lar\u00edcio, MDF, multicamadas ou aglomerado <\/li>\n<li>Comprimento do painel em branco: 1.500 mm &#8211; 2.200 mm<\/li>\n<li>Largura do painel em branco: 200 mm &#8211; 660 mm<\/li>\n<\/ul>\n<\/li>\n<li>Tamanhos de pe\u00e7as de trabalho (pe\u00e7as cortadas)\n<ul>\n<li>Comprimento de corte da pe\u00e7a: 300 mm &#8211; 2.180 mm<\/li>\n<li>Comprimento da pe\u00e7a com dois cortes simult\u00e2neos: m\u00e1ximo 2.170 mm<\/li>\n<li>Largura da pe\u00e7a a 90\u00b0: 200 mm &#8211; 660 mm<\/li>\n<li>Largura da pe\u00e7a a 45\u00b0: 200 mm &#8211; 460 mm<\/li>\n<\/ul>\n<\/li>\n<li>Altura de corte\n<ul>\n<li>L\u00e2mina de serra \u00d8 350 mm: a 90\u00b0: m\u00e1x. 60 mm a 45\u00b0: m\u00e1x. 40 mm  <\/li>\n<li>L\u00e2mina de serra \u00d8 400 mm a 90\u00b0: m\u00e1x. 85 mm a 45\u00b0: m\u00e1x. 55 mm  <\/li>\n<\/ul>\n<\/li>\n<li>\u00c2ngulo de mitra\n<ul>\n<li>Carro do grupo de serra (grande esquadria): 90\u00b0 &#8211; 45\u00b0<\/li>\n<li>L\u00e2mina de serra (pequena esquadria): 90\u00b0 &#8211; 45\u00b0<\/li>\n<\/ul>\n<\/li>\n<li>Unidade de entalhe\n<ul>\n<li>Di\u00e2metro \u00d8 180 mm<\/li>\n<li>Di\u00e2metro interior \u00d8 30 mm<\/li>\n<li>\n<\/li>\n<\/ul>\n<\/li>\n<li>Taxa de alimenta\u00e7\u00e3o\n<ul>\n<li>Unidade de serrar antes: 1 &#8211; 30 m\/min<\/li>\n<li>Unidade de serrar para tr\u00e1s: 1 &#8211; 30 m\/min<\/li>\n<li>Nota: Os dados podem variar para diferentes tipos de madeira e dimens\u00f5es<\/li>\n<\/ul>\n<\/li>\n<li>Dura\u00e7\u00e3o do ciclo\n<ul>\n<li>De m\u00edn. 14 a m\u00e1x. 20 seg. por pe\u00e7a, consoante a variante de acabamento (ranhurar, furar, etc.)   <\/li>\n<li>Nota: Os dados podem variar para diferentes tipos de madeira e dimens\u00f5es<\/li>\n<\/ul>\n<\/li>\n<\/ul>\n<p>[\/vc_column_text][\/vc_tta_section][vc_tta_section title=&#8221;Sistema de controlo&#8221; tab_id=&#8221;1740042963869-d4abaab2-9677&#8243;][vc_single_image image=&#8221;5742&#8243; img_size=&#8221;200*200&#8243; alignment=&#8221;center&#8221; onclick=&#8221;custom_link&#8221; css=&#8221;&#8221; link=&#8221;https:\/\/mbm.at\/wp-content\/uploads\/2025\/02\/KHA6gross-scaled.jpg&#8221;][vc_column_text css=&#8221;&#8221;]<\/p>\n<ul>\n<li>A Siemens, como marca l\u00edder em componentes el\u00e9ctricos e electr\u00f3nicos, com um sistema de controlo central TIA-PLC (vers\u00e3o segura) para controlo de sistemas, sequ\u00eancia e seguran\u00e7a<\/li>\n<li>Computador central para gest\u00e3o de artigos e produtos, acompanhamento de produtos, gest\u00e3o de par\u00e2metros, opera\u00e7\u00e3o manual, gest\u00e3o de alarmes, registo de dados<\/li>\n<li>Painel de controlo HMI com ecr\u00e3 t\u00e1til<\/li>\n<li>Cria\u00e7\u00e3o simples de programas com o configurador de caix\u00f5es<\/li>\n<li>Grande capacidade de armazenamento para programas de edi\u00e7\u00e3o personalizados<\/li>\n<li>Ajuste autom\u00e1tico do \u00e2ngulo e do comprimento<\/li>\n<li>Diagn\u00f3stico de avarias<\/li>\n<li>Corre\u00e7\u00e3o do comprimento e da altura da ranhura para diferentes espessuras de madeira<\/li>\n<li>Cortar diferentes programas a partir de uma pe\u00e7a de madeira<\/li>\n<li>Op\u00e7\u00f5es de controlo\n<ul>\n<li>Interface para transfer\u00eancia autom\u00e1tica de dados de produ\u00e7\u00e3o<\/li>\n<li>Solu\u00e7\u00f5es de diagn\u00f3stico e manuten\u00e7\u00e3o \u00e0 dist\u00e2ncia<\/li>\n<\/ul>\n<\/li>\n<\/ul>\n<p>Controlo da plataforma IoT: Para monitoriza\u00e7\u00e3o e aquisi\u00e7\u00e3o de dados de produ\u00e7\u00e3o e liga\u00e7\u00e3o em rede com sistemas a montante ou a jusante. Mais informa\u00e7\u00f5es em: <a href=\"https:\/\/www.digifai.com\/de\/control\/\" target=\"_blank\" rel=\"noopener\">control- digifai.<\/a>[\/vc_column_text][\/vc_tta_section][vc_tta_section title=&#8221;Dados de m\u00e1quina&#8221; tab_id=&#8221;1740042968597-179ef6c6-9635&#8243;][vc_single_image image=&#8221;5751&#8243; img_size=&#8221;200*200&#8243; alignment=&#8221;center&#8221; onclick=&#8221;custom_link&#8221; css=&#8221;&#8221; link=&#8221;https:\/\/mbm.at\/wp-content\/uploads\/2025\/02\/Kantholzautomat-KHA2.png&#8221;][vc_column_text css=&#8221;&#8221;]<\/p>\n<ul>\n<li>Design robusto e soldado<\/li>\n<li>Comprimento: aprox. 9.760 mm com m\u00f3dulos adicionais at\u00e9 14.000 mm (m\u00e1quina b\u00e1sica sem veda\u00e7\u00e3o de seguran\u00e7a)<\/li>\n<li>Largura: aprox. 2.106 mm com m\u00f3dulos adicionais at\u00e9 4.600 mm (m\u00e1quina b\u00e1sica sem veda\u00e7\u00e3o de seguran\u00e7a)<\/li>\n<li>Altura: aprox. 2.284 mm<\/li>\n<li>Peso DAS-FL<\/li>\n<li>8.200 kg (m\u00e1quina b\u00e1sica)<\/li>\n<li>Carga ligada: aprox. 39 kW<\/li>\n<li>Tens\u00e3o de rede 400 V \/ 50 Hz<\/li>\n<li>Necessidade de ar comprimido: aprox. 3.000 l\/min. na unidade de manuten\u00e7\u00e3o <\/li>\n<li>Press\u00e3o de funcionamento: sobrepress\u00e3o m\u00ednima de 6 bar <\/li>\n<li>Volume de extra\u00e7\u00e3o: aprox. 5.600 m\u00b3\/h a uma velocidade do ar de 32 m\/s<\/li>\n<li>Temperatura ambiente da m\u00e1quina: na gama de + 10\u00b0C a + 40\u00b0C<\/li>\n<\/ul>\n<p>[\/vc_column_text][\/vc_tta_section][\/vc_tta_accordion][\/vc_column][\/vc_row]<\/p>\n<\/div>","protected":false},"excerpt":{"rendered":"<p>[vc_row][vc_column][vc_column_text css=&#8221;&#8221;] \u00bb Serra de esquadria dupla &#8211; Linha de produ\u00e7\u00e3o DAS-FL &nbsp; A linha de produ\u00e7\u00e3o DAS-FL \u00e9 uma solu\u00e7\u00e3o automatizada especialmente concebida para a produ\u00e7\u00e3o industrial de pe\u00e7as de caix\u00e3o. Garante a produ\u00e7\u00e3o de pe\u00e7as de caix\u00e3o sem folgas, com \u00e2ngulos de esquadria precisos e sem necessidade de retrabalho.[\/vc_column_text][\/vc_column][\/vc_row][vc_row][vc_column][vc_images_carousel images=&#8221;5703,5695,5687,5679,5671&#8243; img_size=&#8221;full&#8221; css=&#8221;&#8221;][\/vc_column][\/vc_row][vc_row][vc_column][vc_tta_accordion][vc_tta_section title=&#8221;Suas [&hellip;]<\/p>\n","protected":false},"author":2,"featured_media":0,"parent":0,"menu_order":0,"comment_status":"closed","ping_status":"closed","template":"","meta":{"footnotes":""},"class_list":["post-2366","page","type-page","status-publish","hentry"],"_links":{"self":[{"href":"https:\/\/mbm.at\/pt-pt\/wp-json\/wp\/v2\/pages\/2366","targetHints":{"allow":["GET"]}}],"collection":[{"href":"https:\/\/mbm.at\/pt-pt\/wp-json\/wp\/v2\/pages"}],"about":[{"href":"https:\/\/mbm.at\/pt-pt\/wp-json\/wp\/v2\/types\/page"}],"author":[{"embeddable":true,"href":"https:\/\/mbm.at\/pt-pt\/wp-json\/wp\/v2\/users\/2"}],"replies":[{"embeddable":true,"href":"https:\/\/mbm.at\/pt-pt\/wp-json\/wp\/v2\/comments?post=2366"}],"version-history":[{"count":25,"href":"https:\/\/mbm.at\/pt-pt\/wp-json\/wp\/v2\/pages\/2366\/revisions"}],"predecessor-version":[{"id":5924,"href":"https:\/\/mbm.at\/pt-pt\/wp-json\/wp\/v2\/pages\/2366\/revisions\/5924"}],"wp:attachment":[{"href":"https:\/\/mbm.at\/pt-pt\/wp-json\/wp\/v2\/media?parent=2366"}],"curies":[{"name":"wp","href":"https:\/\/api.w.org\/{rel}","templated":true}]}}