{"id":1978,"date":"2024-11-11T08:40:17","date_gmt":"2024-11-11T07:40:17","guid":{"rendered":"https:\/\/wp.mbm.at\/informacao-legal\/"},"modified":"2025-04-29T09:14:59","modified_gmt":"2025-04-29T07:14:59","slug":"informacao-legal","status":"publish","type":"page","link":"https:\/\/mbm.at\/pt-pt\/informacao-legal\/","title":{"rendered":"Informa\u00e7\u00e3o legal"},"content":{"rendered":"<div class=\"wpb-content-wrapper\"><p>[vc_row][vc_column][vc_column_text css=&#8221;&#8221;]<\/p>\n<div class=\"l_column l_lg-4 l_md-6\">\n<div class=\"vc_column-inner\">\n<div class=\"wpb_wrapper\">\n<div class=\"wpb_text_column wpb_content_element\">\n<div class=\"wpb_wrapper\">\n<h4>Informa\u00e7\u00e3o legal<\/h4>\n<ul>\n<li><span class=\"locality\">Nome da empresa: <\/span>Eberle Automatische Systeme GmbH &amp; Co KG<\/li>\n<li><span class=\"locality\">Endere\u00e7o: Dr.-Walter-Zumtobel-Stra\u00dfe 8<\/span><span class=\"locality\"><span class=\"street-address\">, <\/span><\/span><span class=\"locality\"><span class=\"postal-code\">6850<\/span> Dornbirn, <\/span><span class=\"locality\">\u00c1ustria<\/span><\/li>\n<li><span class=\"value\">Telefone: <a href=\"tel:+43 5572 55580\">+43 5572 55580<\/a><\/span><\/li>\n<li>e-Mail: <a href=\"mailto:info@eberle.at\">info@eberle.at<\/a><\/li>\n<li>Internet: <a class=\"url\" href=\"http:\/\/www.eberle.at\/de\/\" target=\"_blank\" rel=\"noopener noreferrer\">www.eberle.at<\/a><\/li>\n<\/ul>\n<\/div>\n<\/div>\n<\/div>\n<\/div>\n<\/div>\n<div class=\"l_column l_lg-4 l_md-6\">\n<div class=\"vc_column-inner\">\n<div class=\"wpb_wrapper\">\n<div class=\"wpb_text_column wpb_content_element\">\n<div class=\"wpb_wrapper\">\n<ul>\n<li>Diretor-gerente: Viktor Eberle, Martin Moosmann<\/li>\n<li><span id=\"ctl00_ContentPlaceHolder1_datenFelder_genericFieldsRepeater_ctl11_genericLabel_DescriptionLabel\"><span id=\"ctl00_ContentPlaceHolder1_datenFelder_genericFieldsRepeater_ctl11_genericLabel_helpLinkLabel1\" class=\"transparent_label_info\">Tribunal da Empresa: <\/span><\/span>Tribunal estadual Feldkirch<\/li>\n<li><span class=\"transparent_label_info\">Autoridade de acordo com o ECG: Autoridade Distrital de Dornbirn <\/span><\/li>\n<li><span class=\"transparent_label_info\">Forma jur\u00eddica: GmbH &amp; Co KG <\/span><\/li>\n<li>Mitglied der Wirtschaftskammer Vorarlberg:<br \/>\nFachgruppe <a href=\"https:\/\/www.wko.at\/service\/dienststelle.html?orgid=15492\" target=\"_blank\" rel=\"noopener noreferrer\">Mechatroniker<\/a><\/li>\n<li><span id=\"ctl00_ContentPlaceHolder1_agbsBoxes_genericCategoriesRepeater_ctl00_genericFields_genericFieldsRepeater_ctl01_genericLabel_DescriptionLabel\"><span id=\"ctl00_ContentPlaceHolder1_agbsBoxes_genericCategoriesRepeater_ctl00_genericFields_genericFieldsRepeater_ctl01_genericLabel_helpLinkLabel1\" class=\"transparent_label_info\">Autoriza\u00e7\u00e3o: T\u00e9cnico de eletrotecnia combinado com t\u00e9cnico de eletr\u00f3nica, t\u00e9cnico de comunica\u00e7\u00f5es de escrit\u00f3rio, t\u00e9cnico de eletr\u00f3nica de r\u00e1dio e v\u00eddeo de acordo com \u00a7 94 Z 17 GewO 1994<\/span><\/span><\/li>\n<\/ul>\n<\/div>\n<\/div>\n<\/div>\n<\/div>\n<\/div>\n<div class=\"l_column l_lg-4 l_md-6\">\n<div class=\"vc_column-inner\">\n<div class=\"wpb_wrapper\">\n<div class=\"wpb_text_column wpb_content_element\">\n<div class=\"wpb_wrapper\">\n<ul>\n<li>N\u00famero de registo da empresa: 343886s<\/li>\n<li>GLN (administra\u00e7\u00e3o p\u00fablica): 9110017600405<\/li>\n<li><span class=\"transparent_label_info\">N\u00famero de IVA: ATU65739267<\/span><\/li>\n<li><span class=\"transparent_label_info\"><span id=\"ctl00_ContentPlaceHolder1_datenFelder_genericFieldsRepeater_ctl19_genericLabel_DescriptionLabel\"><span id=\"ctl00_ContentPlaceHolder1_datenFelder_genericFieldsRepeater_ctl19_genericLabel_helpLinkLabel1\" class=\"transparent_label_info\">N\u00famero EORI: ATEOS1000019900<\/span><\/span><\/span><\/li>\n<li><span class=\"transparent_label_info\">facturas electr\u00f3nicas: <a href=\"mailto:info@eberle.at\">info@eberle.at<\/a><\/span><\/li>\n<\/ul>\n<h4>Termos e condi\u00e7\u00f5es gerais (AGB)<strong><br \/>\n<\/strong><\/h4>\n<p>Aplicam-se as condi\u00e7\u00f5es gerais de fornecimento da ind\u00fastria el\u00e9ctrica e eletr\u00f3nica austr\u00edaca (<a href=\"https:\/\/www.eberle.at\/wp-content\/uploads\/2018\/06\/feei_allgemeine_lieferbedingungen_2017_deutsch.pdf\" target=\"_blank\" rel=\"noopener noreferrer\">PDF<\/a>), as condi\u00e7\u00f5es de software da ind\u00fastria el\u00e9ctrica e eletr\u00f3nica austr\u00edaca (<a href=\"https:\/\/www.eberle.at\/wp-content\/uploads\/2018\/06\/feei-softwarebedingungen_04-2018.pdf\" target=\"_blank\" rel=\"noopener noreferrer\">PDF<\/a>) e as condi\u00e7\u00f5es de manuten\u00e7\u00e3o de software da ind\u00fastria el\u00e9ctrica e eletr\u00f3nica austr\u00edaca (<a href=\"https:\/\/www.eberle.at\/wp-content\/uploads\/2018\/06\/feei-softwarewartungsbedingungen_04-2018_0.pdf\" target=\"_blank\" rel=\"noopener noreferrer\">PDF<\/a>). O local de cumprimento \u00e9 Dornbirn. As nossas condi\u00e7\u00f5es de entrega baseiam-se nos Incoterms 2010.  <\/p>\n<div class=\"s_richtext\">\n<h4>Pol\u00edtica de prote\u00e7\u00e3o da privacidade<\/h4>\n<\/div>\n<div class=\"s_richtext\">\n<p>Encontrar\u00e1 a nossa pol\u00edtica de privacidade <a href=\"https:\/\/mbm.at\/pt-pt\/politica-de-protecao-da-privacidade\/\" target=\"_blank\" rel=\"noopener\">hier<\/a>.<\/p>\n<h4>Membro da C\u00e2mara de Com\u00e9rcio de Vorarlberg<\/h4>\n<p>Todas as informa\u00e7\u00f5es de acordo com ECG, UGB, GewO podem ser encontradas no diret\u00f3rio da WKO. [ <a href=\"https:\/\/firmen.wko.at\/eberle-automatische-systeme-gmbh---co-kg-eberle-automatische-systeme\/vorarlberg\/?firmaid=ad89a2e3-65ae-406b-86a4-b95c431fcc3e&amp;standortid=0&amp;suchbegriff=eberle+automatische+systeme&amp;page=1\" target=\"_blank\" rel=\"noopener\">&#8230; <\/a>] <\/p>\n<div class=\"s_richtext\">\n<h4>Propriet\u00e1rio dos media<\/h4>\n<\/div>\n<p>Eberle Automatische Systeme GmbH &amp; Co KG<br \/>\n<span class=\"locality\"><span class=\"street-address\">Dr.-Walter-Zumtobel-Stra\u00dfe 8<br \/>\n<\/span><span class=\"postal-code\">6850<\/span> Dornbirn<br \/>\n\u00d6sterreich<\/span><\/p>\n<\/div>\n<\/div>\n<\/div>\n<\/div>\n<\/div>\n<\/div>\n<p>[\/vc_column_text][\/vc_column][\/vc_row]<\/p>\n<\/div>","protected":false},"excerpt":{"rendered":"<p>[vc_row][vc_column][vc_column_text css=&#8221;&#8221;] Informa\u00e7\u00e3o legal Nome da empresa: Eberle Automatische Systeme GmbH &amp; Co KG Endere\u00e7o: Dr.-Walter-Zumtobel-Stra\u00dfe 8, 6850 Dornbirn, \u00c1ustria Telefone: +43 5572 55580 e-Mail: info@eberle.at Internet: www.eberle.at Diretor-gerente: Viktor Eberle, Martin Moosmann Tribunal da Empresa: Tribunal estadual Feldkirch Autoridade de acordo com o ECG: Autoridade Distrital de Dornbirn Forma jur\u00eddica: GmbH &amp; Co KG [&hellip;]<\/p>\n","protected":false},"author":2,"featured_media":0,"parent":0,"menu_order":0,"comment_status":"closed","ping_status":"closed","template":"","meta":{"footnotes":""},"class_list":["post-1978","page","type-page","status-publish","hentry"],"_links":{"self":[{"href":"https:\/\/mbm.at\/pt-pt\/wp-json\/wp\/v2\/pages\/1978","targetHints":{"allow":["GET"]}}],"collection":[{"href":"https:\/\/mbm.at\/pt-pt\/wp-json\/wp\/v2\/pages"}],"about":[{"href":"https:\/\/mbm.at\/pt-pt\/wp-json\/wp\/v2\/types\/page"}],"author":[{"embeddable":true,"href":"https:\/\/mbm.at\/pt-pt\/wp-json\/wp\/v2\/users\/2"}],"replies":[{"embeddable":true,"href":"https:\/\/mbm.at\/pt-pt\/wp-json\/wp\/v2\/comments?post=1978"}],"version-history":[{"count":8,"href":"https:\/\/mbm.at\/pt-pt\/wp-json\/wp\/v2\/pages\/1978\/revisions"}],"predecessor-version":[{"id":6078,"href":"https:\/\/mbm.at\/pt-pt\/wp-json\/wp\/v2\/pages\/1978\/revisions\/6078"}],"wp:attachment":[{"href":"https:\/\/mbm.at\/pt-pt\/wp-json\/wp\/v2\/media?parent=1978"}],"curies":[{"name":"wp","href":"https:\/\/api.w.org\/{rel}","templated":true}]}}