{"id":1831,"date":"2024-11-11T09:00:25","date_gmt":"2024-11-11T08:00:25","guid":{"rendered":"https:\/\/wp.mbm.at\/referencias\/"},"modified":"2024-11-12T14:53:59","modified_gmt":"2024-11-12T13:53:59","slug":"referencias","status":"publish","type":"page","link":"https:\/\/mbm.at\/pt-pt\/referencias\/","title":{"rendered":"Referencias"},"content":{"rendered":"<div class=\"wpb-content-wrapper\"><p>[vc_row][vc_column][vc_single_image image=&#8221;1460&#8243; img_size=&#8221;large&#8221; css=&#8221;&#8221;][\/vc_column][\/vc_row][vc_row][vc_column][vc_column_text css=&#8221;&#8221;]<b>Europa<\/p>\n<p><\/b><b><\/b><\/p>\n<div class=\"env-scrollable\">\n<table>\n<tbody>\n<tr>\n<td>B\u00e9lgica<\/td>\n<td>Dinamarca<\/td>\n<td>Alemanha<\/td>\n<td>Fran\u00e7a<\/td>\n<td>It\u00e1lia<\/td>\n<td>Cro\u00e1cia<\/td>\n<td>Liechtenstein<\/td>\n<td>Luxemburgo<\/td>\n<td>Holanda<\/td>\n<td>\u00c1ustria<\/td>\n<\/tr>\n<tr>\n<td>Pol\u00f3nia<\/td>\n<td>Portugal<\/td>\n<td>Rom\u00eania<\/td>\n<td>S\u00e3o Marino<\/td>\n<td>Su\u00e9cia<\/td>\n<td>Su\u00ed\u00e7a<\/td>\n<td>Eslov\u00e9nia<\/td>\n<td>Espanha<\/td>\n<td>Rep\u00fablica Checa<\/td>\n<td>Reino Unido<\/td>\n<\/tr>\n<\/tbody>\n<\/table>\n<\/div>\n<p><br class=\"clearer\"><b>Mundialmente<\/p>\n<p><\/b><\/p>\n<div class=\"env-scrollable\">\n<table>\n<tbody>\n<tr>\n<td>Austr\u00e1lia<\/td>\n<td>China<\/td>\n<td>Jap\u00e3o<\/td>\n<td>Taiwan<\/td>\n<td>Tun\u00edsia<\/td>\n<td>EUA<\/td>\n<\/tr>\n<\/tbody>\n<\/table>\n<\/div>\n<p>[\/vc_column_text][\/vc_column][\/vc_row]<\/p>\n<\/div>","protected":false},"excerpt":{"rendered":"<p>[vc_row][vc_column][vc_single_image image=&#8221;1460&#8243; img_size=&#8221;large&#8221; css=&#8221;&#8221;][\/vc_column][\/vc_row][vc_row][vc_column][vc_column_text css=&#8221;&#8221;]Europa B\u00e9lgica Dinamarca Alemanha Fran\u00e7a It\u00e1lia Cro\u00e1cia Liechtenstein Luxemburgo Holanda \u00c1ustria Pol\u00f3nia Portugal Rom\u00eania S\u00e3o Marino Su\u00e9cia Su\u00ed\u00e7a Eslov\u00e9nia Espanha Rep\u00fablica Checa Reino Unido Mundialmente Austr\u00e1lia China Jap\u00e3o Taiwan Tun\u00edsia EUA [\/vc_column_text][\/vc_column][\/vc_row]<\/p>\n","protected":false},"author":2,"featured_media":0,"parent":0,"menu_order":0,"comment_status":"closed","ping_status":"closed","template":"","meta":{"footnotes":""},"class_list":["post-1831","page","type-page","status-publish","hentry"],"_links":{"self":[{"href":"https:\/\/mbm.at\/pt-pt\/wp-json\/wp\/v2\/pages\/1831","targetHints":{"allow":["GET"]}}],"collection":[{"href":"https:\/\/mbm.at\/pt-pt\/wp-json\/wp\/v2\/pages"}],"about":[{"href":"https:\/\/mbm.at\/pt-pt\/wp-json\/wp\/v2\/types\/page"}],"author":[{"embeddable":true,"href":"https:\/\/mbm.at\/pt-pt\/wp-json\/wp\/v2\/users\/2"}],"replies":[{"embeddable":true,"href":"https:\/\/mbm.at\/pt-pt\/wp-json\/wp\/v2\/comments?post=1831"}],"version-history":[{"count":2,"href":"https:\/\/mbm.at\/pt-pt\/wp-json\/wp\/v2\/pages\/1831\/revisions"}],"predecessor-version":[{"id":1833,"href":"https:\/\/mbm.at\/pt-pt\/wp-json\/wp\/v2\/pages\/1831\/revisions\/1833"}],"wp:attachment":[{"href":"https:\/\/mbm.at\/pt-pt\/wp-json\/wp\/v2\/media?parent=1831"}],"curies":[{"name":"wp","href":"https:\/\/api.w.org\/{rel}","templated":true}]}}