{"id":1726,"date":"2024-11-11T08:38:59","date_gmt":"2024-11-11T07:38:59","guid":{"rendered":"https:\/\/wp.mbm.at\/contato\/"},"modified":"2024-12-18T11:21:28","modified_gmt":"2024-12-18T10:21:28","slug":"contato","status":"publish","type":"page","link":"https:\/\/mbm.at\/pt-pt\/contato\/","title":{"rendered":"Contato"},"content":{"rendered":"<div class=\"wpb-content-wrapper\"><p>[vc_row][vc_column][vc_column_text css=&#8221;&#8221;]<\/p>\n<div class=\"l_column l_lg-4 l_md-6\">\n<div class=\"vc_column-inner\">\n<div class=\"wpb_wrapper\">\n<div class=\"wpb_text_column wpb_content_element\">\n<div class=\"wpb_wrapper\">\n<h3><strong>Eberle Automatische Systeme <\/strong><strong>GmbH &amp; Co KG<\/strong><\/h3>\n<p class=\"bodytext\">Dr.-Walter-Zumtobel-Stra\u00dfe 8<br \/>6850 Dornbirn<br \/>\u00c1ustria<\/p>\n<\/div>\n<\/div>\n<div class=\"wpb_text_column wpb_content_element\">\n<div class=\"wpb_wrapper\">\n<h4><strong>Pedido de informa\u00e7\u00e3o<\/strong><\/h4>\n<p>As suas preocupa\u00e7\u00f5es s\u00e3o importantes para n\u00f3s. Envie-nos os seus pedidos de informa\u00e7\u00e3o em qualquer altura. <\/p>\n<ul>\n<li>Pedido de informa\u00e7\u00e3o<\/li>\n<li>Apoio<\/li>\n<li>Aplica\u00e7\u00e3o<\/li>\n<li>Documenta\u00e7\u00e3o do produto<\/li>\n<\/ul>\n<p><a href=\"mailto:info@eberle.at\">info@eberle.at<\/a><\/p>\n<p><a href=\"mailto:office@mbm.at\">office@mbm.at<\/a><\/p>\n<\/div>\n<\/div>\n<\/div>\n<\/div>\n<\/div>\n<div class=\"l_column l_lg-4 l_md-6\">\n<div class=\"vc_column-inner\">\n<div class=\"wpb_wrapper\">\n<div class=\"wpb_text_column wpb_content_element\">\n<div class=\"wpb_wrapper\">\n<h4><strong>Hor\u00e1rio de abertura<\/strong><\/h4>\n<table class=\"opening-hours\">\n<tbody>\n<tr>\n<th>MO \u2013 DO<\/th>\n<td>07:00 \u2013 12.00 Uhr<\/td>\n<td>13:00 \u2013 17.00 Uhr<\/td>\n<\/tr>\n<tr>\n<th>FR<\/th>\n<td>07:00 \u2013 12:00 Uhr<\/td>\n<\/tr>\n<\/tbody>\n<\/table>\n<p>O hor\u00e1rio de abertura n\u00e3o inclui os feriados p\u00fablicos.<\/p>\n<p>Acessibilidade durante o hor\u00e1rio de funcionamento<\/p>\n<ul>\n<li>Por telefone para +43 5572 55580<\/li>\n<li>per E-Mail unter<a href=\"mailto:info@eberle.at\"> info@eberle.at<\/a>, <a href=\"mailto:office@mbm.at\">office@mbm.at<\/a><\/li>\n<\/ul>\n<p>Acessibilidade fora do hor\u00e1rio de funcionamento<\/p>\n<ul>\n<li>Por telefone para +43 5572 55580<\/li>\n<li>por correio eletr\u00f3nico para <a href=\"mailto:support@eberle.at\">support@eberle.at<\/a><\/li>\n<\/ul>\n<p>&nbsp;<\/p>\n<\/div>\n<\/div>\n<\/div>\n<\/div>\n<\/div>\n<p>[\/vc_column_text][\/vc_column][\/vc_row]<\/p>\n<\/div>","protected":false},"excerpt":{"rendered":"<p>[vc_row][vc_column][vc_column_text css=&#8221;&#8221;] Eberle Automatische Systeme GmbH &amp; Co KG Dr.-Walter-Zumtobel-Stra\u00dfe 86850 Dornbirn\u00c1ustria Pedido de informa\u00e7\u00e3o As suas preocupa\u00e7\u00f5es s\u00e3o importantes para n\u00f3s. Envie-nos os seus pedidos de informa\u00e7\u00e3o em qualquer altura. Pedido de informa\u00e7\u00e3o Apoio Aplica\u00e7\u00e3o Documenta\u00e7\u00e3o do produto info@eberle.at office@mbm.at Hor\u00e1rio de abertura MO \u2013 DO 07:00 \u2013 12.00 Uhr 13:00 \u2013 17.00 Uhr [&hellip;]<\/p>\n","protected":false},"author":2,"featured_media":0,"parent":0,"menu_order":0,"comment_status":"closed","ping_status":"closed","template":"","meta":{"footnotes":""},"class_list":["post-1726","page","type-page","status-publish","hentry"],"_links":{"self":[{"href":"https:\/\/mbm.at\/pt-pt\/wp-json\/wp\/v2\/pages\/1726","targetHints":{"allow":["GET"]}}],"collection":[{"href":"https:\/\/mbm.at\/pt-pt\/wp-json\/wp\/v2\/pages"}],"about":[{"href":"https:\/\/mbm.at\/pt-pt\/wp-json\/wp\/v2\/types\/page"}],"author":[{"embeddable":true,"href":"https:\/\/mbm.at\/pt-pt\/wp-json\/wp\/v2\/users\/2"}],"replies":[{"embeddable":true,"href":"https:\/\/mbm.at\/pt-pt\/wp-json\/wp\/v2\/comments?post=1726"}],"version-history":[{"count":8,"href":"https:\/\/mbm.at\/pt-pt\/wp-json\/wp\/v2\/pages\/1726\/revisions"}],"predecessor-version":[{"id":4271,"href":"https:\/\/mbm.at\/pt-pt\/wp-json\/wp\/v2\/pages\/1726\/revisions\/4271"}],"wp:attachment":[{"href":"https:\/\/mbm.at\/pt-pt\/wp-json\/wp\/v2\/media?parent=1726"}],"curies":[{"name":"wp","href":"https:\/\/api.w.org\/{rel}","templated":true}]}}