{"id":1708,"date":"2024-11-05T12:42:56","date_gmt":"2024-11-05T11:42:56","guid":{"rendered":"https:\/\/wp.mbm.at\/politica-de-protecao-da-privacidade\/"},"modified":"2024-12-11T07:33:07","modified_gmt":"2024-12-11T06:33:07","slug":"politica-de-protecao-da-privacidade","status":"publish","type":"page","link":"https:\/\/mbm.at\/pt-pt\/politica-de-protecao-da-privacidade\/","title":{"rendered":"Pol\u00edtica de prote\u00e7\u00e3o da privacidade"},"content":{"rendered":"<div class=\"wpb-content-wrapper\"><p>[vc_row][vc_column][vc_column_text css=&#8221;&#8221;]<\/p>\n<h4>Declara\u00e7\u00e3o sobre o dever de informar (pol\u00edtica de privacidade)<\/h4>\n<p>A prote\u00e7\u00e3o dos seus dados pessoais \u00e9 uma preocupa\u00e7\u00e3o especial para n\u00f3s. Por isso, processamos os seus dados exclusivamente com base nas disposi\u00e7\u00f5es legais (GDPR, TKG 2003). Nesta informa\u00e7\u00e3o sobre prote\u00e7\u00e3o de dados, informamo-lo sobre os aspectos mais importantes do processamento de dados no nosso s\u00edtio Web.  <\/p>\n<h4>Contacto connosco<\/h4>\n<p>Se nos contactar atrav\u00e9s do formul\u00e1rio no s\u00edtio Web ou por correio eletr\u00f3nico, os dados que nos fornecer ser\u00e3o conservados por n\u00f3s durante seis meses para efeitos de tratamento do pedido e em caso de perguntas complementares. N\u00e3o transmitiremos estes dados sem o seu consentimento. <\/p>\n<h4>Armazenamento de dados na loja virtual<\/h4>\n<p>Gostar\u00edamos de salientar que os dados IP do propriet\u00e1rio da liga\u00e7\u00e3o, bem como o nome, endere\u00e7o e n\u00famero de cart\u00e3o de cr\u00e9dito do comprador, s\u00e3o armazenados no contexto dos cookies com o objetivo de simplificar o processo de compra e para posterior processamento do contrato.<\/p>\n<p>Os dados fornecidos pelo utilizador s\u00e3o necess\u00e1rios para a execu\u00e7\u00e3o do contrato ou para a realiza\u00e7\u00e3o de dilig\u00eancias pr\u00e9-contratuais. Sem estes dados, n\u00e3o podemos celebrar o contrato com o utilizador. Os dados n\u00e3o ser\u00e3o transferidos para terceiros, com exce\u00e7\u00e3o da transfer\u00eancia de dados de cart\u00f5es de cr\u00e9dito para o banco de processamento\/prestador de servi\u00e7os de pagamento para efeitos de d\u00e9bito do pre\u00e7o de compra, para a empresa de transportes\/empresa de expedi\u00e7\u00e3o por n\u00f3s contratada para entregar as mercadorias e para o nosso consultor fiscal para cumprir as nossas obriga\u00e7\u00f5es fiscais.  <\/p>\n<p>Ap\u00f3s o cancelamento do processo de compra, os dados armazenados por n\u00f3s ser\u00e3o eliminados. Se for celebrado um contrato, todos os dados da rela\u00e7\u00e3o contratual ser\u00e3o armazenados at\u00e9 ao termo do per\u00edodo de reten\u00e7\u00e3o fiscal (7 anos). <\/p>\n<p>Os dados relativos ao nome, endere\u00e7o, produtos comprados e data de compra tamb\u00e9m s\u00e3o armazenados at\u00e9 \u00e0 expira\u00e7\u00e3o da responsabilidade pelo produto (10 anos). O processamento de dados \u00e9 efectuado com base nas disposi\u00e7\u00f5es legais do \u00a7 96 para. 3 TKG e do Art. 6 para. 1 lit a (consentimento) e\/ou lit b (necess\u00e1rio para o cumprimento do contrato) do GDPR. <\/p>\n<h4>Cookies<\/h4>\n<p>O nosso s\u00edtio Web utiliza os chamados cookies. Estes s\u00e3o pequenos ficheiros de texto que s\u00e3o armazenados no seu dispositivo final com a ajuda do browser. N\u00e3o causam quaisquer danos.  <\/p>\n<p>Utilizamos cookies para tornar o nosso s\u00edtio Web mais f\u00e1cil de utilizar. Alguns cookies permanecem armazenados no seu dispositivo final at\u00e9 os apagar. Permitem-nos reconhecer o seu browser na sua pr\u00f3xima visita.  <\/p>\n<p>Se n\u00e3o o desejar, pode configurar o seu programa de navega\u00e7\u00e3o de modo a que este o informe sobre a instala\u00e7\u00e3o de cookies e s\u00f3 o permita em casos individuais.<\/p>\n<p>Se os cookies forem desactivados, a funcionalidade do nosso s\u00edtio Web pode ser limitada.<\/p>\n<h4>An\u00e1lise da Web<\/h4>\n<p>O nosso s\u00edtio Web utiliza fun\u00e7\u00f5es de an\u00e1lise da Web. Para este efeito, s\u00e3o utilizados cookies que permitem analisar a sua utiliza\u00e7\u00e3o do s\u00edtio Web. As informa\u00e7\u00f5es assim geradas s\u00e3o armazenadas nos servidores.  <\/p>\n<p>Pode evitar esta situa\u00e7\u00e3o configurando o seu browser para que n\u00e3o sejam armazenados cookies.<\/p>\n<h4>Newsletter<\/h4>\n<p>Tem a possibilidade de subscrever a nossa newsletter atrav\u00e9s do nosso s\u00edtio Web. Para tal, necessitamos do seu endere\u00e7o de correio eletr\u00f3nico e da sua declara\u00e7\u00e3o de que aceita receber a newsletter. <\/p>\n<p>Para lhe fornecermos informa\u00e7\u00f5es direcionadas, tamb\u00e9m recolhemos e processamos informa\u00e7\u00f5es fornecidas voluntariamente sobre \u00e1reas de interesse.<\/p>\n<p>Assim que se tiver registado para receber a newsletter, enviar-lhe-emos uma mensagem de correio eletr\u00f3nico de confirma\u00e7\u00e3o com uma liga\u00e7\u00e3o para confirmar o seu registo.<\/p>\n<p>O utilizador pode cancelar a sua subscri\u00e7\u00e3o da newsletter em qualquer altura. Para o efeito, \u00e9 enviada uma liga\u00e7\u00e3o no final de cada newsletter que pode ser utilizada para cancelar a subscri\u00e7\u00e3o. <\/p>\n<h4>Os seus direitos<\/h4>\n<p>Em princ\u00edpio, o utilizador tem o direito \u00e0 informa\u00e7\u00e3o, corre\u00e7\u00e3o, elimina\u00e7\u00e3o, restri\u00e7\u00e3o, portabilidade dos dados, cancelamento e obje\u00e7\u00e3o. Se considerar que o tratamento dos seus dados viola a lei de prote\u00e7\u00e3o de dados ou que os seus direitos de prote\u00e7\u00e3o de dados foram violados de qualquer outra forma, pode apresentar uma queixa \u00e0 autoridade de controlo. Na \u00c1ustria, esta \u00e9 a autoridade de prote\u00e7\u00e3o de dados.[\/vc_column_text][\/vc_column][\/vc_row]<\/p>\n<\/div>","protected":false},"excerpt":{"rendered":"<p>[vc_row][vc_column][vc_column_text css=&#8221;&#8221;] Declara\u00e7\u00e3o sobre o dever de informar (pol\u00edtica de privacidade) A prote\u00e7\u00e3o dos seus dados pessoais \u00e9 uma preocupa\u00e7\u00e3o especial para n\u00f3s. Por isso, processamos os seus dados exclusivamente com base nas disposi\u00e7\u00f5es legais (GDPR, TKG 2003). Nesta informa\u00e7\u00e3o sobre prote\u00e7\u00e3o de dados, informamo-lo sobre os aspectos mais importantes do processamento de dados no [&hellip;]<\/p>\n","protected":false},"author":1,"featured_media":0,"parent":0,"menu_order":0,"comment_status":"closed","ping_status":"open","template":"","meta":{"footnotes":""},"class_list":["post-1708","page","type-page","status-publish","hentry"],"_links":{"self":[{"href":"https:\/\/mbm.at\/pt-pt\/wp-json\/wp\/v2\/pages\/1708","targetHints":{"allow":["GET"]}}],"collection":[{"href":"https:\/\/mbm.at\/pt-pt\/wp-json\/wp\/v2\/pages"}],"about":[{"href":"https:\/\/mbm.at\/pt-pt\/wp-json\/wp\/v2\/types\/page"}],"author":[{"embeddable":true,"href":"https:\/\/mbm.at\/pt-pt\/wp-json\/wp\/v2\/users\/1"}],"replies":[{"embeddable":true,"href":"https:\/\/mbm.at\/pt-pt\/wp-json\/wp\/v2\/comments?post=1708"}],"version-history":[{"count":4,"href":"https:\/\/mbm.at\/pt-pt\/wp-json\/wp\/v2\/pages\/1708\/revisions"}],"predecessor-version":[{"id":3471,"href":"https:\/\/mbm.at\/pt-pt\/wp-json\/wp\/v2\/pages\/1708\/revisions\/3471"}],"wp:attachment":[{"href":"https:\/\/mbm.at\/pt-pt\/wp-json\/wp\/v2\/media?parent=1708"}],"curies":[{"name":"wp","href":"https:\/\/api.w.org\/{rel}","templated":true}]}}