{"id":1424,"date":"2024-11-06T16:33:40","date_gmt":"2024-11-06T15:33:40","guid":{"rendered":"https:\/\/wp.mbm.at\/serra-circular-para-paineis\/"},"modified":"2024-11-12T14:14:04","modified_gmt":"2024-11-12T13:14:04","slug":"serra-circular-para-paineis","status":"publish","type":"page","link":"https:\/\/mbm.at\/pt-pt\/serra-circular-para-paineis\/","title":{"rendered":"Serra circular para pain\u00e9is"},"content":{"rendered":"<div class=\"wpb-content-wrapper\"><p>[vc_row][vc_column][vc_column_text css=&#8221;&#8221;]<\/p>\n<h4>\u00bbSerra circular para pain\u00e9is<\/h4>\n<p>Para a sec\u00e7\u00e3o longitudinal e transversal[\/vc_column_text][\/vc_column][\/vc_row][vc_row][vc_column][vc_images_carousel images=&#8221;1425,1426&#8243; img_size=&#8221;large&#8221; css=&#8221;&#8221;][\/vc_column][\/vc_row][vc_row][vc_column][vc_tta_accordion][vc_tta_section title=&#8221;Descri\u00e7\u00e3o dos componentes individuais do sistema&#8221; tab_id=&#8221;1730888153520-4d7892d0-ebd8&#8243;][vc_column_text css=&#8221;&#8221;]- Dispositivo de eleva\u00e7\u00e3o por v\u00e1cuo<br \/>&#8211; Transportador de rolos de alimenta\u00e7\u00e3o com nivelador<br \/>&#8211; Serra transversal com feixe de press\u00e3o<br \/>&#8211; Cama de paragem ajust\u00e1vel eletronicamente<br \/>&#8211; Transportador de rolos com transporte transversal<br \/>&#8211; Transportador de rolos inclinado<br \/>&#8211; Batente de largura regul\u00e1vel eletronicamente<br \/>&#8211; Serra de corte com unidade de alimenta\u00e7\u00e3o<br \/>&#8211; Transportador de rolos de sa\u00edda com transporte transversal[\/vc_column_text][\/vc_tta_section][vc_tta_section title=&#8221;Op\u00e7\u00f5es&#8221; tab_id=&#8221;1730888153520-1c825f08-ce84&#8243;][vc_column_text css=&#8221;&#8221;]Realiza\u00e7\u00f5es segundo as especifica\u00e7\u00f5es do cliente[\/vc_column_text][\/vc_tta_section][vc_tta_section title=&#8221;Dados t\u00e9cnicos&#8221; tab_id=&#8221;1730888156051-3af60563-6a7d&#8221;][vc_column_text css=&#8221;&#8221;]<b>Tamanhos de pe\u00e7as de trabalho<\/b><\/p>\n<p>Comprimento do painel: m\u00edn. 300 mm \/ m\u00e1x. 4.100 mm<br \/>Largura do painel: m\u00edn. 300 mm \/ m\u00e1x. 1.250 mm<br \/>Espessura do painel: m\u00e1x. 40 mm[\/vc_column_text][\/vc_tta_section][vc_tta_section title=&#8221;Dados de m\u00e1quina&#8221; tab_id=&#8221;1730888158746-e3f8f971-b398&#8243;][vc_column_text css=&#8221;&#8221;]<b>Velocidade de avan\u00e7o da serra<\/b><br \/>Para a frente at\u00e9 30 m\/min.<br \/> Marcha atr\u00e1s at\u00e9 30 m\/min.<\/p>\n<p><b>Pot\u00eancia do motor da serra<\/b><br \/>Serra de corte transversal 7,5 kW<br \/>Velocidade 3.800 rpm<br \/>Serra de corte 7,5 kW<br \/>Velocidade 3.800 rpm<\/p>\n<p><b>L\u00e2mina de serra<\/b><br \/>Di\u00e2metro 350 mm<br \/>Di\u00e2metro do furo interior 30 mm[\/vc_column_text][\/vc_tta_section][\/vc_tta_accordion][\/vc_column][\/vc_row]<\/p>\n<\/div>","protected":false},"excerpt":{"rendered":"<p>[vc_row][vc_column][vc_column_text css=&#8221;&#8221;] \u00bbSerra circular para pain\u00e9is Para a sec\u00e7\u00e3o longitudinal e transversal[\/vc_column_text][\/vc_column][\/vc_row][vc_row][vc_column][vc_images_carousel images=&#8221;1425,1426&#8243; img_size=&#8221;large&#8221; css=&#8221;&#8221;][\/vc_column][\/vc_row][vc_row][vc_column][vc_tta_accordion][vc_tta_section title=&#8221;Descri\u00e7\u00e3o dos componentes individuais do sistema&#8221; tab_id=&#8221;1730888153520-4d7892d0-ebd8&#8243;][vc_column_text css=&#8221;&#8221;]- Dispositivo de eleva\u00e7\u00e3o por v\u00e1cuo&#8211; Transportador de rolos de alimenta\u00e7\u00e3o com nivelador&#8211; Serra transversal com feixe de press\u00e3o&#8211; Cama de paragem ajust\u00e1vel eletronicamente&#8211; Transportador de rolos com transporte transversal&#8211; Transportador de rolos [&hellip;]<\/p>\n","protected":false},"author":2,"featured_media":0,"parent":0,"menu_order":0,"comment_status":"closed","ping_status":"closed","template":"","meta":{"footnotes":""},"class_list":["post-1424","page","type-page","status-publish","hentry"],"_links":{"self":[{"href":"https:\/\/mbm.at\/pt-pt\/wp-json\/wp\/v2\/pages\/1424","targetHints":{"allow":["GET"]}}],"collection":[{"href":"https:\/\/mbm.at\/pt-pt\/wp-json\/wp\/v2\/pages"}],"about":[{"href":"https:\/\/mbm.at\/pt-pt\/wp-json\/wp\/v2\/types\/page"}],"author":[{"embeddable":true,"href":"https:\/\/mbm.at\/pt-pt\/wp-json\/wp\/v2\/users\/2"}],"replies":[{"embeddable":true,"href":"https:\/\/mbm.at\/pt-pt\/wp-json\/wp\/v2\/comments?post=1424"}],"version-history":[{"count":6,"href":"https:\/\/mbm.at\/pt-pt\/wp-json\/wp\/v2\/pages\/1424\/revisions"}],"predecessor-version":[{"id":1812,"href":"https:\/\/mbm.at\/pt-pt\/wp-json\/wp\/v2\/pages\/1424\/revisions\/1812"}],"wp:attachment":[{"href":"https:\/\/mbm.at\/pt-pt\/wp-json\/wp\/v2\/media?parent=1424"}],"curies":[{"name":"wp","href":"https:\/\/api.w.org\/{rel}","templated":true}]}}