{"id":1383,"date":"2024-11-06T16:32:51","date_gmt":"2024-11-06T15:32:51","guid":{"rendered":"https:\/\/wp.mbm.at\/cortador-de-juntas-de-dedos\/"},"modified":"2024-11-12T14:04:18","modified_gmt":"2024-11-12T13:04:18","slug":"cortador-de-juntas-de-dedos","status":"publish","type":"page","link":"https:\/\/mbm.at\/pt-pt\/cortador-de-juntas-de-dedos\/","title":{"rendered":"Cortador de juntas de dedos"},"content":{"rendered":"<div class=\"wpb-content-wrapper\"><p>[vc_row][vc_column][vc_column_text css=&#8221;&#8221;]<\/p>\n<h4>\u00bb Cortador de juntas de dedos<\/h4>\n<p>com prensa para materiais de madeira em forma de painel[\/vc_column_text][\/vc_column][\/vc_row][vc_row][vc_column][vc_images_carousel images=&#8221;1384,1385,1386&#8243; img_size=&#8221;large&#8221; css=&#8221;&#8221;][\/vc_column][\/vc_row][vc_row][vc_column][vc_tta_accordion][vc_tta_section title=&#8221;Descri\u00e7\u00e3o dos componentes individuais do sistema&#8221; tab_id=&#8221;1730888801921-d0d2ac6a-7075&#8243;][vc_column_text css=&#8221;&#8221;]- Carro da unidade de processamento com unidade de corte de aparas,<br \/>unidade de corte de juntas dos dedos, escovas raspadoras e aplicador de cola<br \/>&#8211; Mesa de apoio est\u00e1vel<br \/>&#8211; Mesa de fixa\u00e7\u00e3o e prensagem est\u00e1vel<br \/>&#8211; Feixe de press\u00e3o<br \/>&#8211; Elementos de aquecimento<br \/>&#8211; Nivelador de pain\u00e9is<br \/>&#8211; Unidade hidr\u00e1ulica[\/vc_column_text][\/vc_tta_section][vc_tta_section title=&#8221;Op\u00e7\u00f5es&#8221; tab_id=&#8221;1730888801921-12fd171a-d0ca&#8221;][vc_column_text css=&#8221;&#8221;]Realiza\u00e7\u00f5es segundo as especifica\u00e7\u00f5es do cliente[\/vc_column_text][\/vc_tta_section][vc_tta_section title=&#8221;Dados t\u00e9cnicos&#8221; tab_id=&#8221;1730888804365-5f46d398-1ec5&#8243;][vc_column_text css=&#8221;&#8221;]<b>Tamanhos de pe\u00e7as de trabalho<\/b><\/p>\n<p>Comprimento do painel: m\u00edn. 1.000 mm<br \/>Largura do painel: m\u00edn. 600 mm \/ m\u00e1x. 2.500 mm<br \/>Espessura do painel: min. 20 mm \/ max. 100 mm[\/vc_column_text][\/vc_tta_section][vc_tta_section title=&#8221;Dados de m\u00e1quina&#8221; tab_id=&#8221;1730888806324-bd69e309-932f&#8221;][vc_column_text css=&#8221;&#8221;]<b>Velocidade de alimenta\u00e7\u00e3o do agregado<\/b><br \/>Para a frente at\u00e9 30 m\/min.<br \/> Marcha atr\u00e1s at\u00e9 30 m\/min.<\/p>\n<p><b>Unidade de tritura\u00e7\u00e3o<\/b><br \/>Pot\u00eancia 5,5 kW<br \/>Velocidade 2.850 rpm<\/p>\n<p><b>Unidade de uni\u00e3o de dedos<\/b><br \/>Pot\u00eancia 30 kW<br \/>Velocidade 4.500 rpm.<\/p>\n<p><b>Press\u00e3o de prensagem<\/b><br \/>m\u00e1x. 300.000 N ajust\u00e1vel[\/vc_column_text][\/vc_tta_section][\/vc_tta_accordion][\/vc_column][\/vc_row]<\/p>\n<\/div>","protected":false},"excerpt":{"rendered":"<p>[vc_row][vc_column][vc_column_text css=&#8221;&#8221;] \u00bb Cortador de juntas de dedos com prensa para materiais de madeira em forma de painel[\/vc_column_text][\/vc_column][\/vc_row][vc_row][vc_column][vc_images_carousel images=&#8221;1384,1385,1386&#8243; img_size=&#8221;large&#8221; css=&#8221;&#8221;][\/vc_column][\/vc_row][vc_row][vc_column][vc_tta_accordion][vc_tta_section title=&#8221;Descri\u00e7\u00e3o dos componentes individuais do sistema&#8221; tab_id=&#8221;1730888801921-d0d2ac6a-7075&#8243;][vc_column_text css=&#8221;&#8221;]- Carro da unidade de processamento com unidade de corte de aparas,unidade de corte de juntas dos dedos, escovas raspadoras e aplicador de cola&#8211; Mesa de apoio [&hellip;]<\/p>\n","protected":false},"author":2,"featured_media":0,"parent":0,"menu_order":0,"comment_status":"closed","ping_status":"closed","template":"","meta":{"footnotes":""},"class_list":["post-1383","page","type-page","status-publish","hentry"],"_links":{"self":[{"href":"https:\/\/mbm.at\/pt-pt\/wp-json\/wp\/v2\/pages\/1383","targetHints":{"allow":["GET"]}}],"collection":[{"href":"https:\/\/mbm.at\/pt-pt\/wp-json\/wp\/v2\/pages"}],"about":[{"href":"https:\/\/mbm.at\/pt-pt\/wp-json\/wp\/v2\/types\/page"}],"author":[{"embeddable":true,"href":"https:\/\/mbm.at\/pt-pt\/wp-json\/wp\/v2\/users\/2"}],"replies":[{"embeddable":true,"href":"https:\/\/mbm.at\/pt-pt\/wp-json\/wp\/v2\/comments?post=1383"}],"version-history":[{"count":6,"href":"https:\/\/mbm.at\/pt-pt\/wp-json\/wp\/v2\/pages\/1383\/revisions"}],"predecessor-version":[{"id":1760,"href":"https:\/\/mbm.at\/pt-pt\/wp-json\/wp\/v2\/pages\/1383\/revisions\/1760"}],"wp:attachment":[{"href":"https:\/\/mbm.at\/pt-pt\/wp-json\/wp\/v2\/media?parent=1383"}],"curies":[{"name":"wp","href":"https:\/\/api.w.org\/{rel}","templated":true}]}}