{"id":1348,"date":"2024-11-06T16:32:11","date_gmt":"2024-11-06T15:32:11","guid":{"rendered":"https:\/\/wp.mbm.at\/tecnologia-de-manuseamento-sistema-de-manuseamento-de-portais\/"},"modified":"2024-11-12T10:49:03","modified_gmt":"2024-11-12T09:49:03","slug":"tecnologia-de-manuseamento-sistema-de-manuseamento-de-portais","status":"publish","type":"page","link":"https:\/\/mbm.at\/pt-pt\/tecnologia-de-manuseamento-sistema-de-manuseamento-de-portais\/","title":{"rendered":"Tecnologia de manuseamento: Sistema de manuseamento de portais"},"content":{"rendered":"<div class=\"wpb-content-wrapper\"><p>[vc_row][vc_column][vc_column_text css=&#8221;&#8221;]<\/p>\n<h4>\u00bb Sistema de manuseamento de portais<\/h4>\n<p>[\/vc_column_text][\/vc_column][\/vc_row][vc_row][vc_column][vc_images_carousel images=&#8221;1349,1350,1351&#8243; img_size=&#8221;large&#8221; css=&#8221;&#8221;][\/vc_column][\/vc_row][vc_row][vc_column][vc_tta_accordion][vc_tta_section title=&#8221;Descri\u00e7\u00e3o das carater\u00edsticas de conce\u00e7\u00e3o&#8221; tab_id=&#8221;1730889791220-c61515ec-5f20&#8243;][vc_column_text css=&#8221;&#8221;]- Suporte em tubo de perfil de a\u00e7o robusto<br \/>&#8211; Calhas de guia temperadas e rectificadas<br \/>&#8211; Sapatas de guia com reserva de massa lubrificante, podem ser relubrificadas<br \/>&#8211; Limpa-sujidade para todas as superf\u00edcies de guia<br \/>&#8211; Carro de transporte em chapa de a\u00e7o robusta e resistente<br \/>&#8211; Acionamento: Servo motor trif\u00e1sico<br \/>&#8211; Caixa de velocidades com folga reduzida<br \/>&#8211; Op\u00e7\u00e3o de acionamento por correia dentada ou por cremalheira e pinh\u00e3o<br \/>&#8211; Sistema de medi\u00e7\u00e3o de posi\u00e7\u00e3o: codificador incremental<br \/>&#8211; Corrente de guia de energia[\/vc_column_text][\/vc_tta_section][vc_tta_section title=&#8221;Op\u00e7\u00f5es&#8221; tab_id=&#8221;1730889791221-21346201-da38&#8243;][vc_column_text css=&#8221;&#8221;]Realiza\u00e7\u00f5es segundo as especifica\u00e7\u00f5es do cliente[\/vc_column_text][\/vc_tta_section][vc_tta_section title=&#8221;Dados t\u00e9cnicos&#8221; tab_id=&#8221;1730889793928-12fb3746-bb0b&#8221;][vc_column_text css=&#8221;&#8221;]<b>Dist\u00e2ncias de desloca\u00e7\u00e3o &#8211; Velocidade de desloca\u00e7\u00e3o<\/b><\/p>\n<p>eixo x mm 10.000 eixo x (m\/s) m\u00e1x. 2,5<br \/>eixo y mm 5.000 eixo y (m\/s) m\u00e1x. 2,5<br \/>eixo z mm 2.000 eixo z (m\/s) m\u00e1x. 2,0  <\/p>\n<p>Acelera\u00e7\u00e3o de desloca\u00e7\u00e3o at\u00e9 30 m\/s<br \/>Repetibilidade dependente do curso e do sistema +\/- 0,1 mm<\/p>\n<p><b>Equipamento adicional<\/b><br \/>Pin\u00e7as, sistemas de troca, ferramentas, unidades de torneamento de acordo com a respectiva aplica\u00e7\u00e3o<\/p>\n<p><b>Variantes de acionamento<\/b><br \/>&#8211; Motores CA, comutadores de p\u00f3los e comutadores de cames<br \/>&#8211; Servomotores AC e codificadores<br \/>&#8211; Pneum\u00e1tico<br \/>&#8211; Hidr\u00e1ulico[\/vc_column_text][\/vc_tta_section][\/vc_tta_accordion][\/vc_column][\/vc_row]<\/p>\n<\/div>","protected":false},"excerpt":{"rendered":"<p>[vc_row][vc_column][vc_column_text css=&#8221;&#8221;] \u00bb Sistema de manuseamento de portais [\/vc_column_text][\/vc_column][\/vc_row][vc_row][vc_column][vc_images_carousel images=&#8221;1349,1350,1351&#8243; img_size=&#8221;large&#8221; css=&#8221;&#8221;][\/vc_column][\/vc_row][vc_row][vc_column][vc_tta_accordion][vc_tta_section title=&#8221;Descri\u00e7\u00e3o das carater\u00edsticas de conce\u00e7\u00e3o&#8221; tab_id=&#8221;1730889791220-c61515ec-5f20&#8243;][vc_column_text css=&#8221;&#8221;]- Suporte em tubo de perfil de a\u00e7o robusto&#8211; Calhas de guia temperadas e rectificadas&#8211; Sapatas de guia com reserva de massa lubrificante, podem ser relubrificadas&#8211; Limpa-sujidade para todas as superf\u00edcies de guia&#8211; Carro de transporte em [&hellip;]<\/p>\n","protected":false},"author":2,"featured_media":0,"parent":0,"menu_order":0,"comment_status":"closed","ping_status":"closed","template":"","meta":{"footnotes":""},"class_list":["post-1348","page","type-page","status-publish","hentry"],"_links":{"self":[{"href":"https:\/\/mbm.at\/pt-pt\/wp-json\/wp\/v2\/pages\/1348","targetHints":{"allow":["GET"]}}],"collection":[{"href":"https:\/\/mbm.at\/pt-pt\/wp-json\/wp\/v2\/pages"}],"about":[{"href":"https:\/\/mbm.at\/pt-pt\/wp-json\/wp\/v2\/types\/page"}],"author":[{"embeddable":true,"href":"https:\/\/mbm.at\/pt-pt\/wp-json\/wp\/v2\/users\/2"}],"replies":[{"embeddable":true,"href":"https:\/\/mbm.at\/pt-pt\/wp-json\/wp\/v2\/comments?post=1348"}],"version-history":[{"count":6,"href":"https:\/\/mbm.at\/pt-pt\/wp-json\/wp\/v2\/pages\/1348\/revisions"}],"predecessor-version":[{"id":1690,"href":"https:\/\/mbm.at\/pt-pt\/wp-json\/wp\/v2\/pages\/1348\/revisions\/1690"}],"wp:attachment":[{"href":"https:\/\/mbm.at\/pt-pt\/wp-json\/wp\/v2\/media?parent=1348"}],"curies":[{"name":"wp","href":"https:\/\/api.w.org\/{rel}","templated":true}]}}