{"id":1313,"date":"2024-11-06T16:31:29","date_gmt":"2024-11-06T15:31:29","guid":{"rendered":"https:\/\/wp.mbm.at\/tecnologia-de-manuseamento-mesa-basculante-rotativa\/"},"modified":"2024-11-12T10:46:36","modified_gmt":"2024-11-12T09:46:36","slug":"tecnologia-de-manuseamento-mesa-basculante-rotativa","status":"publish","type":"page","link":"https:\/\/mbm.at\/pt-pt\/tecnologia-de-manuseamento-mesa-basculante-rotativa\/","title":{"rendered":"Tecnologia de manuseamento: Mesa basculante rotativa"},"content":{"rendered":"<div class=\"wpb-content-wrapper\"><p>[vc_row][vc_column][vc_column_text css=&#8221;&#8221;]<\/p>\n<h4>Mesa basculante rotativa<\/h4>\n<p>Para trabalhos de montagem e fixa\u00e7\u00e3o<\/p>\n<p>A palete \u00e9 retirada do armaz\u00e9m de paletes e colocada automaticamente na posi\u00e7\u00e3o de inclina\u00e7\u00e3o.<br \/> A palete \u00e9 ent\u00e3o rodada 3 x 90\u00b0.[\/vc_column_text][\/vc_column][\/vc_row][vc_row][vc_column][vc_images_carousel images=&#8221;1314,1315,1316&#8243; img_size=&#8221;large&#8221; css=&#8221;&#8221;][\/vc_column][\/vc_row][vc_row][vc_column][vc_tta_accordion][vc_tta_section title=&#8221;Descri\u00e7\u00e3o dos componentes individuais do sistema&#8221; tab_id=&#8221;1730889568551-9367a8d2-9108&#8243;][vc_column_text css=&#8221;&#8221;]- Estrutura de base est\u00e1vel com rolamento girat\u00f3rio<br \/>&#8211; Placa girat\u00f3ria com rolamento girat\u00f3rio est\u00e1vel<br \/>&#8211; Placa girat\u00f3ria com garras de fixa\u00e7\u00e3o girat\u00f3rias<br \/>&#8211; Dispositivo de alimenta\u00e7\u00e3o com unidade de eleva\u00e7\u00e3o<br \/>&#8211; Unidade hidr\u00e1ulica[\/vc_column_text][\/vc_tta_section][vc_tta_section title=&#8221;Op\u00e7\u00f5es&#8221; tab_id=&#8221;1730889568551-119a1589-21aa&#8221;][vc_column_text css=&#8221;&#8221;]Realiza\u00e7\u00f5es segundo as especifica\u00e7\u00f5es do cliente[\/vc_column_text][\/vc_tta_section][vc_tta_section title=&#8221;Dados t\u00e9cnicos&#8221; tab_id=&#8221;1730889570531-d24fc72d-18f1&#8243;][vc_column_text css=&#8221;&#8221;]Tamanho da palete 800 x 800 mm<br \/>Carga da palete 30.000 N<br \/>Centro de gravidade a partir do bordo superior da palete 600 mm<br \/>Centro de gravidade descentrado 100 mm<br \/>Altura da pe\u00e7a de trabalho a partir do bordo superior da palete m\u00e1x. 1.200 mm<br \/>Movimento girat\u00f3rio de 90\u00b0<br \/>Rota\u00e7\u00e3o vertical e horizontal 3 x 90\u00b0[\/vc_column_text][\/vc_tta_section][\/vc_tta_accordion][\/vc_column][\/vc_row]<\/p>\n<\/div>","protected":false},"excerpt":{"rendered":"<p>[vc_row][vc_column][vc_column_text css=&#8221;&#8221;] Mesa basculante rotativa Para trabalhos de montagem e fixa\u00e7\u00e3o A palete \u00e9 retirada do armaz\u00e9m de paletes e colocada automaticamente na posi\u00e7\u00e3o de inclina\u00e7\u00e3o. A palete \u00e9 ent\u00e3o rodada 3 x 90\u00b0.[\/vc_column_text][\/vc_column][\/vc_row][vc_row][vc_column][vc_images_carousel images=&#8221;1314,1315,1316&#8243; img_size=&#8221;large&#8221; css=&#8221;&#8221;][\/vc_column][\/vc_row][vc_row][vc_column][vc_tta_accordion][vc_tta_section title=&#8221;Descri\u00e7\u00e3o dos componentes individuais do sistema&#8221; tab_id=&#8221;1730889568551-9367a8d2-9108&#8243;][vc_column_text css=&#8221;&#8221;]- Estrutura de base est\u00e1vel com rolamento girat\u00f3rio&#8211; Placa girat\u00f3ria com [&hellip;]<\/p>\n","protected":false},"author":2,"featured_media":0,"parent":0,"menu_order":0,"comment_status":"closed","ping_status":"closed","template":"","meta":{"footnotes":""},"class_list":["post-1313","page","type-page","status-publish","hentry"],"_links":{"self":[{"href":"https:\/\/mbm.at\/pt-pt\/wp-json\/wp\/v2\/pages\/1313","targetHints":{"allow":["GET"]}}],"collection":[{"href":"https:\/\/mbm.at\/pt-pt\/wp-json\/wp\/v2\/pages"}],"about":[{"href":"https:\/\/mbm.at\/pt-pt\/wp-json\/wp\/v2\/types\/page"}],"author":[{"embeddable":true,"href":"https:\/\/mbm.at\/pt-pt\/wp-json\/wp\/v2\/users\/2"}],"replies":[{"embeddable":true,"href":"https:\/\/mbm.at\/pt-pt\/wp-json\/wp\/v2\/comments?post=1313"}],"version-history":[{"count":6,"href":"https:\/\/mbm.at\/pt-pt\/wp-json\/wp\/v2\/pages\/1313\/revisions"}],"predecessor-version":[{"id":1672,"href":"https:\/\/mbm.at\/pt-pt\/wp-json\/wp\/v2\/pages\/1313\/revisions\/1672"}],"wp:attachment":[{"href":"https:\/\/mbm.at\/pt-pt\/wp-json\/wp\/v2\/media?parent=1313"}],"curies":[{"name":"wp","href":"https:\/\/api.w.org\/{rel}","templated":true}]}}