{"id":1225,"date":"2024-11-06T15:46:12","date_gmt":"2024-11-06T14:46:12","guid":{"rendered":"https:\/\/wp.mbm.at\/serras-de-esquadria-dupla\/"},"modified":"2024-12-18T10:36:28","modified_gmt":"2024-12-18T09:36:28","slug":"serras-de-esquadria-dupla","status":"publish","type":"page","link":"https:\/\/mbm.at\/pt-pt\/serras-de-esquadria-dupla\/","title":{"rendered":"\u00bb Serras de esquadria dupla DAS-E"},"content":{"rendered":"<div class=\"wpb-content-wrapper\"><p>[vc_row][vc_column][vc_single_image image=&#8221;1226&#8243; img_size=&#8221;full&#8221; alignment=&#8221;center&#8221; onclick=&#8221;custom_link&#8221; css=&#8221;&#8221; link=&#8221;https:\/\/mbm.at\/wp-content\/uploads\/2024\/11\/2344556_bi_Doppelgehrungssaege.jpg&#8221;][\/vc_column][\/vc_row][vc_row][vc_column][vc_tta_accordion][vc_tta_section title=&#8221;Suas vantagens&#8221; tab_id=&#8221;1730883459952-56bf27ce-eb36&#8243;][vc_column_text css=&#8221;&#8221;]- Cortes precisos em termos dimensionais e angulares<br \/>&#8211; Qualidade de corte perfeitaTempo m\u00ednimo de prepara\u00e7\u00e3o<br \/>&#8211; Superf\u00edcie sem riscos e sem vest\u00edgios<br \/>&#8211; M\u00e9todo de trabalho eficiente<br \/>&#8211; Precis\u00e3o para toda a vida<br \/>&#8211; Tempo m\u00ednimo de prepara\u00e7\u00e3o<br \/>&#8211; Laser de linha<br \/>&#8211; Ecr\u00e3 de medi\u00e7\u00e3o de 5 eixos[\/vc_column_text][\/vc_tta_section][vc_tta_section title=&#8221;Op\u00e7\u00f5es&#8221; tab_id=&#8221;1730883479196-38c51b5a-5a33&#8243;][vc_column_text css=&#8221;&#8221;]- Unidades de entalhe[\/vc_column_text][\/vc_tta_section][vc_tta_section title=&#8221;Dados t\u00e9cnicos&#8221; tab_id=&#8221;1730883459952-c81651e4-8f16&#8243;][vc_column_text css=&#8221;&#8221;]<b>Dimens\u00f5es da pe\u00e7a<\/b><br \/>Comprimento da pe\u00e7a 250 mm \u2013 2.200 mm<br \/>Largura da pe\u00e7a 50 mm \u2013 660 mm<br \/>Altura da pe\u00e7a m\u00e1x. 85 mm <\/p>\n<p><b>\u00c2ngulo meia-esquadria<\/b><br \/>Esquadria grande 93\u00b0 &#8211; 45\u00b0<br \/>Esquadria pequena 90\u00b0 &#8211; 43\u00b0<\/p>\n<p><b>Exactid\u00e3o dimensional<\/b><br \/>Esquadria grande +\/- 0,02\u00b0<br \/>Esquadria pequena +\/- 0,05\u00b0<br \/>Comprimento da pe\u00e7a +\/- 0,2 mm<\/p>\n<p><b>Folha de serrar <\/b><br \/>Di\u00e2metro do furo 350 mm\/400 mm<br \/>Di\u00e2metro do furo interno 30 mm<\/p>\n<p><b>Agregado de ranhurar<\/b><br \/>Di\u00e2metro do furo 180 mm<br \/>Di\u00e2metro do furo interno 30 mm[\/vc_column_text][\/vc_tta_section][vc_tta_section title=&#8221;Sistema de controlo&#8221; tab_id=&#8221;1730883490171-82b58602-f4a0&#8243;][vc_column_text css=&#8221;&#8221;]- Diagn\u00f3stico de avarias<br \/>&#8211; V\u00e1rias op\u00e7\u00f5es de configura\u00e7\u00e3o<br \/>&#8211; Sele\u00e7\u00e3o e desmarca\u00e7\u00e3o de n\u00fameros de telefone <\/p>\n<p><b>Op\u00e7\u00f5es<\/b><br \/>&#8211; Diagn\u00f3stico remoto[\/vc_column_text][\/vc_tta_section][vc_tta_section title=&#8221;Dados de m\u00e1quina&#8221; tab_id=&#8221;1730883487916-6e248e57-14e5&#8243;][vc_column_text css=&#8221;&#8221;]<b>Velocidade de avan\u00e7o da serra<\/b><br \/>Avan\u00e7o\/retrocesso at\u00e9 30 m\/min.<br \/>Pot\u00eancia do motor da serra 5,5 kW<br \/>Velocidade 4.200 rpm<br \/>Pot\u00eancia do motor da unidade de ranhurar 1 kW<br \/>Velocidade 6.000 rpm[\/vc_column_text][\/vc_tta_section][\/vc_tta_accordion][\/vc_column][\/vc_row]<\/p>\n<\/div>","protected":false},"excerpt":{"rendered":"<p>[vc_row][vc_column][vc_single_image image=&#8221;1226&#8243; img_size=&#8221;full&#8221; alignment=&#8221;center&#8221; onclick=&#8221;custom_link&#8221; css=&#8221;&#8221; link=&#8221;https:\/\/mbm.at\/wp-content\/uploads\/2024\/11\/2344556_bi_Doppelgehrungssaege.jpg&#8221;][\/vc_column][\/vc_row][vc_row][vc_column][vc_tta_accordion][vc_tta_section title=&#8221;Suas vantagens&#8221; tab_id=&#8221;1730883459952-56bf27ce-eb36&#8243;][vc_column_text css=&#8221;&#8221;]- Cortes precisos em termos dimensionais e angulares&#8211; Qualidade de corte perfeitaTempo m\u00ednimo de prepara\u00e7\u00e3o&#8211; Superf\u00edcie sem riscos e sem vest\u00edgios&#8211; M\u00e9todo de trabalho eficiente&#8211; Precis\u00e3o para toda a vida&#8211; Tempo m\u00ednimo de prepara\u00e7\u00e3o&#8211; Laser de linha&#8211; Ecr\u00e3 de medi\u00e7\u00e3o de 5 eixos[\/vc_column_text][\/vc_tta_section][vc_tta_section title=&#8221;Op\u00e7\u00f5es&#8221; tab_id=&#8221;1730883479196-38c51b5a-5a33&#8243;][vc_column_text [&hellip;]<\/p>\n","protected":false},"author":2,"featured_media":0,"parent":0,"menu_order":0,"comment_status":"closed","ping_status":"closed","template":"","meta":{"footnotes":""},"class_list":["post-1225","page","type-page","status-publish","hentry"],"_links":{"self":[{"href":"https:\/\/mbm.at\/pt-pt\/wp-json\/wp\/v2\/pages\/1225","targetHints":{"allow":["GET"]}}],"collection":[{"href":"https:\/\/mbm.at\/pt-pt\/wp-json\/wp\/v2\/pages"}],"about":[{"href":"https:\/\/mbm.at\/pt-pt\/wp-json\/wp\/v2\/types\/page"}],"author":[{"embeddable":true,"href":"https:\/\/mbm.at\/pt-pt\/wp-json\/wp\/v2\/users\/2"}],"replies":[{"embeddable":true,"href":"https:\/\/mbm.at\/pt-pt\/wp-json\/wp\/v2\/comments?post=1225"}],"version-history":[{"count":17,"href":"https:\/\/mbm.at\/pt-pt\/wp-json\/wp\/v2\/pages\/1225\/revisions"}],"predecessor-version":[{"id":3949,"href":"https:\/\/mbm.at\/pt-pt\/wp-json\/wp\/v2\/pages\/1225\/revisions\/3949"}],"wp:attachment":[{"href":"https:\/\/mbm.at\/pt-pt\/wp-json\/wp\/v2\/media?parent=1225"}],"curies":[{"name":"wp","href":"https:\/\/api.w.org\/{rel}","templated":true}]}}