{"id":775,"date":"2024-11-06T16:34:09","date_gmt":"2024-11-06T15:34:09","guid":{"rendered":"https:\/\/wp.mbm.at\/maszyny-specjalistyczne\/"},"modified":"2024-11-07T15:05:42","modified_gmt":"2024-11-07T14:05:42","slug":"maszyny-specjalistyczne","status":"publish","type":"page","link":"https:\/\/mbm.at\/pl\/maszyny-specjalistyczne\/","title":{"rendered":"Maszyny specjalistyczne"},"content":{"rendered":"<div class=\"wpb-content-wrapper\"><p>[vc_row][vc_column][vc_column_text css=&#8221;&#8221;]<b>mbm<\/b> swoj\u0105 nazw\u0105 nawi\u0105zuje do wysokowydajnych produkt\u00f3w i jako\u015bci.<br \/>Dokonujemy wszelkich stara\u0144, by nasze produkty korzysta\u0142y z optymalnych rozwi\u0105za\u0144. Wykorzystujemy do tego nasz\u0105 bogat\u0105 wiedz\u0119, elastyczno\u015b\u0107 i innowacj\u0119.<\/p>\n<p>Naszymi najmocniejszymi stronami jest planowanie, konstrukcja i monta\u017c maszyn. Nasz serwis obejmuje procedur\u0119 rozruchu i szkolenie na miejscu u klienta. Mi\u0119dzy innymi dzi\u0119ki takim dzia\u0142aniom wszystkie nasze projekty ko\u0144cz\u0105 si\u0119 pe\u0142nym sukcesem. Zesp\u00f3\u0142 mbm zapewnia pe\u0142ne wsparcie przy osi\u0105ganiu maksymalnej wydajno\u015bci Twojego produktu. Dzia\u0142alno\u015b\u0107 dzia\u0142u obs\u0142ugi klienta i przegl\u0105d\u00f3w konserwacyjnych ma kluczowe znaczenie w zapewnianiu stabilno\u015bci produkcji.   <br \/> Oferujemy r\u00f3wnie\u017c kompaktowe, mniejsze rozwi\u0105zania, takie jak np. oprzyrz\u0105dowanie, przyrz\u0105dy podr\u0119czne, po\u0142\u0105czenia maszynowe itp.<\/p>\n<h3>\u00bb Maszyny specjalistyczne<\/h3>\n<ul>\n<li>Pi\u0142a do przycinania p\u0142yt<\/li>\n<li>Wczepiarka<\/li>\n<li>Linia pi\u0142a, frezarka, wiertarka<\/li>\n<li>Kraw\u0119dziarka<\/li>\n<li>Stacja wiertarska<\/li>\n<li>Pi\u0142a szybkobie\u017cna<\/li>\n<\/ul>\n<p><b> <\/b><\/p>\n<p>Na wszelkie pytania odno\u015bnie naszych produkt\u00f3w ch\u0119tnie udzielamy odpowiedzi pod numerem <b>+43 5572 555800<\/b><br \/>lub za po\u015brednictwem formularza informacyjnego.[\/vc_column_text][\/vc_column][\/vc_row]<\/p>\n<\/div>","protected":false},"excerpt":{"rendered":"<p>[vc_row][vc_column][vc_column_text css=&#8221;&#8221;]mbm swoj\u0105 nazw\u0105 nawi\u0105zuje do wysokowydajnych produkt\u00f3w i jako\u015bci.Dokonujemy wszelkich stara\u0144, by nasze produkty korzysta\u0142y z optymalnych rozwi\u0105za\u0144. Wykorzystujemy do tego nasz\u0105 bogat\u0105 wiedz\u0119, elastyczno\u015b\u0107 i innowacj\u0119. Naszymi najmocniejszymi stronami jest planowanie, konstrukcja i monta\u017c maszyn. Nasz serwis obejmuje procedur\u0119 rozruchu i szkolenie na miejscu u klienta. Mi\u0119dzy innymi dzi\u0119ki takim dzia\u0142aniom wszystkie nasze [&hellip;]<\/p>\n","protected":false},"author":2,"featured_media":0,"parent":0,"menu_order":0,"comment_status":"closed","ping_status":"closed","template":"","meta":{"footnotes":""},"class_list":["post-775","page","type-page","status-publish","hentry"],"_links":{"self":[{"href":"https:\/\/mbm.at\/pl\/wp-json\/wp\/v2\/pages\/775","targetHints":{"allow":["GET"]}}],"collection":[{"href":"https:\/\/mbm.at\/pl\/wp-json\/wp\/v2\/pages"}],"about":[{"href":"https:\/\/mbm.at\/pl\/wp-json\/wp\/v2\/types\/page"}],"author":[{"embeddable":true,"href":"https:\/\/mbm.at\/pl\/wp-json\/wp\/v2\/users\/2"}],"replies":[{"embeddable":true,"href":"https:\/\/mbm.at\/pl\/wp-json\/wp\/v2\/comments?post=775"}],"version-history":[{"count":2,"href":"https:\/\/mbm.at\/pl\/wp-json\/wp\/v2\/pages\/775\/revisions"}],"predecessor-version":[{"id":777,"href":"https:\/\/mbm.at\/pl\/wp-json\/wp\/v2\/pages\/775\/revisions\/777"}],"wp:attachment":[{"href":"https:\/\/mbm.at\/pl\/wp-json\/wp\/v2\/media?parent=775"}],"curies":[{"name":"wp","href":"https:\/\/api.w.org\/{rel}","templated":true}]}}