{"id":751,"date":"2024-11-06T16:34:01","date_gmt":"2024-11-06T15:34:01","guid":{"rendered":"https:\/\/wp.mbm.at\/prasa-do-montazu-trumien\/"},"modified":"2024-12-18T11:25:42","modified_gmt":"2024-12-18T10:25:42","slug":"prasa-do-montazu-trumien","status":"publish","type":"page","link":"https:\/\/mbm.at\/pl\/prasa-do-montazu-trumien\/","title":{"rendered":"Prasa do monta\u017cu trumien"},"content":{"rendered":"<div class=\"wpb-content-wrapper\"><p>[vc_row][vc_column][vc_column_text css=&#8221;&#8221;]<\/p>\n<h4>Prasa do monta\u017cu trumien &#8211; kszta\u0142t trumny koniczny<\/h4>\n<h5><b>(p\u00f3\u0142skrzynia g\u00f3rna KPO, p\u00f3\u0142skrzynia dolna KPU)<\/b><\/h5>\n<p>Produkcja wi\u0119kszej ilo\u015bci trumien wymaga zastosowania dw\u00f3ch pras: prasy do wyrobu p\u00f3\u0142skrzy\u0144 g\u00f3rnych i prasy do wyrobu p\u00f3\u0142skrzy\u0144 dolnych.<br \/> W\u00f3wczas dwie osoby s\u0105 w stanie zmontowa\u0107 (na jednej zmianie) nawet 140 trumien.<br \/>W przypadku produkcji seryjnej liczba produkowanych sztuk mo\u017ce by\u0107 jeszcze wi\u0119ksza![\/vc_column_text][\/vc_column][\/vc_row][vc_row][vc_column width=&#8221;1\/5&#8243;][vc_single_image image=&#8221;1211&#8243; img_size=&#8221;500*500&#8243; alignment=&#8221;center&#8221; onclick=&#8221;custom_link&#8221; css=&#8221;&#8221; link=&#8221;https:\/\/mbm.at\/wp-content\/uploads\/2024\/11\/Korpuspresse-1.jpg&#8221;][\/vc_column][vc_column width=&#8221;1\/5&#8243;][vc_single_image image=&#8221;1212&#8243; img_size=&#8221;500*500&#8243; alignment=&#8221;center&#8221; onclick=&#8221;custom_link&#8221; css=&#8221;&#8221; link=&#8221;https:\/\/mbm.at\/wp-content\/uploads\/2024\/11\/Korpuspresse-2.jpg&#8221;][\/vc_column][vc_column width=&#8221;1\/5&#8243;][vc_single_image image=&#8221;1213&#8243; img_size=&#8221;500*500&#8243; alignment=&#8221;center&#8221; onclick=&#8221;custom_link&#8221; css=&#8221;&#8221; link=&#8221;https:\/\/mbm.at\/wp-content\/uploads\/2024\/11\/Korpuspresse-3.jpg&#8221;][\/vc_column][vc_column width=&#8221;1\/5&#8243;][vc_single_image image=&#8221;1214&#8243; img_size=&#8221;500*500&#8243; alignment=&#8221;center&#8221; onclick=&#8221;custom_link&#8221; css=&#8221;&#8221; link=&#8221;https:\/\/mbm.at\/wp-content\/uploads\/2024\/11\/Korpuspresse-4.jpg&#8221;][\/vc_column][vc_column width=&#8221;1\/5&#8243;][vc_single_image image=&#8221;1215&#8243; img_size=&#8221;500*500&#8243; alignment=&#8221;center&#8221; onclick=&#8221;custom_link&#8221; css=&#8221;&#8221; link=&#8221;https:\/\/mbm.at\/wp-content\/uploads\/2024\/11\/Korpuspresse-5.jpg&#8221;][\/vc_column][\/vc_row][vc_row][vc_column][vc_tta_accordion][vc_tta_section title=&#8221;Korzy\u015bci dla u\u017cytkownika&#8221; tab_id=&#8221;1730885815894-4b685d04-dcad&#8221;][vc_column_text css=&#8221;&#8221;]- zastosowanie do wszystkich modeli<br \/>&#8211; zmiana modelu w najkr\u00f3tszym mo\u017cliwym czasie bez u\u017cycia narz\u0119dzi<br \/>&#8211; uniwersalne zastosowanie do wszystkich rodzaj\u00f3w po\u0142\u0105cze\u0144 k\u0105towych<br \/>&#8211; wypo\u015brodkowanie (centrowanie) cz\u0119\u015bci wezg\u0142owiowej i cz\u0119\u015bci dolnej (stopy)<br \/>&#8211; du\u017ce warto\u015bci docisku na wszyskich kraw\u0119dziach\/k\u0105tach<br \/>&#8211; mo\u017cliwo\u015b\u0107 monta\u017cu p\u00f3\u0142skrzyni dolnej lub p\u00f3\u0142skrzyni g\u00f3rnej<br \/>&#8211; mo\u017cliwo\u015b\u0107 obrotu o 200\u00b0[\/vc_column_text][\/vc_tta_section][vc_tta_section title=&#8221;Opcja: z automatycznym odbiorem skrzy\u0144&#8221; tab_id=&#8221;1730885815894-7dd5c9f9-a1bc&#8221;][vc_column_text css=&#8221;&#8221;]oszcz\u0119dno\u015b\u0107 czasu pracy:<br \/>\u2013 podczas automatycznego odbioru mo\u017cna ju\u017c przygotowywa\u0107<br \/> lub nanosi\u0107 klej na kolejne elementy<br \/>\u2013 brak konieczno\u015bci podnoszenia ci\u0119\u017ckich element\u00f3w[\/vc_column_text][\/vc_tta_section][vc_tta_section title=&#8221;Mniej obr\u00f3bki finalnej&#8221; tab_id=&#8221;1730885818482-ed1894c7-353d&#8221;][vc_column_text css=&#8221;&#8221;]- wymiary przek\u0105tnych s\u0105 identyczne<br \/>&#8211; dok\u0142adne wykonanie k\u0105t\u00f3w\/kraw\u0119dzi<br \/>&#8211; mniej lub nawet ca\u0142kowity brak potrzeby strugania[\/vc_column_text][\/vc_tta_section][vc_tta_section title=&#8221;Dane techniczne&#8221; tab_id=&#8221;1730885820224-e5c9f796-4dc6&#8243;][vc_column_text css=&#8221;&#8221;]<b>KPO<\/b><br \/>D\u0142ugo\u015b\u0107 cz\u0119\u015bci bocznej: 1.730 mm \u2013 2.150 mm<br \/>D\u0142ugo\u015b\u0107 cz\u0119\u015bci wezg\u0142owiowej: 480 mm \u2013 730 mm<br \/>D\u0142ugo\u015b\u0107 cz\u0119\u015bci dolnej (stopy): 480 mm \u2013 730 mm<br \/>Wysoko\u015b\u0107 trumny: 185 mm \u2013 375 mm<br \/>Obr\u00f3t: 0\u00b0 \u2013 200\u00b0<\/p>\n<p><b>KPU<\/b><br \/>D\u0142ugo\u015b\u0107 cz\u0119\u015bci bocznej: 1.730 mm \u2013 2.150 mm<br \/>D\u0142ugo\u015b\u0107 cz\u0119\u015bci wezg\u0142owiowej: 550 mm \u2013 800 mm<br \/>D\u0142ugo\u015b\u0107 cz\u0119\u015bci dolnej (stopy): 550 mm \u2013 800 mm<br \/>Wysoko\u015b\u0107 trumny: 185 mm \u2013 375 mm<br \/>Obr\u00f3t: 0\u00b0 \u2013 200\u00b0[\/vc_column_text][\/vc_tta_section][\/vc_tta_accordion][\/vc_column][\/vc_row][vc_row][vc_column][vc_column_text css=&#8221;&#8221;]<\/p>\n<h4>Prasa do monta\u017cu trumien kombinowana &#8211; kszta\u0142t trumny koniczny<\/h4>\n<h5><b>(p\u00f3\u0142skrzynia g\u00f3rna KPO i p\u00f3\u0142skrzynia dolna KPU)<\/b><\/h5>\n<p>Prasa oferuje mo\u017cliwo\u015b\u0107 monta\u017cu p\u00f3\u0142skrzyni dolnych i p\u00f3\u0142skrzyni g\u00f3rnych.<br \/> 1 osoba mo\u017ce na takiej prasie zmontowa\u0107 (na jednej zmianie) nawet 60 trumien.[\/vc_column_text][\/vc_column][\/vc_row][vc_row][vc_column][vc_tta_accordion][vc_tta_section title=&#8221;Korzy\u015bci dla u\u017cytkownika&#8221; tab_id=&#8221;1730886022753-110f85b9-50c4&#8243;][vc_column_text css=&#8221;&#8221;]- zastosowanie do wszystkich modeli<br \/>&#8211; zmiana modelu w najkr\u00f3tszym mo\u017cliwym czasie bez u\u017cycia narz\u0119dzi<br \/>&#8211; uniwersalne zastosowanie do wszystkich rodzaj\u00f3w po\u0142\u0105cze\u0144 k\u0105towych<br \/>&#8211; wypo\u015brodkowanie (centrowanie) cz\u0119\u015bci wezg\u0142owiowej i cz\u0119\u015bci dolnej (stopy)<br \/>&#8211; du\u017ce warto\u015bci docisku na wszyskich kraw\u0119dziach\/k\u0105tach<br \/>&#8211; mo\u017cliwo\u015b\u0107 monta\u017cu p\u00f3\u0142skrzyni dolnej lub p\u00f3\u0142skrzyni g\u00f3rnej<br \/>&#8211; mo\u017cliwo\u015b\u0107 obrotu o 200\u00b0[\/vc_column_text][\/vc_tta_section][vc_tta_section title=&#8221;Opcja: z automatycznym odbiorem skrzy\u0144&#8221; tab_id=&#8221;1730886022753-240aad86-ff60&#8243;][vc_column_text css=&#8221;&#8221;]oszcz\u0119dno\u015b\u0107 czasu pracy:<br \/>\u2013 podczas automatycznego odbioru mo\u017cna ju\u017c przygotowywa\u0107<br \/> lub nanosi\u0107 klej na kolejne elementy<br \/>\u2013 brak konieczno\u015bci podnoszenia ci\u0119\u017ckich element\u00f3w[\/vc_column_text][\/vc_tta_section][vc_tta_section title=&#8221;Mniej obr\u00f3bki finalnej&#8221; tab_id=&#8221;1730886024798-97baede7-fdd1&#8243;][vc_column_text css=&#8221;&#8221;]- wymiary przek\u0105tnych s\u0105 identyczne<br \/>&#8211; dok\u0142adne wykonanie k\u0105t\u00f3w\/kraw\u0119dzi<br \/>&#8211; mniej lub nawet ca\u0142kowity brak potrzeby strugania[\/vc_column_text][\/vc_tta_section][vc_tta_section title=&#8221;Dane techniczne&#8221; tab_id=&#8221;1730886026630-4b492646-38b4&#8243;][vc_column_text css=&#8221;&#8221;]<b>KPO<\/b><br \/>D\u0142ugo\u015b\u0107 cz\u0119\u015bci bocznej: 1.730 mm \u2013 2.150 mm<br \/>D\u0142ugo\u015b\u0107 cz\u0119\u015bci wezg\u0142owiowej: 480 mm \u2013 730 mm<br \/>D\u0142ugo\u015b\u0107 cz\u0119\u015bci dolnej (stopy): 480 mm \u2013 730 mm<br \/>Wysoko\u015b\u0107 trumny: 185 mm \u2013 375 mm<br \/>Obr\u00f3t: 0\u00b0 \u2013 200\u00b0<\/p>\n<p><b>KPU<\/b><br \/>D\u0142ugo\u015b\u0107 cz\u0119\u015bci bocznej: 1.730 mm \u2013 2.150 mm<br \/>D\u0142ugo\u015b\u0107 cz\u0119\u015bci wezg\u0142owiowej: 550 mm \u2013 800 mm<br \/>D\u0142ugo\u015b\u0107 cz\u0119\u015bci dolnej (stopy): 550 mm \u2013 800 mm<br \/>Wysoko\u015b\u0107 trumny: 185 mm \u2013 375 mm<br \/>Obr\u00f3t: 0\u00b0 \u2013 200\u00b0[\/vc_column_text][\/vc_tta_section][\/vc_tta_accordion][\/vc_column][\/vc_row][vc_row][vc_column][vc_column_text css=&#8221;&#8221;]<\/p>\n<h4>Prasa do monta\u017cu trumien &#8211; kszta\u0142t trumny trapezu<\/h4>\n<h5><b>(p\u00f3\u0142skrzynia g\u00f3rna KPO-F, p\u00f3\u0142skrzynia dolna KPU-F)<\/b><\/h5>\n<p>Z pomoc\u0105 naszych pras z automatycznym wyrzutem 2 osoby s\u0105 w stanie<br \/>wyprodukowa\u0107 podczas jednej zmiany ponad 80 trumien.[\/vc_column_text][\/vc_column][\/vc_row][vc_row][vc_column width=&#8221;1\/6&#8243;][vc_single_image image=&#8221;1216&#8243; img_size=&#8221;500*500&#8243; alignment=&#8221;center&#8221; onclick=&#8221;custom_link&#8221; css=&#8221;&#8221; link=&#8221;https:\/\/mbm.at\/wp-content\/uploads\/2024\/11\/Korpuspresse-tailliert-1.jpg&#8221;][\/vc_column][vc_column width=&#8221;1\/6&#8243;][vc_single_image image=&#8221;1217&#8243; img_size=&#8221;500*500&#8243; alignment=&#8221;center&#8221; onclick=&#8221;custom_link&#8221; css=&#8221;&#8221; link=&#8221;https:\/\/mbm.at\/wp-content\/uploads\/2024\/11\/Korpuspresse-tailliert-2.jpg&#8221;][\/vc_column][vc_column width=&#8221;1\/6&#8243;][vc_single_image image=&#8221;1218&#8243; img_size=&#8221;500*500&#8243; alignment=&#8221;center&#8221; onclick=&#8221;custom_link&#8221; css=&#8221;&#8221; link=&#8221;https:\/\/mbm.at\/wp-content\/uploads\/2024\/11\/Korpuspresse-tailliert-3.jpg&#8221;][\/vc_column][vc_column width=&#8221;1\/6&#8243;][vc_single_image image=&#8221;1219&#8243; img_size=&#8221;500*500&#8243; alignment=&#8221;center&#8221; onclick=&#8221;custom_link&#8221; css=&#8221;&#8221; link=&#8221;https:\/\/mbm.at\/wp-content\/uploads\/2024\/11\/Korpuspresse-tailliert-4.jpg&#8221;][\/vc_column][vc_column width=&#8221;1\/6&#8243;][vc_single_image image=&#8221;1220&#8243; img_size=&#8221;500*500&#8243; alignment=&#8221;center&#8221; onclick=&#8221;custom_link&#8221; css=&#8221;&#8221; link=&#8221;https:\/\/mbm.at\/wp-content\/uploads\/2024\/11\/Korpuspresse-tailliert-5.jpg&#8221;][\/vc_column][vc_column width=&#8221;1\/6&#8243;][vc_single_image image=&#8221;1221&#8243; img_size=&#8221;500*500&#8243; alignment=&#8221;center&#8221; onclick=&#8221;custom_link&#8221; css=&#8221;&#8221; link=&#8221;https:\/\/mbm.at\/wp-content\/uploads\/2024\/11\/Korpuspresse-tailliert-6.jpg&#8221;][\/vc_column][\/vc_row][vc_row][vc_column][vc_tta_accordion][vc_tta_section title=&#8221;Korzy\u015bci dla u\u017cytkownika&#8221; tab_id=&#8221;1730886269230-d706ff35-c2f2&#8243;][vc_column_text css=&#8221;&#8221;]- zastosowanie do wszystkich modeli<br \/>&#8211; zmiana modelu w najkr\u00f3tszym mo\u017cliwym czasie bez u\u017cycia narz\u0119dzi<br \/>&#8211; uniwersalne zastosowanie do wszystkich rodzaj\u00f3w po\u0142\u0105cze\u0144 k\u0105towych<br \/>&#8211; dok\u0142adne, centrowane \u0142\u0105czenie element\u00f3w<br \/>&#8211; du\u017ce warto\u015bci docisku na wszyskich kraw\u0119dziach\/k\u0105tach<br \/>&#8211; mo\u017cliwo\u015b\u0107 monta\u017cu p\u00f3\u0142skrzyni dolnej lub p\u00f3\u0142skrzyni g\u00f3rnej<br \/>&#8211; mo\u017cliwo\u015b\u0107 obrotu o 200\u00b0[\/vc_column_text][\/vc_tta_section][vc_tta_section title=&#8221;Opcja: z automatycznym odbiorem skrzy\u0144&#8221; tab_id=&#8221;1730886269231-6e0c683e-5347&#8243;][vc_column_text css=&#8221;&#8221;]oszcz\u0119dno\u015b\u0107 czasu pracy:<br \/>\u2013 podczas automatycznego odbioru mo\u017cna ju\u017c przygotowywa\u0107<br \/> lub nanosi\u0107 klej na kolejne elementy<br \/>\u2013 brak konieczno\u015bci podnoszenia ci\u0119\u017ckich element\u00f3w[\/vc_column_text][\/vc_tta_section][vc_tta_section title=&#8221;Mniej obr\u00f3bki finalnej&#8221; tab_id=&#8221;1730886272691-ff651fa7-85ce&#8221;][vc_column_text css=&#8221;&#8221;]- wymiary przek\u0105tnych s\u0105 identyczne<br \/>&#8211; dok\u0142adne wykonanie k\u0105t\u00f3w\/kraw\u0119dzi<br \/>&#8211; mniej lub nawet ca\u0142kowity brak potrzeby strugania[\/vc_column_text][\/vc_tta_section][vc_tta_section title=&#8221;Dane techniczne&#8221; tab_id=&#8221;1730886275067-2877a1c7-d340&#8243;][vc_column_text css=&#8221;&#8221;]<b>KPO-F<\/b><br \/>D\u0142ugo\u015b\u0107 ca\u0142kowita: 1.650 mm \u2013 2.160 mm<br \/>D\u0142ugo\u015b\u0107 cz\u0119\u015bci bocznej \u2013 d\u0142ugiej: 1.250 mm \u2013 1.600 mm<br \/>D\u0142ugo\u015b\u0107 cz\u0119\u015bci bocznej \u2013 kr\u00f3tkiej: 400 mm \u2013 560 mm<br \/>Szeroko\u015b\u0107 cz\u0119\u015bci wezg\u0142owiowej: 300 mm \u2013 600 mm<br \/>Szeroko\u015b\u0107 cz\u0119\u015bci dolnej (stopy): 300 mm \u2013 600 mm<br \/>Szeroko\u015b\u0107 cz\u0119\u015bci \u015brodkowej: 550 mm \u2013 730 mm<br \/>Wysoko\u015b\u0107 trumny: 90 mm \u2013 300 mm<br \/>Obr\u00f3t: 0\u00b0 \u2013 200\u00b0<\/p>\n<p><b>KPU-F<\/b><br \/>D\u0142ugo\u015b\u0107 ca\u0142kowita: 1.600 mm \u2013 2.110 mm<br \/>D\u0142ugo\u015b\u0107 cz\u0119\u015bci bocznej \u2013 d\u0142ugiej: 1.200 mm \u2013 1.550 mm<br \/>D\u0142ugo\u015b\u0107 cz\u0119\u015bci bocznej \u2013 kr\u00f3tkiej: 400 mm \u2013 560 mm<br \/>Szeroko\u015b\u0107 cz\u0119\u015bci wezg\u0142owiowej: 300 mm \u2013 600 mm<br \/>Szeroko\u015b\u0107 cz\u0119\u015bci dolnej (stopy): 300 mm \u2013 600 mm<br \/>Szeroko\u015b\u0107 cz\u0119\u015bci \u015brodkowej: 550 mm \u2013 730 mm<br \/>Wysoko\u015b\u0107 trumny: 200 mm \u2013 400 mm<br \/>Obr\u00f3t: 0\u00b0 \u2013 200\u00b0[\/vc_column_text][\/vc_tta_section][\/vc_tta_accordion][\/vc_column][\/vc_row]<\/p>\n<\/div>","protected":false},"excerpt":{"rendered":"<p>[vc_row][vc_column][vc_column_text css=&#8221;&#8221;] Prasa do monta\u017cu trumien &#8211; kszta\u0142t trumny koniczny (p\u00f3\u0142skrzynia g\u00f3rna KPO, p\u00f3\u0142skrzynia dolna KPU) Produkcja wi\u0119kszej ilo\u015bci trumien wymaga zastosowania dw\u00f3ch pras: prasy do wyrobu p\u00f3\u0142skrzy\u0144 g\u00f3rnych i prasy do wyrobu p\u00f3\u0142skrzy\u0144 dolnych. W\u00f3wczas dwie osoby s\u0105 w stanie zmontowa\u0107 (na jednej zmianie) nawet 140 trumien.W przypadku produkcji seryjnej liczba produkowanych sztuk mo\u017ce [&hellip;]<\/p>\n","protected":false},"author":2,"featured_media":0,"parent":0,"menu_order":0,"comment_status":"closed","ping_status":"closed","template":"","meta":{"footnotes":""},"class_list":["post-751","page","type-page","status-publish","hentry"],"_links":{"self":[{"href":"https:\/\/mbm.at\/pl\/wp-json\/wp\/v2\/pages\/751","targetHints":{"allow":["GET"]}}],"collection":[{"href":"https:\/\/mbm.at\/pl\/wp-json\/wp\/v2\/pages"}],"about":[{"href":"https:\/\/mbm.at\/pl\/wp-json\/wp\/v2\/types\/page"}],"author":[{"embeddable":true,"href":"https:\/\/mbm.at\/pl\/wp-json\/wp\/v2\/users\/2"}],"replies":[{"embeddable":true,"href":"https:\/\/mbm.at\/pl\/wp-json\/wp\/v2\/comments?post=751"}],"version-history":[{"count":21,"href":"https:\/\/mbm.at\/pl\/wp-json\/wp\/v2\/pages\/751\/revisions"}],"predecessor-version":[{"id":4321,"href":"https:\/\/mbm.at\/pl\/wp-json\/wp\/v2\/pages\/751\/revisions\/4321"}],"wp:attachment":[{"href":"https:\/\/mbm.at\/pl\/wp-json\/wp\/v2\/media?parent=751"}],"curies":[{"name":"wp","href":"https:\/\/api.w.org\/{rel}","templated":true}]}}