{"id":728,"date":"2024-11-06T16:33:52","date_gmt":"2024-11-06T15:33:52","guid":{"rendered":"https:\/\/wp.mbm.at\/maszyny-do-do-produkcji-nozek-trumien\/"},"modified":"2024-12-18T10:53:37","modified_gmt":"2024-12-18T09:53:37","slug":"maszyny-do-do-produkcji-nozek-trumien","status":"publish","type":"page","link":"https:\/\/mbm.at\/pl\/maszyny-do-do-produkcji-nozek-trumien\/","title":{"rendered":"Maszyny do do produkcji n\u00f3\u017cek trumien"},"content":{"rendered":"<div class=\"wpb-content-wrapper\"><p>[vc_row][vc_column][vc_column_text css=&#8221;&#8221;]<\/p>\n<h4>\u00bb Maszyny do produkcji n\u00f3\u017cek trumien<\/h4>\n<p>do element\u00f3w n\u00f3\u017cek w skrzyni dolnej[\/vc_column_text][\/vc_column][\/vc_row][vc_row][vc_column width=&#8221;1\/3&#8243;][vc_single_image image=&#8221;729&#8243; img_size=&#8221;500*500&#8243; alignment=&#8221;center&#8221; onclick=&#8221;custom_link&#8221; css=&#8221;&#8221; link=&#8221;https:\/\/mbm.at\/wp-content\/uploads\/2024\/11\/Sargfuss-Fertigungsanlage-1.jpg&#8221;][\/vc_column][vc_column width=&#8221;1\/3&#8243;][vc_single_image image=&#8221;730&#8243; img_size=&#8221;500*500&#8243; alignment=&#8221;center&#8221; onclick=&#8221;custom_link&#8221; css=&#8221;&#8221; link=&#8221;https:\/\/mbm.at\/wp-content\/uploads\/2024\/11\/Sargfuss-Fertigungsanlage-2.jpg&#8221;][\/vc_column][vc_column width=&#8221;1\/3&#8243;][vc_single_image image=&#8221;731&#8243; img_size=&#8221;500*500&#8243; alignment=&#8221;center&#8221; onclick=&#8221;custom_link&#8221; css=&#8221;&#8221; link=&#8221;https:\/\/mbm.at\/wp-content\/uploads\/2024\/11\/Sargfuss-Fertigungsanlage-3.jpg&#8221;][\/vc_column][\/vc_row][vc_row][vc_column][vc_tta_accordion][vc_tta_section title=&#8221;Korzy\u015bci dla u\u017cytkownika&#8221; tab_id=&#8221;1730887698764-fdb91619-f8c5&#8243;][vc_column_text css=&#8221;&#8221;]- bezpo\u015brednia oszcz\u0119dno\u015b\u0107 koszt\u00f3w dzi\u0119ki optymalizacji czasu<br \/>&#8211; uniwersalne zastosowanie do r\u00f3\u017cnych typ\u00f3w n\u00f3\u017cek<br \/>&#8211; Automatyczne przycinanie element\u00f3w n\u00f3\u017cek<br \/>&#8211; minimalne czasy zbrojenia (w narz\u0119dzia)<br \/>&#8211; optymalizacja procesu produkcji<br \/>&#8211; racjonalny spos\u00f3b pracy[\/vc_column_text][\/vc_tta_section][vc_tta_section title=&#8221;Opcje&#8221; tab_id=&#8221;1730887698765-22de8620-d933&#8243;][vc_column_text css=&#8221;&#8221;]Wersje pod indywidualne potrzeby klient\u00f3w[\/vc_column_text][\/vc_tta_section][vc_tta_section title=&#8221;Dane techniczne&#8221; tab_id=&#8221;1730887701607-f771e4c5-4b11&#8243;][vc_column_text css=&#8221;&#8221;]D\u0142ugo\u015b\u0107 &#8211; magazyn 460 &#8211; 900 mm<br \/>D\u0142ugo\u015b\u0107 &#8211; elementy n\u00f3\u017cek trumien 80 &#8211; 200 mm<br \/>Szeroko\u015b\u0107 elementy (przy 90\u00b0) 20 &#8211; 80 mm<br \/>Wysoko\u015b\u0107 elementu \u2264 40 mm[\/vc_column_text][\/vc_tta_section][\/vc_tta_accordion][\/vc_column][\/vc_row]<\/p>\n<\/div>","protected":false},"excerpt":{"rendered":"<p>[vc_row][vc_column][vc_column_text css=&#8221;&#8221;] \u00bb Maszyny do produkcji n\u00f3\u017cek trumien do element\u00f3w n\u00f3\u017cek w skrzyni dolnej[\/vc_column_text][\/vc_column][\/vc_row][vc_row][vc_column width=&#8221;1\/3&#8243;][vc_single_image image=&#8221;729&#8243; img_size=&#8221;500*500&#8243; alignment=&#8221;center&#8221; onclick=&#8221;custom_link&#8221; css=&#8221;&#8221; link=&#8221;https:\/\/mbm.at\/wp-content\/uploads\/2024\/11\/Sargfuss-Fertigungsanlage-1.jpg&#8221;][\/vc_column][vc_column width=&#8221;1\/3&#8243;][vc_single_image image=&#8221;730&#8243; img_size=&#8221;500*500&#8243; alignment=&#8221;center&#8221; onclick=&#8221;custom_link&#8221; css=&#8221;&#8221; link=&#8221;https:\/\/mbm.at\/wp-content\/uploads\/2024\/11\/Sargfuss-Fertigungsanlage-2.jpg&#8221;][\/vc_column][vc_column width=&#8221;1\/3&#8243;][vc_single_image image=&#8221;731&#8243; img_size=&#8221;500*500&#8243; alignment=&#8221;center&#8221; onclick=&#8221;custom_link&#8221; css=&#8221;&#8221; link=&#8221;https:\/\/mbm.at\/wp-content\/uploads\/2024\/11\/Sargfuss-Fertigungsanlage-3.jpg&#8221;][\/vc_column][\/vc_row][vc_row][vc_column][vc_tta_accordion][vc_tta_section title=&#8221;Korzy\u015bci dla u\u017cytkownika&#8221; tab_id=&#8221;1730887698764-fdb91619-f8c5&#8243;][vc_column_text css=&#8221;&#8221;]- bezpo\u015brednia oszcz\u0119dno\u015b\u0107 koszt\u00f3w dzi\u0119ki optymalizacji czasu&#8211; uniwersalne zastosowanie do r\u00f3\u017cnych typ\u00f3w n\u00f3\u017cek&#8211; Automatyczne przycinanie element\u00f3w [&hellip;]<\/p>\n","protected":false},"author":2,"featured_media":0,"parent":0,"menu_order":0,"comment_status":"closed","ping_status":"closed","template":"","meta":{"footnotes":""},"class_list":["post-728","page","type-page","status-publish","hentry"],"_links":{"self":[{"href":"https:\/\/mbm.at\/pl\/wp-json\/wp\/v2\/pages\/728","targetHints":{"allow":["GET"]}}],"collection":[{"href":"https:\/\/mbm.at\/pl\/wp-json\/wp\/v2\/pages"}],"about":[{"href":"https:\/\/mbm.at\/pl\/wp-json\/wp\/v2\/types\/page"}],"author":[{"embeddable":true,"href":"https:\/\/mbm.at\/pl\/wp-json\/wp\/v2\/users\/2"}],"replies":[{"embeddable":true,"href":"https:\/\/mbm.at\/pl\/wp-json\/wp\/v2\/comments?post=728"}],"version-history":[{"count":13,"href":"https:\/\/mbm.at\/pl\/wp-json\/wp\/v2\/pages\/728\/revisions"}],"predecessor-version":[{"id":4158,"href":"https:\/\/mbm.at\/pl\/wp-json\/wp\/v2\/pages\/728\/revisions\/4158"}],"wp:attachment":[{"href":"https:\/\/mbm.at\/pl\/wp-json\/wp\/v2\/media?parent=728"}],"curies":[{"name":"wp","href":"https:\/\/api.w.org\/{rel}","templated":true}]}}