{"id":673,"date":"2024-11-06T16:33:14","date_gmt":"2024-11-06T15:33:14","guid":{"rendered":"https:\/\/wp.mbm.at\/maszyny-do-produkcji-trumien\/"},"modified":"2024-11-26T15:29:26","modified_gmt":"2024-11-26T14:29:26","slug":"maszyny-do-produkcji-trumien","status":"publish","type":"page","link":"https:\/\/mbm.at\/pl\/maszyny-do-produkcji-trumien\/","title":{"rendered":"Maszyny do produkcji trumien"},"content":{"rendered":"<div class=\"wpb-content-wrapper\"><p>[vc_row][vc_column][vc_column_text css=&#8221;&#8221;]Precyzja, z jak\u0105 pracuj\u0105 maszyny <span style=\"color: #40b5ad;\"><strong>mbm<\/strong><\/span>, pozostaje niezmienna od pierwszego do ostatniego dnia. Otrzymujesz powierzchnie ca\u0142kowicie wolne od zarysowa\u0144, a dzi\u0119ki optymalnemu wykorzystaniu maszyny mo\u017cesz w ka\u017cdej chwili zwi\u0119kszy\u0107 swoje mo\u017cliwo\u015bci. W przypadku maszyn programowalnych liczba mo\u017cliwych program\u00f3w zapewnia ogromn\u0105 elastyczno\u015b\u0107 w zakresie zmiany w dowolnym momencie. Zmiana modelu wymaga bardzo kr\u00f3tkiego czasu konfiguracji. Regulacja k\u0105ta i d\u0142ugo\u015bci odbywa si\u0119 automatycznie, a usterki s\u0105 natychmiast diagnozowane.    <\/p>\n<h4>\u00bb Maszyny do produkcji trumien<\/h4>\n<ul>\n<li><a href=\"https:\/\/mbm.at\/pl\/dwupila-ukosnica\/\">Podw\u00f3jna pi\u0142a ukosowa DAS-E<\/a><\/li>\n<li><a href=\"https:\/\/mbm.at\/pl\/dwupila-ukosnica-uniwersalna-das-u\/\">Dwupi\u0142a uko\u015bnica \u2013 Uniwersalna DAS-U<\/a><\/li>\n<li><a href=\"https:\/\/mbm.at\/pl\/linie-produkcyjne\/\">Dwupi\u0142a uko\u015bnica \u2013 Linia produkcyjna<\/a><\/li>\n<li><a href=\"https:\/\/mbm.at\/pl\/prasa-do-montazu-trumien\/\">Prasa do monta\u017cu trumien &#8211; kszta\u0142t trumny koniczny<\/a><\/li>\n<li><a href=\"https:\/\/mbm.at\/pl\/prasa-do-montazu-trumien\/\">Prasa do monta\u017cu trumien kombinowana &#8211; kszta\u0142t trumny koniczny<\/a><\/li>\n<li><a href=\"https:\/\/mbm.at\/pl\/prasa-do-montazu-trumien\/\">Prasa do monta\u017cu trumien &#8211; kszta\u0142t trumny trapezu<\/a><\/li>\n<li><a href=\"https:\/\/mbm.at\/pl\/automat-do-montazu-listew\/\">Automat do monta\u017cu listew &#8211; Uniwersalny<\/a><\/li>\n<li><a href=\"https:\/\/mbm.at\/pl\/automat-do-montazu-listew\/\">Automat do monta\u017cu listwy na kr\u00f3tkie cz\u0119\u015bci i d\u0142ugie cz\u0119\u015bci<\/a><\/li>\n<li><a href=\"https:\/\/mbm.at\/pl\/automat-do-montazu-listew\/\">Automat do monta\u017cu listew teowych<\/a><\/li>\n<li><a href=\"https:\/\/mbm.at\/pl\/automat-do-montazu-listew\/\">Automat do monta\u017cu listew dekoracyjnych<\/a><\/li>\n<li><a href=\"https:\/\/mbm.at\/pl\/maszyny-do-do-produkcji-nozek-trumien\/\">Maszyny do do produkcji n\u00f3\u017cek trumien<\/a><\/li>\n<\/ul>\n<p>&nbsp;<\/p>\n<p>Na wszelkie pytania odno\u015bnie naszych produkt\u00f3w ch\u0119tnie udzielamy odpowiedzi pod numerem <b>+43 5572 555800<\/b><br \/>lub za po\u015brednictwem <a href=\"https:\/\/mbm.at\/pl\/formularza-informacyjnego\/\">formularza informacyjnego.<\/a>[\/vc_column_text][\/vc_column][\/vc_row]<\/p>\n<\/div>","protected":false},"excerpt":{"rendered":"<p>[vc_row][vc_column][vc_column_text css=&#8221;&#8221;]Precyzja, z jak\u0105 pracuj\u0105 maszyny mbm, pozostaje niezmienna od pierwszego do ostatniego dnia. Otrzymujesz powierzchnie ca\u0142kowicie wolne od zarysowa\u0144, a dzi\u0119ki optymalnemu wykorzystaniu maszyny mo\u017cesz w ka\u017cdej chwili zwi\u0119kszy\u0107 swoje mo\u017cliwo\u015bci. W przypadku maszyn programowalnych liczba mo\u017cliwych program\u00f3w zapewnia ogromn\u0105 elastyczno\u015b\u0107 w zakresie zmiany w dowolnym momencie. Zmiana modelu wymaga bardzo kr\u00f3tkiego czasu konfiguracji. [&hellip;]<\/p>\n","protected":false},"author":2,"featured_media":0,"parent":0,"menu_order":0,"comment_status":"closed","ping_status":"closed","template":"","meta":{"footnotes":""},"class_list":["post-673","page","type-page","status-publish","hentry"],"_links":{"self":[{"href":"https:\/\/mbm.at\/pl\/wp-json\/wp\/v2\/pages\/673","targetHints":{"allow":["GET"]}}],"collection":[{"href":"https:\/\/mbm.at\/pl\/wp-json\/wp\/v2\/pages"}],"about":[{"href":"https:\/\/mbm.at\/pl\/wp-json\/wp\/v2\/types\/page"}],"author":[{"embeddable":true,"href":"https:\/\/mbm.at\/pl\/wp-json\/wp\/v2\/users\/2"}],"replies":[{"embeddable":true,"href":"https:\/\/mbm.at\/pl\/wp-json\/wp\/v2\/comments?post=673"}],"version-history":[{"count":10,"href":"https:\/\/mbm.at\/pl\/wp-json\/wp\/v2\/pages\/673\/revisions"}],"predecessor-version":[{"id":3017,"href":"https:\/\/mbm.at\/pl\/wp-json\/wp\/v2\/pages\/673\/revisions\/3017"}],"wp:attachment":[{"href":"https:\/\/mbm.at\/pl\/wp-json\/wp\/v2\/media?parent=673"}],"curies":[{"name":"wp","href":"https:\/\/api.w.org\/{rel}","templated":true}]}}