{"id":632,"date":"2024-11-06T16:33:01","date_gmt":"2024-11-06T15:33:01","guid":{"rendered":"https:\/\/wp.mbm.at\/automat-do-montazu-listew\/"},"modified":"2024-12-18T11:23:23","modified_gmt":"2024-12-18T10:23:23","slug":"automat-do-montazu-listew","status":"publish","type":"page","link":"https:\/\/mbm.at\/pl\/automat-do-montazu-listew\/","title":{"rendered":"Automat do monta\u017cu listew"},"content":{"rendered":"<div class=\"wpb-content-wrapper\"><p>[vc_row][vc_column][vc_column_text css=&#8221;&#8221;]<\/p>\n<h4>\u00bb Automat do monta\u017cu listew &#8211; Uniwersalny<\/h4>\n<p>do monta\u017cu listwy coko\u0142owej na p\u00f3\u0142skrzyni dolnej, wstrzeliwanie od do\u0142u<br \/> do monta\u017cu listwy wie\u0144cowej i p\u00f3\u0142okr\u0105g\u0142ej na p\u00f3\u0142skrzyni g\u00f3rnej, wstrzeliwanie od do\u0142u[\/vc_column_text][\/vc_column][\/vc_row][vc_row][vc_column width=&#8221;1\/3&#8243;][vc_single_image image=&#8221;633&#8243; img_size=&#8221;500*500&#8243; alignment=&#8221;center&#8221; onclick=&#8221;custom_link&#8221; css=&#8221;&#8221; link=&#8221;https:\/\/mbm.at\/wp-content\/uploads\/2024\/11\/Leistenmontageautomat-1.jpg&#8221;][\/vc_column][vc_column width=&#8221;1\/3&#8243;][vc_single_image image=&#8221;634&#8243; img_size=&#8221;500*500&#8243; alignment=&#8221;center&#8221; onclick=&#8221;custom_link&#8221; css=&#8221;&#8221; link=&#8221;https:\/\/mbm.at\/wp-content\/uploads\/2024\/11\/Leistenmontageautomat-2.jpg&#8221;][\/vc_column][vc_column width=&#8221;1\/3&#8243;][vc_single_image image=&#8221;635&#8243; img_size=&#8221;500*500&#8243; alignment=&#8221;center&#8221; onclick=&#8221;custom_link&#8221; css=&#8221;&#8221; link=&#8221;https:\/\/mbm.at\/wp-content\/uploads\/2024\/11\/Leistenmontageautomat-3.jpg&#8221;][\/vc_column][\/vc_row][vc_row][vc_column][vc_tta_accordion][vc_tta_section title=&#8221;Korzy\u015bci dla u\u017cytkownika&#8221; tab_id=&#8221;1730886771547-3dd1db03-4973&#8243;][vc_column_text css=&#8221;&#8221;]- bezpo\u015brednia oszcz\u0119dno\u015b\u0107 koszt\u00f3w dzi\u0119ki optymalizacji czasu<br \/>&#8211; uniwersalne zastosowanie do monta\u017cu r\u00f3\u017cnych rodzaj\u00f3w listew<br \/>&#8211; automatyczne wyr\u00f3wnywanie i napr\u0119\u017canie p\u00f3\u0142skrzyni trumny i listwy<br \/>&#8211; minimalne czasy zbrojenia (w narz\u0119dzia)<br \/>&#8211; optymalizacja procesu produkcji<br \/>&#8211; racjonalny spos\u00f3b pracy[\/vc_column_text][\/vc_tta_section][vc_tta_section title=&#8221;Wersja&#8221; tab_id=&#8221;1730886771547-98b496dc-3673&#8243;][vc_column_text css=&#8221;&#8221;]jako osobne miejsce pracy z za\u0142adunkiem r\u0119cznym<br \/>jako jedno ze stanowisk w linii produkcyjnej z automatycznym transportem element\u00f3w[\/vc_column_text][\/vc_tta_section][vc_tta_section title=&#8221;Opcje&#8221; tab_id=&#8221;1730886775199-e2ad915b-25ec&#8221;][vc_column_text css=&#8221;&#8221;]Wersje pod indywidualne potrzeby klient\u00f3w[\/vc_column_text][\/vc_tta_section][vc_tta_section title=&#8221;Dane techniczne&#8221; tab_id=&#8221;1730886776792-36c6393e-9a20&#8243;][vc_column_text css=&#8221;&#8221;]<b>Listwy<\/b><br \/>D\u0142ugo\u015b\u0107: 480 mm \u2013 2.100 mm<br \/> Szeroko\u015b\u0107: 25 mm \u2013 150 mm<br \/> Wysoko\u015b\u0107: 10 mm \u2013 30 mm<\/p>\n<p><b>P\u00f3\u0142skrzynie trumien<\/b><br \/>D\u0142ugo\u015b\u0107: 480 mm \u2013 2.100 mm<br \/>Szeroko\u015b\u0107: 250 mm \u2013 400 mm<\/p>\n<p><b>Czas taktu:<\/b> 16 \u2013 20 sek<br \/>(11 sztuk, pneumatyczny pistolet do gwo\u017adzi, tacker)[\/vc_column_text][\/vc_tta_section][\/vc_tta_accordion][\/vc_column][\/vc_row][vc_row][vc_column][vc_column_text css=&#8221;&#8221;]<\/p>\n<h3>\u00bb Automat do monta\u017cu listew<\/h3>\n<p>dona kr\u00f3tkie cz\u0119\u015bci i d\u0142ugie cz\u0119\u015bci[\/vc_column_text][\/vc_column][\/vc_row][vc_row][vc_column width=&#8221;1\/3&#8243;][vc_single_image image=&#8221;636&#8243; img_size=&#8221;500*500&#8243; alignment=&#8221;center&#8221; onclick=&#8221;custom_link&#8221; css=&#8221;&#8221; link=&#8221;https:\/\/mbm.at\/wp-content\/uploads\/2024\/11\/Leistenmontageautomat-4.jpg&#8221;][\/vc_column][vc_column width=&#8221;1\/3&#8243;][vc_single_image image=&#8221;637&#8243; img_size=&#8221;500*500&#8243; alignment=&#8221;center&#8221; onclick=&#8221;custom_link&#8221; css=&#8221;&#8221; link=&#8221;https:\/\/mbm.at\/wp-content\/uploads\/2024\/11\/Leistenmontageautomat-5.jpg&#8221;][\/vc_column][vc_column width=&#8221;1\/3&#8243;][vc_single_image image=&#8221;638&#8243; img_size=&#8221;500*500&#8243; alignment=&#8221;center&#8221; onclick=&#8221;custom_link&#8221; css=&#8221;&#8221; link=&#8221;https:\/\/mbm.at\/wp-content\/uploads\/2024\/11\/Leistenmontageautomat-6.jpg&#8221;][\/vc_column][\/vc_row][vc_row][vc_column][vc_tta_accordion][vc_tta_section title=&#8221;Korzy\u015bci dla u\u017cytkownika&#8221; tab_id=&#8221;1730886993752-feb83f8c-a840&#8243;][vc_column_text css=&#8221;&#8221;]- bezpo\u015brednia oszcz\u0119dno\u015b\u0107 koszt\u00f3w dzi\u0119ki optymalizacji czasu<br \/>&#8211; uniwersalne zastosowanie do monta\u017cu r\u00f3\u017cnych rodzaj\u00f3w listew<br \/>&#8211; automatyczne wyr\u00f3wnywanie i napr\u0119\u017canie p\u00f3\u0142skrzyni trumny i listwy<br \/>&#8211; minimalne czasy zbrojenia (w narz\u0119dzia)<br \/>&#8211; optymalizacja procesu produkcji<br \/>&#8211; racjonalny spos\u00f3b pracy[\/vc_column_text][\/vc_tta_section][vc_tta_section title=&#8221;Wersja&#8221; tab_id=&#8221;1730886993752-d7bd1737-0389&#8243;][vc_column_text css=&#8221;&#8221;]jako osobne miejsce pracy z za\u0142adunkiem r\u0119cznym<br \/>jako jedno ze stanowisk w linii produkcyjnej z automatycznym transportem element\u00f3w[\/vc_column_text][\/vc_tta_section][vc_tta_section title=&#8221;Opcje&#8221; tab_id=&#8221;1730886995853-354b10e8-f983&#8243;][vc_column_text css=&#8221;&#8221;]Wersje pod indywidualne potrzeby klient\u00f3w[\/vc_column_text][\/vc_tta_section][vc_tta_section title=&#8221;Dane techniczne&#8221; tab_id=&#8221;1730886997588-a7cfc0ad-506f&#8221;][vc_column_text css=&#8221;&#8221;]D\u0142ugo\u015b\u0107 &#8211; kr\u00f3tkie cz\u0119\u015bci: 450 &#8211; 650 mm<br \/>D\u0142ugo\u015b\u0107 &#8211; d\u0142ugie cz\u0119\u015bci: 1.600 &#8211; 2.020 mm<br \/>Szeroko\u015b\u0107: 250 &#8211; 380 mm[\/vc_column_text][\/vc_tta_section][\/vc_tta_accordion][\/vc_column][\/vc_row][vc_row][vc_column][vc_column_text css=&#8221;&#8221;]<\/p>\n<h3>\u00bb Automat do monta\u017cu listew teowych<\/h3>\n<p>do listew o kszta\u0142cie teowym[\/vc_column_text][\/vc_column][\/vc_row][vc_row][vc_column width=&#8221;1\/3&#8243;][vc_single_image image=&#8221;639&#8243; img_size=&#8221;500*500&#8243; alignment=&#8221;center&#8221; onclick=&#8221;custom_link&#8221; css=&#8221;&#8221; link=&#8221;https:\/\/mbm.at\/wp-content\/uploads\/2024\/11\/Leistenmontageautomat-7.jpg&#8221;][\/vc_column][vc_column width=&#8221;1\/3&#8243;][vc_single_image image=&#8221;640&#8243; img_size=&#8221;500*500&#8243; alignment=&#8221;center&#8221; onclick=&#8221;custom_link&#8221; css=&#8221;&#8221; link=&#8221;https:\/\/mbm.at\/wp-content\/uploads\/2024\/11\/Leistenmontageautomat-8.jpg&#8221;][\/vc_column][vc_column width=&#8221;1\/3&#8243;][vc_single_image image=&#8221;641&#8243; img_size=&#8221;500*500&#8243; alignment=&#8221;center&#8221; onclick=&#8221;custom_link&#8221; css=&#8221;&#8221; link=&#8221;https:\/\/mbm.at\/wp-content\/uploads\/2024\/11\/Leistenmontageautomat-9.jpg&#8221;][\/vc_column][\/vc_row][vc_row][vc_column][vc_tta_accordion][vc_tta_section title=&#8221;Korzy\u015bci dla u\u017cytkownika&#8221; tab_id=&#8221;1730887180886-e1833072-e753&#8243;][vc_column_text css=&#8221;&#8221;]- bezpo\u015brednia oszcz\u0119dno\u015b\u0107 koszt\u00f3w dzi\u0119ki optymalizacji czasu<br \/>&#8211; automatyczne wyr\u00f3wnywanie i napr\u0119\u017canie p\u00f3\u0142skrzyni trumny i listwy<br \/>&#8211; minimalne czasy zbrojenia (w narz\u0119dzia)<br \/>&#8211; optymalizacja procesu produkcji<br \/>&#8211; racjonalny spos\u00f3b pracy[\/vc_column_text][\/vc_tta_section][vc_tta_section title=&#8221;Wersja&#8221; tab_id=&#8221;1730887180886-18f677e9-59ec&#8221;][vc_column_text css=&#8221;&#8221;]jako osobne miejsce pracy z za\u0142adunkiem r\u0119cznym<br \/>jako jedno ze stanowisk w linii produkcyjnej z automatycznym transportem element\u00f3w[\/vc_column_text][\/vc_tta_section][vc_tta_section title=&#8221;Opcje&#8221; tab_id=&#8221;1730887183276-956595bc-9755&#8243;][vc_column_text css=&#8221;&#8221;]Wersje pod indywidualne potrzeby klient\u00f3w[\/vc_column_text][\/vc_tta_section][vc_tta_section title=&#8221;Dane techniczne&#8221; tab_id=&#8221;1730887184804-d3f335fa-bcc3&#8243;][vc_column_text css=&#8221;&#8221;]D\u0142ugo\u015b\u0107 &#8211; kr\u00f3tkie cz\u0119\u015bc: 400 &#8211; 800 mm<br \/>D\u0142ugo\u015b\u0107 &#8211; d\u0142ugie cz\u0119\u015bc: 1.500 &#8211; 2.100 mm[\/vc_column_text][\/vc_tta_section][\/vc_tta_accordion][\/vc_column][\/vc_row][vc_row][vc_column][vc_column_text css=&#8221;&#8221;]<\/p>\n<h3>\u00bb Automat do monta\u017cu listwy dekoracyjne<\/h3>\n<p>do listew dekoracyjnych na skrzyni dolnej, wstrzeliwanych od g\u00f3ry[\/vc_column_text][\/vc_column][\/vc_row][vc_row][vc_column width=&#8221;1\/3&#8243;][vc_single_image image=&#8221;642&#8243; img_size=&#8221;500*500&#8243; alignment=&#8221;center&#8221; onclick=&#8221;custom_link&#8221; css=&#8221;&#8221; link=&#8221;https:\/\/mbm.at\/wp-content\/uploads\/2024\/11\/Leistenmontageautomat-10.jpg&#8221;][\/vc_column][vc_column width=&#8221;1\/3&#8243;][vc_single_image image=&#8221;643&#8243; img_size=&#8221;500*500&#8243; alignment=&#8221;center&#8221; onclick=&#8221;custom_link&#8221; css=&#8221;&#8221; link=&#8221;https:\/\/mbm.at\/wp-content\/uploads\/2024\/11\/Leistenmontageautomat-11.jpg&#8221;][\/vc_column][vc_column width=&#8221;1\/3&#8243;][vc_single_image image=&#8221;644&#8243; img_size=&#8221;500*500&#8243; alignment=&#8221;center&#8221; onclick=&#8221;custom_link&#8221; css=&#8221;&#8221; link=&#8221;https:\/\/mbm.at\/wp-content\/uploads\/2024\/11\/Leistenmontageautomat-12.jpg&#8221;][\/vc_column][\/vc_row][vc_row][vc_column][vc_tta_accordion][vc_tta_section title=&#8221;Korzy\u015bci dla u\u017cytkownika&#8221; tab_id=&#8221;1730887393716-e34e53fe-d401&#8243;][vc_column_text css=&#8221;&#8221;]- bezpo\u015brednia oszcz\u0119dno\u015b\u0107 koszt\u00f3w dzi\u0119ki optymalizacji czasu<br \/>&#8211; automatyczne wyr\u00f3wnywanie i napr\u0119\u017canie p\u00f3\u0142skrzyni trumny i listwy<br \/>&#8211; minimalne czasy zbrojenia (w narz\u0119dzia)<br \/>&#8211; optymalizacja procesu produkcji<br \/>&#8211; racjonalny spos\u00f3b pracy[\/vc_column_text][\/vc_tta_section][vc_tta_section title=&#8221;Wersja&#8221; tab_id=&#8221;1730887393716-6598a33e-32f2&#8243;][vc_column_text css=&#8221;&#8221;]jako osobne miejsce pracy z za\u0142adunkiem r\u0119cznym<br \/>jako jedno ze stanowisk w linii produkcyjnej z automatycznym transportem element\u00f3w[\/vc_column_text][\/vc_tta_section][vc_tta_section title=&#8221;Opcje&#8221; tab_id=&#8221;1730887397146-32aa6271-780a&#8221;][vc_column_text css=&#8221;&#8221;]Wersje pod indywidualne potrzeby klient\u00f3w[\/vc_column_text][\/vc_tta_section][vc_tta_section title=&#8221;Dane techniczne&#8221; tab_id=&#8221;1730887399321-696c55f5-51f8&#8243;][vc_column_text css=&#8221;&#8221;]D\u0142ugo\u015b\u0107 \u2013 cz\u0119\u015b\u0107 boczna 1.550 mm &#8211; 2.200 mm<br \/>D\u0142ugo\u015b\u0107 \u2013 cz\u0119\u015b\u0107 g\u00f3rna lub dolna 250 mm &#8211; 750 mm<br \/>Szeroko\u015b\u0107 elementy (przy 90\u00b0) 50 mm &#8211; 650 mm<br \/>Wysoko\u015b\u0107 elementu \u2264 40 mm[\/vc_column_text][\/vc_tta_section][\/vc_tta_accordion][\/vc_column][\/vc_row]<\/p>\n<\/div>","protected":false},"excerpt":{"rendered":"<p>[vc_row][vc_column][vc_column_text css=&#8221;&#8221;] \u00bb Automat do monta\u017cu listew &#8211; Uniwersalny do monta\u017cu listwy coko\u0142owej na p\u00f3\u0142skrzyni dolnej, wstrzeliwanie od do\u0142u do monta\u017cu listwy wie\u0144cowej i p\u00f3\u0142okr\u0105g\u0142ej na p\u00f3\u0142skrzyni g\u00f3rnej, wstrzeliwanie od do\u0142u[\/vc_column_text][\/vc_column][\/vc_row][vc_row][vc_column width=&#8221;1\/3&#8243;][vc_single_image image=&#8221;633&#8243; img_size=&#8221;500*500&#8243; alignment=&#8221;center&#8221; onclick=&#8221;custom_link&#8221; css=&#8221;&#8221; link=&#8221;https:\/\/mbm.at\/wp-content\/uploads\/2024\/11\/Leistenmontageautomat-1.jpg&#8221;][\/vc_column][vc_column width=&#8221;1\/3&#8243;][vc_single_image image=&#8221;634&#8243; img_size=&#8221;500*500&#8243; alignment=&#8221;center&#8221; onclick=&#8221;custom_link&#8221; css=&#8221;&#8221; link=&#8221;https:\/\/mbm.at\/wp-content\/uploads\/2024\/11\/Leistenmontageautomat-2.jpg&#8221;][\/vc_column][vc_column width=&#8221;1\/3&#8243;][vc_single_image image=&#8221;635&#8243; img_size=&#8221;500*500&#8243; alignment=&#8221;center&#8221; onclick=&#8221;custom_link&#8221; css=&#8221;&#8221; link=&#8221;https:\/\/mbm.at\/wp-content\/uploads\/2024\/11\/Leistenmontageautomat-3.jpg&#8221;][\/vc_column][\/vc_row][vc_row][vc_column][vc_tta_accordion][vc_tta_section title=&#8221;Korzy\u015bci dla u\u017cytkownika&#8221; [&hellip;]<\/p>\n","protected":false},"author":2,"featured_media":0,"parent":0,"menu_order":0,"comment_status":"closed","ping_status":"closed","template":"","meta":{"footnotes":""},"class_list":["post-632","page","type-page","status-publish","hentry"],"_links":{"self":[{"href":"https:\/\/mbm.at\/pl\/wp-json\/wp\/v2\/pages\/632","targetHints":{"allow":["GET"]}}],"collection":[{"href":"https:\/\/mbm.at\/pl\/wp-json\/wp\/v2\/pages"}],"about":[{"href":"https:\/\/mbm.at\/pl\/wp-json\/wp\/v2\/types\/page"}],"author":[{"embeddable":true,"href":"https:\/\/mbm.at\/pl\/wp-json\/wp\/v2\/users\/2"}],"replies":[{"embeddable":true,"href":"https:\/\/mbm.at\/pl\/wp-json\/wp\/v2\/comments?post=632"}],"version-history":[{"count":20,"href":"https:\/\/mbm.at\/pl\/wp-json\/wp\/v2\/pages\/632\/revisions"}],"predecessor-version":[{"id":4303,"href":"https:\/\/mbm.at\/pl\/wp-json\/wp\/v2\/pages\/632\/revisions\/4303"}],"wp:attachment":[{"href":"https:\/\/mbm.at\/pl\/wp-json\/wp\/v2\/media?parent=632"}],"curies":[{"name":"wp","href":"https:\/\/api.w.org\/{rel}","templated":true}]}}