{"id":578,"date":"2024-11-06T16:32:31","date_gmt":"2024-11-06T15:32:31","guid":{"rendered":"https:\/\/wp.mbm.at\/maszyny-do-obrobki-drewna\/"},"modified":"2024-11-19T13:47:45","modified_gmt":"2024-11-19T12:47:45","slug":"maszyny-do-obrobki-drewna","status":"publish","type":"page","link":"https:\/\/mbm.at\/pl\/maszyny-do-obrobki-drewna\/","title":{"rendered":"Maszyny do obr\u00f3bki drewna"},"content":{"rendered":"<div class=\"wpb-content-wrapper\"><p>[vc_row][vc_column][vc_column_text css=&#8221;&#8221;]<b>mbm<\/b> hat sich seit 1978 mit einem qualifizierten Team auf die spezifischen Anforderungen der Wirtschaft spezialisiert.<br \/>\nRasch \u00e4ndernde M\u00e4rkte und Technologien verlangen nach innovativen Verfahrensmodellen f\u00fcr wirtschaftliches Arbeiten.<br \/>\nDie Automatisierung der Produktionsabl\u00e4ufe und einfaches Handling der eingesetzten Sondermaschinen schaffen die Verbindung der heutigen Produktionsanforderungen und der Wettbewerbsf\u00e4higkeit f\u00fcr morgen.<br \/>\nmbm Sondermaschinen entstehen aus kundenspezifischen W\u00fcnschen und Ideen, der Beratung und Konzeption unserer Konstrukteure und durch die professionelle Umsetzung unseres Montageteams.<\/p>\n<h3>\u00bb Maszyny do produkcji trumien<\/h3>\n<ul>\n<li><a href=\"https:\/\/mbm.at\/pl\/dwupila-ukosnica\/\">Dwupi\u0142a uko\u015bnica \u2013 Uniwersalna<\/a><\/li>\n<li><a href=\"https:\/\/mbm.at\/pl\/dwupila-ukosnica\/\">Dwupi\u0142a uko\u015bnica \u2013 Linia produkcyjna<\/a><\/li>\n<li><a href=\"https:\/\/mbm.at\/pl\/prasa-do-montazu-trumien\/\">Prasa do monta\u017cu trumien &#8211; kszta\u0142t trumny koniczny<\/a><\/li>\n<li><a href=\"https:\/\/mbm.at\/pl\/prasa-do-montazu-trumien\/\">Prasa do monta\u017cu trumien kombinowana &#8211; kszta\u0142t trumny koniczny<\/a><\/li>\n<li><a href=\"https:\/\/mbm.at\/pl\/prasa-do-montazu-trumien\/\">Prasa do monta\u017cu trumien &#8211; kszta\u0142t trumny trapezu<\/a><\/li>\n<li><a href=\"https:\/\/mbm.at\/pl\/automat-do-montazu-listew\/\">Automat do monta\u017cu listew &#8211; Uniwersalny<\/a><\/li>\n<li><a href=\"https:\/\/mbm.at\/pl\/automat-do-montazu-listew\/\">Automat do monta\u017cu listwy na kr\u00f3tkie cz\u0119\u015bci i d\u0142ugie cz\u0119\u015bci<\/a><\/li>\n<li><a href=\"https:\/\/mbm.at\/pl\/automat-do-montazu-listew\/\">Automat do monta\u017cu listew teowych<\/a><\/li>\n<li><a href=\"https:\/\/mbm.at\/pl\/automat-do-montazu-listew\/\">Automat do monta\u017cu listew dekoracyjnych<\/a><\/li>\n<li><a href=\"https:\/\/mbm.at\/pl\/maszyny-do-do-produkcji-nozek-trumien\/\">Maszyny do do produkcji n\u00f3\u017cek trumien<\/a><\/li>\n<\/ul>\n<h3>\u00bb Maszyny specjalistyczne<\/h3>\n<ul>\n<li><a href=\"https:\/\/mbm.at\/pl\/pila-do-przycinania-plyt\/\">Pi\u0142a do przycinania p\u0142yt<\/a><\/li>\n<li><a href=\"https:\/\/mbm.at\/pl\/wczepiarka\/\">Wczepiarka<\/a><\/li>\n<li><a href=\"https:\/\/mbm.at\/pl\/maszyny-specjalistyczne-3\/\">Linia pi\u0142a, frezarka, wiertarka<\/a><\/li>\n<li><a href=\"https:\/\/mbm.at\/pl\/maszyny-specjalistyczne-3\/\">Kraw\u0119dziarka<\/a><\/li>\n<li><a href=\"https:\/\/mbm.at\/pl\/maszyny-specjalistyczne-3\/\">Stacja wiertarska<\/a><\/li>\n<li><a href=\"https:\/\/mbm.at\/pl\/maszyny-specjalistyczne-3\/\">Pi\u0142a szybkobie\u017cna<\/a><a href=\"https:\/\/mbm.at\/de-at\/holzbearbeitungstechnik\/sondermaschinen\/mehr\/index.htm#schnelll%C3%A4ufers%C3%A4ge\"><br \/>\n<\/a><\/li>\n<\/ul>\n<p>&nbsp;<\/p>\n<p>Na wszelkie pytania odno\u015bnie naszych produkt\u00f3w ch\u0119tnie udzielamy odpowiedzi pod numerem <b>+43 5572 555800<\/b><br \/>\nlub za po\u015brednictwem <a href=\"https:\/\/mbm.at\/pl\/formularza-informacyjnego\/\">formularza informacyjnego.<\/a>[\/vc_column_text][\/vc_column][\/vc_row]<\/p>\n<\/div>","protected":false},"excerpt":{"rendered":"<p>[vc_row][vc_column][vc_column_text css=&#8221;&#8221;]mbm hat sich seit 1978 mit einem qualifizierten Team auf die spezifischen Anforderungen der Wirtschaft spezialisiert. Rasch \u00e4ndernde M\u00e4rkte und Technologien verlangen nach innovativen Verfahrensmodellen f\u00fcr wirtschaftliches Arbeiten. Die Automatisierung der Produktionsabl\u00e4ufe und einfaches Handling der eingesetzten Sondermaschinen schaffen die Verbindung der heutigen Produktionsanforderungen und der Wettbewerbsf\u00e4higkeit f\u00fcr morgen. mbm Sondermaschinen entstehen aus kundenspezifischen [&hellip;]<\/p>\n","protected":false},"author":2,"featured_media":0,"parent":0,"menu_order":0,"comment_status":"closed","ping_status":"closed","template":"","meta":{"footnotes":""},"class_list":["post-578","page","type-page","status-publish","hentry"],"_links":{"self":[{"href":"https:\/\/mbm.at\/pl\/wp-json\/wp\/v2\/pages\/578","targetHints":{"allow":["GET"]}}],"collection":[{"href":"https:\/\/mbm.at\/pl\/wp-json\/wp\/v2\/pages"}],"about":[{"href":"https:\/\/mbm.at\/pl\/wp-json\/wp\/v2\/types\/page"}],"author":[{"embeddable":true,"href":"https:\/\/mbm.at\/pl\/wp-json\/wp\/v2\/users\/2"}],"replies":[{"embeddable":true,"href":"https:\/\/mbm.at\/pl\/wp-json\/wp\/v2\/comments?post=578"}],"version-history":[{"count":8,"href":"https:\/\/mbm.at\/pl\/wp-json\/wp\/v2\/pages\/578\/revisions"}],"predecessor-version":[{"id":2151,"href":"https:\/\/mbm.at\/pl\/wp-json\/wp\/v2\/pages\/578\/revisions\/2151"}],"wp:attachment":[{"href":"https:\/\/mbm.at\/pl\/wp-json\/wp\/v2\/media?parent=578"}],"curies":[{"name":"wp","href":"https:\/\/api.w.org\/{rel}","templated":true}]}}