{"id":5550,"date":"2025-02-13T10:15:11","date_gmt":"2025-02-13T09:15:11","guid":{"rendered":"https:\/\/mbm.at\/maszyna-do-kantowek-kha\/"},"modified":"2025-02-21T09:56:42","modified_gmt":"2025-02-21T08:56:42","slug":"maszyna-do-kantowek-kha","status":"publish","type":"page","link":"https:\/\/mbm.at\/pl\/maszyna-do-kantowek-kha\/","title":{"rendered":"Maszyna do kant\u00f3wek KHA"},"content":{"rendered":"<div class=\"wpb-content-wrapper\"><p>[vc_row equal_height=&#8221;yes&#8221; content_placement=&#8221;middle&#8221;][vc_column][vc_column_text css=&#8221;&#8221;]Maszyna do kant\u00f3wki KHA zosta\u0142a opracowana specjalnie do produkcji kant\u00f3wek i tarcicy. Przetwarza paski, na przyk\u0142ad z resztek desek lub desek z wadami powierzchni, kt\u00f3re powstaj\u0105 podczas produkcji p\u0142yt OSB, OSL, LVL, p\u0142yt wi\u00f3rowych lub MDF. Listwy te s\u0105 w pe\u0142ni automatycznie \u0142\u0105czone w KHA, tworz\u0105c kant\u00f3wki.[\/vc_column_text][vc_images_carousel images=&#8221;5567,5575,5583&#8243; img_size=&#8221;full&#8221; css=&#8221;&#8221;][\/vc_column][\/vc_row][vc_row][vc_column][vc_tta_accordion][vc_tta_section title=&#8221;Korzy\u015bci dla u\u017cytkownika&#8221; tab_id=&#8221;1740125723747-020591a2-50ec&#8221;][vc_single_image image=&#8221;5809&#8243; img_size=&#8221;200*200&#8243; alignment=&#8221;center&#8221; onclick=&#8221;custom_link&#8221; css=&#8221;&#8221; link=&#8221;https:\/\/mbm.at\/wp-content\/uploads\/2025\/02\/KHA4gross-scaled.jpg&#8221;][vc_column_text css=&#8221;&#8221;]<\/p>\n<ul>\n<li>Wykorzystaj w pe\u0142ni swoje skrawki drewna i produkuj wysokiej jako\u015bci kant\u00f3wki lub stabilne drewno magazynowe na potrzeby transportu i przechowywania.<\/li>\n<li>Elastyczna produkcja kant\u00f3wek i tarcicy w r\u00f3\u017cnych rozmiarach i d\u0142ugo\u015bciach zgodnie z wymaganiami produkcyjnymi.<\/li>\n<li>KHA oferuje zr\u00f3wnowa\u017cone rozwi\u0105zanie do obr\u00f3bki drewna, oszcz\u0119dza zasoby i zwi\u0119ksza wydajno\u015b\u0107<\/li>\n<li>Przetwarzanie r\u00f3\u017cnych materia\u0142\u00f3w, takich jak p\u0142yty OSB, OSL, LVL, p\u0142yty wi\u00f3rowe lub MDF za pomoc\u0105 KHA firmy<strong> <span style=\"color: #40b5ad;\">mbm.<\/span> <\/strong> <\/li>\n<li>Automatyczne przetwarzanie gwarantuje kant\u00f3wki o wysokiej dok\u0142adno\u015bci i sta\u0142ej jako\u015bci<\/li>\n<li>KHA automatyzuje ca\u0142y proces produkcyjny, zwi\u0119ksza szybko\u015b\u0107 produkcji i zmniejsza ilo\u015b\u0107 wymaganej pracy r\u0119cznej<\/li>\n<\/ul>\n<p>[\/vc_column_text][\/vc_tta_section][vc_tta_section title=&#8221;Obszary zastosowania&#8221; tab_id=&#8221;1740125732654-211e2e44-e2dc&#8221;][vc_single_image image=&#8221;5801&#8243; img_size=&#8221;200*200&#8243; alignment=&#8221;center&#8221; onclick=&#8221;custom_link&#8221; css=&#8221;&#8221; link=&#8221;https:\/\/mbm.at\/wp-content\/uploads\/2025\/02\/KHA5gross-scaled.jpg&#8221;][vc_column_text css=&#8221;&#8221;]<\/p>\n<ul>\n<li><strong>Produkcja mebli:<\/strong> Dzi\u0119ki przetwarzaniu odpad\u00f3w drewnianych na wysokiej jako\u015bci materia\u0142y, producenci mebli mog\u0105 pracowa\u0107 w spos\u00f3b ekonomiczny i zr\u00f3wnowa\u017cony.<\/li>\n<li><strong>Przemys\u0142 opakowaniowy:<\/strong> Drewniane belki i belki dystansowe s\u0105 idealne do bezpiecznego pakowania i transportu towar\u00f3w.<\/li>\n<li><strong>Firmy zajmuj\u0105ce si\u0119 magazynowaniem i logistyk\u0105:<\/strong> Kant\u00f3wki magazynowe i dystansowe s\u0105 niezb\u0119dne do magazynowania i transportu towar\u00f3w<\/li>\n<li><strong>Recykling i zarz\u0105dzanie odpadami:<\/strong> KHA pomaga zmniejszy\u0107 ilo\u015b\u0107 odpad\u00f3w drzewnych poprzez efektywne wykorzystanie \u015bcink\u00f3w. Jest to szczeg\u00f3lnie przydatne dla firm, kt\u00f3re produkuj\u0105 du\u017ce ilo\u015bci odpad\u00f3w drewnianych i chc\u0105 je wykorzysta\u0107 w spos\u00f3b zr\u00f3wnowa\u017cony <\/li>\n<\/ul>\n<p>[\/vc_column_text][\/vc_tta_section][vc_tta_section title=&#8221;Wersja&#8221; tab_id=&#8221;1740125735526-d89b8afa-85ce&#8221;][vc_single_image image=&#8221;5793&#8243; img_size=&#8221;200*200&#8243; alignment=&#8221;center&#8221; onclick=&#8221;custom_link&#8221; css=&#8221;&#8221; link=&#8221;https:\/\/mbm.at\/wp-content\/uploads\/2025\/02\/KHA8gross_Option-2-Schwenkarm-fur-Kantholzzufuhrung-direkt-in-den-Zufuhrschacht-einer-Umrreifungsmaschine-14.101.png&#8221;][vc_column_text css=&#8221;&#8221;]<\/p>\n<ul>\n<li><strong>Maszyna podstawowa KHA:<\/strong> Wyposa\u017cona w pi\u0142\u0119 do ci\u0119cia ze stacj\u0105 klejenia, stacj\u0105 prasowania i wylotem.<\/li>\n<li><strong>KHA z jednostk\u0105 rowkuj\u0105c\u0105:<\/strong> Do wykonywania odpowiednich rowk\u00f3w w kant\u00f3wkach lub drewnie szkieletowym w celu p\u00f3\u017aniejszego opasania ta\u015bm\u0105 stalow\u0105 lub z tworzywa sztucznego.<\/li>\n<li><strong>KHA w niestandardowej konstrukcji:<\/strong> Odpowiednie stacje za\u0142adunku i odk\u0142adania mog\u0105 by\u0107 oferowane i dostosowywane do istniej\u0105cych proces\u00f3w produkcyjnych.<\/li>\n<li><strong>KHA z po\u0142\u0105czeniem do automatycznego wi\u0105z<\/strong> ania ta\u015bm\u0105: W przypadku automatycznych system\u00f3w pakowania, KHA mo\u017cna po\u0142\u0105czy\u0107 z automatycznym wi\u0105zaniem ta\u015bm\u0105 za pomoc\u0105 chwytak\u00f3w i technologii przeno\u015bnik\u00f3w.<\/li>\n<\/ul>\n<p>[\/vc_column_text][\/vc_tta_section][vc_tta_section title=&#8221;Opcje&#8221; tab_id=&#8221;1740125739581-67958df0-3c0f&#8221;][vc_single_image image=&#8221;5785&#8243; img_size=&#8221;200*200&#8243; alignment=&#8221;center&#8221; onclick=&#8221;custom_link&#8221; css=&#8221;&#8221; link=&#8221;https:\/\/mbm.at\/wp-content\/uploads\/2025\/02\/KHA9gross_18.105.10.00.0_Schwenkarm.jpg&#8221;][vc_column_text css=&#8221;&#8221;]<\/p>\n<ul>\n<li><strong>Podawanie pojemnik\u00f3w magazynowych:<\/strong> Z obs\u0142ug\u0105 podawania i pomiarem formowania<\/li>\n<li><strong>Podawanie za pomoc\u0105 przeno\u015bnika \u0142a\u0144cuchowego:<\/strong> W tym boczne urz\u0105dzenie popychaj\u0105ce<\/li>\n<li>Podawanie warstwowe: za pomoc\u0105 przeno\u015bnika rolkowego bezpo\u015brednio z pi\u0142y<\/li>\n<li><strong>Podawanie za pomoc\u0105 przeno\u015bnika rolkowego:<\/strong> do 6 m d\u0142ugo\u015bci, dla pojedynczych ta\u015bm<\/li>\n<li><strong>Rolka prasuj\u0105ca:<\/strong> Do oddzielania opakowa\u0144 ta\u015bmowych<\/li>\n<li><strong>Wyj\u015bcie z ramieniem obrotowym<\/strong><\/li>\n<li><strong>Stacja pobierania kant\u00f3wek wyj\u015bciowych:<\/strong> z suwnic\u0105 lub robotem<\/li>\n<li><strong>Kontrola platformy IoT:<\/strong> Do monitorowania i gromadzenia danych produkcyjnych oraz \u0142\u0105czenia w sie\u0107 z systemami wy\u017cszego lub ni\u017cszego szczebla. Wi\u0119cej informacji na stronie: <a href=\"https:\/\/www.digifai.com\/de\/control\/\" target=\"_blank\" rel=\"noopener\">control- digifai.<\/a> <\/li>\n<\/ul>\n<p>[\/vc_column_text][\/vc_tta_section][vc_tta_section title=&#8221;Dane techniczne&#8221; tab_id=&#8221;1740125742829-0c49203b-c726&#8243;][vc_single_image image=&#8221;5873&#8243; img_size=&#8221;200*200&#8243; alignment=&#8221;center&#8221; onclick=&#8221;custom_link&#8221; css=&#8221;&#8221; link=&#8221;https:\/\/mbm.at\/wp-content\/uploads\/2025\/02\/Kantholzautomat-KHA3.png&#8221;][vc_column_text css=&#8221;&#8221;]<\/p>\n<ul>\n<li>D\u0142ugo\u015b\u0107 listwy surowca 2000 mm-5900 mm<\/li>\n<li>Wysoko\u015bci formowania 8 mm &#8211; 50 mm<\/li>\n<li>Szeroko\u015b\u0107 listwy 70 mm &#8211; 100 mm<\/li>\n<li>Prefabrykowane elementy z kant\u00f3wki o d\u0142ugo\u015bci 200 mm &#8211; 2200 mm<\/li>\n<li>Prefabrykowane elementy z kant\u00f3wki o wysoko\u015bci 8 mm &#8211; 120 mm<\/li>\n<li>Dok\u0142adno\u015b\u0107 ci\u0119cia +\/- 1,0 mm<\/li>\n<li>Czas cyklu: 18 s dla 5 pask\u00f3w o d\u0142ugo\u015bci 1250 mm<\/li>\n<li>Materia\u0142 do formowania: p\u0142yty OSB, OSL, LVL, p\u0142yty wi\u00f3rowe lub MDF<\/li>\n<li>Stos listew\n<ul>\n<li>Maksymalny stos LxWxH 5900mmx1000mmx800mm<\/li>\n<li>Minimalny stos = pojedynczy pasek<\/li>\n<\/ul>\n<\/li>\n<li>St\u00f3\u0142 transferowy do uk\u0142adania kant\u00f3wek przygotowany do r\u0119cznego demonta\u017cu<\/li>\n<li>Przyk\u0142ad wyj\u015bcia z portalem\n<ul>\n<li>Gantry z dwiema osiami<\/li>\n<li>Podnoszenie warstwy kant\u00f3wki za pomoc\u0105 chwytaka pr\u00f3\u017cniowego<\/li>\n<li>O\u015b X za pomoc\u0105 poprzecznego w\u00f3zka transferowego<\/li>\n<li>O\u015b Z za pomoc\u0105 masztu podnosz\u0105cego<\/li>\n<li>Mo\u017cliwo\u015b\u0107 ustawienia do czterech miejsc paletowych<\/li>\n<li>Wysoko\u015b\u0107 sk\u0142adowania 1200 mm<\/li>\n<li>Szeroko\u015b\u0107 uk\u0142adania w stos 800 mm<\/li>\n<\/ul>\n<\/li>\n<\/ul>\n<p>[\/vc_column_text][\/vc_tta_section][vc_tta_section title=&#8221;System kontrolny&#8221; tab_id=&#8221;1740125758373-69fce1ea-e35a&#8221;][vc_single_image image=&#8221;5741&#8243; img_size=&#8221;200*200&#8243; alignment=&#8221;center&#8221; onclick=&#8221;custom_link&#8221; css=&#8221;&#8221; link=&#8221;https:\/\/mbm.at\/wp-content\/uploads\/2025\/02\/KHA6gross-scaled.jpg&#8221;][vc_column_text css=&#8221;&#8221;]<\/p>\n<ul>\n<li>G\u0142\u00f3wna szafa sterownicza zamontowana bezpo\u015brednio na systemie<\/li>\n<li>Siemens jako wiod\u0105ca marka komponent\u00f3w elektrycznych i elektronicznych z centralnym systemem sterowania TIA-PLC (wersja bezpieczna) do sterowania systemem, sekwencj\u0105 i bezpiecze\u0144stwem<\/li>\n<li>Ch\u0142odzenie obudowy za pomoc\u0105 klimatyzatora lub wymiennika ciep\u0142a woda\/powietrze<\/li>\n<li>Centrum sterowania z 12-calowym ekranem dotykowym HMI zintegrowanym bezpo\u015brednio w szafie sterowniczej<\/li>\n<li>Stacje operacyjne do zarz\u0105dzania artyku\u0142ami, zarz\u0105dzania parametrami, obs\u0142ugi r\u0119cznej, zarz\u0105dzania alarmami i obs\u0142ugi<\/li>\n<li>Opcjonalnie: Automatyczny transfer danych z system\u00f3w nadrz\u0119dnych<\/li>\n<\/ul>\n<p>[\/vc_column_text][\/vc_tta_section][vc_tta_section title=&#8221;Dane maszyny&#8221; tab_id=&#8221;1740125761933-b2b607a0-2992&#8243;][vc_single_image image=&#8221;5750&#8243; img_size=&#8221;200*200&#8243; alignment=&#8221;center&#8221; onclick=&#8221;custom_link&#8221; css=&#8221;&#8221; link=&#8221;https:\/\/mbm.at\/wp-content\/uploads\/2025\/02\/Kantholzautomat-KHA2.png&#8221;][vc_column_text css=&#8221;&#8221;]<\/p>\n<ul>\n<li><strong>Jednostka pi\u0142uj\u0105ca<\/strong>\n<ul>\n<li>Podnoszony pneumatycznie<\/li>\n<li>Tr\u00f3jfazowy silnik asynchroniczny Moc 2,2 kW, 4500 obr.\/min przy 100 Hz<\/li>\n<li>\u015arednica brzeszczotu 300 mm<\/li>\n<li>Przy\u0142\u0105cze ssania D80 mm<\/li>\n<li>Cylinder zaciskowy przed zespo\u0142em tn\u0105cym<\/li>\n<\/ul>\n<\/li>\n<li><strong>Opcjonalna jednostka rowkuj\u0105ca<\/strong>\n<ul>\n<li>z obrotowym wahaczem, podnoszony pneumatycznie<\/li>\n<li>Szeroko\u015b\u0107 rowka 20 mm, g\u0142\u0119boko\u015b\u0107 rowka 3 mm,<\/li>\n<li>Moc 2,2 kW, 2800 obr.<\/li>\n<li>z g\u00f3rnymi rolkami dociskowymi, mo\u017ce by\u0107 podnoszony i opuszczany pneumatycznie <\/li>\n<li>Przy\u0142\u0105cze ssania D80 mm<\/li>\n<\/ul>\n<\/li>\n<li><strong>Stacja klejenia<\/strong>\n<ul>\n<li>Klej topliwy<\/li>\n<li>System kontraktowy, moc wyj\u015bciowa 4 kW<\/li>\n<li>z g\u0142owic\u0105 aplikacyjn\u0105, sterowan\u0105 elektropneumatycznie<\/li>\n<\/ul>\n<\/li>\n<\/ul>\n<p>[\/vc_column_text][\/vc_tta_section][\/vc_tta_accordion][\/vc_column][\/vc_row]<\/p>\n<\/div>","protected":false},"excerpt":{"rendered":"<p>[vc_row equal_height=&#8221;yes&#8221; content_placement=&#8221;middle&#8221;][vc_column][vc_column_text css=&#8221;&#8221;]Maszyna do kant\u00f3wki KHA zosta\u0142a opracowana specjalnie do produkcji kant\u00f3wek i tarcicy. Przetwarza paski, na przyk\u0142ad z resztek desek lub desek z wadami powierzchni, kt\u00f3re powstaj\u0105 podczas produkcji p\u0142yt OSB, OSL, LVL, p\u0142yt wi\u00f3rowych lub MDF. Listwy te s\u0105 w pe\u0142ni automatycznie \u0142\u0105czone w KHA, tworz\u0105c kant\u00f3wki.[\/vc_column_text][vc_images_carousel images=&#8221;5567,5575,5583&#8243; img_size=&#8221;full&#8221; css=&#8221;&#8221;][\/vc_column][\/vc_row][vc_row][vc_column][vc_tta_accordion][vc_tta_section title=&#8221;Korzy\u015bci dla [&hellip;]<\/p>\n","protected":false},"author":2,"featured_media":0,"parent":0,"menu_order":0,"comment_status":"closed","ping_status":"closed","template":"","meta":{"footnotes":""},"class_list":["post-5550","page","type-page","status-publish","hentry"],"_links":{"self":[{"href":"https:\/\/mbm.at\/pl\/wp-json\/wp\/v2\/pages\/5550","targetHints":{"allow":["GET"]}}],"collection":[{"href":"https:\/\/mbm.at\/pl\/wp-json\/wp\/v2\/pages"}],"about":[{"href":"https:\/\/mbm.at\/pl\/wp-json\/wp\/v2\/types\/page"}],"author":[{"embeddable":true,"href":"https:\/\/mbm.at\/pl\/wp-json\/wp\/v2\/users\/2"}],"replies":[{"embeddable":true,"href":"https:\/\/mbm.at\/pl\/wp-json\/wp\/v2\/comments?post=5550"}],"version-history":[{"count":12,"href":"https:\/\/mbm.at\/pl\/wp-json\/wp\/v2\/pages\/5550\/revisions"}],"predecessor-version":[{"id":5904,"href":"https:\/\/mbm.at\/pl\/wp-json\/wp\/v2\/pages\/5550\/revisions\/5904"}],"wp:attachment":[{"href":"https:\/\/mbm.at\/pl\/wp-json\/wp\/v2\/media?parent=5550"}],"curies":[{"name":"wp","href":"https:\/\/api.w.org\/{rel}","templated":true}]}}