{"id":5450,"date":"2025-02-13T10:13:20","date_gmt":"2025-02-13T09:13:20","guid":{"rendered":"https:\/\/mbm.at\/stacja-wiertnicza-dla-das-fl\/"},"modified":"2025-02-21T07:54:06","modified_gmt":"2025-02-21T06:54:06","slug":"stacja-wiertnicza-dla-das-fl","status":"publish","type":"page","link":"https:\/\/mbm.at\/pl\/stacja-wiertnicza-dla-das-fl\/","title":{"rendered":"Stacja wiertnicza dla DAS-FL"},"content":{"rendered":"<div class=\"wpb-content-wrapper\"><p>[vc_row][vc_column][vc_images_carousel images=&#8221;5661,5653,5645,5637&#8243; img_size=&#8221;full&#8221; css=&#8221;&#8221;][\/vc_column][\/vc_row][vc_row][vc_column][vc_tta_accordion][vc_tta_section title=&#8221;Korzy\u015bci dla u\u017cytkownika&#8221; tab_id=&#8221;1739431384756-268a3dc5-a8f9&#8243;][vc_single_image image=&#8221;5359&#8243; img_size=&#8221;200*200&#8243; alignment=&#8221;center&#8221; onclick=&#8221;custom_link&#8221; css=&#8221;&#8221; link=&#8221;https:\/\/mbm.at\/wp-content\/uploads\/2025\/02\/bohrstation-wendel.jpg&#8221;][vc_column_text css=&#8221;&#8221;]<\/p>\n<ul>\n<li><strong>Mo\u017cliwo\u015b\u0107 do\u0142\u0105czenia do DAS-FL:<\/strong> dodanie automatycznej stacji wierc\u0105cej do DAS-FL<\/li>\n<li><strong>Zwi\u0119kszona produktywno\u015b\u0107:<\/strong> Automatyczne stacje wiertnicze mog\u0105 pracowa\u0107 w spos\u00f3b ci\u0105g\u0142y, bez przerw, co znacznie zwi\u0119ksza tempo produkcji.<\/li>\n<li><strong>Precyzja i powtarzalno\u015b\u0107:<\/strong> Maszyny te oferuj\u0105 wysok\u0105 dok\u0142adno\u015b\u0107 i sp\u00f3jno\u015b\u0107 w ka\u017cdej operacji wiercenia, co poprawia jako\u015b\u0107 produkt\u00f3w ko\u0144cowych<\/li>\n<li><strong>Efektywno\u015b\u0107 kosztowa: <\/strong>Automatyzacja zmniejsza koszty pracy i zwi\u0119ksza wydajno\u015b\u0107, poniewa\u017c wymagana jest mniejsza liczba r\u0119cznych interwencji<\/li>\n<li><strong>Elastyczno\u015b\u0107:<\/strong> Automatyczne stacje wierc\u0105ce mo\u017cna \u0142atwo dostosowa\u0107 do r\u00f3\u017cnych wymaga\u0144 zwi\u0105zanych z wierceniem, w tym do obr\u00f3bki r\u00f3\u017cnych materia\u0142\u00f3w i geometrii.<\/li>\n<li><strong>Bezpiecze\u0144stwo:<\/strong> Zautomatyzowane stacje wiertnicze zmniejszaj\u0105 ryzyko wypadk\u00f3w przemys\u0142owych, poniewa\u017c wymagaj\u0105 mniejszej interwencji cz\u0142owieka.<\/li>\n<\/ul>\n<p>[\/vc_column_text][\/vc_tta_section][vc_tta_section title=&#8221;Obszary zastosowania&#8221; tab_id=&#8221;1739431384757-33359260-8ac3&#8243;][vc_single_image image=&#8221;5732&#8243; img_size=&#8221;200*200&#8243; alignment=&#8221;center&#8221; onclick=&#8221;custom_link&#8221; css=&#8221;&#8221; link=&#8221;https:\/\/mbm.at\/wp-content\/uploads\/2025\/02\/20250121_103920-scaled.jpg&#8221;][vc_column_text css=&#8221;&#8221;]<\/p>\n<ul>\n<li><strong>Produkcja trumien:<\/strong>\n<ul>\n<li>Tworzenie otwor\u00f3w na uchwyty<\/li>\n<li>Tworzenie otwor\u00f3w uszczelniaj\u0105cych<\/li>\n<li>Tworzenie otwor\u00f3w na w\u0119z\u0142y<\/li>\n<\/ul>\n<\/li>\n<\/ul>\n<p>[\/vc_column_text][\/vc_tta_section][vc_tta_section title=&#8221;Wersja&#8221; tab_id=&#8221;1740038908552-3559feea-dc0b&#8221;][vc_single_image image=&#8221;5375&#8243; img_size=&#8221;200*200&#8243; alignment=&#8221;center&#8221; onclick=&#8221;custom_link&#8221; css=&#8221;&#8221; link=&#8221;https:\/\/mbm.at\/wp-content\/uploads\/2025\/02\/IMG_2052.jpg&#8221;][vc_column_text css=&#8221;&#8221;]<\/p>\n<ul>\n<li>Stacja wiertnicza na linii produkcyjnej DAS-FL<\/li>\n<li>Stacja wierc\u0105ca jako samodzielna maszyna<\/li>\n<li>Stacja wiertnicza do wiercenia otwor\u00f3w<\/li>\n<\/ul>\n<p>[\/vc_column_text][\/vc_tta_section][vc_tta_section title=&#8221;Opcje&#8221; tab_id=&#8221;1740038911672-afecc4b4-a542&#8243;][vc_single_image image=&#8221;5253&#8243; img_size=&#8221;200*200&#8243; alignment=&#8221;center&#8221; onclick=&#8221;custom_link&#8221; css=&#8221;&#8221; link=&#8221;https:\/\/mbm.at\/wp-content\/uploads\/2025\/02\/bohr1.png&#8221;][vc_column_text css=&#8221;&#8221;]<\/p>\n<ul>\n<li>Wiercenie kilkoma urz\u0105dzeniami jednocze\u015bnie<\/li>\n<li>Wiercenie z u\u017cyciem wielu osi<\/li>\n<li>Wiercenie z elastyczn\u0105 odleg\u0142o\u015bci\u0105 wiercenia<\/li>\n<\/ul>\n<p>[\/vc_column_text][\/vc_tta_section][vc_tta_section title=&#8221;Dane techniczne&#8221; tab_id=&#8221;1740038913920-7650123a-a710&#8243;][vc_column_text css=&#8221;&#8221;]<\/p>\n<ul>\n<li>Elektrycznie regulowane pojedyncze jednostki wierc\u0105ce do otwor\u00f3w mocuj\u0105cych<\/li>\n<li>Liniowe osie przesuwu dla kierunku X, Y, Z<\/li>\n<li>Mocowanie przedmiot\u00f3w obrabianych za pomoc\u0105 si\u0142ownik\u00f3w mocuj\u0105cych<\/li>\n<li>Czas cyklu zaprojektowany dla cyklu DAS-FL i jednoczesnego wiercenia do 6 otwor\u00f3w<\/li>\n<li>Skok wiert\u0142a = 80 mm, z uchwytem redukcyjnym do wiert\u0142a o \u015brednicy 10 mm.<\/li>\n<\/ul>\n<p>[\/vc_column_text][\/vc_tta_section][vc_tta_section title=&#8221;System kontrolny&#8221; tab_id=&#8221;1740038915216-6be24bbf-05a8&#8243;][vc_single_image image=&#8221;5741&#8243; img_size=&#8221;200*200&#8243; alignment=&#8221;center&#8221; onclick=&#8221;custom_link&#8221; css=&#8221;&#8221; link=&#8221;https:\/\/mbm.at\/wp-content\/uploads\/2025\/02\/KHA6gross-scaled.jpg&#8221;][vc_column_text css=&#8221;&#8221;]<\/p>\n<ul>\n<li>Siemens jako wiod\u0105ca marka komponent\u00f3w elektrycznych i elektronicznych z centralnym systemem sterowania TIA-PLC (wersja bezpieczna) do sterowania systemem, sekwencj\u0105 i bezpiecze\u0144stwem<\/li>\n<li>Zarz\u0105dzanie parametrami, tryb r\u0119czny, zarz\u0105dzanie alarmami, rejestracja danych<\/li>\n<li>Panel sterowania HMI z ekranem dotykowym<\/li>\n<li>Proste tworzenie programu za pomoc\u0105 konfiguratora trumien<\/li>\n<li>Diagnostyka usterek pod k\u0105tem nieprawid\u0142owego dzia\u0142ania<\/li>\n<li>Korekta d\u0142ugo\u015bci i wysoko\u015bci rowka dla r\u00f3\u017cnych grubo\u015bci drewna<\/li>\n<li>Wycinanie r\u00f3\u017cnych program\u00f3w z jednego kawa\u0142ka drewna<\/li>\n<li>Opcje sterowania\n<ul>\n<li>Interfejs do automatycznego przesy\u0142ania danych produkcyjnych<\/li>\n<li>Zdalna diagnostyka i zdalne rozwi\u0105zania konserwacyjne<\/li>\n<li>Kontrola platformy IoT: Do monitorowania i gromadzenia danych produkcyjnych oraz \u0142\u0105czenia w sie\u0107 z systemami wy\u017cszego lub ni\u017cszego szczebla. Wi\u0119cej informacji na stronie: <a href=\"https:\/\/www.digifai.com\/de\/control\/\" target=\"_blank\" rel=\"noopener\">control &#8211; digifai<\/a> <\/li>\n<\/ul>\n<\/li>\n<\/ul>\n<p>[\/vc_column_text][\/vc_tta_section][vc_tta_section title=&#8221;Dane maszyny&#8221; tab_id=&#8221;1740038916567-704225a7-f58c&#8221;][vc_single_image image=&#8221;5750&#8243; img_size=&#8221;200*200&#8243; alignment=&#8221;center&#8221; onclick=&#8221;custom_link&#8221; css=&#8221;&#8221; link=&#8221;https:\/\/mbm.at\/wp-content\/uploads\/2025\/02\/Kantholzautomat-KHA2.png&#8221;][vc_column_text css=&#8221;&#8221;]<\/p>\n<ul>\n<li>Solidna spawana konstrukcja<\/li>\n<li>Sprz\u0119t wiertniczy: 0,75 kW, 2675 obr<\/li>\n<li>Do 12 urz\u0105dze\u0144 wiertniczych<\/li>\n<li>Wymagane miejsce\n<ul>\n<li>D\u0142ugo\u015b\u0107 instalacji ok. 3500 mm, szeroko\u015b\u0107 2000 mm<\/li>\n<\/ul>\n<\/li>\n<\/ul>\n<p>[\/vc_column_text][\/vc_tta_section][\/vc_tta_accordion][\/vc_column][\/vc_row]<\/p>\n<\/div>","protected":false},"excerpt":{"rendered":"<p>[vc_row][vc_column][vc_images_carousel images=&#8221;5661,5653,5645,5637&#8243; img_size=&#8221;full&#8221; css=&#8221;&#8221;][\/vc_column][\/vc_row][vc_row][vc_column][vc_tta_accordion][vc_tta_section title=&#8221;Korzy\u015bci dla u\u017cytkownika&#8221; tab_id=&#8221;1739431384756-268a3dc5-a8f9&#8243;][vc_single_image image=&#8221;5359&#8243; img_size=&#8221;200*200&#8243; alignment=&#8221;center&#8221; onclick=&#8221;custom_link&#8221; css=&#8221;&#8221; link=&#8221;https:\/\/mbm.at\/wp-content\/uploads\/2025\/02\/bohrstation-wendel.jpg&#8221;][vc_column_text css=&#8221;&#8221;] Mo\u017cliwo\u015b\u0107 do\u0142\u0105czenia do DAS-FL: dodanie automatycznej stacji wierc\u0105cej do DAS-FL Zwi\u0119kszona produktywno\u015b\u0107: Automatyczne stacje wiertnicze mog\u0105 pracowa\u0107 w spos\u00f3b ci\u0105g\u0142y, bez przerw, co znacznie zwi\u0119ksza tempo produkcji. Precyzja i powtarzalno\u015b\u0107: Maszyny te oferuj\u0105 wysok\u0105 dok\u0142adno\u015b\u0107 i sp\u00f3jno\u015b\u0107 w ka\u017cdej operacji [&hellip;]<\/p>\n","protected":false},"author":2,"featured_media":0,"parent":0,"menu_order":0,"comment_status":"closed","ping_status":"closed","template":"","meta":{"footnotes":""},"class_list":["post-5450","page","type-page","status-publish","hentry"],"_links":{"self":[{"href":"https:\/\/mbm.at\/pl\/wp-json\/wp\/v2\/pages\/5450","targetHints":{"allow":["GET"]}}],"collection":[{"href":"https:\/\/mbm.at\/pl\/wp-json\/wp\/v2\/pages"}],"about":[{"href":"https:\/\/mbm.at\/pl\/wp-json\/wp\/v2\/types\/page"}],"author":[{"embeddable":true,"href":"https:\/\/mbm.at\/pl\/wp-json\/wp\/v2\/users\/2"}],"replies":[{"embeddable":true,"href":"https:\/\/mbm.at\/pl\/wp-json\/wp\/v2\/comments?post=5450"}],"version-history":[{"count":8,"href":"https:\/\/mbm.at\/pl\/wp-json\/wp\/v2\/pages\/5450\/revisions"}],"predecessor-version":[{"id":5838,"href":"https:\/\/mbm.at\/pl\/wp-json\/wp\/v2\/pages\/5450\/revisions\/5838"}],"wp:attachment":[{"href":"https:\/\/mbm.at\/pl\/wp-json\/wp\/v2\/media?parent=5450"}],"curies":[{"name":"wp","href":"https:\/\/api.w.org\/{rel}","templated":true}]}}