{"id":527,"date":"2024-11-06T15:16:57","date_gmt":"2024-11-06T14:16:57","guid":{"rendered":"https:\/\/wp.mbm.at\/technika-transportu\/"},"modified":"2024-11-12T10:27:52","modified_gmt":"2024-11-12T09:27:52","slug":"technika-transportu","status":"publish","type":"page","link":"https:\/\/mbm.at\/pl\/technika-transportu\/","title":{"rendered":"Technika transportu"},"content":{"rendered":"<div class=\"wpb-content-wrapper\"><p>[vc_row][vc_column][vc_column_text css=&#8221;&#8221;]<\/p>\n<h4>\u00bb Linia monta\u017cowa<\/h4>\n<p>[\/vc_column_text][\/vc_column][\/vc_row][vc_row][vc_column][vc_single_image image=&#8221;528&#8243; img_size=&#8221;large&#8221; css=&#8221;&#8221;][\/vc_column][\/vc_row][vc_row][vc_column][vc_column_text css=&#8221;&#8221;]<\/p>\n<h4>\u00bb Przeno\u015bnik \u0142a\u0144cuchowy<\/h4>\n<p>Brak dost\u0119pnych plik\u00f3w![\/vc_column_text][\/vc_column][\/vc_row][vc_row][vc_column][vc_column_text css=&#8221;&#8221;]<\/p>\n<h4>\u00bb Przeno\u015bnik pasowy<\/h4>\n<p>[\/vc_column_text][\/vc_column][\/vc_row][vc_row][vc_column][vc_images_carousel images=&#8221;529,530,531&#8243; img_size=&#8221;large&#8221; css=&#8221;&#8221;][\/vc_column][\/vc_row][vc_row][vc_column][vc_column_text css=&#8221;&#8221;]<\/p>\n<h4>\u00bb Przeno\u015bnik ta\u015bmowy<\/h4>\n<p>[\/vc_column_text][\/vc_column][\/vc_row][vc_row][vc_column][vc_images_carousel images=&#8221;532,533,534,535,536,537,538,539,540,541,542,543,544&#8243; img_size=&#8221;large&#8221; css=&#8221;&#8221;][\/vc_column][\/vc_row]<\/p>\n<\/div>","protected":false},"excerpt":{"rendered":"<p>[vc_row][vc_column][vc_column_text css=&#8221;&#8221;] \u00bb Linia monta\u017cowa [\/vc_column_text][\/vc_column][\/vc_row][vc_row][vc_column][vc_single_image image=&#8221;528&#8243; img_size=&#8221;large&#8221; css=&#8221;&#8221;][\/vc_column][\/vc_row][vc_row][vc_column][vc_column_text css=&#8221;&#8221;] \u00bb Przeno\u015bnik \u0142a\u0144cuchowy Brak dost\u0119pnych plik\u00f3w![\/vc_column_text][\/vc_column][\/vc_row][vc_row][vc_column][vc_column_text css=&#8221;&#8221;] \u00bb Przeno\u015bnik pasowy [\/vc_column_text][\/vc_column][\/vc_row][vc_row][vc_column][vc_images_carousel images=&#8221;529,530,531&#8243; img_size=&#8221;large&#8221; css=&#8221;&#8221;][\/vc_column][\/vc_row][vc_row][vc_column][vc_column_text css=&#8221;&#8221;] \u00bb Przeno\u015bnik ta\u015bmowy [\/vc_column_text][\/vc_column][\/vc_row][vc_row][vc_column][vc_images_carousel images=&#8221;532,533,534,535,536,537,538,539,540,541,542,543,544&#8243; img_size=&#8221;large&#8221; css=&#8221;&#8221;][\/vc_column][\/vc_row]<\/p>\n","protected":false},"author":2,"featured_media":0,"parent":0,"menu_order":0,"comment_status":"closed","ping_status":"closed","template":"","meta":{"footnotes":""},"class_list":["post-527","page","type-page","status-publish","hentry"],"_links":{"self":[{"href":"https:\/\/mbm.at\/pl\/wp-json\/wp\/v2\/pages\/527","targetHints":{"allow":["GET"]}}],"collection":[{"href":"https:\/\/mbm.at\/pl\/wp-json\/wp\/v2\/pages"}],"about":[{"href":"https:\/\/mbm.at\/pl\/wp-json\/wp\/v2\/types\/page"}],"author":[{"embeddable":true,"href":"https:\/\/mbm.at\/pl\/wp-json\/wp\/v2\/users\/2"}],"replies":[{"embeddable":true,"href":"https:\/\/mbm.at\/pl\/wp-json\/wp\/v2\/comments?post=527"}],"version-history":[{"count":5,"href":"https:\/\/mbm.at\/pl\/wp-json\/wp\/v2\/pages\/527\/revisions"}],"predecessor-version":[{"id":1643,"href":"https:\/\/mbm.at\/pl\/wp-json\/wp\/v2\/pages\/527\/revisions\/1643"}],"wp:attachment":[{"href":"https:\/\/mbm.at\/pl\/wp-json\/wp\/v2\/media?parent=527"}],"curies":[{"name":"wp","href":"https:\/\/api.w.org\/{rel}","templated":true}]}}