{"id":443,"date":"2024-11-05T15:12:15","date_gmt":"2024-11-05T14:12:15","guid":{"rendered":"https:\/\/wp.mbm.at\/serdecznie-witamy-na-stronie-internetowej-firmy-mbm\/"},"modified":"2024-12-19T14:28:08","modified_gmt":"2024-12-19T13:28:08","slug":"serdecznie-witamy-na-stronie-internetowej-firmy-mbm","status":"publish","type":"page","link":"https:\/\/mbm.at\/pl\/","title":{"rendered":"Automatyzacja i budowa maszyn specjalnych"},"content":{"rendered":"<div class=\"wpb-content-wrapper\"><p>[vc_row][vc_column][vc_column_text css=&#8221;&#8221;]<\/p>\n<h4 style=\"text-align: center;\"><span data-teams=\"true\">Precyzyjne i niezawodne po\u0142\u0105czenia uko\u015bne!<\/span><\/h4>\n<p>[\/vc_column_text][\/vc_column][\/vc_row][vc_row][vc_column][vc_single_image image=&#8221;2499&#8243; img_size=&#8221;large&#8221; alignment=&#8221;center&#8221; onclick=&#8221;custom_link&#8221; css=&#8221;&#8221; link=&#8221;https:\/\/mbm.at\/wp-content\/uploads\/2024\/11\/Doppelgehrungssaege-B2.jpg&#8221;][\/vc_column][\/vc_row][vc_row][vc_column][vc_column_text css=&#8221;&#8221;]<span style=\"\"><strong>mbm<\/strong><\/span> jest specjalist\u0105 w dziedzinie zautomatyzowanych ci\u0119\u0107 uko\u015bnych i buduje w tym celu pi\u0142y uko\u015bne i podw\u00f3jne pi\u0142y uko\u015bne. Niezawodno\u015b\u0107 i precyzja w po\u0142\u0105czeniu z pasj\u0105 do perfekcyjnego ci\u0119cia charakteryzuj\u0105 przede wszystkim <strong><span style=\"\">maszyny mbm<\/span><\/strong>. Z biegiem czasu portfolio zosta\u0142o rozszerzone o kolejne rozwi\u0105zania w zakresie maszyn i automatyzacji. W rezultacie firma <span style=\"\"><strong>mbm<\/strong><\/span> sta\u0142a si\u0119 dostawc\u0105 kompletnych rozwi\u0105za\u0144 do przemys\u0142owej produkcji trumien.   <\/p>\n<p>Wraz z przej\u0119ciem przez Eberle Automatische Systeme GmbH &amp; Co KG z Dornbirn w 2023 roku, oferta zosta\u0142a rozszerzona o cyfrowe rozwi\u0105zania Przemys\u0142u 4.0. \u0141\u0105czy to teraz sprawdzon\u0105, niezawodn\u0105 in\u017cynieri\u0119 mechaniczn\u0105 z nowoczesnymi rozwi\u0105zaniami programowymi zapewniaj\u0105cymi bezpieczn\u0105, wydajn\u0105 i zoptymalizowan\u0105 pod k\u0105tem zasob\u00f3w produkcj\u0119.[\/vc_column_text][\/vc_column][\/vc_row][vc_row][vc_column width=&#8221;1\/6&#8243;][vc_single_image image=&#8221;2533&#8243; img_size=&#8221;250*250&#8243; alignment=&#8221;center&#8221; onclick=&#8221;custom_link&#8221; css=&#8221;&#8221; link=&#8221;https:\/\/mbm.at\/wp-content\/uploads\/2024\/12\/3.jpg&#8221;][\/vc_column][vc_column width=&#8221;5\/6&#8243;][vc_column_text css=&#8221;&#8221;]<strong>Maszyny do produkcji trumien <span style=\"color: #40b5ad;\">mbm<\/span> &#8211; dla nowoczesnej, wydajnej i zindywidualizowanej produkcji trumien<\/strong><\/p>\n<p>Nowoczesna produkcja trumien \u0142\u0105czy tradycyjne rzemios\u0142o z zaawansowan\u0105 technologi\u0105, aby produkowa\u0107 wysokiej jako\u015bci, trwa\u0142e trumny w du\u017cych ilo\u015bciach.<\/p>\n<p>&gt;&gt; kontynuowa\u0107 <a href=\"https:\/\/mbm.at\/pl\/maszyny-do-produkcji-trumien\/\">produkcj\u0119 trumien<\/a>[\/vc_column_text][\/vc_column][\/vc_row][vc_row][vc_column width=&#8221;1\/6&#8243;][vc_single_image image=&#8221;2519&#8243; img_size=&#8221;250*250&#8243; alignment=&#8221;center&#8221; onclick=&#8221;custom_link&#8221; css=&#8221;&#8221; link=&#8221;https:\/\/mbm.at\/wp-content\/uploads\/2024\/12\/1.jpg&#8221;][\/vc_column][vc_column width=&#8221;5\/6&#8243;][vc_column_text css=&#8221;&#8221;]<strong>Pilarki ukosowe <span style=\"color: #40b5ad;\">mbm<\/span> &#8211; ci\u0119cia pod idealnym k\u0105tem<\/strong><\/p>\n<p>Dok\u0142adne ci\u0119cia i precyzyjne rowki pod r\u00f3\u017cnymi k\u0105tami pozwalaj\u0105 zaoszcz\u0119dzi\u0107 na przer\u00f3bkach i szlifowaniu.<\/p>\n<p>&gt;&gt; Przejd\u017a do pi\u0142 uko\u015bnych <a href=\"https:\/\/mbm.at\/pl\/dwupila-ukosnica\/\">DAS-E<\/a> i <a href=\"https:\/\/mbm.at\/pl\/dwupila-ukosnica-uniwersalna-das-u\/\">DAS-U<\/a>[\/vc_column_text][\/vc_column][\/vc_row][vc_row][vc_column width=&#8221;1\/6&#8243;][vc_single_image image=&#8221;2526&#8243; img_size=&#8221;250*250&#8243; alignment=&#8221;center&#8221; onclick=&#8221;custom_link&#8221; css=&#8221;&#8221; link=&#8221;https:\/\/mbm.at\/wp-content\/uploads\/2024\/12\/2.jpg&#8221;][\/vc_column][vc_column width=&#8221;5\/6&#8243;][vc_column_text css=&#8221;&#8221;]<strong>Linie produkcyjne <span style=\"color: #40b5ad;\">mbm<\/span> &#8211; precyzyjna i szybka zautomatyzowana produkcja w du\u017cych ilo\u015bciach<\/strong><\/p>\n<p>Linie produkcyjne \u0142\u0105cz\u0105 r\u00f3\u017cne stacje robocze w jednej maszynie, odci\u0105\u017caj\u0105c pracownik\u00f3w, zwi\u0119kszaj\u0105c produktywno\u015b\u0107 i poprawiaj\u0105c efektywno\u015b\u0107 kosztow\u0105 przy zachowaniu tego samego poziomu jako\u015bci.<\/p>\n<p>&gt;&gt; Przejd\u017a do <a href=\"https:\/\/mbm.at\/pl\/linie-produkcyjne\/\">linii produkcyjnych<\/a>[\/vc_column_text][\/vc_column][\/vc_row][vc_row][vc_column width=&#8221;1\/6&#8243;][vc_single_image image=&#8221;3240&#8243; img_size=&#8221;250*250&#8243; alignment=&#8221;center&#8221; onclick=&#8221;custom_link&#8221; css=&#8221;&#8221; link=&#8221;https:\/\/mbm.at\/wp-content\/uploads\/2024\/12\/mbm-automation-neu.png&#8221;][\/vc_column][vc_column width=&#8221;5\/6&#8243;][vc_column_text css=&#8221;&#8221;]<strong>Automatyzacja <span style=\"color: #40b5ad;\">mbm<\/span> i wzajemne powi\u0105zanie proces\u00f3w produkcyjnych dla sta\u0142ej, najwy\u017cszej wydajno\u015bci<\/strong><\/p>\n<p>Procesy produkcyjne s\u0105 optymalizowane i przyspieszane poprzez automatyzacj\u0119, robotyzacj\u0119 i wzajemne powi\u0105zanie proces\u00f3w. Prowadzi to do zwi\u0119kszenia produktywno\u015bci i skr\u00f3cenia czasu realizacji zam\u00f3wie\u0144. <\/p>\n<p>&gt;&gt; Kontynuuj <a href=\"https:\/\/mbm.at\/pl\/automatyzacja-produkcji-trumien\/\">Automatyzacj\u0119<\/a>[\/vc_column_text][\/vc_column][\/vc_row][vc_row][vc_column width=&#8221;1\/6&#8243;][vc_single_image image=&#8221;3220&#8243; img_size=&#8221;250*250&#8243; onclick=&#8221;custom_link&#8221; css=&#8221;&#8221; link=&#8221;https:\/\/mbm.at\/wp-content\/uploads\/2024\/12\/mbm-page.png&#8221;][\/vc_column][vc_column width=&#8221;5\/6&#8243;][vc_column_text css=&#8221;&#8221;]<strong><span style=\"color: #40b5ad;\">mbm <\/span>Rozwi\u0105zania do cyfryzacji &#8211; przyspieszenie planowania, projektowania i produkcji<\/strong><\/p>\n<p>Zastosowanie inteligentnych maszyn i system\u00f3w sieciowych automatyzuje i optymalizuje procesy produkcyjne, prowadz\u0105c do wy\u017cszej wydajno\u015bci i znacznie upraszczaj\u0105c monitorowanie proces\u00f3w.<\/p>\n<p>&gt;&gt; Kontynuuj <a href=\"https:\/\/mbm.at\/pl\/rozwiazania-digitalizacyjne-do-produkcji-trumien\/\">Digitalizacj\u0119<\/a>[\/vc_column_text][\/vc_column][\/vc_row]<\/p>\n<\/div>","protected":false},"excerpt":{"rendered":"<p>[vc_row][vc_column][vc_column_text css=&#8221;&#8221;] Precyzyjne i niezawodne po\u0142\u0105czenia uko\u015bne! [\/vc_column_text][\/vc_column][\/vc_row][vc_row][vc_column][vc_single_image image=&#8221;2499&#8243; img_size=&#8221;large&#8221; alignment=&#8221;center&#8221; onclick=&#8221;custom_link&#8221; css=&#8221;&#8221; link=&#8221;https:\/\/mbm.at\/wp-content\/uploads\/2024\/11\/Doppelgehrungssaege-B2.jpg&#8221;][\/vc_column][\/vc_row][vc_row][vc_column][vc_column_text css=&#8221;&#8221;]mbm jest specjalist\u0105 w dziedzinie zautomatyzowanych ci\u0119\u0107 uko\u015bnych i buduje w tym celu pi\u0142y uko\u015bne i podw\u00f3jne pi\u0142y uko\u015bne. Niezawodno\u015b\u0107 i precyzja w po\u0142\u0105czeniu z pasj\u0105 do perfekcyjnego ci\u0119cia charakteryzuj\u0105 przede wszystkim maszyny mbm. Z biegiem czasu portfolio zosta\u0142o rozszerzone o [&hellip;]<\/p>\n","protected":false},"author":2,"featured_media":0,"parent":0,"menu_order":0,"comment_status":"closed","ping_status":"closed","template":"","meta":{"footnotes":""},"class_list":["post-443","page","type-page","status-publish","hentry"],"_links":{"self":[{"href":"https:\/\/mbm.at\/pl\/wp-json\/wp\/v2\/pages\/443","targetHints":{"allow":["GET"]}}],"collection":[{"href":"https:\/\/mbm.at\/pl\/wp-json\/wp\/v2\/pages"}],"about":[{"href":"https:\/\/mbm.at\/pl\/wp-json\/wp\/v2\/types\/page"}],"author":[{"embeddable":true,"href":"https:\/\/mbm.at\/pl\/wp-json\/wp\/v2\/users\/2"}],"replies":[{"embeddable":true,"href":"https:\/\/mbm.at\/pl\/wp-json\/wp\/v2\/comments?post=443"}],"version-history":[{"count":75,"href":"https:\/\/mbm.at\/pl\/wp-json\/wp\/v2\/pages\/443\/revisions"}],"predecessor-version":[{"id":4397,"href":"https:\/\/mbm.at\/pl\/wp-json\/wp\/v2\/pages\/443\/revisions\/4397"}],"wp:attachment":[{"href":"https:\/\/mbm.at\/pl\/wp-json\/wp\/v2\/media?parent=443"}],"curies":[{"name":"wp","href":"https:\/\/api.w.org\/{rel}","templated":true}]}}