{"id":3383,"date":"2024-12-03T08:04:57","date_gmt":"2024-12-03T07:04:57","guid":{"rendered":"https:\/\/mbm.at\/pobierz-nasze-broszury-mbm\/"},"modified":"2024-12-11T10:36:48","modified_gmt":"2024-12-11T09:36:48","slug":"pobierz-nasze-broszury-mbm","status":"publish","type":"page","link":"https:\/\/mbm.at\/pl\/pobierz-nasze-broszury-mbm\/","title":{"rendered":"Pobierz nasze broszury mbm"},"content":{"rendered":"<div class=\"wpb-content-wrapper\"><p>[vc_row][vc_column][vc_column_text css=&#8221;&#8221;]Tutaj mo\u017cna pobra\u0107 nasze broszury, aby uzyska\u0107 wi\u0119cej informacji o nas i naszej pracy.<\/p>\n<p><a href=\"https:\/\/mbm.at\/wp-content\/uploads\/2024\/12\/20241209_Sargmaschinen_Doppelgehrungssage_DE_EN.pdf\" target=\"_blank\" rel=\"noopener\">Coffin machines_double mitre_PL<\/a><\/p>\n<p><a href=\"https:\/\/mbm.at\/wp-content\/uploads\/2024\/12\/20241209_Sargmaschinen_Doppelgehrungssage_DE_FR.pdf\" target=\"_blank\" rel=\"noopener\">Coffin machines_double mitre_EN_FR<\/a>[\/vc_column_text][\/vc_column][\/vc_row]<\/p>\n<\/div>","protected":false},"excerpt":{"rendered":"<p>[vc_row][vc_column][vc_column_text css=&#8221;&#8221;]Tutaj mo\u017cna pobra\u0107 nasze broszury, aby uzyska\u0107 wi\u0119cej informacji o nas i naszej pracy. Coffin machines_double mitre_PL Coffin machines_double mitre_EN_FR[\/vc_column_text][\/vc_column][\/vc_row]<\/p>\n","protected":false},"author":2,"featured_media":0,"parent":0,"menu_order":0,"comment_status":"closed","ping_status":"closed","template":"","meta":{"footnotes":""},"class_list":["post-3383","page","type-page","status-publish","hentry"],"_links":{"self":[{"href":"https:\/\/mbm.at\/pl\/wp-json\/wp\/v2\/pages\/3383","targetHints":{"allow":["GET"]}}],"collection":[{"href":"https:\/\/mbm.at\/pl\/wp-json\/wp\/v2\/pages"}],"about":[{"href":"https:\/\/mbm.at\/pl\/wp-json\/wp\/v2\/types\/page"}],"author":[{"embeddable":true,"href":"https:\/\/mbm.at\/pl\/wp-json\/wp\/v2\/users\/2"}],"replies":[{"embeddable":true,"href":"https:\/\/mbm.at\/pl\/wp-json\/wp\/v2\/comments?post=3383"}],"version-history":[{"count":2,"href":"https:\/\/mbm.at\/pl\/wp-json\/wp\/v2\/pages\/3383\/revisions"}],"predecessor-version":[{"id":3478,"href":"https:\/\/mbm.at\/pl\/wp-json\/wp\/v2\/pages\/3383\/revisions\/3478"}],"wp:attachment":[{"href":"https:\/\/mbm.at\/pl\/wp-json\/wp\/v2\/media?parent=3383"}],"curies":[{"name":"wp","href":"https:\/\/api.w.org\/{rel}","templated":true}]}}