{"id":2944,"date":"2024-11-19T15:13:11","date_gmt":"2024-11-19T14:13:11","guid":{"rendered":"https:\/\/wp.mbm.at\/rozwiazania-digitalizacyjne-do-produkcji-trumien\/"},"modified":"2025-02-03T08:49:20","modified_gmt":"2025-02-03T07:49:20","slug":"rozwiazania-digitalizacyjne-do-produkcji-trumien","status":"publish","type":"page","link":"https:\/\/mbm.at\/pl\/rozwiazania-digitalizacyjne-do-produkcji-trumien\/","title":{"rendered":"Rozwi\u0105zania digitalizacyjne do produkcji trumien"},"content":{"rendered":"<div class=\"wpb-content-wrapper\"><p>[vc_row][vc_column][vc_column_text css=&#8221;&#8221;]<strong>Konfigurator trumien<\/strong><\/p>\n<p>Konfigurator trumien oferuje wiele korzy\u015bci, zw\u0142aszcza je\u015bli chodzi o dostosowywanie i indywidualizacj\u0119 produkt\u00f3w.<\/p>\n<p>Zaletami stosowania konfigurator\u00f3w trumien w produkcji trumien s\u0105:<\/p>\n<p><strong>Szybka regulacja program\u00f3w do edycji<\/strong><\/p>\n<p>Wst\u0119pne ustawienia ci\u0119\u0107 mo\u017cna \u0142atwo utworzy\u0107 za pomoc\u0105 interfejsu internetowego bezpo\u015brednio na maszynie lub poprzez zdalny dost\u0119p w biurze. Programy do edycji mo\u017cna zapisywa\u0107, zmienia\u0107 i ponownie wykorzystywa\u0107. <\/p>\n<p><strong> <\/strong><strong>Efektywne dostosowywanie produktu<\/strong><\/p>\n<p>Konfigurator trumien umo\u017cliwia dostosowanie produkt\u00f3w do indywidualnych potrzeb i preferencji klient\u00f3w. Prowadzi to do wi\u0119kszego zadowolenia klient\u00f3w i mo\u017ce wzmocni\u0107 ich lojalno\u015b\u0107. <\/p>\n<p><strong> <\/strong><strong>Unikanie b\u0142\u0119d\u00f3w:<br \/><\/strong>Konfigurator trumien gwarantuje, \u017ce mo\u017cna wybra\u0107 tylko kompatybilne opcje, zmniejszaj\u0105c prawdopodobie\u0144stwo b\u0142\u0119d\u00f3w, nieprawid\u0142owej produkcji i d\u0142ugich ci\u0119\u0107 testowych.<\/p>\n<p><strong> <\/strong><\/p>\n<p><a href=\"mailto:office@mbm.at\">&gt;&gt; Wi\u0119cej informacji lub rozpocznij zapytanie<\/a><\/p>\n<p><a href=\"mailto:office@mbm.at\">&gt;&gt; Rozwi\u0105zania do cyfryzacji produkcji trumien<\/a>[\/vc_column_text][\/vc_column][\/vc_row][vc_row][vc_column width=&#8221;1\/4&#8243;][vc_single_image image=&#8221;3628&#8243; img_size=&#8221;250*250&#8243; alignment=&#8221;center&#8221; onclick=&#8221;custom_link&#8221; css=&#8221;&#8221; link=&#8221;https:\/\/mbm.at\/wp-content\/uploads\/2024\/12\/Sargkonfigurator-1.png&#8221;][\/vc_column][vc_column width=&#8221;1\/4&#8243;][vc_single_image image=&#8221;3621&#8243; img_size=&#8221;250*250&#8243; alignment=&#8221;center&#8221; onclick=&#8221;custom_link&#8221; css=&#8221;&#8221; link=&#8221;https:\/\/mbm.at\/wp-content\/uploads\/2024\/12\/Sargkonfigurator-2.png&#8221;][\/vc_column][vc_column width=&#8221;1\/4&#8243;][vc_single_image image=&#8221;3614&#8243; img_size=&#8221;250*250&#8243; alignment=&#8221;center&#8221; onclick=&#8221;custom_link&#8221; css=&#8221;&#8221; link=&#8221;https:\/\/mbm.at\/wp-content\/uploads\/2024\/12\/Sargkonfigurator_3.jpg&#8221;][\/vc_column][vc_column width=&#8221;1\/4&#8243;][vc_single_image image=&#8221;3607&#8243; img_size=&#8221;250*250&#8243; alignment=&#8221;center&#8221; onclick=&#8221;custom_link&#8221; css=&#8221;&#8221; link=&#8221;https:\/\/mbm.at\/wp-content\/uploads\/2024\/12\/Sargkonfigurator_2.jpg&#8221;][\/vc_column][\/vc_row][vc_row][vc_column][vc_column_text css=&#8221;&#8221;]<strong>Kontrola przemys\u0142owej platformy IoT<\/strong><\/p>\n<p><strong> <\/strong>Dzi\u0119ki platformie <a href=\"https:\/\/www.digifai.com\/de\/control\/\" target=\"_blank\" rel=\"noopener\">control<\/a> masz ca\u0142kowit\u0105 kontrol\u0119 nad danymi procesowymi. Platformy IoT, takie jak <a href=\"https:\/\/www.digifai.com\/de\/control\/\" target=\"_blank\" rel=\"noopener\">control<\/a> oferuj\u0105 firmom liczne korzy\u015bci, kt\u00f3re mog\u0105 zwi\u0119kszy\u0107 ich wydajno\u015b\u0107 i konkurencyjno\u015b\u0107. <\/p>\n<p>Zalety stosowania sterowania<a href=\"https:\/\/www.digifai.com\/de\/control\/\" target=\"_blank\" rel=\"noopener\"> control <\/a>w produkcji trumien obejmuj\u0105<\/p>\n<p><strong> <\/strong><strong>Skuteczne monitorowanie danych maszynowych i eksploatacyjnych<\/strong><\/p>\n<p>Przyjazna dla u\u017cytkownika i przejrzysta administracja za pomoc\u0105 dashboard\u00f3w i funkcji ulubionych zapewnia szybkie gromadzenie informacji potrzebnych do podj\u0119cia decyzji. Automatyczne powiadamianie o warto\u015bciach granicznych, zdarzeniach czy alarmach gwarantuje szybk\u0105 reakcj\u0119 w przypadku zak\u0142\u00f3ce\u0144. <\/p>\n<p><strong> <\/strong><strong>Dane operacyjne, analizy i raportowanie<\/strong><\/p>\n<p>Control rejestruje dane maszyny, takie jak praca i przestoje, i umo\u017cliwia u\u017cytkownikowi cyfrowe rejestrowanie informacji zwi\u0105zanych z produkcj\u0105, takich jak dane dotycz\u0105ce jako\u015bci lub zam\u00f3wie\u0144, poprzez wprowadzenie ich na terminalach PDE.<\/p>\n<p><strong> <\/strong><strong>Lepsze podejmowanie decyzji<\/strong><\/p>\n<p>Gromadz\u0105c i analizuj\u0105c dane w czasie rzeczywistym, firmy mog\u0105 podejmowa\u0107 \u015bwiadome decyzje i szybciej reagowa\u0107 na zmiany.<\/p>\n<p><strong> <\/strong><strong>Przejrzysto\u015b\u0107 i identyfikowalno\u015b\u0107<\/strong><\/p>\n<p><a href=\"https:\/\/www.digifai.com\/de\/control\/\" target=\"_blank\" rel=\"noopener\">control<\/a> zapewnia lepsz\u0105 widoczno\u015b\u0107 i identyfikowalno\u015b\u0107 proces\u00f3w produkcyjnych, poprawiaj\u0105c zapewnienie jako\u015bci i zgodno\u015b\u0107.<\/p>\n<p><strong> <\/strong><strong>Zwi\u0119kszone bezpiecze\u0144stwo<\/strong><\/p>\n<p>Platformy IoT mo\u017cna wykorzysta\u0107 do monitorowania i zabezpieczania aktyw\u00f3w i proces\u00f3w, zmniejszaj\u0105c ryzyko wypadk\u00f3w, incydent\u00f3w zwi\u0105zanych z bezpiecze\u0144stwem i przestoj\u00f3w produkcyjnych.<\/p>\n<p>&nbsp;<\/p>\n<p><a href=\"mailto:office@mbm.at\">&gt;&gt; Wi\u0119cej informacji lub rozpocznij zapytanie<\/a><\/p>\n<p><a href=\"https:\/\/www.digifai.com\/de\/\">&gt;&gt;  Dost\u0119p do wersji demonstracyjnej online<\/a>[\/vc_column_text][\/vc_column][\/vc_row][vc_row][vc_column width=&#8221;1\/4&#8243;][vc_single_image image=&#8221;3724&#8243; img_size=&#8221;250*250&#8243; alignment=&#8221;center&#8221; onclick=&#8221;custom_link&#8221; css=&#8221;&#8221; link=&#8221;https:\/\/mbm.at\/wp-content\/uploads\/2024\/12\/control_tablet_9.png&#8221;][\/vc_column][vc_column width=&#8221;1\/4&#8243;][vc_single_image image=&#8221;3710&#8243; img_size=&#8221;250*250&#8243; alignment=&#8221;center&#8221; onclick=&#8221;custom_link&#8221; css=&#8221;&#8221; link=&#8221;https:\/\/mbm.at\/wp-content\/uploads\/2024\/12\/Sarg_control_5.jpg&#8221;][\/vc_column][vc_column width=&#8221;1\/4&#8243;][vc_single_image image=&#8221;3703&#8243; img_size=&#8221;250*250&#8243; alignment=&#8221;center&#8221; onclick=&#8221;custom_link&#8221; css=&#8221;&#8221; link=&#8221;https:\/\/mbm.at\/wp-content\/uploads\/2024\/12\/Sarg_control_3.jpg&#8221;][\/vc_column][vc_column width=&#8221;1\/4&#8243;][vc_single_image image=&#8221;3696&#8243; img_size=&#8221;250*250&#8243; alignment=&#8221;center&#8221; onclick=&#8221;custom_link&#8221; css=&#8221;&#8221; link=&#8221;https:\/\/mbm.at\/wp-content\/uploads\/2025\/01\/Sarg_control_4.jpg&#8221;][\/vc_column][\/vc_row][vc_row][vc_column][vc_column_text css=&#8221;&#8221;]<strong>Cyfrowy bli\u017aniak twin<\/strong><\/p>\n<p><strong> <\/strong>Oprogramowanie bli\u017aniacze tworzy cyfrowego bli\u017aniaka <a href=\"https:\/\/www.digifai.com\/de\/twin\" target=\"_blank\" rel=\"noopener\">twin<\/a>. Umo\u017cliwia to przetestowanie sterowania systemem przed zatrzymaniem maszyny. A gdy Twoja maszyna jest uruchomiona, bli\u017aniak dzia\u0142a jako tr\u00f3jwymiarowy interfejs u\u017cytkownika.  <\/p>\n<p>Zalety stosowania przemys\u0142owego przetwarzania obrazu w produkcji trumien to:<\/p>\n<p><strong> <\/strong><strong>Opracowywanie i testowanie oprogramowania steruj\u0105cego na cyfrowym bli\u017aniaku twin<\/strong><\/p>\n<p>Dzi\u0119ki oprogramowaniu do symulacji bli\u017aniak\u00f3w <a href=\"https:\/\/www.digifai.com\/de\/twin\" target=\"_blank\" rel=\"noopener\">twin<\/a> mo\u017cesz przetestowa\u0107 wszystkie komponenty swojego uk\u0142adu sterowania bez potrzeby korzystania z prawdziwej maszyny. Komponenty mechaniczne, si\u0142owniki i czujniki \u2013 wszystkie cyfrowe i tr\u00f3jwymiarowe. <\/p>\n<p><strong> <\/strong><strong>Optymalizuj procesy i minimalizuj ryzyko dzi\u0119ki realistycznej symulacji fizyki<\/strong><\/p>\n<p>Dzi\u0119ki technologii <a href=\"https:\/\/www.digifai.com\/de\/twin\" target=\"_blank\" rel=\"noopener\">twin<\/a> zachowanie maszyn i system\u00f3w jest w pe\u0142ni symulowane w 3D, w tym przep\u0142yw materia\u0142u, czasy cykli i kolizje, dzi\u0119ki najnowszej symulacji fizycznej. Optymalizacje mo\u017cna bez ryzyka testowa\u0107 na cyfrowym bli\u017aniaku, bez przestoj\u00f3w na prawdziwej maszynie lub podczas uruchamiania nowych maszyn. <\/p>\n<p><strong>Od pomys\u0142u po wirtualne uruchomienie i nie tylko<\/strong><\/p>\n<p>Zgodnie z ofert\u0105 A nast\u0119pnie maszyna wirtualna \u017cyje jako inteligentny HMI 3D na prawdziwej maszynie. Pe\u0142ny obraz rzeczywistej maszyny na interfejsie operatora ogranicza liczb\u0119 b\u0142\u0119dnych operacji i znacznie u\u0142atwia analiz\u0119 b\u0142\u0119d\u00f3w w przypadku awarii. <\/p>\n<p>&nbsp;<\/p>\n<p><a href=\"mailto:office@mbm.at\">&gt;&gt; Wi\u0119cej informacji lub rozpocznij zapytanie<\/a>[\/vc_column_text][\/vc_column][\/vc_row][vc_row][vc_column width=&#8221;1\/3&#8243;][vc_single_image image=&#8221;3746&#8243; img_size=&#8221;250*250&#8243; alignment=&#8221;center&#8221; onclick=&#8221;custom_link&#8221; css=&#8221;&#8221; link=&#8221;https:\/\/mbm.at\/wp-content\/uploads\/2024\/12\/twin_1.png&#8221;][\/vc_column][vc_column width=&#8221;1\/3&#8243;][vc_single_image image=&#8221;3753&#8243; img_size=&#8221;250*250&#8243; alignment=&#8221;center&#8221; onclick=&#8221;custom_link&#8221; css=&#8221;&#8221; link=&#8221;https:\/\/mbm.at\/wp-content\/uploads\/2024\/12\/1024_1024_3d_hmi_interface-1-900&#215;675-1.jpg&#8221;][\/vc_column][vc_column width=&#8221;1\/3&#8243;][vc_single_image image=&#8221;3760&#8243; img_size=&#8221;250*250&#8243; alignment=&#8221;center&#8221; onclick=&#8221;custom_link&#8221; css=&#8221;&#8221; link=&#8221;https:\/\/mbm.at\/wp-content\/uploads\/2024\/12\/Techniker-mit-V3S-768&#215;576-2.jpg&#8221;][\/vc_column][\/vc_row]<\/p>\n<\/div>","protected":false},"excerpt":{"rendered":"<p>[vc_row][vc_column][vc_column_text css=&#8221;&#8221;]Konfigurator trumien Konfigurator trumien oferuje wiele korzy\u015bci, zw\u0142aszcza je\u015bli chodzi o dostosowywanie i indywidualizacj\u0119 produkt\u00f3w. Zaletami stosowania konfigurator\u00f3w trumien w produkcji trumien s\u0105: Szybka regulacja program\u00f3w do edycji Wst\u0119pne ustawienia ci\u0119\u0107 mo\u017cna \u0142atwo utworzy\u0107 za pomoc\u0105 interfejsu internetowego bezpo\u015brednio na maszynie lub poprzez zdalny dost\u0119p w biurze. Programy do edycji mo\u017cna zapisywa\u0107, zmienia\u0107 i [&hellip;]<\/p>\n","protected":false},"author":2,"featured_media":0,"parent":0,"menu_order":0,"comment_status":"closed","ping_status":"closed","template":"","meta":{"footnotes":""},"class_list":["post-2944","page","type-page","status-publish","hentry"],"_links":{"self":[{"href":"https:\/\/mbm.at\/pl\/wp-json\/wp\/v2\/pages\/2944","targetHints":{"allow":["GET"]}}],"collection":[{"href":"https:\/\/mbm.at\/pl\/wp-json\/wp\/v2\/pages"}],"about":[{"href":"https:\/\/mbm.at\/pl\/wp-json\/wp\/v2\/types\/page"}],"author":[{"embeddable":true,"href":"https:\/\/mbm.at\/pl\/wp-json\/wp\/v2\/users\/2"}],"replies":[{"embeddable":true,"href":"https:\/\/mbm.at\/pl\/wp-json\/wp\/v2\/comments?post=2944"}],"version-history":[{"count":31,"href":"https:\/\/mbm.at\/pl\/wp-json\/wp\/v2\/pages\/2944\/revisions"}],"predecessor-version":[{"id":4972,"href":"https:\/\/mbm.at\/pl\/wp-json\/wp\/v2\/pages\/2944\/revisions\/4972"}],"wp:attachment":[{"href":"https:\/\/mbm.at\/pl\/wp-json\/wp\/v2\/media?parent=2944"}],"curies":[{"name":"wp","href":"https:\/\/api.w.org\/{rel}","templated":true}]}}