{"id":2931,"date":"2024-11-19T15:12:35","date_gmt":"2024-11-19T14:12:35","guid":{"rendered":"https:\/\/wp.mbm.at\/automatyzacja-produkcji-trumien\/"},"modified":"2024-12-18T10:40:36","modified_gmt":"2024-12-18T09:40:36","slug":"automatyzacja-produkcji-trumien","status":"publish","type":"page","link":"https:\/\/mbm.at\/pl\/automatyzacja-produkcji-trumien\/","title":{"rendered":"Automatyzacja produkcji trumien"},"content":{"rendered":"<div class=\"wpb-content-wrapper\"><p>[vc_row][vc_column][vc_column_text css=&#8221;&#8221;]<strong>Automatyzacja robot\u00f3w<\/strong><\/p>\n<p>Roboty s\u0105 coraz cz\u0119\u015bciej wykorzystywane w r\u00f3\u017cnych obszarach produkcji, w tym w produkcji trumien. Roboty te mo\u017cna wykorzysta\u0107 do za\u0142adunku maszyn lub wykonywania zada\u0144 takich jak szlifowanie czy frezowanie trumien, zwi\u0119kszaj\u0105c wydajno\u015b\u0107 i precyzj\u0119. <\/p>\n<p>Zalety wykorzystania robot\u00f3w przy produkcji trumien to:<\/p>\n<p><strong>Precyzja:<\/strong><\/p>\n<p>Roboty mog\u0105 pracowa\u0107 z du\u017c\u0105 dok\u0142adno\u015bci\u0105, co poprawia jako\u015b\u0107 produkt\u00f3w ko\u0144cowych.<\/p>\n<p><strong> <\/strong><strong>Efektywno\u015b\u0107:<\/strong><\/p>\n<p>Zautomatyzowane procesy mo\u017cna realizowa\u0107 szybciej i przy mniejszej liczbie b\u0142\u0119d\u00f3w.<\/p>\n<p><strong> <\/strong><strong>Bezpiecze\u0144stwo:<\/strong><\/p>\n<p>Roboty mog\u0105 wykonywa\u0107 niebezpieczne lub wymagaj\u0105ce fizycznie zadania, zwi\u0119kszaj\u0105c bezpiecze\u0144stwo pracownik\u00f3w.<\/p>\n<ul>\n<li><strong>Roboty do za\u0142adunku maszyn<\/strong><\/li>\n<li><strong>Roboty do paletyzacji i uk\u0142adania<\/strong><\/li>\n<li><strong>P\u0119tle robota<\/strong><\/li>\n<li><strong>Roboty si\u0119gaj\u0105 do pud\u0142a i oddzielaj\u0105 towary masowe <\/strong><\/li>\n<li><strong>Roboty i ludzie pracuj\u0105 jako zesp\u00f3\u0142<\/strong><\/li>\n<li><strong>Autonomiczne roboty transportowe bez kierowcy<\/strong><\/li>\n<li><strong>CNC robot<\/strong><\/li>\n<li><strong>Robot pick &amp; place<\/strong><\/li>\n<\/ul>\n<p><strong> <\/strong><\/p>\n<p><a href=\"mailto:office@mbm.at\">&gt;&gt; Wi\u0119cej informacji lub rozpocznij zapytanie<\/a>[\/vc_column_text][\/vc_column][\/vc_row][vc_row][vc_column width=&#8221;1\/4&#8243;][vc_single_image image=&#8221;3688&#8243; img_size=&#8221;250*250&#8243; alignment=&#8221;center&#8221; onclick=&#8221;custom_link&#8221; css=&#8221;&#8221; link=&#8221;https:\/\/mbm.at\/wp-content\/uploads\/2024\/12\/20170614_160312_001-scaled.jpg&#8221;][\/vc_column][vc_column width=&#8221;1\/4&#8243;][vc_single_image image=&#8221;3667&#8243; img_size=&#8221;250*250&#8243; alignment=&#8221;center&#8221; onclick=&#8221;custom_link&#8221; css=&#8221;&#8221; link=&#8221;https:\/\/mbm.at\/wp-content\/uploads\/2024\/12\/Griff_in_die_Kiste_20240229.png&#8221;][\/vc_column][vc_column width=&#8221;1\/4&#8243;][vc_single_image image=&#8221;3681&#8243; img_size=&#8221;250*250&#8243; alignment=&#8221;center&#8221; onclick=&#8221;custom_link&#8221; css=&#8221;&#8221; link=&#8221;https:\/\/mbm.at\/wp-content\/uploads\/2024\/12\/20240626_kollaborative_Leichtbauroboter.png&#8221;][\/vc_column][vc_column width=&#8221;1\/4&#8243;][vc_single_image image=&#8221;3674&#8243; img_size=&#8221;250*250&#8243; alignment=&#8221;center&#8221; onclick=&#8221;custom_link&#8221; css=&#8221;&#8221; link=&#8221;https:\/\/mbm.at\/wp-content\/uploads\/2024\/12\/20190716_114538.jpg&#8221;][\/vc_column][\/vc_row][vc_row][vc_column][vc_column_text css=&#8221;&#8221;]<strong>Przemys\u0142owe przetwarzanie obrazu<\/strong><\/p>\n<p><strong> <\/strong>Przemys\u0142owe przetwarzanie obrazu to kluczowa technologia w nowoczesnej produkcji. Wykorzystuje zaawansowane kamery i algorytmy do przechwytywania i analizowania danych wizualnych, a tak\u017ce odgrywa wa\u017cn\u0105 rol\u0119 w produkcji trumien. <\/p>\n<p>Zalety stosowania przemys\u0142owego przetwarzania obrazu w produkcji trumien to:<\/p>\n<p><strong> <\/strong><strong>Poprawiona jako\u015b\u0107 produktu:<\/strong><\/p>\n<p>Systemy przetwarzania obrazu mog\u0105 sprawdza\u0107 powierzchnie trumien pod k\u0105tem wad, takich jak zadrapania, p\u0119kni\u0119cia lub r\u00f3\u017cnice kolorystyczne. Dzi\u0119ki temu do klient\u00f3w trafiaj\u0105 wy\u0142\u0105cznie produkty bez wad. Automatyczna kontrola i wykrywanie wad pozwala na precyzyjn\u0105 kontrol\u0119 produkt\u00f3w, podnosz\u0105c jako\u015b\u0107 i redukuj\u0105c ilo\u015b\u0107 odpad\u00f3w.  <\/p>\n<p><strong>Dok\u0142adno\u015b\u0107 wymiarowa:<\/strong><\/p>\n<p>Dzi\u0119ki zastosowaniu kamer i czujnik\u00f3w mo\u017cna precyzyjnie zmierzy\u0107 i sprawdzi\u0107 wymiary trumien, aby upewni\u0107 si\u0119, \u017ce odpowiadaj\u0105 one specyfikacjom.<\/p>\n<p><strong>Automatyzacja:<\/strong><\/p>\n<p>Wizja maszynowa umo\u017cliwia automatyzacj\u0119 wielu r\u0119cznych proces\u00f3w kontroli, zwi\u0119kszaj\u0105c wydajno\u015b\u0107 i redukuj\u0105c b\u0142\u0119dy ludzkie<\/p>\n<p>Technologie te pomagaj\u0105 poprawi\u0107 jako\u015b\u0107 produkcji i zwi\u0119kszy\u0107 wydajno\u015b\u0107 produkcji trumien.<\/p>\n<ul>\n<li><strong>Kontrola powierzchni<\/strong><\/li>\n<li><strong>Wykrywanie dziur<\/strong><\/li>\n<li><strong>Pomiar obiektu<\/strong><\/li>\n<\/ul>\n<p><a href=\"mailto:office@mbm.at\"> &gt;&gt; Wi\u0119cej informacji lub rozpocznij zapytanie<\/a>[\/vc_column_text][\/vc_column][\/vc_row][vc_row][vc_column width=&#8221;1\/4&#8243;][vc_single_image image=&#8221;3657&#8243; img_size=&#8221;250*250&#8243; alignment=&#8221;center&#8221; onclick=&#8221;custom_link&#8221; css=&#8221;&#8221; link=&#8221;https:\/\/mbm.at\/wp-content\/uploads\/2024\/12\/BP_Griff_in_die_Kiste.png&#8221;][\/vc_column][vc_column width=&#8221;1\/4&#8243;][vc_single_image image=&#8221;3650&#8243; img_size=&#8221;250*250&#8243; alignment=&#8221;center&#8221; onclick=&#8221;custom_link&#8221; css=&#8221;&#8221; link=&#8221;https:\/\/mbm.at\/wp-content\/uploads\/2024\/12\/20190417_112348_mit_Strahlen-scaled.jpg&#8221;][\/vc_column][vc_column width=&#8221;1\/4&#8243;][vc_single_image image=&#8221;3643&#8243; img_size=&#8221;250*250&#8243; alignment=&#8221;center&#8221; onclick=&#8221;custom_link&#8221; css=&#8221;&#8221; link=&#8221;https:\/\/mbm.at\/wp-content\/uploads\/2024\/12\/IMG_0170-scaled.jpg&#8221;][\/vc_column][vc_column width=&#8221;1\/4&#8243;][vc_single_image image=&#8221;3636&#8243; img_size=&#8221;250*250&#8243; alignment=&#8221;center&#8221; onclick=&#8221;custom_link&#8221; css=&#8221;&#8221; link=&#8221;https:\/\/mbm.at\/wp-content\/uploads\/2024\/12\/2.png&#8221;][\/vc_column][\/vc_row]<\/p>\n<\/div>","protected":false},"excerpt":{"rendered":"<p>[vc_row][vc_column][vc_column_text css=&#8221;&#8221;]Automatyzacja robot\u00f3w Roboty s\u0105 coraz cz\u0119\u015bciej wykorzystywane w r\u00f3\u017cnych obszarach produkcji, w tym w produkcji trumien. Roboty te mo\u017cna wykorzysta\u0107 do za\u0142adunku maszyn lub wykonywania zada\u0144 takich jak szlifowanie czy frezowanie trumien, zwi\u0119kszaj\u0105c wydajno\u015b\u0107 i precyzj\u0119. Zalety wykorzystania robot\u00f3w przy produkcji trumien to: Precyzja: Roboty mog\u0105 pracowa\u0107 z du\u017c\u0105 dok\u0142adno\u015bci\u0105, co poprawia jako\u015b\u0107 produkt\u00f3w [&hellip;]<\/p>\n","protected":false},"author":2,"featured_media":0,"parent":0,"menu_order":0,"comment_status":"closed","ping_status":"closed","template":"","meta":{"footnotes":""},"class_list":["post-2931","page","type-page","status-publish","hentry"],"_links":{"self":[{"href":"https:\/\/mbm.at\/pl\/wp-json\/wp\/v2\/pages\/2931","targetHints":{"allow":["GET"]}}],"collection":[{"href":"https:\/\/mbm.at\/pl\/wp-json\/wp\/v2\/pages"}],"about":[{"href":"https:\/\/mbm.at\/pl\/wp-json\/wp\/v2\/types\/page"}],"author":[{"embeddable":true,"href":"https:\/\/mbm.at\/pl\/wp-json\/wp\/v2\/users\/2"}],"replies":[{"embeddable":true,"href":"https:\/\/mbm.at\/pl\/wp-json\/wp\/v2\/comments?post=2931"}],"version-history":[{"count":16,"href":"https:\/\/mbm.at\/pl\/wp-json\/wp\/v2\/pages\/2931\/revisions"}],"predecessor-version":[{"id":4018,"href":"https:\/\/mbm.at\/pl\/wp-json\/wp\/v2\/pages\/2931\/revisions\/4018"}],"wp:attachment":[{"href":"https:\/\/mbm.at\/pl\/wp-json\/wp\/v2\/media?parent=2931"}],"curies":[{"name":"wp","href":"https:\/\/api.w.org\/{rel}","templated":true}]}}