{"id":2688,"date":"2024-11-19T15:01:31","date_gmt":"2024-11-19T14:01:31","guid":{"rendered":"https:\/\/wp.mbm.at\/dwupila-ukosnica-uniwersalna-das-u\/"},"modified":"2024-12-18T10:39:03","modified_gmt":"2024-12-18T09:39:03","slug":"dwupila-ukosnica-uniwersalna-das-u","status":"publish","type":"page","link":"https:\/\/mbm.at\/pl\/dwupila-ukosnica-uniwersalna-das-u\/","title":{"rendered":"\u00bb Dwupi\u0142a uko\u015bnica \u2013 Uniwersalna DAS-U"},"content":{"rendered":"<div class=\"wpb-content-wrapper\"><p>[vc_row][vc_column width=&#8221;1\/3&#8243;][vc_single_image image=&#8221;1205&#8243; img_size=&#8221;500*500&#8243; alignment=&#8221;center&#8221; onclick=&#8221;custom_link&#8221; css=&#8221;&#8221; link=&#8221;https:\/\/mbm.at\/wp-content\/uploads\/2024\/11\/Doppelgehrungssaege-B1.jpg&#8221;][\/vc_column][vc_column width=&#8221;1\/3&#8243;][vc_single_image image=&#8221;1206&#8243; img_size=&#8221;500*500&#8243; alignment=&#8221;center&#8221; onclick=&#8221;custom_link&#8221; css=&#8221;&#8221; link=&#8221;https:\/\/mbm.at\/wp-content\/uploads\/2024\/11\/Doppelgehrungssaege-B2.jpg&#8221;][\/vc_column][vc_column width=&#8221;1\/3&#8243;][vc_single_image image=&#8221;1207&#8243; img_size=&#8221;500*500&#8243; alignment=&#8221;center&#8221; onclick=&#8221;custom_link&#8221; css=&#8221;&#8221; link=&#8221;https:\/\/mbm.at\/wp-content\/uploads\/2024\/11\/Doppelgehrungssaege-B3.jpg&#8221;][\/vc_column][\/vc_row][vc_row][vc_column][vc_tta_accordion][vc_tta_section title=&#8221;Korzy\u015bci dla u\u017cytkownika&#8221; tab_id=&#8221;1732024209088-261f6b40-0b24&#8243;][vc_column_text css=&#8221;&#8221;]- Dok\u0142adne ci\u0119cia wymiarowe i k\u0105towe<br \/>&#8211; Doskona\u0142a jako\u015b\u0107 ci\u0119cia<br \/>&#8211; Minimalny czas konfiguracji<br \/>&#8211; Powierzchnia wolna od zarysowa\u0144 i \u015blad\u00f3w<br \/>&#8211; Wydajna metoda pracy<br \/>&#8211; Precyzja na ca\u0142e \u017cycie<br \/>&#8211; Laser liniowy<br \/>&#8211; 5-osiowy wy\u015bwietlacz pomiarowy[\/vc_column_text][\/vc_tta_section][vc_tta_section title=&#8221;Opcje&#8221; tab_id=&#8221;1732024209088-b6ac61a8-90ab&#8221;][vc_column_text css=&#8221;&#8221;]- Jednostki do rowkowania<br \/>&#8211; Jednostki wierc\u0105ce<br \/>&#8211; St\u00f3\u0142 od\u0142\u0105czaj\u0105cy<br \/>&#8211; Sterowanie 6-osiowe[\/vc_column_text][\/vc_tta_section][vc_tta_section title=&#8221;Dane techniczne&#8221; tab_id=&#8221;1732024223378-e979721d-6ca5&#8243;][vc_column_text css=&#8221;&#8221;]- Przyk\u0142adowe warto\u015bci maksymalne. Dane mog\u0105 si\u0119 r\u00f3\u017cni\u0107 w zale\u017cno\u015bci od konfiguracji i specyficznych cech produktu. <\/p>\n<p><b>Rozmiary obrabianego przedmiotu<\/b><br \/>D\u0142ugo\u015b\u0107 cz\u0119\u015bci 250 mm &#8211; 2 200 mm<br \/>Szeroko\u015b\u0107 cz\u0119\u015bci 50 mm &#8211; 660 mm<br \/>Wysoko\u015b\u0107 cz\u0119\u015bci maks. 85 mm <\/p>\n<p><b>K\u0105t \u0142\u0105czenia<\/b><br \/>Du\u017cy k\u0105t: 93\u00b0 \u2013 45\u00b0<br \/>Ma\u0142y k\u0105t: 90\u00b0 \u2013 43\u00b0<\/p>\n<p><b>Dok\u0142adno\u015b\u0107 wymiarowa<\/b><br \/>Du\u017cy k\u0105t \u0142\u0105czenia: +\/- 0,02\u00b0<br \/>Ma\u0142y k\u0105t \u0142\u0105czenia: +\/- 0,05\u00b0<br \/>D\u0142ugo\u015b\u0107 elementu: +\/- 0,2 mm<\/p>\n<p><b>Tarcza pi\u0142y<\/b><br \/>\u015arednica: 350 mm\/400 mm<br \/>\u015arednica otworu wewn\u0119trznego: 30 mm<\/p>\n<p><b>Agregat rowkowy\/wpustowy<\/b><br \/>\u015arednica: 180 mm<br \/>\u015arednica otworu wewn\u0119trznego: 30 mm[\/vc_column_text][\/vc_tta_section][vc_tta_section title=&#8221;Sterowanie (programowane dowolnie)&#8221; tab_id=&#8221;1732024229250-73ac04b9-ca87&#8243;][vc_column_text css=&#8221;&#8221;]- Einfache Programmerstellung<br \/>&#8211; <span data-teams=\"true\">Du\u017ca pojemno\u015b\u0107 pami\u0119ci dla niestandardowych program\u00f3w edycji<\/span><br \/>&#8211; Automatische Winkel- und L\u00e4ngenverstellung<br \/>&#8211; Fehlerdiagnose bei St\u00f6rungen<\/p>\n<p><b>Optionen<\/b><br \/>&#8211; Schnittstelle zum \u00dcbertragen der Fertigungsdaten<br \/>&#8211; Ferndiagnose[\/vc_column_text][\/vc_tta_section][vc_tta_section title=&#8221;Dane maszyny&#8221; tab_id=&#8221;1732024226089-2704f2ab-cb84&#8243;][vc_column_text css=&#8221;&#8221;]<b>Pr\u0119dko\u015b\u0107 posuwu pi\u0142y<\/b><br \/>do przodu\/do ty\u0142u do: 30 m\/min<br \/>Moc silnika pi\u0142y: po 5,5 kW<br \/>Liczba obrot\u00f3w: 4.200 U\/min<br \/>Moc silnika agregatu rowkowego: po 1kW<br \/>Liczba obrot\u00f3w: 6.000 U\/min.[\/vc_column_text][\/vc_tta_section][\/vc_tta_accordion][\/vc_column][\/vc_row]<\/p>\n<\/div>","protected":false},"excerpt":{"rendered":"<p>[vc_row][vc_column width=&#8221;1\/3&#8243;][vc_single_image image=&#8221;1205&#8243; img_size=&#8221;500*500&#8243; alignment=&#8221;center&#8221; onclick=&#8221;custom_link&#8221; css=&#8221;&#8221; link=&#8221;https:\/\/mbm.at\/wp-content\/uploads\/2024\/11\/Doppelgehrungssaege-B1.jpg&#8221;][\/vc_column][vc_column width=&#8221;1\/3&#8243;][vc_single_image image=&#8221;1206&#8243; img_size=&#8221;500*500&#8243; alignment=&#8221;center&#8221; onclick=&#8221;custom_link&#8221; css=&#8221;&#8221; link=&#8221;https:\/\/mbm.at\/wp-content\/uploads\/2024\/11\/Doppelgehrungssaege-B2.jpg&#8221;][\/vc_column][vc_column width=&#8221;1\/3&#8243;][vc_single_image image=&#8221;1207&#8243; img_size=&#8221;500*500&#8243; alignment=&#8221;center&#8221; onclick=&#8221;custom_link&#8221; css=&#8221;&#8221; link=&#8221;https:\/\/mbm.at\/wp-content\/uploads\/2024\/11\/Doppelgehrungssaege-B3.jpg&#8221;][\/vc_column][\/vc_row][vc_row][vc_column][vc_tta_accordion][vc_tta_section title=&#8221;Korzy\u015bci dla u\u017cytkownika&#8221; tab_id=&#8221;1732024209088-261f6b40-0b24&#8243;][vc_column_text css=&#8221;&#8221;]- Dok\u0142adne ci\u0119cia wymiarowe i k\u0105towe&#8211; Doskona\u0142a jako\u015b\u0107 ci\u0119cia&#8211; Minimalny czas konfiguracji&#8211; Powierzchnia wolna od zarysowa\u0144 i \u015blad\u00f3w&#8211; Wydajna metoda pracy&#8211; Precyzja na ca\u0142e \u017cycie&#8211; Laser liniowy&#8211; 5-osiowy wy\u015bwietlacz [&hellip;]<\/p>\n","protected":false},"author":2,"featured_media":0,"parent":0,"menu_order":0,"comment_status":"closed","ping_status":"closed","template":"","meta":{"footnotes":""},"class_list":["post-2688","page","type-page","status-publish","hentry"],"_links":{"self":[{"href":"https:\/\/mbm.at\/pl\/wp-json\/wp\/v2\/pages\/2688","targetHints":{"allow":["GET"]}}],"collection":[{"href":"https:\/\/mbm.at\/pl\/wp-json\/wp\/v2\/pages"}],"about":[{"href":"https:\/\/mbm.at\/pl\/wp-json\/wp\/v2\/types\/page"}],"author":[{"embeddable":true,"href":"https:\/\/mbm.at\/pl\/wp-json\/wp\/v2\/users\/2"}],"replies":[{"embeddable":true,"href":"https:\/\/mbm.at\/pl\/wp-json\/wp\/v2\/comments?post=2688"}],"version-history":[{"count":13,"href":"https:\/\/mbm.at\/pl\/wp-json\/wp\/v2\/pages\/2688\/revisions"}],"predecessor-version":[{"id":3984,"href":"https:\/\/mbm.at\/pl\/wp-json\/wp\/v2\/pages\/2688\/revisions\/3984"}],"wp:attachment":[{"href":"https:\/\/mbm.at\/pl\/wp-json\/wp\/v2\/media?parent=2688"}],"curies":[{"name":"wp","href":"https:\/\/api.w.org\/{rel}","templated":true}]}}