{"id":2362,"date":"2024-11-19T15:01:14","date_gmt":"2024-11-19T14:01:14","guid":{"rendered":"https:\/\/wp.mbm.at\/linie-produkcyjne\/"},"modified":"2025-02-24T07:51:19","modified_gmt":"2025-02-24T06:51:19","slug":"linie-produkcyjne","status":"publish","type":"page","link":"https:\/\/mbm.at\/pl\/linie-produkcyjne\/","title":{"rendered":"Linie produkcyjne"},"content":{"rendered":"<div class=\"wpb-content-wrapper\"><p>[vc_row][vc_column][vc_column_text css=&#8221;&#8221;]<\/p>\n<h4>\u00bb Dwupi\u0142a uko\u015bnica \u2013 Linia produkcyjna DAS-FL<\/h4>\n<p>&nbsp;<\/p>\n<p>Linia produkcyjna DAS-FL to zautomatyzowane rozwi\u0105zanie zaprojektowane specjalnie do przemys\u0142owej produkcji element\u00f3w trumien. Gwarantuje bezszczelinow\u0105 produkcj\u0119 cz\u0119\u015bci trumien z precyzyjnie dopasowanymi k\u0105tami uko\u015bnymi bez konieczno\u015bci ponownej obr\u00f3bki.[\/vc_column_text][\/vc_column][\/vc_row][vc_row][vc_column][vc_images_carousel images=&#8221;5702,5694,5686,5678,5670&#8243; img_size=&#8221;full&#8221; css=&#8221;&#8221;][\/vc_column][\/vc_row][vc_row][vc_column][vc_tta_accordion][vc_tta_section title=&#8221;Korzy\u015bci dla u\u017cytkownika&#8221; tab_id=&#8221;1740042920269-5dabd637-c474&#8243;][vc_single_image image=&#8221;5760&#8243; img_size=&#8221;200*200&#8243; alignment=&#8221;center&#8221; onclick=&#8221;custom_link&#8221; css=&#8221;&#8221; link=&#8221;https:\/\/mbm.at\/wp-content\/uploads\/2024\/11\/Doppelgehrungssaege-B2.jpg&#8221;][vc_column_text css=&#8221;&#8221;]<\/p>\n<ul>\n<li><strong>Wydajna, automatyczna praca:<\/strong> Pe\u0142na automatyzacja prowadzi do bardziej wydajnych proces\u00f3w roboczych w produkcji trumien<\/li>\n<li><strong>Dok\u0142adne wymiarowo i k\u0105towo ci\u0119cia:<\/strong> Precyzyjne ci\u0119cia pod wzgl\u0119dem wymiar\u00f3w i k\u0105t\u00f3w<\/li>\n<li><strong>Doskona\u0142a jako\u015b\u0107 ci\u0119cia:<\/strong> wysokiej jako\u015bci ci\u0119cie bez wad<\/li>\n<li><strong>Powierzchnia wolna od zarysowa\u0144 i \u015blad\u00f3w:<\/strong> powierzchnie pozostaj\u0105 nieuszkodzone<\/li>\n<li><strong>Precyzja na ca\u0142e \u017cycie:<\/strong> d\u0142ugotrwa\u0142a dok\u0142adno\u015b\u0107 i niezawodno\u015b\u0107<\/li>\n<li><strong>Kr\u00f3tsze przestoje maszyn:<\/strong> Mniej czasu straconego na prace pomocnicze, takie jak szlifowanie.<\/li>\n<li><strong>Elastyczno\u015b\u0107:<\/strong> produkty mog\u0105 by\u0107 natychmiast zmieniane, co zwi\u0119ksza mo\u017cliwo\u015bci adaptacji.<\/li>\n<\/ul>\n<p>[\/vc_column_text][\/vc_tta_section][vc_tta_section title=&#8221;Aplikacje do produkcji trumien&#8221; tab_id=&#8221;1740042948070-da177d6f-ddf9&#8243;][vc_single_image image=&#8221;5732&#8243; img_size=&#8221;200*200&#8243; alignment=&#8221;center&#8221; onclick=&#8221;custom_link&#8221; css=&#8221;&#8221; link=&#8221;https:\/\/mbm.at\/wp-content\/uploads\/2025\/02\/20250121_103920-scaled.jpg&#8221;][vc_column_text css=&#8221;&#8221;]<\/p>\n<ul>\n<li>DAS-FL nadaje si\u0119 na przyk\u0142ad do trapezowych i normalnych kszta\u0142t\u00f3w trumien:\n<ul>\n<li>Forma do dachu domu, forma do trumny, niemiecka, szwajcarska, w\u0142oska, francuska i skandynawska forma do trumny, a tak\u017ce ameryka\u0144ska trumna skrzyniowa i do skrzy\u0144 na ko\u015bci<\/li>\n<\/ul>\n<\/li>\n<li>Dwa agregaty tn\u0105ce wykonuj\u0105 precyzyjne ci\u0119cia uko\u015bne cz\u0119\u015bci trumien, takich jak sekcje boczne, sekcja g\u0142owy, sekcja stopy, wieko i podstawa w jednym przej\u015bciu<\/li>\n<li>System DAS-FL zapewnia wysok\u0105 jako\u015b\u0107 ci\u0119cia poprzez stabilne mocowanie cz\u0119\u015bci poprzez dociskanie ich do powierzchni podparcia podczas ci\u0119cia<\/li>\n<li>Precyzyjne ci\u0119cia uko\u015bne z prostym z\u0142\u0105czem i frezowanym rowkiem<\/li>\n<li>Zintegrowana jednostka rowkuj\u0105ca tworzy rowek na gwo\u017adzie \u0142\u0105cz\u0105ce, kt\u00f3ry pasuje do grubo\u015bci deski<\/li>\n<li>Nadaje si\u0119 do wszystkich rodzaj\u00f3w drewna, zar\u00f3wno surowego, powlekanego, jak i fornirowanego. Na przyk\u0142ad: \u015awierk, jod\u0142a, sosna, d\u0105b, modrzew, MDF, p\u0142yty wielowarstwowe lub wi\u00f3rowe <\/li>\n<\/ul>\n<p>[\/vc_column_text][\/vc_tta_section][vc_tta_section title=&#8221;Wersja&#8221; tab_id=&#8221;1740042952725-2448c65b-19c4&#8243;][vc_single_image image=&#8221;5768&#8243; img_size=&#8221;200*200&#8243; alignment=&#8221;center&#8221; onclick=&#8221;custom_link&#8221; css=&#8221;&#8221; link=&#8221;https:\/\/mbm.at\/wp-content\/uploads\/2025\/02\/20241211_143329-scaled.jpg&#8221;][vc_column_text css=&#8221;&#8221;]<\/p>\n<ul>\n<li>Maszyna podstawowa DAS-FL\n<ul>\n<li>jako linia produkcyjna z dwiema podw\u00f3jnymi pi\u0142ami ukosowymi<\/li>\n<\/ul>\n<\/li>\n<li>DAS-FLT do ci\u0119cia z ju\u017c na\u0142o\u017conymi paskami T\n<ul>\n<li>Dostosowana technologia chwytania z odpowiednim wg\u0142\u0119bieniem na pr\u0119t T-bar<\/li>\n<li>Indywidualna technologia mocowania przygotowana dla teownik\u00f3w<\/li>\n<li>Dostosowana jednostka tn\u0105ca przygotowana dla teownik\u00f3w<\/li>\n<li>Indywidualna jednostka rowkuj\u0105ca dla teownika<\/li>\n<\/ul>\n<\/li>\n<li>DAS-FL z jednostk\u0105 rowkuj\u0105c\u0105 do rowk\u00f3w prostych\n<ul>\n<li>Wersja z jednostk\u0105 rowkuj\u0105c\u0105 do po\u0142\u0105cze\u0144 na jask\u00f3\u0142czy ogon (anime) jest dost\u0119pna jako opcja<\/li>\n<\/ul>\n<\/li>\n<li>DAS-FL z funkcj\u0105 \u015bledzenia danych produktu\n<ul>\n<li>W celu ci\u0105g\u0142ego \u015bledzenia danych produktu, dane zam\u00f3wienia lub parametry zwi\u0105zane z zam\u00f3wieniem, takie jak jako\u015b\u0107, materia\u0142 i d\u0142ugo\u015b\u0107, mog\u0105 by\u0107 przesy\u0142ane z produktu do systemu<\/li>\n<\/ul>\n<\/li>\n<li>System mo\u017ce by\u0107 obs\u0142ugiwany zar\u00f3wno jako samodzielne rozwi\u0105zanie, jak i w linii produkcyjnej, umo\u017cliwiaj\u0105c w ten spos\u00f3b integracj\u0119 z istniej\u0105cymi liniami produkcyjnymi<\/li>\n<\/ul>\n<p>[\/vc_column_text][\/vc_tta_section][vc_tta_section title=&#8221;Opcje&#8221; tab_id=&#8221;1740042956421-602b839f-1f9c&#8221;][vc_single_image image=&#8221;5383&#8243; img_size=&#8221;200*200&#8243; alignment=&#8221;center&#8221; onclick=&#8221;custom_link&#8221; css=&#8221;&#8221; link=&#8221;https:\/\/mbm.at\/wp-content\/uploads\/2025\/02\/IMG_0546-scaled.jpg&#8221;][vc_column_text css=&#8221;&#8221;]<\/p>\n<ul>\n<li>Linia produkcyjna DAS-FL mo\u017ce by\u0107 \u0142\u0105czona z innymi maszynami.\n<ul>\n<li>Automatyczna maszyna monta\u017cowa do formowania<\/li>\n<li>Stacje wierc\u0105ce do precyzyjnego wiercenia uchwyt\u00f3w lub wiercenia z blokad\u0105<\/li>\n<li>Technologia przeno\u015bnik\u00f3w, taka jak zwrotne przeno\u015bniki rolkowe, przeno\u015bniki poprzeczne lub przeno\u015bniki do usuwania odpad\u00f3w<\/li>\n<li>Magazynek na p\u0142yty, do przechowywania p\u00f3\u0142fabrykat\u00f3w<\/li>\n<\/ul>\n<\/li>\n<\/ul>\n<p>[\/vc_column_text][\/vc_tta_section][vc_tta_section title=&#8221;Dane techniczne&#8221; tab_id=&#8221;1740042959709-d9a1a16e-e586&#8243;][vc_single_image image=&#8221;5776&#8243; img_size=&#8221;200*200&#8243; alignment=&#8221;center&#8221; onclick=&#8221;custom_link&#8221; css=&#8221;&#8221; link=&#8221;https:\/\/mbm.at\/wp-content\/uploads\/2025\/02\/20250117_075751-scaled.jpg&#8221;][vc_column_text css=&#8221;&#8221;]<\/p>\n<ul>\n<li>Typy paneli (puste)\n<ul>\n<li>Wszystkie rodzaje drewna, surowe, powlekane lub fornirowane. Na przyk\u0142ad: \u015awierk, jod\u0142a, sosna, d\u0105b, modrzew, p\u0142yty MDF, wielowarstwowe lub wi\u00f3rowe <\/li>\n<li>D\u0142ugo\u015b\u0107 pustego panelu: 1 500 mm &#8211; 2 200 mm<\/li>\n<li>Szeroko\u015b\u0107 pustego panelu: 200 mm &#8211; 660 mm<\/li>\n<\/ul>\n<\/li>\n<li>Rozmiary obrabianego przedmiotu (ci\u0119te cz\u0119\u015bci)\n<ul>\n<li>D\u0142ugo\u015b\u0107 ci\u0119tej cz\u0119\u015bci: 300 mm &#8211; 2180 mm<\/li>\n<li>D\u0142ugo\u015b\u0107 cz\u0119\u015bci przy dw\u00f3ch jednoczesnych ci\u0119ciach: maksymalnie 2170 mm<\/li>\n<li>Szeroko\u015b\u0107 cz\u0119\u015bci pod k\u0105tem 90\u00b0: 200 mm &#8211; 660 mm<\/li>\n<li>Szeroko\u015b\u0107 cz\u0119\u015bci pod k\u0105tem 45\u00b0: 200 mm &#8211; 460 mm<\/li>\n<\/ul>\n<\/li>\n<li>Wysoko\u015b\u0107 ci\u0119cia\n<ul>\n<li>Brzeszczot \u00d8 350 mm: pod k\u0105tem 90\u00b0: maks. 60 mm pod k\u0105tem 45\u00b0: maks. 40 mm  <\/li>\n<li>Brzeszczot \u00d8 400 mm pod k\u0105tem 90\u00b0: maks. 85 mm pod k\u0105tem 45\u00b0: maks. 55 mm  <\/li>\n<\/ul>\n<\/li>\n<li>K\u0105t skosu\n<ul>\n<li>W\u00f3zek pi\u0142y (du\u017cy skos): 90\u00b0 &#8211; 45\u00b0<\/li>\n<li>Brzeszczot (ma\u0142y skos): 90\u00b0 &#8211; 45\u00b0<\/li>\n<\/ul>\n<\/li>\n<li>Jednostka szczelinuj\u0105ca\n<ul>\n<li>\u015arednica \u00d8 180 mm<\/li>\n<li>\u015arednica wewn\u0119trzna \u00d8 30 mm<\/li>\n<li>\n<\/li>\n<\/ul>\n<\/li>\n<li>Pr\u0119dko\u015b\u0107 posuwu\n<ul>\n<li>Jednostka tn\u0105ca przed: 1 &#8211; 30 m\/min<\/li>\n<li>Powr\u00f3t pilarki: 1 &#8211; 30 m\/min<\/li>\n<li>Uwaga: Dane mog\u0105 si\u0119 r\u00f3\u017cni\u0107 dla r\u00f3\u017cnych rodzaj\u00f3w drewna i wymiar\u00f3w<\/li>\n<\/ul>\n<\/li>\n<li>Czas cyklu\n<ul>\n<li>Od min. 14 do maks. 20 sekund na cz\u0119\u015b\u0107 w zale\u017cno\u015bci od wariantu wyko\u0144czenia (rowkowanie, wiercenie itp.)   <\/li>\n<li>Uwaga: Dane mog\u0105 si\u0119 r\u00f3\u017cni\u0107 dla r\u00f3\u017cnych rodzaj\u00f3w drewna i wymiar\u00f3w<\/li>\n<\/ul>\n<\/li>\n<\/ul>\n<p>[\/vc_column_text][\/vc_tta_section][vc_tta_section title=&#8221;System kontrolny&#8221; tab_id=&#8221;1740042963869-d4abaab2-9677&#8243;][vc_single_image image=&#8221;5741&#8243; img_size=&#8221;200*200&#8243; alignment=&#8221;center&#8221; onclick=&#8221;custom_link&#8221; css=&#8221;&#8221; link=&#8221;https:\/\/mbm.at\/wp-content\/uploads\/2025\/02\/KHA6gross-scaled.jpg&#8221;][vc_column_text css=&#8221;&#8221;]<\/p>\n<ul>\n<li>Siemens jako wiod\u0105ca marka komponent\u00f3w elektrycznych i elektronicznych z centralnym systemem sterowania TIA-PLC (wersja bezpieczna) do sterowania systemem, sekwencj\u0105 i bezpiecze\u0144stwem<\/li>\n<li>Komputer g\u0142\u00f3wny do zarz\u0105dzania artyku\u0142ami i produktami, \u015bledzenia produkt\u00f3w, zarz\u0105dzania parametrami, obs\u0142ugi r\u0119cznej, zarz\u0105dzania alarmami, rejestrowania danych<\/li>\n<li>Panel sterowania HMI z ekranem dotykowym<\/li>\n<li>Proste tworzenie programu za pomoc\u0105 konfiguratora trumien<\/li>\n<li>Du\u017ca pojemno\u015b\u0107 pami\u0119ci dla niestandardowych program\u00f3w edycji<\/li>\n<li>Automatyczna regulacja k\u0105ta i d\u0142ugo\u015bci<\/li>\n<li>Diagnostyka usterek pod k\u0105tem nieprawid\u0142owego dzia\u0142ania<\/li>\n<li>Korekta d\u0142ugo\u015bci i wysoko\u015bci rowka dla r\u00f3\u017cnych grubo\u015bci drewna<\/li>\n<li>Wycinanie r\u00f3\u017cnych program\u00f3w z jednego kawa\u0142ka drewna<\/li>\n<li>Opcje sterowania\n<ul>\n<li>Interfejs do automatycznego przesy\u0142ania danych produkcyjnych<\/li>\n<li>Zdalna diagnostyka i zdalne rozwi\u0105zania konserwacyjne<\/li>\n<\/ul>\n<\/li>\n<\/ul>\n<p>Kontrola platformy IoT: Do monitorowania i gromadzenia danych produkcyjnych oraz \u0142\u0105czenia w sie\u0107 z systemami wy\u017cszego lub ni\u017cszego szczebla. Wi\u0119cej informacji na stronie: <a href=\"https:\/\/www.digifai.com\/de\/control\/\" target=\"_blank\" rel=\"noopener\">control- digifai.<\/a>[\/vc_column_text][\/vc_tta_section][vc_tta_section title=&#8221;Dane maszyny&#8221; tab_id=&#8221;1740042968597-179ef6c6-9635&#8243;][vc_single_image image=&#8221;5750&#8243; img_size=&#8221;200*200&#8243; alignment=&#8221;center&#8221; onclick=&#8221;custom_link&#8221; css=&#8221;&#8221; link=&#8221;https:\/\/mbm.at\/wp-content\/uploads\/2025\/02\/Kantholzautomat-KHA2.png&#8221;][vc_column_text css=&#8221;&#8221;]<\/p>\n<ul>\n<li>Solidna spawana konstrukcja<\/li>\n<li>D\u0142ugo\u015b\u0107: ok. 9 760 mm z modu\u0142ami dodatkowymi do 14 000 mm (maszyna podstawowa bez ogrodzenia ochronnego)<\/li>\n<li>Szeroko\u015b\u0107: ok. 2 106 mm z modu\u0142ami dodatkowymi do 4 600 mm (maszyna podstawowa bez ogrodzenia ochronnego)<\/li>\n<li>Wysoko\u015b\u0107: ok. 2 284 mm<\/li>\n<li>Waga DAS-FL<\/li>\n<li>8 200 kg (maszyna podstawowa)<\/li>\n<li>Pod\u0142\u0105czone obci\u0105\u017cenie: oko\u0142o 39 kW<\/li>\n<li>Napi\u0119cie sieciowe 400 V \/ 50 Hz<\/li>\n<li>Zapotrzebowanie na spr\u0119\u017cone powietrze: ok. 3000 l\/min. w jednostce serwisowej <\/li>\n<li>Ci\u015bnienie robocze: nadci\u015bnienie min. 6 bar\u00f3w <\/li>\n<li>Wydajno\u015b\u0107 odsysania: ok. 5 600 m\u00b3\/h przy pr\u0119dko\u015bci powietrza 32 m\/s<\/li>\n<li>Temperatura otoczenia urz\u0105dzenia: w zakresie od + 10\u00b0C do + 40\u00b0C<\/li>\n<\/ul>\n<p>[\/vc_column_text][\/vc_tta_section][\/vc_tta_accordion][\/vc_column][\/vc_row]<\/p>\n<\/div>","protected":false},"excerpt":{"rendered":"<p>[vc_row][vc_column][vc_column_text css=&#8221;&#8221;] \u00bb Dwupi\u0142a uko\u015bnica \u2013 Linia produkcyjna DAS-FL &nbsp; Linia produkcyjna DAS-FL to zautomatyzowane rozwi\u0105zanie zaprojektowane specjalnie do przemys\u0142owej produkcji element\u00f3w trumien. Gwarantuje bezszczelinow\u0105 produkcj\u0119 cz\u0119\u015bci trumien z precyzyjnie dopasowanymi k\u0105tami uko\u015bnymi bez konieczno\u015bci ponownej obr\u00f3bki.[\/vc_column_text][\/vc_column][\/vc_row][vc_row][vc_column][vc_images_carousel images=&#8221;5702,5694,5686,5678,5670&#8243; img_size=&#8221;full&#8221; css=&#8221;&#8221;][\/vc_column][\/vc_row][vc_row][vc_column][vc_tta_accordion][vc_tta_section title=&#8221;Korzy\u015bci dla u\u017cytkownika&#8221; tab_id=&#8221;1740042920269-5dabd637-c474&#8243;][vc_single_image image=&#8221;5760&#8243; img_size=&#8221;200*200&#8243; alignment=&#8221;center&#8221; onclick=&#8221;custom_link&#8221; css=&#8221;&#8221; link=&#8221;https:\/\/mbm.at\/wp-content\/uploads\/2024\/11\/Doppelgehrungssaege-B2.jpg&#8221;][vc_column_text css=&#8221;&#8221;] Wydajna, automatyczna praca: Pe\u0142na [&hellip;]<\/p>\n","protected":false},"author":2,"featured_media":0,"parent":0,"menu_order":0,"comment_status":"closed","ping_status":"closed","template":"","meta":{"footnotes":""},"class_list":["post-2362","page","type-page","status-publish","hentry"],"_links":{"self":[{"href":"https:\/\/mbm.at\/pl\/wp-json\/wp\/v2\/pages\/2362","targetHints":{"allow":["GET"]}}],"collection":[{"href":"https:\/\/mbm.at\/pl\/wp-json\/wp\/v2\/pages"}],"about":[{"href":"https:\/\/mbm.at\/pl\/wp-json\/wp\/v2\/types\/page"}],"author":[{"embeddable":true,"href":"https:\/\/mbm.at\/pl\/wp-json\/wp\/v2\/users\/2"}],"replies":[{"embeddable":true,"href":"https:\/\/mbm.at\/pl\/wp-json\/wp\/v2\/comments?post=2362"}],"version-history":[{"count":28,"href":"https:\/\/mbm.at\/pl\/wp-json\/wp\/v2\/pages\/2362\/revisions"}],"predecessor-version":[{"id":5921,"href":"https:\/\/mbm.at\/pl\/wp-json\/wp\/v2\/pages\/2362\/revisions\/5921"}],"wp:attachment":[{"href":"https:\/\/mbm.at\/pl\/wp-json\/wp\/v2\/media?parent=2362"}],"curies":[{"name":"wp","href":"https:\/\/api.w.org\/{rel}","templated":true}]}}