{"id":1990,"date":"2024-11-11T08:40:17","date_gmt":"2024-11-11T07:40:17","guid":{"rendered":"https:\/\/wp.mbm.at\/nota-prawna\/"},"modified":"2025-04-29T09:10:06","modified_gmt":"2025-04-29T07:10:06","slug":"nota-prawna","status":"publish","type":"page","link":"https:\/\/mbm.at\/pl\/nota-prawna\/","title":{"rendered":"Nota prawna"},"content":{"rendered":"<div class=\"wpb-content-wrapper\"><p>[vc_row][vc_column][vc_column_text css=&#8221;&#8221;]<\/p>\n<div class=\"l_column l_lg-4 l_md-6\">\n<div class=\"vc_column-inner\">\n<div class=\"wpb_wrapper\">\n<div class=\"wpb_text_column wpb_content_element\">\n<div class=\"wpb_wrapper\">\n<h4>Nota prawna<\/h4>\n<ul>\n<li><span class=\"locality\">Nazwa firmy: <\/span>Eberle Automatische Systeme GmbH &amp; Co KG<\/li>\n<li><span class=\"locality\">Adres: Dr.-Walter-Zumtobel-Stra\u00dfe 8<\/span><span class=\"locality\"><span class=\"street-address\">, <\/span><\/span><span class=\"locality\"><span class=\"postal-code\">6850<\/span> Dornbirn, <\/span><span class=\"locality\">Austria<\/span><\/li>\n<li><span class=\"value\">Telefon: <a href=\"tel:+43 5572 55580\">+43 5572 55580<\/a><\/span><\/li>\n<li>e-Mail: <a href=\"mailto:info@eberle.at\">info@eberle.at<\/a><\/li>\n<li>Internet: <a class=\"url\" href=\"http:\/\/www.eberle.at\/de\/\" target=\"_blank\" rel=\"noopener noreferrer\">www.eberle.at<\/a><\/li>\n<\/ul>\n<\/div>\n<\/div>\n<\/div>\n<\/div>\n<\/div>\n<div class=\"l_column l_lg-4 l_md-6\">\n<div class=\"vc_column-inner\">\n<div class=\"wpb_wrapper\">\n<div class=\"wpb_text_column wpb_content_element\">\n<div class=\"wpb_wrapper\">\n<ul>\n<li>Dyrektor zarz\u0105dzaj\u0105cy: Viktor Eberle, Martin Moosmann<\/li>\n<li><span id=\"ctl00_ContentPlaceHolder1_datenFelder_genericFieldsRepeater_ctl11_genericLabel_DescriptionLabel\"><span id=\"ctl00_ContentPlaceHolder1_datenFelder_genericFieldsRepeater_ctl11_genericLabel_helpLinkLabel1\" class=\"transparent_label_info\">Tribunal des soci\u00e9t\u00e9s: <\/span><\/span>S\u0105d okr\u0119gowy Feldkirch<\/li>\n<li><span class=\"transparent_label_info\">W\u0142adze wed\u0142ug ECG: Administracja okr\u0119gowa Dornbirn <\/span><\/li>\n<li><span class=\"transparent_label_info\">Forma prawna: GmbH &amp; Co KG <\/span><\/li>\n<li>Mitglied der Wirtschaftskammer Vorarlberg:<br \/>\nFachgruppe <a href=\"https:\/\/www.wko.at\/service\/dienststelle.html?orgid=15492\" target=\"_blank\" rel=\"noopener noreferrer\">Mechatroniker<\/a><\/li>\n<li><span id=\"ctl00_ContentPlaceHolder1_agbsBoxes_genericCategoriesRepeater_ctl00_genericFields_genericFieldsRepeater_ctl01_genericLabel_DescriptionLabel\"><span id=\"ctl00_ContentPlaceHolder1_agbsBoxes_genericCategoriesRepeater_ctl00_genericFields_genericFieldsRepeater_ctl01_genericLabel_helpLinkLabel1\" class=\"transparent_label_info\">Uprawnienia: Technik elektrotechnik w po\u0142\u0105czeniu z technikiem elektronikiem, technik komunikacji biurowej, technik elektroniki radiowej i wideo zgodnie z \u00a7 94 Z 17 GewO 1994<\/span><\/span><\/li>\n<\/ul>\n<\/div>\n<\/div>\n<\/div>\n<\/div>\n<\/div>\n<div class=\"l_column l_lg-4 l_md-6\">\n<div class=\"vc_column-inner\">\n<div class=\"wpb_wrapper\">\n<div class=\"wpb_text_column wpb_content_element\">\n<div class=\"wpb_wrapper\">\n<ul>\n<li>Numer w rejestrze sp\u00f3\u0142ek: 343886s<\/li>\n<li>GLN (administracji publicznej): 9110017600405<\/li>\n<li><span class=\"transparent_label_info\">Numer VAT: ATU65739267<\/span><\/li>\n<li><span class=\"transparent_label_info\"><span id=\"ctl00_ContentPlaceHolder1_datenFelder_genericFieldsRepeater_ctl19_genericLabel_DescriptionLabel\"><span id=\"ctl00_ContentPlaceHolder1_datenFelder_genericFieldsRepeater_ctl19_genericLabel_helpLinkLabel1\" class=\"transparent_label_info\">Numer EORI: ATEOS1000019900<\/span><\/span><\/span><\/li>\n<li><span class=\"transparent_label_info\">e-faktury: <a href=\"mailto:info@eberle.at\">info@eberle.at<\/a><\/span><\/li>\n<\/ul>\n<h4>Og\u00f3lne warunki handlowe (AGB)<strong><br \/>\n<\/strong><\/h4>\n<p>Zastosowanie maj\u0105 og\u00f3lne warunki dostawy austriackiego przemys\u0142u elektrycznego i elektronicznego (<a href=\"https:\/\/www.eberle.at\/wp-content\/uploads\/2018\/06\/feei_allgemeine_lieferbedingungen_2017_deutsch.pdf\" target=\"_blank\" rel=\"noopener noreferrer\">PDF<\/a>), warunki oprogramowania w austriackim przemy\u015ble elektrycznym i elektronicznym (<a href=\"https:\/\/www.eberle.at\/wp-content\/uploads\/2018\/06\/feei-softwarebedingungen_04-2018.pdf\" target=\"_blank\" rel=\"noopener noreferrer\">PDF<\/a>) oraz warunki utrzymania oprogramowania w austriackim przemy\u015ble elektrycznym i elektronicznym (<a href=\"https:\/\/www.eberle.at\/wp-content\/uploads\/2018\/06\/feei-softwarewartungsbedingungen_04-2018_0.pdf\" target=\"_blank\" rel=\"noopener noreferrer\">PDF<\/a>). Miejscem realizacji zam\u00f3wienia jest Dornbirn. Nasze warunki dostawy opieraj\u0105 si\u0119 na Incoterms 2010.  <\/p>\n<div class=\"s_richtext\">\n<h4>Zasady ochrony prywatno\u015bci<\/h4>\n<\/div>\n<div class=\"s_richtext\">\n<p>Znajdziesz tu nasz\u0105 polityk\u0119 prywatno\u015bci <a href=\"https:\/\/mbm.at\/pl\/zasady-ochrony-prywatnosci\/\" target=\"_blank\" rel=\"noopener\">hier<\/a>.<\/p>\n<h4>Cz\u0142onek Izby Handlowej Vorarlberg<\/h4>\n<p>Wszystkie informacje dotycz\u0105ce ECG, UGB, GewO mo\u017cna znale\u017a\u0107 w katalogu WKO. [ <a href=\"https:\/\/firmen.wko.at\/eberle-automatische-systeme-gmbh---co-kg-eberle-automatische-systeme\/vorarlberg\/?firmaid=ad89a2e3-65ae-406b-86a4-b95c431fcc3e&amp;standortid=0&amp;suchbegriff=eberle+automatische+systeme&amp;page=1\" target=\"_blank\" rel=\"noopener\">&#8230; <\/a>] <\/p>\n<div class=\"s_richtext\">\n<h4>W\u0142a\u015bciciel medi\u00f3w<\/h4>\n<\/div>\n<p>Eberle Automatische Systeme GmbH &amp; Co KG<br \/>\n<span class=\"locality\"><span class=\"street-address\">Dr.-Walter-Zumtobel-Stra\u00dfe 8<br \/>\n<\/span><span class=\"postal-code\">6850<\/span> Dornbirn<br \/>\n\u00d6sterreich<\/span><\/p>\n<\/div>\n<\/div>\n<\/div>\n<\/div>\n<\/div>\n<\/div>\n<p>[\/vc_column_text][\/vc_column][\/vc_row]<\/p>\n<\/div>","protected":false},"excerpt":{"rendered":"<p>[vc_row][vc_column][vc_column_text css=&#8221;&#8221;] Nota prawna Nazwa firmy: Eberle Automatische Systeme GmbH &amp; Co KG Adres: Dr.-Walter-Zumtobel-Stra\u00dfe 8, 6850 Dornbirn, Austria Telefon: +43 5572 55580 e-Mail: info@eberle.at Internet: www.eberle.at Dyrektor zarz\u0105dzaj\u0105cy: Viktor Eberle, Martin Moosmann Tribunal des soci\u00e9t\u00e9s: S\u0105d okr\u0119gowy Feldkirch W\u0142adze wed\u0142ug ECG: Administracja okr\u0119gowa Dornbirn Forma prawna: GmbH &amp; Co KG Mitglied der Wirtschaftskammer Vorarlberg: [&hellip;]<\/p>\n","protected":false},"author":2,"featured_media":0,"parent":0,"menu_order":0,"comment_status":"closed","ping_status":"closed","template":"","meta":{"footnotes":""},"class_list":["post-1990","page","type-page","status-publish","hentry"],"_links":{"self":[{"href":"https:\/\/mbm.at\/pl\/wp-json\/wp\/v2\/pages\/1990","targetHints":{"allow":["GET"]}}],"collection":[{"href":"https:\/\/mbm.at\/pl\/wp-json\/wp\/v2\/pages"}],"about":[{"href":"https:\/\/mbm.at\/pl\/wp-json\/wp\/v2\/types\/page"}],"author":[{"embeddable":true,"href":"https:\/\/mbm.at\/pl\/wp-json\/wp\/v2\/users\/2"}],"replies":[{"embeddable":true,"href":"https:\/\/mbm.at\/pl\/wp-json\/wp\/v2\/comments?post=1990"}],"version-history":[{"count":8,"href":"https:\/\/mbm.at\/pl\/wp-json\/wp\/v2\/pages\/1990\/revisions"}],"predecessor-version":[{"id":6075,"href":"https:\/\/mbm.at\/pl\/wp-json\/wp\/v2\/pages\/1990\/revisions\/6075"}],"wp:attachment":[{"href":"https:\/\/mbm.at\/pl\/wp-json\/wp\/v2\/media?parent=1990"}],"curies":[{"name":"wp","href":"https:\/\/api.w.org\/{rel}","templated":true}]}}