{"id":1828,"date":"2024-11-11T09:00:25","date_gmt":"2024-11-11T08:00:25","guid":{"rendered":"https:\/\/wp.mbm.at\/referencje\/"},"modified":"2024-11-12T14:47:43","modified_gmt":"2024-11-12T13:47:43","slug":"referencje","status":"publish","type":"page","link":"https:\/\/mbm.at\/pl\/referencje\/","title":{"rendered":"Referencje"},"content":{"rendered":"<div class=\"wpb-content-wrapper\"><p>[vc_row][vc_column][vc_single_image image=&#8221;1459&#8243; img_size=&#8221;large&#8221; css=&#8221;&#8221;][\/vc_column][\/vc_row][vc_row][vc_column][vc_column_text css=&#8221;&#8221;]<b>Europa<\/p>\n<p><\/b><b><\/b><\/p>\n<div class=\"env-scrollable\">\n<table>\n<tbody>\n<tr>\n<td>Belgia<\/td>\n<td>Dania<\/td>\n<td>Niemcy<\/td>\n<td>Francja<\/td>\n<td>W\u0142ochy<\/td>\n<td>Chorwacja<\/td>\n<td>Liechtenstein<\/td>\n<td>Luksemburg<\/td>\n<td>Niderlandy<\/td>\n<td>Austria<\/td>\n<\/tr>\n<tr>\n<td>Polska<\/td>\n<td>Portugalia<\/td>\n<td>Rumunia<\/td>\n<td>San Marino<\/td>\n<td>Szwecja<\/td>\n<td>Szwajcaria<\/td>\n<td>S\u0142owenia<\/td>\n<td>Hiszpania<\/td>\n<td>Czechy<\/td>\n<td>Zjednoczone Kr\u00f3lestwo<\/td>\n<\/tr>\n<\/tbody>\n<\/table>\n<\/div>\n<p><br class=\"clearer\"><b>Na ca\u0142ym \u015bwiecie<\/p>\n<p><\/b><\/p>\n<div class=\"env-scrollable\">\n<table>\n<tbody>\n<tr>\n<td>Australia<\/td>\n<td>Chiny<\/td>\n<td>Japonia<\/td>\n<td>Tajwan<\/td>\n<td>Tunezja<\/td>\n<td>USA<\/td>\n<\/tr>\n<\/tbody>\n<\/table>\n<\/div>\n<p>[\/vc_column_text][\/vc_column][\/vc_row]<\/p>\n<\/div>","protected":false},"excerpt":{"rendered":"<p>[vc_row][vc_column][vc_single_image image=&#8221;1459&#8243; img_size=&#8221;large&#8221; css=&#8221;&#8221;][\/vc_column][\/vc_row][vc_row][vc_column][vc_column_text css=&#8221;&#8221;]Europa Belgia Dania Niemcy Francja W\u0142ochy Chorwacja Liechtenstein Luksemburg Niderlandy Austria Polska Portugalia Rumunia San Marino Szwecja Szwajcaria S\u0142owenia Hiszpania Czechy Zjednoczone Kr\u00f3lestwo Na ca\u0142ym \u015bwiecie Australia Chiny Japonia Tajwan Tunezja USA [\/vc_column_text][\/vc_column][\/vc_row]<\/p>\n","protected":false},"author":2,"featured_media":0,"parent":0,"menu_order":0,"comment_status":"closed","ping_status":"closed","template":"","meta":{"footnotes":""},"class_list":["post-1828","page","type-page","status-publish","hentry"],"_links":{"self":[{"href":"https:\/\/mbm.at\/pl\/wp-json\/wp\/v2\/pages\/1828","targetHints":{"allow":["GET"]}}],"collection":[{"href":"https:\/\/mbm.at\/pl\/wp-json\/wp\/v2\/pages"}],"about":[{"href":"https:\/\/mbm.at\/pl\/wp-json\/wp\/v2\/types\/page"}],"author":[{"embeddable":true,"href":"https:\/\/mbm.at\/pl\/wp-json\/wp\/v2\/users\/2"}],"replies":[{"embeddable":true,"href":"https:\/\/mbm.at\/pl\/wp-json\/wp\/v2\/comments?post=1828"}],"version-history":[{"count":2,"href":"https:\/\/mbm.at\/pl\/wp-json\/wp\/v2\/pages\/1828\/revisions"}],"predecessor-version":[{"id":1830,"href":"https:\/\/mbm.at\/pl\/wp-json\/wp\/v2\/pages\/1828\/revisions\/1830"}],"wp:attachment":[{"href":"https:\/\/mbm.at\/pl\/wp-json\/wp\/v2\/media?parent=1828"}],"curies":[{"name":"wp","href":"https:\/\/api.w.org\/{rel}","templated":true}]}}