{"id":1723,"date":"2024-11-11T08:38:59","date_gmt":"2024-11-11T07:38:59","guid":{"rendered":"https:\/\/wp.mbm.at\/kontakt\/"},"modified":"2024-12-18T11:22:28","modified_gmt":"2024-12-18T10:22:28","slug":"kontakt","status":"publish","type":"page","link":"https:\/\/mbm.at\/pl\/kontakt\/","title":{"rendered":"Kontakt"},"content":{"rendered":"<div class=\"wpb-content-wrapper\"><p>[vc_row][vc_column][vc_column_text css=&#8221;&#8221;]<\/p>\n<div class=\"l_column l_lg-4 l_md-6\">\n<div class=\"vc_column-inner\">\n<div class=\"wpb_wrapper\">\n<div class=\"wpb_text_column wpb_content_element\">\n<div class=\"wpb_wrapper\">\n<h3><strong>Eberle Automatische Systeme <\/strong><strong>GmbH &amp; Co KG<\/strong><\/h3>\n<p class=\"bodytext\">Dr.-Walter-Zumtobel-Stra\u00dfe 8<br \/>6850 Dornbirn<br \/>Austria<\/p>\n<\/div>\n<\/div>\n<div class=\"wpb_text_column wpb_content_element\">\n<div class=\"wpb_wrapper\">\n<h4><strong>Zapytanie<\/strong><\/h4>\n<p>Twoje obawy s\u0105 dla nas wa\u017cne. Wy\u015blij nam swoje zapytanie w dowolnym momencie. <\/p>\n<ul>\n<li>Zapytanie<\/li>\n<li>Wsparcie<\/li>\n<li>Aplikacja<\/li>\n<li>Dokumentacja produktu<\/li>\n<\/ul>\n<p><a href=\"mailto:info@eberle.at\">info@eberle.at<\/a><\/p>\n<p><a href=\"mailto:office@mbm.at\">office@mbm.at<\/a><\/p>\n<\/div>\n<\/div>\n<\/div>\n<\/div>\n<\/div>\n<div class=\"l_column l_lg-4 l_md-6\">\n<div class=\"vc_column-inner\">\n<div class=\"wpb_wrapper\">\n<div class=\"wpb_text_column wpb_content_element\">\n<div class=\"wpb_wrapper\">\n<h4><strong>Godziny otwarcia<\/strong><\/h4>\n<table class=\"opening-hours\">\n<tbody>\n<tr>\n<th>MO \u2013 DO<\/th>\n<td>07:00 \u2013 12.00 Uhr<\/td>\n<td>13:00 \u2013 17.00 Uhr<\/td>\n<\/tr>\n<tr>\n<th>FR<\/th>\n<td>07:00 \u2013 12:00 Uhr<\/td>\n<\/tr>\n<\/tbody>\n<\/table>\n<p>Godziny otwarcia nie obejmuj\u0105 \u015bwi\u0105t pa\u0144stwowych.<\/p>\n<p>Dost\u0119pno\u015b\u0107 w godzinach otwarcia.<\/p>\n<ul>\n<li>Telefonicznie pod numerem +43 5572 55580<\/li>\n<li>per E-Mail unter<a href=\"mailto:info@eberle.at\"> info@eberle.at<\/a>, <a href=\"mailto:office@mbm.at\">office@mbm.at<\/a><\/li>\n<\/ul>\n<p>Dost\u0119pno\u015b\u0107 poza godzinami otwarcia<\/p>\n<ul>\n<li>Telefonicznie pod numerem +43 5572 55580<\/li>\n<li>e-mailem na adres <a href=\"mailto:support@eberle.at\">support@eberle.at<\/a><\/li>\n<\/ul>\n<p>&nbsp;<\/p>\n<\/div>\n<\/div>\n<\/div>\n<\/div>\n<\/div>\n<p>[\/vc_column_text][\/vc_column][\/vc_row]<\/p>\n<\/div>","protected":false},"excerpt":{"rendered":"<p>[vc_row][vc_column][vc_column_text css=&#8221;&#8221;] Eberle Automatische Systeme GmbH &amp; Co KG Dr.-Walter-Zumtobel-Stra\u00dfe 86850 DornbirnAustria Zapytanie Twoje obawy s\u0105 dla nas wa\u017cne. Wy\u015blij nam swoje zapytanie w dowolnym momencie. Zapytanie Wsparcie Aplikacja Dokumentacja produktu info@eberle.at office@mbm.at Godziny otwarcia MO \u2013 DO 07:00 \u2013 12.00 Uhr 13:00 \u2013 17.00 Uhr FR 07:00 \u2013 12:00 Uhr Godziny otwarcia nie obejmuj\u0105 [&hellip;]<\/p>\n","protected":false},"author":2,"featured_media":0,"parent":0,"menu_order":0,"comment_status":"closed","ping_status":"closed","template":"","meta":{"footnotes":""},"class_list":["post-1723","page","type-page","status-publish","hentry"],"_links":{"self":[{"href":"https:\/\/mbm.at\/pl\/wp-json\/wp\/v2\/pages\/1723","targetHints":{"allow":["GET"]}}],"collection":[{"href":"https:\/\/mbm.at\/pl\/wp-json\/wp\/v2\/pages"}],"about":[{"href":"https:\/\/mbm.at\/pl\/wp-json\/wp\/v2\/types\/page"}],"author":[{"embeddable":true,"href":"https:\/\/mbm.at\/pl\/wp-json\/wp\/v2\/users\/2"}],"replies":[{"embeddable":true,"href":"https:\/\/mbm.at\/pl\/wp-json\/wp\/v2\/comments?post=1723"}],"version-history":[{"count":8,"href":"https:\/\/mbm.at\/pl\/wp-json\/wp\/v2\/pages\/1723\/revisions"}],"predecessor-version":[{"id":4275,"href":"https:\/\/mbm.at\/pl\/wp-json\/wp\/v2\/pages\/1723\/revisions\/4275"}],"wp:attachment":[{"href":"https:\/\/mbm.at\/pl\/wp-json\/wp\/v2\/media?parent=1723"}],"curies":[{"name":"wp","href":"https:\/\/api.w.org\/{rel}","templated":true}]}}