{"id":1516,"date":"2024-11-05T12:42:56","date_gmt":"2024-11-05T11:42:56","guid":{"rendered":"https:\/\/wp.mbm.at\/zasady-ochrony-prywatnosci\/"},"modified":"2024-12-11T07:33:00","modified_gmt":"2024-12-11T06:33:00","slug":"zasady-ochrony-prywatnosci","status":"publish","type":"page","link":"https:\/\/mbm.at\/pl\/zasady-ochrony-prywatnosci\/","title":{"rendered":"Zasady ochrony prywatno\u015bci"},"content":{"rendered":"<div class=\"wpb-content-wrapper\"><p>[vc_row][vc_column][vc_column_text css=&#8221;&#8221;]<\/p>\n<h4>O\u015bwiadczenie o obowi\u0105zku informacyjnym (polityka prywatno\u015bci)<\/h4>\n<p>Ochrona danych osobowych u\u017cytkownik\u00f3w jest dla nas szczeg\u00f3lnie wa\u017cna. W zwi\u0105zku z tym przetwarzamy dane wy\u0142\u0105cznie na podstawie przepis\u00f3w ustawowych (RODO, TKG 2003). W niniejszej informacji o ochronie danych informujemy o najwa\u017cniejszych aspektach przetwarzania danych na naszej stronie internetowej.  <\/p>\n<h4>Kontakt z nami<\/h4>\n<p>Je\u015bli u\u017cytkownik skontaktuje si\u0119 z nami za pomoc\u0105 formularza na stronie internetowej lub poczty e-mail, podane przez niego dane b\u0119d\u0105 przechowywane przez nas przez sze\u015b\u0107 miesi\u0119cy w celu przetworzenia zapytania oraz w przypadku dalszych pyta\u0144. Nie przeka\u017cemy tych danych bez zgody u\u017cytkownika. <\/p>\n<h4>Przechowywanie danych w sklepie internetowym<\/h4>\n<p>Zwracamy uwag\u0119, \u017ce dane IP w\u0142a\u015bciciela po\u0142\u0105czenia, a tak\u017ce imi\u0119 i nazwisko, adres i numer karty kredytowej kupuj\u0105cego s\u0105 przechowywane w kontek\u015bcie plik\u00f3w cookie w celu uproszczenia procesu zakupu i p\u00f3\u017aniejszego przetwarzania umowy.<\/p>\n<p>Podane przez u\u017cytkownika dane s\u0105 niezb\u0119dne do realizacji umowy lub przeprowadzenia dzia\u0142a\u0144 poprzedzaj\u0105cych zawarcie umowy. Bez tych danych nie mo\u017cemy zawrze\u0107 umowy z u\u017cytkownikiem. Dane nie b\u0119d\u0105 przekazywane stronom trzecim, z wyj\u0105tkiem przekazywania danych kart kredytowych do banku przetwarzaj\u0105cego\/ dostawcy us\u0142ug p\u0142atniczych w celu obci\u0105\u017cenia ceny zakupu, do firmy transportowej\/spedycyjnej zleconej przez nas w celu dostarczenia towar\u00f3w oraz do naszego doradcy podatkowego w celu wype\u0142nienia naszych zobowi\u0105za\u0144 podatkowych.  <\/p>\n<p>Po anulowaniu procesu zakupu przechowywane przez nas dane zostan\u0105 usuni\u0119te. W przypadku zawarcia umowy wszystkie dane ze stosunku umownego b\u0119d\u0105 przechowywane do momentu wyga\u015bni\u0119cia okresu przechowywania danych (7 lat). <\/p>\n<p>Imi\u0119 i nazwisko, adres, zakupione towary i data zakupu s\u0105 r\u00f3wnie\u017c przechowywane do momentu wyga\u015bni\u0119cia odpowiedzialno\u015bci za produkt (10 lat). Przetwarzanie danych odbywa si\u0119 na podstawie przepis\u00f3w prawnych \u00a7 96 ust. 3 TKG oraz art. 6 ust. 1 lit. a (zgoda) i\/lub lit. b (niezb\u0119dne do wykonania umowy) RODO. <\/p>\n<h4>Cookies<\/h4>\n<p>Nasza strona internetowa wykorzystuje tzw. pliki cookie. S\u0105 to ma\u0142e pliki tekstowe, kt\u00f3re s\u0105 przechowywane na urz\u0105dzeniu ko\u0144cowym u\u017cytkownika za pomoc\u0105 przegl\u0105darki. Nie powoduj\u0105 one \u017cadnych szk\u00f3d.  <\/p>\n<p>U\u017cywamy plik\u00f3w cookie, aby uczyni\u0107 nasz\u0105 witryn\u0119 bardziej przyjazn\u0105 dla u\u017cytkownika. Niekt\u00f3re pliki cookie s\u0105 przechowywane na urz\u0105dzeniu ko\u0144cowym u\u017cytkownika do momentu ich usuni\u0119cia. Umo\u017cliwiaj\u0105 nam one rozpoznanie przegl\u0105darki u\u017cytkownika podczas kolejnej wizyty.  <\/p>\n<p>Je\u015bli u\u017cytkownik sobie tego nie \u017cyczy, mo\u017ce skonfigurowa\u0107 przegl\u0105dark\u0119 w taki spos\u00f3b, aby informowa\u0142a go o ustawieniach plik\u00f3w cookie i zezwala\u0142a na to tylko w indywidualnych przypadkach.<\/p>\n<p>Je\u015bli pliki cookie zostan\u0105 wy\u0142\u0105czone, funkcjonalno\u015b\u0107 naszej strony internetowej mo\u017ce by\u0107 ograniczona.<\/p>\n<h4>Analiza internetowa<\/h4>\n<p>Nasza strona internetowa wykorzystuje funkcje do analizy sieci. W tym celu wykorzystywane s\u0105 pliki cookie, kt\u00f3re umo\u017cliwiaj\u0105 analiz\u0119 korzystania z witryny przez u\u017cytkownika. Informacje generowane w ten spos\u00f3b s\u0105 przechowywane na serwerach.  <\/p>\n<p>Mo\u017cna temu zapobiec, konfiguruj\u0105c przegl\u0105dark\u0119 tak, aby pliki cookie nie by\u0142y zapisywane.<\/p>\n<h4>Newsletter<\/h4>\n<p>U\u017cytkownik ma mo\u017cliwo\u015b\u0107 zasubskrybowania naszego biuletynu za po\u015brednictwem naszej strony internetowej. Aby to zrobi\u0107, potrzebujemy Twojego adresu e-mail i Twojej deklaracji, \u017ce zgadzasz si\u0119 na otrzymywanie newslettera. <\/p>\n<p>W celu dostarczania u\u017cytkownikowi ukierunkowanych informacji, gromadzimy i przetwarzamy r\u00f3wnie\u017c informacje dobrowolnie przekazane na temat obszar\u00f3w zainteresowa\u0144.<\/p>\n<p>Gdy tylko zarejestrujesz si\u0119 do newslettera, wy\u015blemy Ci wiadomo\u015b\u0107 e-mail z linkiem potwierdzaj\u0105cym rejestracj\u0119.<\/p>\n<p>Subskrypcj\u0119 biuletynu mo\u017cna anulowa\u0107 w dowolnym momencie. W tym celu na ko\u0144cu ka\u017cdego biuletynu wysy\u0142any jest link, za pomoc\u0105 kt\u00f3rego mo\u017cna anulowa\u0107 subskrypcj\u0119. <\/p>\n<h4>Prawa u\u017cytkownika<\/h4>\n<p>Zasadniczo u\u017cytkownik ma prawo do informacji, sprostowania, usuni\u0119cia, ograniczenia, przenoszenia danych, anulowania i sprzeciwu. Je\u015bli uwa\u017casz, \u017ce przetwarzanie Twoich danych narusza przepisy o ochronie danych lub Twoje prawa do ochrony danych zosta\u0142y naruszone w jakikolwiek inny spos\u00f3b, mo\u017cesz z\u0142o\u017cy\u0107 skarg\u0119 do organu nadzorczego. W Austrii jest to organ ochrony danych.[\/vc_column_text][\/vc_column][\/vc_row]<\/p>\n<\/div>","protected":false},"excerpt":{"rendered":"<p>[vc_row][vc_column][vc_column_text css=&#8221;&#8221;] O\u015bwiadczenie o obowi\u0105zku informacyjnym (polityka prywatno\u015bci) Ochrona danych osobowych u\u017cytkownik\u00f3w jest dla nas szczeg\u00f3lnie wa\u017cna. W zwi\u0105zku z tym przetwarzamy dane wy\u0142\u0105cznie na podstawie przepis\u00f3w ustawowych (RODO, TKG 2003). W niniejszej informacji o ochronie danych informujemy o najwa\u017cniejszych aspektach przetwarzania danych na naszej stronie internetowej. Kontakt z nami Je\u015bli u\u017cytkownik skontaktuje si\u0119 z [&hellip;]<\/p>\n","protected":false},"author":1,"featured_media":0,"parent":0,"menu_order":0,"comment_status":"closed","ping_status":"open","template":"","meta":{"footnotes":""},"class_list":["post-1516","page","type-page","status-publish","hentry"],"_links":{"self":[{"href":"https:\/\/mbm.at\/pl\/wp-json\/wp\/v2\/pages\/1516","targetHints":{"allow":["GET"]}}],"collection":[{"href":"https:\/\/mbm.at\/pl\/wp-json\/wp\/v2\/pages"}],"about":[{"href":"https:\/\/mbm.at\/pl\/wp-json\/wp\/v2\/types\/page"}],"author":[{"embeddable":true,"href":"https:\/\/mbm.at\/pl\/wp-json\/wp\/v2\/users\/1"}],"replies":[{"embeddable":true,"href":"https:\/\/mbm.at\/pl\/wp-json\/wp\/v2\/comments?post=1516"}],"version-history":[{"count":4,"href":"https:\/\/mbm.at\/pl\/wp-json\/wp\/v2\/pages\/1516\/revisions"}],"predecessor-version":[{"id":3468,"href":"https:\/\/mbm.at\/pl\/wp-json\/wp\/v2\/pages\/1516\/revisions\/3468"}],"wp:attachment":[{"href":"https:\/\/mbm.at\/pl\/wp-json\/wp\/v2\/media?parent=1516"}],"curies":[{"name":"wp","href":"https:\/\/api.w.org\/{rel}","templated":true}]}}