{"id":1418,"date":"2024-11-06T16:33:40","date_gmt":"2024-11-06T15:33:40","guid":{"rendered":"https:\/\/wp.mbm.at\/pila-do-przycinania-plyt\/"},"modified":"2024-11-12T14:13:08","modified_gmt":"2024-11-12T13:13:08","slug":"pila-do-przycinania-plyt","status":"publish","type":"page","link":"https:\/\/mbm.at\/pl\/pila-do-przycinania-plyt\/","title":{"rendered":"Pi\u0142a do przycinania p\u0142yt"},"content":{"rendered":"<div class=\"wpb-content-wrapper\"><p>[vc_row][vc_column][vc_column_text css=&#8221;&#8221;]<\/p>\n<h4>\u00bb Pi\u0142a do przycinania p\u0142yt<\/h4>\n<p>Dla przekroju wzd\u0142u\u017cnego i poprzecznego[\/vc_column_text][\/vc_column][\/vc_row][vc_row][vc_column][vc_images_carousel images=&#8221;1419,1420&#8243; img_size=&#8221;large&#8221; css=&#8221;&#8221;][\/vc_column][\/vc_row][vc_row][vc_column][vc_tta_accordion][vc_tta_section title=&#8221;Opis poszczeg\u00f3lnych element\u00f3w systemu&#8221; tab_id=&#8221;1730888153520-4d7892d0-ebd8&#8243;][vc_column_text css=&#8221;&#8221;]- Podci\u015bnieniowe urz\u0105dzenie podnosz\u0105ce<br \/>&#8211; Przeno\u015bnik rolkowy podaj\u0105cy z niwelatorem<br \/>&#8211; Pi\u0142a poprzeczna z belk\u0105 dociskow\u0105<br \/>&#8211; Elektronicznie regulowana krzywka zatrzymuj\u0105ca<br \/>&#8211; Przeno\u015bnik rolkowy z transportem poprzecznym<br \/>&#8211; Pochylony przeno\u015bnik rolkowy<br \/>&#8211; Elektronicznie regulowany ogranicznik szeroko\u015bci<br \/>&#8211; Pi\u0142a do ci\u0119cia wzd\u0142u\u017cnego z jednostk\u0105 podaj\u0105c\u0105<br \/>&#8211; Wyj\u015bciowy przeno\u015bnik rolkowy z transportem poprzecznym[\/vc_column_text][\/vc_tta_section][vc_tta_section title=&#8221;Opcje&#8221; tab_id=&#8221;1730888153520-1c825f08-ce84&#8243;][vc_column_text css=&#8221;&#8221;]Wersje pod indywidualne potrzeby klient\u00f3w[\/vc_column_text][\/vc_tta_section][vc_tta_section title=&#8221;Dane techniczne&#8221; tab_id=&#8221;1730888156051-3af60563-6a7d&#8221;][vc_column_text css=&#8221;&#8221;]<b>Rozmiary obrabianego przedmiotu<\/b><\/p>\n<p>D\u0142ugo\u015b\u0107 panelu: min. 300 mm \/ maks. 4 100 mm<br \/>Szeroko\u015b\u0107 panelu: min. 300 mm \/ maks. 1250 mm<br \/>Grubo\u015b\u0107 panelu: maks. 40 mm[\/vc_column_text][\/vc_tta_section][vc_tta_section title=&#8221;Dane maszyny&#8221; tab_id=&#8221;1730888158746-e3f8f971-b398&#8243;][vc_column_text css=&#8221;&#8221;]<b>Pr\u0119dko\u015b\u0107 posuwu pi\u0142y<\/b><br \/>Do przodu do 30 m\/min.<br \/> Pr\u0119dko\u015b\u0107 wsteczna do 30 m\/min.<\/p>\n<p><b>Moc silnika pi\u0142y<\/b><br \/>Pi\u0142a poprzeczna 7,5 kW<br \/>Pr\u0119dko\u015b\u0107 obrotowa 3 800 obr.<br \/>Pi\u0142a do ci\u0119cia wzd\u0142u\u017cnego 7,5 kW<br \/>Pr\u0119dko\u015b\u0107 3 800 obr.<\/p>\n<p><b>Brzeszczot<\/b><br \/>\u015arednica 350 mm<br \/>\u015arednica otworu wewn\u0119trznego 30 mm[\/vc_column_text][\/vc_tta_section][\/vc_tta_accordion][\/vc_column][\/vc_row]<\/p>\n<\/div>","protected":false},"excerpt":{"rendered":"<p>[vc_row][vc_column][vc_column_text css=&#8221;&#8221;] \u00bb Pi\u0142a do przycinania p\u0142yt Dla przekroju wzd\u0142u\u017cnego i poprzecznego[\/vc_column_text][\/vc_column][\/vc_row][vc_row][vc_column][vc_images_carousel images=&#8221;1419,1420&#8243; img_size=&#8221;large&#8221; css=&#8221;&#8221;][\/vc_column][\/vc_row][vc_row][vc_column][vc_tta_accordion][vc_tta_section title=&#8221;Opis poszczeg\u00f3lnych element\u00f3w systemu&#8221; tab_id=&#8221;1730888153520-4d7892d0-ebd8&#8243;][vc_column_text css=&#8221;&#8221;]- Podci\u015bnieniowe urz\u0105dzenie podnosz\u0105ce&#8211; Przeno\u015bnik rolkowy podaj\u0105cy z niwelatorem&#8211; Pi\u0142a poprzeczna z belk\u0105 dociskow\u0105&#8211; Elektronicznie regulowana krzywka zatrzymuj\u0105ca&#8211; Przeno\u015bnik rolkowy z transportem poprzecznym&#8211; Pochylony przeno\u015bnik rolkowy&#8211; Elektronicznie regulowany ogranicznik szeroko\u015bci&#8211; Pi\u0142a do ci\u0119cia wzd\u0142u\u017cnego z [&hellip;]<\/p>\n","protected":false},"author":2,"featured_media":0,"parent":0,"menu_order":0,"comment_status":"closed","ping_status":"closed","template":"","meta":{"footnotes":""},"class_list":["post-1418","page","type-page","status-publish","hentry"],"_links":{"self":[{"href":"https:\/\/mbm.at\/pl\/wp-json\/wp\/v2\/pages\/1418","targetHints":{"allow":["GET"]}}],"collection":[{"href":"https:\/\/mbm.at\/pl\/wp-json\/wp\/v2\/pages"}],"about":[{"href":"https:\/\/mbm.at\/pl\/wp-json\/wp\/v2\/types\/page"}],"author":[{"embeddable":true,"href":"https:\/\/mbm.at\/pl\/wp-json\/wp\/v2\/users\/2"}],"replies":[{"embeddable":true,"href":"https:\/\/mbm.at\/pl\/wp-json\/wp\/v2\/comments?post=1418"}],"version-history":[{"count":6,"href":"https:\/\/mbm.at\/pl\/wp-json\/wp\/v2\/pages\/1418\/revisions"}],"predecessor-version":[{"id":1809,"href":"https:\/\/mbm.at\/pl\/wp-json\/wp\/v2\/pages\/1418\/revisions\/1809"}],"wp:attachment":[{"href":"https:\/\/mbm.at\/pl\/wp-json\/wp\/v2\/media?parent=1418"}],"curies":[{"name":"wp","href":"https:\/\/api.w.org\/{rel}","templated":true}]}}