{"id":1376,"date":"2024-11-06T16:32:51","date_gmt":"2024-11-06T15:32:51","guid":{"rendered":"https:\/\/wp.mbm.at\/wczepiarka\/"},"modified":"2024-11-12T14:03:01","modified_gmt":"2024-11-12T13:03:01","slug":"wczepiarka","status":"publish","type":"page","link":"https:\/\/mbm.at\/pl\/wczepiarka\/","title":{"rendered":"Wczepiarka"},"content":{"rendered":"<div class=\"wpb-content-wrapper\"><p>[vc_row][vc_column][vc_column_text css=&#8221;&#8221;]<\/p>\n<h4>\u00bb Wczepiarka<\/h4>\n<p>z pras\u0105 do materia\u0142\u00f3w drewnianych w kszta\u0142cie paneli[\/vc_column_text][\/vc_column][\/vc_row][vc_row][vc_column][vc_images_carousel images=&#8221;1377,1378,1379&#8243; img_size=&#8221;large&#8221; css=&#8221;&#8221;][\/vc_column][\/vc_row][vc_row][vc_column][vc_tta_accordion][vc_tta_section title=&#8221;Opis poszczeg\u00f3lnych element\u00f3w systemu&#8221; tab_id=&#8221;1730888801921-d0d2ac6a-7075&#8243;][vc_column_text css=&#8221;&#8221;]- W\u00f3zek z jednostk\u0105 przetwarzaj\u0105c\u0105 z jednostk\u0105 rozdrabniaj\u0105c\u0105,<br \/>jednostk\u0105 do przycinania staw\u00f3w palc\u00f3w, szczotkami zgarniaj\u0105cymi i aplikatorem kleju<br \/>&#8211; Stabilny st\u00f3\u0142 podporowy<br \/>&#8211; Stabilny st\u00f3\u0142 do zaciskania i prasowania<br \/>&#8211; Belka dociskowa<br \/>&#8211; Elementy grzewcze<br \/>&#8211; Niwelator paneli<br \/>&#8211; Jednostka hydrauliczna[\/vc_column_text][\/vc_tta_section][vc_tta_section title=&#8221;Opcje&#8221; tab_id=&#8221;1730888801921-12fd171a-d0ca&#8221;][vc_column_text css=&#8221;&#8221;]Wersje pod indywidualne potrzeby klient\u00f3w[\/vc_column_text][\/vc_tta_section][vc_tta_section title=&#8221;Dane techniczne&#8221; tab_id=&#8221;1730888804365-5f46d398-1ec5&#8243;][vc_column_text css=&#8221;&#8221;]<b>Rozmiary obrabianego przedmiotu<\/b><\/p>\n<p>D\u0142ugo\u015b\u0107 panelu: min. 1000 mm<br \/>Szeroko\u015b\u0107 panelu: min. 600 mm \/ maks. 2 500 mm<br \/>Grubo\u015b\u0107 panelu: min. 20 mm \/ maks. 100 mm[\/vc_column_text][\/vc_tta_section][vc_tta_section title=&#8221;Dane maszyny&#8221; tab_id=&#8221;1730888806324-bd69e309-932f&#8221;][vc_column_text css=&#8221;&#8221;]<b>Pr\u0119dko\u015b\u0107 podawania kruszywa<\/b><br \/>Do przodu do 30 m\/min.<br \/> Pr\u0119dko\u015b\u0107 wsteczna do 30 m\/min.<\/p>\n<p><b>Jednostka rozdrabniaj\u0105ca<\/b><br \/>Moc 5,5 kW<br \/>Pr\u0119dko\u015b\u0107 2 850 obr.<\/p>\n<p><b>Jednostka \u0142\u0105cz\u0105ca palce<\/b><br \/>Moc 30 kW<br \/>Pr\u0119dko\u015b\u0107 4 500 obr.<\/p>\n<p><b>Ci\u015bnienie prasy<\/b><br \/>maks. 300 000 N z mo\u017cliwo\u015bci\u0105 regulacji[\/vc_column_text][\/vc_tta_section][\/vc_tta_accordion][\/vc_column][\/vc_row]<\/p>\n<\/div>","protected":false},"excerpt":{"rendered":"<p>[vc_row][vc_column][vc_column_text css=&#8221;&#8221;] \u00bb Wczepiarka z pras\u0105 do materia\u0142\u00f3w drewnianych w kszta\u0142cie paneli[\/vc_column_text][\/vc_column][\/vc_row][vc_row][vc_column][vc_images_carousel images=&#8221;1377,1378,1379&#8243; img_size=&#8221;large&#8221; css=&#8221;&#8221;][\/vc_column][\/vc_row][vc_row][vc_column][vc_tta_accordion][vc_tta_section title=&#8221;Opis poszczeg\u00f3lnych element\u00f3w systemu&#8221; tab_id=&#8221;1730888801921-d0d2ac6a-7075&#8243;][vc_column_text css=&#8221;&#8221;]- W\u00f3zek z jednostk\u0105 przetwarzaj\u0105c\u0105 z jednostk\u0105 rozdrabniaj\u0105c\u0105,jednostk\u0105 do przycinania staw\u00f3w palc\u00f3w, szczotkami zgarniaj\u0105cymi i aplikatorem kleju&#8211; Stabilny st\u00f3\u0142 podporowy&#8211; Stabilny st\u00f3\u0142 do zaciskania i prasowania&#8211; Belka dociskowa&#8211; Elementy grzewcze&#8211; Niwelator paneli&#8211; Jednostka hydrauliczna[\/vc_column_text][\/vc_tta_section][vc_tta_section title=&#8221;Opcje&#8221; [&hellip;]<\/p>\n","protected":false},"author":2,"featured_media":0,"parent":0,"menu_order":0,"comment_status":"closed","ping_status":"closed","template":"","meta":{"footnotes":""},"class_list":["post-1376","page","type-page","status-publish","hentry"],"_links":{"self":[{"href":"https:\/\/mbm.at\/pl\/wp-json\/wp\/v2\/pages\/1376","targetHints":{"allow":["GET"]}}],"collection":[{"href":"https:\/\/mbm.at\/pl\/wp-json\/wp\/v2\/pages"}],"about":[{"href":"https:\/\/mbm.at\/pl\/wp-json\/wp\/v2\/types\/page"}],"author":[{"embeddable":true,"href":"https:\/\/mbm.at\/pl\/wp-json\/wp\/v2\/users\/2"}],"replies":[{"embeddable":true,"href":"https:\/\/mbm.at\/pl\/wp-json\/wp\/v2\/comments?post=1376"}],"version-history":[{"count":6,"href":"https:\/\/mbm.at\/pl\/wp-json\/wp\/v2\/pages\/1376\/revisions"}],"predecessor-version":[{"id":1757,"href":"https:\/\/mbm.at\/pl\/wp-json\/wp\/v2\/pages\/1376\/revisions\/1757"}],"wp:attachment":[{"href":"https:\/\/mbm.at\/pl\/wp-json\/wp\/v2\/media?parent=1376"}],"curies":[{"name":"wp","href":"https:\/\/api.w.org\/{rel}","templated":true}]}}