{"id":1341,"date":"2024-11-06T16:32:11","date_gmt":"2024-11-06T15:32:11","guid":{"rendered":"https:\/\/wp.mbm.at\/technologia-obslugi-portalowy-system-obslugi\/"},"modified":"2024-11-12T10:48:52","modified_gmt":"2024-11-12T09:48:52","slug":"technologia-obslugi-portalowy-system-obslugi","status":"publish","type":"page","link":"https:\/\/mbm.at\/pl\/technologia-obslugi-portalowy-system-obslugi\/","title":{"rendered":"Technologia obs\u0142ugi: portalowy system obs\u0142ugi"},"content":{"rendered":"<div class=\"wpb-content-wrapper\"><p>[vc_row][vc_column][vc_column_text css=&#8221;&#8221;]<\/p>\n<h4>\u00bb Portalowy system obs\u0142ugi<\/h4>\n<p>[\/vc_column_text][\/vc_column][\/vc_row][vc_row][vc_column][vc_images_carousel images=&#8221;1342,1343,1344&#8243; img_size=&#8221;large&#8221; css=&#8221;&#8221;][\/vc_column][\/vc_row][vc_row][vc_column][vc_tta_accordion][vc_tta_section title=&#8221;Opis cech konstrukcyjnych&#8221; tab_id=&#8221;1730889791220-c61515ec-5f20&#8243;][vc_column_text css=&#8221;&#8221;]- Wspornik wykonany z wytrzyma\u0142ego profilu stalowego<br \/>&#8211; Prowadnice hartowane i szlifowane<br \/>&#8211; Prowadnice z zapasem smaru, mo\u017cliwo\u015b\u0107 dosmarowywania<br \/>&#8211; Wycieraczki brudu na wszystkich powierzchniach prowadnic<br \/>&#8211; W\u00f3zek wykonany z mocnej i wytrzyma\u0142ej blachy stalowej<br \/>&#8211; Nap\u0119d: Tr\u00f3jfazowy silnik serwo<br \/>&#8211; Przek\u0142adnia o niskim luzie<br \/>&#8211; Do wyboru nap\u0119d paskiem z\u0119batym lub nap\u0119d z\u0119batkowy<br \/>&#8211; System pomiaru po\u0142o\u017cenia: enkoder inkrementalny<br \/>&#8211; \u0141a\u0144cuch prowadz\u0105cy energi\u0119[\/vc_column_text][\/vc_tta_section][vc_tta_section title=&#8221;Opcje&#8221; tab_id=&#8221;1730889791221-21346201-da38&#8243;][vc_column_text css=&#8221;&#8221;]Wersje pod indywidualne potrzeby klient\u00f3w[\/vc_column_text][\/vc_tta_section][vc_tta_section title=&#8221;Dane techniczne&#8221; tab_id=&#8221;1730889793928-12fb3746-bb0b&#8221;][vc_column_text css=&#8221;&#8221;]<b>Odleg\u0142o\u015b\u0107 podr\u00f3\u017cy &#8211; Pr\u0119dko\u015b\u0107 podr\u00f3\u017cy<\/b><\/p>\n<p>o\u015b x mm 10 000 o\u015b x (m\/s) maks. 2,5<br \/>O\u015b y mm 5 000 o\u015b y (m\/s) maks. 2,5<br \/>o\u015b z mm 2,000 o\u015b z (m\/s) maks. 2.0  <\/p>\n<p>Przyspieszenie przesuwu do 30 m\/s<br \/>Powtarzalno\u015b\u0107 zale\u017cna od skoku i systemu +\/- 0,1 mm<\/p>\n<p><b>Wyposa\u017cenie dodatkowe<\/b><br \/>Chwytaki, systemy wymiany, narz\u0119dzia, jednostki tokarskie zgodnie z odpowiednim zastosowaniem<\/p>\n<p><b>Warianty nap\u0119d\u00f3w<\/b><br \/>&#8211; Silniki AC, prze\u0142\u0105czniki biegunowe i krzywkowe<br \/>&#8211; Serwomotory AC i enkodery<br \/>&#8211; Pneumatyczne<br \/>&#8211; Hydrauliczne[\/vc_column_text][\/vc_tta_section][\/vc_tta_accordion][\/vc_column][\/vc_row]<\/p>\n<\/div>","protected":false},"excerpt":{"rendered":"<p>[vc_row][vc_column][vc_column_text css=&#8221;&#8221;] \u00bb Portalowy system obs\u0142ugi [\/vc_column_text][\/vc_column][\/vc_row][vc_row][vc_column][vc_images_carousel images=&#8221;1342,1343,1344&#8243; img_size=&#8221;large&#8221; css=&#8221;&#8221;][\/vc_column][\/vc_row][vc_row][vc_column][vc_tta_accordion][vc_tta_section title=&#8221;Opis cech konstrukcyjnych&#8221; tab_id=&#8221;1730889791220-c61515ec-5f20&#8243;][vc_column_text css=&#8221;&#8221;]- Wspornik wykonany z wytrzyma\u0142ego profilu stalowego&#8211; Prowadnice hartowane i szlifowane&#8211; Prowadnice z zapasem smaru, mo\u017cliwo\u015b\u0107 dosmarowywania&#8211; Wycieraczki brudu na wszystkich powierzchniach prowadnic&#8211; W\u00f3zek wykonany z mocnej i wytrzyma\u0142ej blachy stalowej&#8211; Nap\u0119d: Tr\u00f3jfazowy silnik serwo&#8211; Przek\u0142adnia o niskim luzie&#8211; Do wyboru [&hellip;]<\/p>\n","protected":false},"author":2,"featured_media":0,"parent":0,"menu_order":0,"comment_status":"closed","ping_status":"closed","template":"","meta":{"footnotes":""},"class_list":["post-1341","page","type-page","status-publish","hentry"],"_links":{"self":[{"href":"https:\/\/mbm.at\/pl\/wp-json\/wp\/v2\/pages\/1341","targetHints":{"allow":["GET"]}}],"collection":[{"href":"https:\/\/mbm.at\/pl\/wp-json\/wp\/v2\/pages"}],"about":[{"href":"https:\/\/mbm.at\/pl\/wp-json\/wp\/v2\/types\/page"}],"author":[{"embeddable":true,"href":"https:\/\/mbm.at\/pl\/wp-json\/wp\/v2\/users\/2"}],"replies":[{"embeddable":true,"href":"https:\/\/mbm.at\/pl\/wp-json\/wp\/v2\/comments?post=1341"}],"version-history":[{"count":6,"href":"https:\/\/mbm.at\/pl\/wp-json\/wp\/v2\/pages\/1341\/revisions"}],"predecessor-version":[{"id":1687,"href":"https:\/\/mbm.at\/pl\/wp-json\/wp\/v2\/pages\/1341\/revisions\/1687"}],"wp:attachment":[{"href":"https:\/\/mbm.at\/pl\/wp-json\/wp\/v2\/media?parent=1341"}],"curies":[{"name":"wp","href":"https:\/\/api.w.org\/{rel}","templated":true}]}}