{"id":1306,"date":"2024-11-06T16:31:29","date_gmt":"2024-11-06T15:31:29","guid":{"rendered":"https:\/\/wp.mbm.at\/technologia-obslugi-obrotowy-stol-uchylny\/"},"modified":"2024-11-12T10:29:09","modified_gmt":"2024-11-12T09:29:09","slug":"technologia-obslugi-obrotowy-stol-uchylny","status":"publish","type":"page","link":"https:\/\/mbm.at\/pl\/technologia-obslugi-obrotowy-stol-uchylny\/","title":{"rendered":"Technologia obs\u0142ugi: obrotowy st\u00f3\u0142 uchylny"},"content":{"rendered":"<div class=\"wpb-content-wrapper\"><p>[vc_row][vc_column][vc_column_text css=&#8221;&#8221;]<\/p>\n<h4>\u201e St\u00f3\u0142 obrotowy<\/h4>\n<p>Do ustawiania i mocowania<\/p>\n<p>Paleta jest pobierana z magazynu palet i automatycznie ustawiana w pozycji przechylonej.<br \/> Nast\u0119pnie paleta jest obracana o 3 x 90\u00b0.[\/vc_column_text][\/vc_column][\/vc_row][vc_row][vc_column][vc_images_carousel images=&#8221;1307,1308,1309&#8243; img_size=&#8221;large&#8221; css=&#8221;&#8221;][\/vc_column][\/vc_row][vc_row][vc_column][vc_tta_accordion][vc_tta_section title=&#8221;Opis poszczeg\u00f3lnych element\u00f3w systemu&#8221; tab_id=&#8221;1730889568551-9367a8d2-9108&#8243;][vc_column_text css=&#8221;&#8221;]- Stabilna rama podstawy z \u0142o\u017cyskiem obrotowym<br \/>&#8211; P\u0142yta obrotowa ze stabilnym \u0142o\u017cyskiem obrotowym<br \/>&#8211; P\u0142yta obrotowa z obrotowymi \u0142apami mocuj\u0105cymi<br \/>&#8211; Urz\u0105dzenie podaj\u0105ce z jednostk\u0105 podnosz\u0105c\u0105<br \/>&#8211; Jednostka hydrauliczna[\/vc_column_text][\/vc_tta_section][vc_tta_section title=&#8221;Opcje&#8221; tab_id=&#8221;1730889568551-119a1589-21aa&#8221;][vc_column_text css=&#8221;&#8221;]Wersje pod indywidualne potrzeby klient\u00f3w[\/vc_column_text][\/vc_tta_section][vc_tta_section title=&#8221;Dane techniczne&#8221; tab_id=&#8221;1730889570531-d24fc72d-18f1&#8243;][vc_column_text css=&#8221;&#8221;]Rozmiar palety 800 x 800 mm<br \/>Obci\u0105\u017cenie palety 30 000 N<br \/>\u015arodek ci\u0119\u017cko\u015bci od g\u00f3rnej kraw\u0119dzi palety 600 mm<br \/>\u015arodek ci\u0119\u017cko\u015bci poza \u015brodkiem 100 mm<br \/>Wysoko\u015b\u0107 przedmiotu obrabianego od g\u00f3rnej kraw\u0119dzi palety maks. 1 200 mm<br \/>Ruch obrotowy 90\u00b0<br \/>Obr\u00f3t w pionie i poziomie 3 x 90[\/vc_column_text][\/vc_tta_section][\/vc_tta_accordion][\/vc_column][\/vc_row]<\/p>\n<\/div>","protected":false},"excerpt":{"rendered":"<p>[vc_row][vc_column][vc_column_text css=&#8221;&#8221;] \u201e St\u00f3\u0142 obrotowy Do ustawiania i mocowania Paleta jest pobierana z magazynu palet i automatycznie ustawiana w pozycji przechylonej. Nast\u0119pnie paleta jest obracana o 3 x 90\u00b0.[\/vc_column_text][\/vc_column][\/vc_row][vc_row][vc_column][vc_images_carousel images=&#8221;1307,1308,1309&#8243; img_size=&#8221;large&#8221; css=&#8221;&#8221;][\/vc_column][\/vc_row][vc_row][vc_column][vc_tta_accordion][vc_tta_section title=&#8221;Opis poszczeg\u00f3lnych element\u00f3w systemu&#8221; tab_id=&#8221;1730889568551-9367a8d2-9108&#8243;][vc_column_text css=&#8221;&#8221;]- Stabilna rama podstawy z \u0142o\u017cyskiem obrotowym&#8211; P\u0142yta obrotowa ze stabilnym \u0142o\u017cyskiem obrotowym&#8211; P\u0142yta obrotowa z obrotowymi \u0142apami [&hellip;]<\/p>\n","protected":false},"author":2,"featured_media":0,"parent":0,"menu_order":0,"comment_status":"closed","ping_status":"closed","template":"","meta":{"footnotes":""},"class_list":["post-1306","page","type-page","status-publish","hentry"],"_links":{"self":[{"href":"https:\/\/mbm.at\/pl\/wp-json\/wp\/v2\/pages\/1306","targetHints":{"allow":["GET"]}}],"collection":[{"href":"https:\/\/mbm.at\/pl\/wp-json\/wp\/v2\/pages"}],"about":[{"href":"https:\/\/mbm.at\/pl\/wp-json\/wp\/v2\/types\/page"}],"author":[{"embeddable":true,"href":"https:\/\/mbm.at\/pl\/wp-json\/wp\/v2\/users\/2"}],"replies":[{"embeddable":true,"href":"https:\/\/mbm.at\/pl\/wp-json\/wp\/v2\/comments?post=1306"}],"version-history":[{"count":6,"href":"https:\/\/mbm.at\/pl\/wp-json\/wp\/v2\/pages\/1306\/revisions"}],"predecessor-version":[{"id":1659,"href":"https:\/\/mbm.at\/pl\/wp-json\/wp\/v2\/pages\/1306\/revisions\/1659"}],"wp:attachment":[{"href":"https:\/\/mbm.at\/pl\/wp-json\/wp\/v2\/media?parent=1306"}],"curies":[{"name":"wp","href":"https:\/\/api.w.org\/{rel}","templated":true}]}}