{"id":1203,"date":"2024-11-06T15:46:12","date_gmt":"2024-11-06T14:46:12","guid":{"rendered":"https:\/\/wp.mbm.at\/dwupila-ukosnica\/"},"modified":"2024-12-18T10:36:12","modified_gmt":"2024-12-18T09:36:12","slug":"dwupila-ukosnica","status":"publish","type":"page","link":"https:\/\/mbm.at\/pl\/dwupila-ukosnica\/","title":{"rendered":"\u00bb Dwupi\u0142a uko\u015bnicaDAS-E"},"content":{"rendered":"<div class=\"wpb-content-wrapper\"><p>[vc_row][vc_column][vc_single_image image=&#8221;1204&#8243; img_size=&#8221;full&#8221; alignment=&#8221;center&#8221; onclick=&#8221;custom_link&#8221; css=&#8221;&#8221; link=&#8221;https:\/\/mbm.at\/wp-content\/uploads\/2024\/11\/2344556_bi_Doppelgehrungssaege.jpg&#8221;][\/vc_column][\/vc_row][vc_row][vc_column][vc_tta_accordion][vc_tta_section title=&#8221;Korzy\u015bci dla u\u017cytkownika&#8221; tab_id=&#8221;1730883459952-56bf27ce-eb36&#8243;][vc_column_text css=&#8221;&#8221;]- Dok\u0142adne ci\u0119cia wymiarowe i k\u0105towe<br \/>&#8211; Doskona\u0142a jako\u015b\u0107 ci\u0119ciaMinimalny czas konfiguracji<br \/>&#8211; Powierzchnia wolna od zarysowa\u0144 i \u015blad\u00f3w<br \/>&#8211; Wydajna metoda pracy<br \/>&#8211; Precyzja na ca\u0142e \u017cycie<br \/>&#8211; Minimalny czas konfiguracji<br \/>&#8211; Laser liniowy<br \/>&#8211; 5-osiowy wy\u015bwietlacz pomiarowy[\/vc_column_text][\/vc_tta_section][vc_tta_section title=&#8221;Opcje&#8221; tab_id=&#8221;1730883479196-38c51b5a-5a33&#8243;][vc_column_text css=&#8221;&#8221;]- Jednostki szczelinuj\u0105ce[\/vc_column_text][\/vc_tta_section][vc_tta_section title=&#8221;Dane techniczne&#8221; tab_id=&#8221;1730883459952-c81651e4-8f16&#8243;][vc_column_text css=&#8221;&#8221;]<b>Rozmiary obrabianego przedmiotu<\/b><br \/>D\u0142ugo\u015b\u0107 cz\u0119\u015bci 250 mm &#8211; 2 200 mm<br \/>Szeroko\u015b\u0107 cz\u0119\u015bci 50 mm &#8211; 660 mm<br \/>Wysoko\u015b\u0107 cz\u0119\u015bci maks. 85 mm <\/p>\n<p><b>K\u0105t \u0142\u0105czenia<\/b><br \/>Du\u017cy k\u0105t: 93\u00b0 \u2013 45\u00b0<br \/>Ma\u0142y k\u0105t: 90\u00b0 \u2013 43\u00b0<\/p>\n<p><b>Dok\u0142adno\u015b\u0107 wymiarowa<\/b><br \/>Du\u017cy k\u0105t \u0142\u0105czenia: +\/- 0,02\u00b0<br \/>Ma\u0142y k\u0105t \u0142\u0105czenia: +\/- 0,05\u00b0<br \/>D\u0142ugo\u015b\u0107 elementu: +\/- 0,2 mm<\/p>\n<p><b>Tarcza pi\u0142y<\/b><br \/>\u015arednica: 350 mm\/400 mm<br \/>\u015arednica otworu wewn\u0119trznego: 30 mm<\/p>\n<p><b>Agregat rowkowy\/wpustowy<\/b><br \/>\u015arednica: 180 mm<br \/>\u015arednica otworu wewn\u0119trznego: 30 mm[\/vc_column_text][\/vc_tta_section][vc_tta_section title=&#8221;System kontrolny&#8221; tab_id=&#8221;1730883490171-82b58602-f4a0&#8243;][vc_column_text css=&#8221;&#8221;]- Diagnostyka b\u0142\u0119d\u00f3w w przypadku nieprawid\u0142owego dzia\u0142ania<br \/>&#8211; Wiele opcji ustawie\u0144<br \/>&#8211; Wyb\u00f3r i odznaczanie numeru <\/p>\n<p><b>Opcje<\/b><br \/>&#8211; Zdalna diagnostyka[\/vc_column_text][\/vc_tta_section][vc_tta_section title=&#8221;Dane maszyny&#8221; tab_id=&#8221;1730883487916-6e248e57-14e5&#8243;][vc_column_text css=&#8221;&#8221;]<b>Pr\u0119dko\u015b\u0107 posuwu pi\u0142y<\/b><br \/>Do przodu\/do ty\u0142u do 30 m\/min.<br \/>Moc silnika pi\u0142y 5,5 kW<br \/>Pr\u0119dko\u015b\u0107 4 200 obr.<br \/>Moc silnika zespo\u0142u rowkuj\u0105cego 1 kW<br \/>Pr\u0119dko\u015b\u0107 6 000 obr.[\/vc_column_text][\/vc_tta_section][\/vc_tta_accordion][\/vc_column][\/vc_row]<\/p>\n<\/div>","protected":false},"excerpt":{"rendered":"<p>[vc_row][vc_column][vc_single_image image=&#8221;1204&#8243; img_size=&#8221;full&#8221; alignment=&#8221;center&#8221; onclick=&#8221;custom_link&#8221; css=&#8221;&#8221; link=&#8221;https:\/\/mbm.at\/wp-content\/uploads\/2024\/11\/2344556_bi_Doppelgehrungssaege.jpg&#8221;][\/vc_column][\/vc_row][vc_row][vc_column][vc_tta_accordion][vc_tta_section title=&#8221;Korzy\u015bci dla u\u017cytkownika&#8221; tab_id=&#8221;1730883459952-56bf27ce-eb36&#8243;][vc_column_text css=&#8221;&#8221;]- Dok\u0142adne ci\u0119cia wymiarowe i k\u0105towe&#8211; Doskona\u0142a jako\u015b\u0107 ci\u0119ciaMinimalny czas konfiguracji&#8211; Powierzchnia wolna od zarysowa\u0144 i \u015blad\u00f3w&#8211; Wydajna metoda pracy&#8211; Precyzja na ca\u0142e \u017cycie&#8211; Minimalny czas konfiguracji&#8211; Laser liniowy&#8211; 5-osiowy wy\u015bwietlacz pomiarowy[\/vc_column_text][\/vc_tta_section][vc_tta_section title=&#8221;Opcje&#8221; tab_id=&#8221;1730883479196-38c51b5a-5a33&#8243;][vc_column_text css=&#8221;&#8221;]- Jednostki szczelinuj\u0105ce[\/vc_column_text][\/vc_tta_section][vc_tta_section title=&#8221;Dane techniczne&#8221; tab_id=&#8221;1730883459952-c81651e4-8f16&#8243;][vc_column_text css=&#8221;&#8221;]Rozmiary obrabianego przedmiotuD\u0142ugo\u015b\u0107 cz\u0119\u015bci [&hellip;]<\/p>\n","protected":false},"author":2,"featured_media":0,"parent":0,"menu_order":0,"comment_status":"closed","ping_status":"closed","template":"","meta":{"footnotes":""},"class_list":["post-1203","page","type-page","status-publish","hentry"],"_links":{"self":[{"href":"https:\/\/mbm.at\/pl\/wp-json\/wp\/v2\/pages\/1203","targetHints":{"allow":["GET"]}}],"collection":[{"href":"https:\/\/mbm.at\/pl\/wp-json\/wp\/v2\/pages"}],"about":[{"href":"https:\/\/mbm.at\/pl\/wp-json\/wp\/v2\/types\/page"}],"author":[{"embeddable":true,"href":"https:\/\/mbm.at\/pl\/wp-json\/wp\/v2\/users\/2"}],"replies":[{"embeddable":true,"href":"https:\/\/mbm.at\/pl\/wp-json\/wp\/v2\/comments?post=1203"}],"version-history":[{"count":17,"href":"https:\/\/mbm.at\/pl\/wp-json\/wp\/v2\/pages\/1203\/revisions"}],"predecessor-version":[{"id":3942,"href":"https:\/\/mbm.at\/pl\/wp-json\/wp\/v2\/pages\/1203\/revisions\/3942"}],"wp:attachment":[{"href":"https:\/\/mbm.at\/pl\/wp-json\/wp\/v2\/media?parent=1203"}],"curies":[{"name":"wp","href":"https:\/\/api.w.org\/{rel}","templated":true}]}}