{"id":772,"date":"2024-11-06T16:34:09","date_gmt":"2024-11-06T15:34:09","guid":{"rendered":"https:\/\/wp.mbm.at\/macchine-speciali-per-la-lavorazione-del-legno\/"},"modified":"2024-11-07T15:04:05","modified_gmt":"2024-11-07T14:04:05","slug":"macchine-speciali-per-la-lavorazione-del-legno","status":"publish","type":"page","link":"https:\/\/mbm.at\/it\/macchine-speciali-per-la-lavorazione-del-legno\/","title":{"rendered":"Macchine speciali per la lavorazione del legno"},"content":{"rendered":"<div class=\"wpb-content-wrapper\"><p>[vc_row][vc_column][vc_column_text css=&#8221;&#8221;]<b>mbm<\/b> \u00e8 sinonimo per prodotti efficienti e qualit\u00e0.<br \/>Ci impegniamo al massimo per realizzare per voi la soluzione ottimale basandoci su know-how, flessibilit\u00e0 e innovazione.<\/p>\n<p>Le nostre forze sono la pianificazione, la costruzione e l\u2019assemblaggio dei macchinari nonch\u00e9 il montaggio. La messa in funzione e la formazione in loco sono parte del nostro servizio per garantire il successo del vostro progetto. Il team mbm vi supporter\u00e0 per massimizzare la prestazione del vostro prodotto. Il servizio clienti e la manutenzione preventiva sono per noi fattori importanti allo scopo di assicurare la stabilit\u00e0 dei prodotti.   <br \/> Offriamo anche soluzioni compatte, pi\u00f9 piccole su dispositivi, sistemi di movimentazione, sistemi di concatenazione, ecc<\/p>\n<h3>\u00bb Macchine speciali<\/h3>\n<ul>\n<li>Sega per taglio a misura di pannelli<\/li>\n<li>Fresa per incastro a coda di rondine<\/li>\n<li>Impianto di taglio, fresatura e foratura<\/li>\n<li>Macchina automatica per travetti<\/li>\n<li>Stazione di foratura<\/li>\n<li>Troncatrice veloce<\/li>\n<\/ul>\n<p><b> <\/b><\/p>\n<p>Per eventuali domande \u00e8 possibile chiamare in qualsiasi momento il numero <b>+43 5572 555800<\/b><br \/>o utilizzare il Modulo di riechista.[\/vc_column_text][\/vc_column][\/vc_row]<\/p>\n<\/div>","protected":false},"excerpt":{"rendered":"<p>[vc_row][vc_column][vc_column_text css=&#8221;&#8221;]mbm \u00e8 sinonimo per prodotti efficienti e qualit\u00e0.Ci impegniamo al massimo per realizzare per voi la soluzione ottimale basandoci su know-how, flessibilit\u00e0 e innovazione. Le nostre forze sono la pianificazione, la costruzione e l\u2019assemblaggio dei macchinari nonch\u00e9 il montaggio. La messa in funzione e la formazione in loco sono parte del nostro servizio per [&hellip;]<\/p>\n","protected":false},"author":2,"featured_media":0,"parent":0,"menu_order":0,"comment_status":"closed","ping_status":"closed","template":"","meta":{"footnotes":""},"class_list":["post-772","page","type-page","status-publish","hentry"],"_links":{"self":[{"href":"https:\/\/mbm.at\/it\/wp-json\/wp\/v2\/pages\/772","targetHints":{"allow":["GET"]}}],"collection":[{"href":"https:\/\/mbm.at\/it\/wp-json\/wp\/v2\/pages"}],"about":[{"href":"https:\/\/mbm.at\/it\/wp-json\/wp\/v2\/types\/page"}],"author":[{"embeddable":true,"href":"https:\/\/mbm.at\/it\/wp-json\/wp\/v2\/users\/2"}],"replies":[{"embeddable":true,"href":"https:\/\/mbm.at\/it\/wp-json\/wp\/v2\/comments?post=772"}],"version-history":[{"count":2,"href":"https:\/\/mbm.at\/it\/wp-json\/wp\/v2\/pages\/772\/revisions"}],"predecessor-version":[{"id":774,"href":"https:\/\/mbm.at\/it\/wp-json\/wp\/v2\/pages\/772\/revisions\/774"}],"wp:attachment":[{"href":"https:\/\/mbm.at\/it\/wp-json\/wp\/v2\/media?parent=772"}],"curies":[{"name":"wp","href":"https:\/\/api.w.org\/{rel}","templated":true}]}}