{"id":575,"date":"2024-11-06T16:32:31","date_gmt":"2024-11-06T15:32:31","guid":{"rendered":"https:\/\/wp.mbm.at\/tecnica-della-lavorazione-del-legno\/"},"modified":"2024-11-19T13:47:45","modified_gmt":"2024-11-19T12:47:45","slug":"tecnica-della-lavorazione-del-legno","status":"publish","type":"page","link":"https:\/\/mbm.at\/it\/tecnica-della-lavorazione-del-legno\/","title":{"rendered":"Tecnica della lavorazione del legno"},"content":{"rendered":"<div class=\"wpb-content-wrapper\"><p>[vc_row][vc_column][vc_column_text css=&#8221;&#8221;]<b>mbm<\/b> hat sich seit 1978 mit einem qualifizierten Team auf die spezifischen Anforderungen der Wirtschaft spezialisiert.<br \/>\nRasch \u00e4ndernde M\u00e4rkte und Technologien verlangen nach innovativen Verfahrensmodellen f\u00fcr wirtschaftliches Arbeiten.<br \/>\nDie Automatisierung der Produktionsabl\u00e4ufe und einfaches Handling der eingesetzten Sondermaschinen schaffen die Verbindung der heutigen Produktionsanforderungen und der Wettbewerbsf\u00e4higkeit f\u00fcr morgen.<br \/>\nmbm Sondermaschinen entstehen aus kundenspezifischen W\u00fcnschen und Ideen, der Beratung und Konzeption unserer Konstrukteure und durch die professionelle Umsetzung unseres Montageteams.<\/p>\n<h3>\u00bb Macchine per la produzione di cofani<\/h3>\n<ul>\n<li><a href=\"https:\/\/mbm.at\/it\/troncatrices-doppia\/\">Troncatrice doppia &#8211; Universale<\/a><\/li>\n<li><a href=\"https:\/\/mbm.at\/it\/troncatrices-doppia\/\">Troncatrice doppia &#8211; Linea di produzione<\/a><\/li>\n<li><a href=\"https:\/\/mbm.at\/it\/strettoio-automatico-per-lassemblaggio-di-cofani\/\">Strettoio per cofani &#8211; forma conica<\/a><\/li>\n<li><a href=\"https:\/\/mbm.at\/it\/strettoio-automatico-per-lassemblaggio-di-cofani\/\">Strettoio per cofani combinato &#8211; forma conica<\/a><\/li>\n<li><a href=\"https:\/\/mbm.at\/it\/strettoio-automatico-per-lassemblaggio-di-cofani\/\">Strettoio per cofani &#8211; forma sagomata<\/a><\/li>\n<li><a href=\"https:\/\/mbm.at\/it\/macchine-automatiche-per-lassemblaggio-di-listelli\/\">Macchina automatica per l&#8217;assemblaggio di listelli &#8211; Universale<\/a><\/li>\n<li><a href=\"https:\/\/mbm.at\/it\/macchine-automatiche-per-lassemblaggio-di-listelli\/\">Macchina automatica per l&#8217;assemblaggio di listelli &#8211; per pezzi corti e lunghi<\/a><\/li>\n<li><a href=\"https:\/\/mbm.at\/it\/macchine-automatiche-per-lassemblaggio-di-listelli\/\">Macchina automatica per l&#8217;assemblaggio di listelli a T<\/a><\/li>\n<li><a href=\"https:\/\/mbm.at\/it\/macchine-automatiche-per-lassemblaggio-di-listelli\/\">Macchina automatica per l&#8217;assemblaggio di listelli decorativi<\/a><\/li>\n<li><a href=\"https:\/\/mbm.at\/it\/macchina-di-produzione-per-piedi-di-cofani\/\">Macchina di produzione per piedi di cofani<\/a><\/li>\n<\/ul>\n<h3>\u00bb Macchine speciali<\/h3>\n<ul>\n<li><a href=\"https:\/\/mbm.at\/it\/sega-per-taglio-a-misura-di-pannelli\/\">Sega per taglio a misura di pannelli<\/a><\/li>\n<li><a href=\"https:\/\/mbm.at\/it\/fresa-per-giunzioni-a-pettine\/\">Fresa per giunzioni a pettine<\/a><\/li>\n<li><a href=\"https:\/\/mbm.at\/it\/macchine-speciali-per-la-lavorazione-del-legno-2\/\">Impianto di taglio, fresatura e foratura<\/a><\/li>\n<li><a href=\"https:\/\/mbm.at\/it\/macchine-speciali-per-la-lavorazione-del-legno-2\/\">Macchina automatica per travetti<\/a><\/li>\n<li><a href=\"https:\/\/mbm.at\/it\/macchine-speciali-per-la-lavorazione-del-legno-2\/\">Stazione di foratura<\/a><\/li>\n<li><a href=\"https:\/\/mbm.at\/it\/macchine-speciali-per-la-lavorazione-del-legno-2\/\">Troncatrice veloce<\/a><a href=\"https:\/\/mbm.at\/de-at\/holzbearbeitungstechnik\/sondermaschinen\/mehr\/index.htm#schnelll%C3%A4ufers%C3%A4ge\"><br \/>\n<\/a><\/li>\n<\/ul>\n<p>&nbsp;<\/p>\n<p>Per eventuali domande \u00e8 possibile chiamare in qualsiasi momento il numero <b>+43 5572 555800<\/b><br \/>\no utilizzare <a href=\"https:\/\/mbm.at\/it\/modulo-di-riechista\/\">il Modulo di riechista.<\/a>[\/vc_column_text][\/vc_column][\/vc_row]<\/p>\n<\/div>","protected":false},"excerpt":{"rendered":"<p>[vc_row][vc_column][vc_column_text css=&#8221;&#8221;]mbm hat sich seit 1978 mit einem qualifizierten Team auf die spezifischen Anforderungen der Wirtschaft spezialisiert. Rasch \u00e4ndernde M\u00e4rkte und Technologien verlangen nach innovativen Verfahrensmodellen f\u00fcr wirtschaftliches Arbeiten. Die Automatisierung der Produktionsabl\u00e4ufe und einfaches Handling der eingesetzten Sondermaschinen schaffen die Verbindung der heutigen Produktionsanforderungen und der Wettbewerbsf\u00e4higkeit f\u00fcr morgen. mbm Sondermaschinen entstehen aus kundenspezifischen [&hellip;]<\/p>\n","protected":false},"author":2,"featured_media":0,"parent":0,"menu_order":0,"comment_status":"closed","ping_status":"closed","template":"","meta":{"footnotes":""},"class_list":["post-575","page","type-page","status-publish","hentry"],"_links":{"self":[{"href":"https:\/\/mbm.at\/it\/wp-json\/wp\/v2\/pages\/575","targetHints":{"allow":["GET"]}}],"collection":[{"href":"https:\/\/mbm.at\/it\/wp-json\/wp\/v2\/pages"}],"about":[{"href":"https:\/\/mbm.at\/it\/wp-json\/wp\/v2\/types\/page"}],"author":[{"embeddable":true,"href":"https:\/\/mbm.at\/it\/wp-json\/wp\/v2\/users\/2"}],"replies":[{"embeddable":true,"href":"https:\/\/mbm.at\/it\/wp-json\/wp\/v2\/comments?post=575"}],"version-history":[{"count":8,"href":"https:\/\/mbm.at\/it\/wp-json\/wp\/v2\/pages\/575\/revisions"}],"predecessor-version":[{"id":2150,"href":"https:\/\/mbm.at\/it\/wp-json\/wp\/v2\/pages\/575\/revisions\/2150"}],"wp:attachment":[{"href":"https:\/\/mbm.at\/it\/wp-json\/wp\/v2\/media?parent=575"}],"curies":[{"name":"wp","href":"https:\/\/api.w.org\/{rel}","templated":true}]}}