{"id":2940,"date":"2024-11-19T15:13:11","date_gmt":"2024-11-19T14:13:11","guid":{"rendered":"https:\/\/wp.mbm.at\/soluzioni-di-digitalizzazione-per-la-produzione-di-bare\/"},"modified":"2025-02-03T08:47:48","modified_gmt":"2025-02-03T07:47:48","slug":"soluzioni-di-digitalizzazione-per-la-produzione-di-bare","status":"publish","type":"page","link":"https:\/\/mbm.at\/it\/soluzioni-di-digitalizzazione-per-la-produzione-di-bare\/","title":{"rendered":"Soluzioni di digitalizzazione per la produzione di bare"},"content":{"rendered":"<div class=\"wpb-content-wrapper\"><p>[vc_row][vc_column][vc_column_text css=&#8221;&#8221;]<strong>Configuratore di bare<\/strong><\/p>\n<p>Il configuratore di bare offre numerosi vantaggi, soprattutto per quanto riguarda la personalizzazione e l\u2019individualizzazione dei prodotti.<\/p>\n<p>I vantaggi dell\u2019utilizzo di un configuratore di bare nella produzione di bare sono:<\/p>\n<p><strong>Rapido adattamento dei programmi di modifica<\/strong><\/p>\n<p>Le preimpostazioni per i tagli possono essere create comodamente tramite un&#8217;interfaccia web direttamente sulla macchina o tramite accesso remoto in ufficio. I programmi di taglio possono essere salvati, modificati e riutilizzati. <\/p>\n<p><strong> <\/strong><strong>Personalizzazione efficiente del prodotto<\/strong><\/p>\n<p>Il configuratore di bare vi permette di personalizzare i prodotti in base alle esigenze e alle preferenze individuali dei vostri clienti. Questo porta a una maggiore soddisfazione del cliente e pu\u00f2 rafforzarne la fedelt\u00e0. <\/p>\n<p><strong> <\/strong><strong>Prevenzione degli errori:<br \/><\/strong>Il configuratore di bare assicura che si possano selezionare solo le opzioni compatibili, riducendo la probabilit\u00e0 di errori, di produzione difettosa e di lunghi tagli di prova.<\/p>\n<p><strong> <\/strong><\/p>\n<p><a href=\"mailto:office@mbm.at\">&gt;&gt; Per maggiori informazioni o per avviare una richiesta di informazioni<\/a><\/p>\n<p><a href=\"mailto:office@mbm.at\">&gt;&gt; Conoscere il configuratore di bare online<\/a>[\/vc_column_text][\/vc_column][\/vc_row][vc_row][vc_column width=&#8221;1\/4&#8243;][vc_single_image image=&#8221;3627&#8243; img_size=&#8221;250*250&#8243; alignment=&#8221;center&#8221; onclick=&#8221;custom_link&#8221; css=&#8221;&#8221; link=&#8221;https:\/\/mbm.at\/wp-content\/uploads\/2024\/12\/Sargkonfigurator-1.png&#8221;][\/vc_column][vc_column width=&#8221;1\/4&#8243;][vc_single_image image=&#8221;3620&#8243; img_size=&#8221;250*250&#8243; alignment=&#8221;center&#8221; onclick=&#8221;custom_link&#8221; css=&#8221;&#8221; link=&#8221;https:\/\/mbm.at\/wp-content\/uploads\/2024\/12\/Sargkonfigurator-2.png&#8221;][\/vc_column][vc_column width=&#8221;1\/4&#8243;][vc_single_image image=&#8221;3613&#8243; img_size=&#8221;250*250&#8243; alignment=&#8221;center&#8221; onclick=&#8221;custom_link&#8221; css=&#8221;&#8221; link=&#8221;https:\/\/mbm.at\/wp-content\/uploads\/2024\/12\/Sargkonfigurator_3.jpg&#8221;][\/vc_column][vc_column width=&#8221;1\/4&#8243;][vc_single_image image=&#8221;3606&#8243; img_size=&#8221;250*250&#8243; alignment=&#8221;center&#8221; onclick=&#8221;custom_link&#8221; css=&#8221;&#8221; link=&#8221;https:\/\/mbm.at\/wp-content\/uploads\/2024\/12\/Sargkonfigurator_2.jpg&#8221;][\/vc_column][\/vc_row][vc_row][vc_column][vc_column_text css=&#8221;&#8221;]<strong>Controllo della piattaforma IoT industriale<\/strong><\/p>\n<p><strong> <\/strong>Con <a href=\"https:\/\/www.digifai.com\/de\/control\/\" target=\"_blank\" rel=\"noopener\">control<\/a> si ha il controllo assoluto sui dati di processo. Le piattaforme IoT come il <a href=\"https:\/\/www.digifai.com\/de\/control\/\" target=\"_blank\" rel=\"noopener\">control <\/a>offrono alle aziende numerosi vantaggi che possono aumentarne l\u2019efficienza e la competitivit\u00e0. <\/p>\n<p>I vantaggi dell\u2019utilizzo di <a href=\"https:\/\/www.digifai.com\/de\/control\/\" target=\"_blank\" rel=\"noopener\">control<\/a> nella produzione di bare includono<\/p>\n<p><strong> <\/strong><strong>Monitoraggio efficace della macchina e dei dati operativi<\/strong><\/p>\n<p>Una gestione semplice e chiara, grazie ai cruscotti e alla funzione Preferiti, garantisce un rapido recupero delle informazioni per le decisioni. La notifica automatica di valori limite, eventi o allarmi garantisce una risposta rapida in caso di guasti. <\/p>\n<p><strong> <\/strong><strong>Dati operativi, analisi e reportistica<\/strong><\/p>\n<p>Il controllo registra i dati della macchina, come il funzionamento e i tempi di inattivit\u00e0, e consente all&#8217;utente di registrare digitalmente le informazioni relative alla produzione, come i dati sulla qualit\u00e0 o sugli ordini, inserendoli nei terminali PDA.<\/p>\n<p><strong> <\/strong><strong>Miglioramento del processo decisionale<\/strong><\/p>\n<p>Raccogliendo e analizzando i dati in tempo reale, le aziende possono prendere decisioni informate e reagire pi\u00f9 rapidamente ai cambiamenti.<\/p>\n<p><strong> <\/strong><strong>Trasparenza e tracciabilit\u00e0<\/strong><\/p>\n<p><a href=\"https:\/\/www.digifai.com\/de\/control\/\" target=\"_blank\" rel=\"noopener\">control<\/a> fornisce una migliore visibilit\u00e0 e tracciabilit\u00e0 dei processi produttivi, migliorando la garanzia di qualit\u00e0 e la conformit\u00e0.<\/p>\n<p><strong> <\/strong><strong>Maggiore sicurezza<\/strong><\/p>\n<p>Le piattaforme IoT possono essere utilizzate per monitorare e proteggere i sistemi e i processi, riducendo cos\u00ec il rischio di incidenti, inconvenienti di sicurezza e fermi di produzione.<\/p>\n<p>&nbsp;<\/p>\n<p><a href=\"mailto:office@mbm.at\">&gt;&gt; Per maggiori informazioni o per avviare una richiesta di informazioni<\/a><\/p>\n<p><a href=\"https:\/\/www.digifai.com\/de\/\">&gt;&gt;  Accesso alla demo online<\/a>[\/vc_column_text][\/vc_column][\/vc_row][vc_row][vc_column width=&#8221;1\/4&#8243;][vc_single_image image=&#8221;3723&#8243; img_size=&#8221;250*250&#8243; alignment=&#8221;center&#8221; onclick=&#8221;custom_link&#8221; css=&#8221;&#8221; link=&#8221;https:\/\/mbm.at\/wp-content\/uploads\/2024\/12\/control_tablet_9.png&#8221;][\/vc_column][vc_column width=&#8221;1\/4&#8243;][vc_single_image image=&#8221;3709&#8243; img_size=&#8221;250*250&#8243; alignment=&#8221;center&#8221; onclick=&#8221;custom_link&#8221; css=&#8221;&#8221; link=&#8221;https:\/\/mbm.at\/wp-content\/uploads\/2024\/12\/Sarg_control_5.jpg&#8221;][\/vc_column][vc_column width=&#8221;1\/4&#8243;][vc_single_image image=&#8221;3702&#8243; img_size=&#8221;250*250&#8243; alignment=&#8221;center&#8221; onclick=&#8221;custom_link&#8221; css=&#8221;&#8221; link=&#8221;https:\/\/mbm.at\/wp-content\/uploads\/2024\/12\/Sarg_control_3.jpg&#8221;][\/vc_column][vc_column width=&#8221;1\/4&#8243;][vc_single_image image=&#8221;3695&#8243; img_size=&#8221;250*250&#8243; alignment=&#8221;center&#8221; onclick=&#8221;custom_link&#8221; css=&#8221;&#8221; link=&#8221;https:\/\/mbm.at\/wp-content\/uploads\/2025\/01\/Sarg_control_4.jpg&#8221;][\/vc_column][\/vc_row][vc_row][vc_column][vc_column_text css=&#8221;&#8221;]<strong>Gemello digitale twin<\/strong><\/p>\n<p><strong> <\/strong>Il software<a href=\"https:\/\/www.digifai.com\/de\/twin\" target=\"_blank\" rel=\"noopener\"> twin<\/a> crea un gemello digitale. Ci\u00f2 consente di testare il controllo del sistema prima che la macchina sia in funzione. E quando la macchina \u00e8 in funzione, il gemello continua a vivere come interfaccia utente 3D.  <\/p>\n<p>I vantaggi dell&#8217;utilizzo dell&#8217;elaborazione industriale delle immagini nella produzione di bare sono<\/p>\n<p><strong> <\/strong><strong>Sviluppo e collaudo del software di controllo sul gemello digitale<\/strong><\/p>\n<p>Con il software di simulazione <a href=\"https:\/\/www.digifai.com\/de\/twin\" target=\"_blank\" rel=\"noopener\">twin<\/a>, potete testare tutti i componenti dei vostri sistemi di controllo senza dover ricorrere alla macchina reale. Componenti meccanici, attuatori e sensori: tutto digitale e in 3D. <\/p>\n<p><strong> <\/strong><strong>Ottimizzare i processi e ridurre al minimo i rischi grazie a una simulazione fisica realistica<\/strong><\/p>\n<p>Con<a href=\"https:\/\/www.digifai.com\/de\/twin\" target=\"_blank\" rel=\"noopener\"> twin<\/a>, il comportamento di macchine e sistemi viene completamente simulato in 3D, inclusi flusso di materiale, tempi di ciclo e collisioni, grazie alla pi\u00f9 recente simulazione fisica. Le ottimizzazioni possono essere testate senza rischi sul gemello digitale senza tempi di inattivit\u00e0 sulla macchina reale o durante la messa in servizio di nuove macchine. <\/p>\n<p><strong>Dall&#8217;idea alla messa in servizio virtuale e oltre<\/strong><\/p>\n<p>Secondo l&#8217;offerta E poi la macchina virtuale continua a vivere come HMI 3D intelligente sulla macchina reale. Un&#8217;immagine completa della macchina reale sull&#8217;interfaccia operatore riduce gli errori di funzionamento e facilita notevolmente l&#8217;analisi degli errori in caso di malfunzionamenti. <\/p>\n<p>&nbsp;<\/p>\n<p><a href=\"mailto:office@mbm.at\">&gt;&gt; Per maggiori informazioni o per avviare una richiesta di informazioni<\/a>[\/vc_column_text][\/vc_column][\/vc_row][vc_row][vc_column width=&#8221;1\/3&#8243;][vc_single_image image=&#8221;3745&#8243; img_size=&#8221;250*250&#8243; alignment=&#8221;center&#8221; onclick=&#8221;custom_link&#8221; css=&#8221;&#8221; link=&#8221;https:\/\/mbm.at\/wp-content\/uploads\/2024\/12\/twin_1.png&#8221;][\/vc_column][vc_column width=&#8221;1\/3&#8243;][vc_single_image image=&#8221;3752&#8243; img_size=&#8221;250*250&#8243; alignment=&#8221;center&#8221; onclick=&#8221;custom_link&#8221; css=&#8221;&#8221; link=&#8221;https:\/\/mbm.at\/wp-content\/uploads\/2024\/12\/1024_1024_3d_hmi_interface-1-900&#215;675-1.jpg&#8221;][\/vc_column][vc_column width=&#8221;1\/3&#8243;][vc_single_image image=&#8221;3759&#8243; img_size=&#8221;250*250&#8243; alignment=&#8221;center&#8221; onclick=&#8221;custom_link&#8221; css=&#8221;&#8221; link=&#8221;https:\/\/mbm.at\/wp-content\/uploads\/2024\/12\/Techniker-mit-V3S-768&#215;576-2.jpg&#8221;][\/vc_column][\/vc_row]<\/p>\n<\/div>","protected":false},"excerpt":{"rendered":"<p>[vc_row][vc_column][vc_column_text css=&#8221;&#8221;]Configuratore di bare Il configuratore di bare offre numerosi vantaggi, soprattutto per quanto riguarda la personalizzazione e l\u2019individualizzazione dei prodotti. I vantaggi dell\u2019utilizzo di un configuratore di bare nella produzione di bare sono: Rapido adattamento dei programmi di modifica Le preimpostazioni per i tagli possono essere create comodamente tramite un&#8217;interfaccia web direttamente sulla macchina [&hellip;]<\/p>\n","protected":false},"author":2,"featured_media":0,"parent":0,"menu_order":0,"comment_status":"closed","ping_status":"closed","template":"","meta":{"footnotes":""},"class_list":["post-2940","page","type-page","status-publish","hentry"],"_links":{"self":[{"href":"https:\/\/mbm.at\/it\/wp-json\/wp\/v2\/pages\/2940","targetHints":{"allow":["GET"]}}],"collection":[{"href":"https:\/\/mbm.at\/it\/wp-json\/wp\/v2\/pages"}],"about":[{"href":"https:\/\/mbm.at\/it\/wp-json\/wp\/v2\/types\/page"}],"author":[{"embeddable":true,"href":"https:\/\/mbm.at\/it\/wp-json\/wp\/v2\/users\/2"}],"replies":[{"embeddable":true,"href":"https:\/\/mbm.at\/it\/wp-json\/wp\/v2\/comments?post=2940"}],"version-history":[{"count":35,"href":"https:\/\/mbm.at\/it\/wp-json\/wp\/v2\/pages\/2940\/revisions"}],"predecessor-version":[{"id":4963,"href":"https:\/\/mbm.at\/it\/wp-json\/wp\/v2\/pages\/2940\/revisions\/4963"}],"wp:attachment":[{"href":"https:\/\/mbm.at\/it\/wp-json\/wp\/v2\/media?parent=2940"}],"curies":[{"name":"wp","href":"https:\/\/api.w.org\/{rel}","templated":true}]}}